{"id":105,"date":"2019-03-11T11:16:46","date_gmt":"2019-03-11T10:16:46","guid":{"rendered":"http:\/\/old-argeta.cnj.digital\/at\/?page_id=105"},"modified":"2023-01-12T10:04:55","modified_gmt":"2023-01-12T09:04:55","slug":"cookie-richtlinien","status":"publish","type":"page","link":"https:\/\/old-argeta.cnj.digital\/at\/cookie-richtlinien\/","title":{"rendered":"Cookie-Richtlinien"},"content":{"rendered":"<h2>Was ist ein Cookie?<\/h2>\n<p>Ein Cookie ist eine Information, die von der Webseite, die Sie besucht haben, auf Ihrem Computer gespeichert wird. Cookies speichern in der Regel Ihre Einstellungen f\u00fcr die Webseite, wie z.\u00a0B. die gew\u00fcnschte Sprache oder Adresse. Sp\u00e4ter, wenn Sie dieselbe Webseite erneut aufrufen, sendet der Browser Cookies zur\u00fcck, die sich auf die Webseite beziehen. Auf diese Weise kann die Webseite Informationen anzeigen, die auf Ihre Bed\u00fcrfnisse zugeschnitten sind.<\/p>\n<p>Cookies k\u00f6nnen eine Vielzahl von Informationen speichern, einschlie\u00dflich personenbezogener Daten (Ihren Namen oder Ihre E-Mail-Adresse). Dennoch k\u00f6nnen diese Informationen nur dann gespeichert werden, wenn Sie dies zulassen \u2013 ohne Ihre Erlaubnis k\u00f6nnen Webseiten weder auf Informationen noch auf andere Dateien auf Ihrem Computer oder Mobilger\u00e4t zugreifen. Die Standardeinstellungen zum Speichern und Versenden von Cookies sind f\u00fcr Sie nicht sichtbar. Sie k\u00f6nnen Ihre Browsereinstellungen \u00e4ndern und selbst ausw\u00e4hlen, ob Sie das Speichern von Cookies genehmigen oder ablehnen m\u00f6chten, ob gespeicherte Cookies beim Schlie\u00dfen des Browsers automatisch gel\u00f6scht werden sollen usw.<\/p>\n<h2>Wie lehnt man Cookies ab?<\/h2>\n<p>Durch die Ablehnung von Cookies entscheiden Sie, ob Sie die Speicherung von Cookies auf Ihrem Computer oder Mobilger\u00e4t zulassen m\u00f6chten. Die Cookie-Einstellungen k\u00f6nnen in Ihrem Browser \u00fcberpr\u00fcft und konfiguriert werden. Wenn Sie keine Cookies akzeptieren, kann es vorkommen, dass Sie bestimmte Funktionen auf der aufgerufenen Webseite nicht nutzen k\u00f6nnen.<\/p>\n<h2>Was sind tempor\u00e4re Cookies?<\/h2>\n<p>Tempor\u00e4re oder Session-Cookies werden vom Computer gel\u00f6scht, sobald Sie den Browser geschlossen haben. Mit Hilfe dieser Cookies speichern Webseiten tempor\u00e4re Daten, wie z.\u00a0B. Produkte in einem Warenkorb.<\/p>\n<h2>Was sind dauerhafte Cookies?<\/h2>\n<p>Dauerhafte oder persistente Cookies verbleiben auch nach Schlie\u00dfen des Browsers auf Ihrem Computer. Mithilfe dieser Cookies speichern Webseiten Daten, wie Login-Name und Passwort, so dass Sie sich nicht bei jedem Besuch einer bestimmten Webseite neu anmelden m\u00fcssen. Dauerhafte Cookies bleiben mehrere Tage, Monate oder sogar Jahre auf Ihrem Computer.<\/p>\n<h2>Was sind First-Party-Cookies?<\/h2>\n<p>First-Party-Cookies (Cookies von Erstanbietern) stammen von der Webseite, die der Benutzer gerade besucht, und k\u00f6nnen dauerhaft oder tempor\u00e4r sein. Mithilfe dieser Cookies k\u00f6nnen Webseiten Daten speichern, die beim n\u00e4chsten Besuch wiederverwendet werden.<\/p>\n<h2>Was sind Third-Party-Cookies?<\/h2>\n<p>Third-Party-Cookies (Cookies von Drittanbietern) sind Cookies, die von einer anderen Webseite angelegt werden, als von der, die Sie gerade besuchen (z.\u00a0B. Popup-Fenster oder andere Formen von Werbung). Mithilfe dieser Cookies k\u00f6nnen Webseiten Ihre Internetnutzung f\u00fcr Marketingzwecke verfolgen.<\/p>\n<h2>Verwendet diese Webseite Cookies?<\/h2>\n<p>Ja, und zwar mit dem Hauptziel, Ihnen auf unserer Webseite das bestm\u00f6gliche Nutzererlebnis zu bieten.<\/p>\n<h2>Welche Cookies verwendet diese Webseite und warum?<\/h2>\n<p>Tempor\u00e4re Cookies oder Sitzungs-Cookies (Session Cookies) laufen ab (und werden automatisch gel\u00f6scht), wenn Sie den Browser schlie\u00dfen. Wir verwenden tempor\u00e4re Cookies, um dem Nutzer die bestm\u00f6gliche Nutzung unserer Webseite zu erm\u00f6glichen.<\/p>\n<p>(Persistent Cookies) haben in der Regel ein weit in der Zukunft liegendes Verfallsdatum, sodass sie so lange in Ihrem Browser bleiben, bis sie ablaufen oder Sie sie manuell l\u00f6schen. Wir verwenden dauerhafte Cookies, um die Nutzergewohnheiten besser verstehen und somit die Webseite nach Ihren Pr\u00e4ferenzen verbessern zu k\u00f6nnen. Die so erhobenen Daten k\u00f6nnen nicht dazu verwendet werden, Sie als Nutzer zu identifizieren und werden ausschlie\u00dflich f\u00fcr statistische Zwecke verwendet.<\/p>\n<h2>Gibt es auf dieser Webseite Cookies von Drittanbietern?<\/h2>\n<p>Es gibt mehrere externe Dienste, die die erw\u00e4hnten Cookies f\u00fcr den Benutzer speichern. Diese Cookies wurden zwar nicht von dieser Webseite angelegt, dienen aber dazu, den normalen Betrieb bestimmter Funktionen zu gew\u00e4hrleisten, die den Nutzern den Zugriff auf die Inhalte der Webseite erleichtern. Aus diesem Grund gelten die Ihnen hier zur Verf\u00fcgung gestellten Datenschutzinformationen nur f\u00fcr diese Webseite, w\u00e4hrend der Datenschutz auf externen Serviceseiten der entsprechenden offiziellen Webseiten \u00fcberpr\u00fcft werden muss.<\/p>\n<h2>Momentan erm\u00f6glichen wir:<\/h2>\n<h3>Die Messung von Besuchern der Webseiten.<\/h3>\n<p>Diese Webseite benutzt Dienste zur Messung der Anzahl der Nutzer, insbesondere Google Analytics. Die so erhobenen Daten k\u00f6nnen nicht dazu verwendet werden, Sie als Nutzer zu identifizieren und werden ausschlie\u00dflich f\u00fcr statistische Zwecke verwendet. Wenn Sie verhindern m\u00f6chten, dass diese Dienste Cookies bei Ihnen speichern, k\u00f6nnen Sie diese f\u00fcr jeden Dienst unter den folgenden Links ablehnen:<\/p>\n<ul class=\"list-dotted\">\n<li>Google Analytics &#8211;\u00a0<a href=\"https:\/\/tools.google.com\/dlpage\/gaoptout\" target=\"_blank\" rel=\"noopener\">https:\/\/tools.google.com\/dlpage\/gaoptout<\/a><\/li>\n<li>iProm &#8211; UID<\/li>\n<\/ul>\n<h2>Weitere Informationen zur Ablehnung von Cookies<\/h2>\n<p>Es gibt derzeit mehrere Webseiten, um die Speicherung von Cookies f\u00fcr verschiedene Dienste abzulehnen.<\/p>\n<p>Mehr erfahren Sie unter den folgenden Links:<\/p>\n<ul class=\"list-dotted\">\n<li><a href=\"http:\/\/www.allaboutcookies.org\/\" target=\"_blank\" rel=\"noopener\">http:\/\/www.allaboutcookies.org<\/a><\/li>\n<li><a href=\"http:\/\/www.youronlinechoices.eu\/\" target=\"_blank\" rel=\"noopener\">http:\/\/www.youronlinechoices.eu\/<\/a><\/li>\n<\/ul>\n\n\n<figure class=\"wp-block-table table-cookies\"><table><tbody><tr><td><strong>Cookie<br>name<\/strong><\/td><td><strong>Storage<br>period<\/strong><\/td><td><strong>Who installs<br>the cookie<br>and manages<br>the data it<br>acquires<\/strong><\/td><td><strong>Domain<\/strong><\/td><td><strong>Purpose of the processing of the data collected<br>by the cookie<\/strong><\/td><\/tr><tr><td>UID<\/td><td>36<br>months<\/td><td>iPROM d.o.o.<\/td><td>iprom.net<\/td><td>iPROM&#8217;s advertising cookie allows the system to<br>set a cookie in order to display personalized ads on<br>other online media after the user leaves this<br>website. The system installs the cookie on the user<br>profile (browser) based on user\u2019s prior explicit<br>consent on the website. The user&#8217;s profile is<br>anonymous and does not contain personal<br>information.<\/td><\/tr><\/tbody><\/table><\/figure>\n","protected":false},"excerpt":{"rendered":"<p>Was ist ein Cookie? Ein Cookie ist eine Information, die von der Webseite, die Sie besucht haben, auf Ihrem Computer gespeichert wird. Cookies speichern in der Regel Ihre Einstellungen f\u00fcr die Webseite, wie z.\u00a0B. die gew\u00fcnschte Sprache oder Adresse. Sp\u00e4ter, wenn Sie dieselbe Webseite erneut aufrufen, sendet der Browser Cookies zur\u00fcck, die sich auf die [&hellip;]<\/p>\n","protected":false},"author":7,"featured_media":0,"parent":0,"menu_order":0,"comment_status":"closed","ping_status":"closed","template":"page-cookies.php","meta":{"_acf_changed":false,"footnotes":""},"acf":[],"yoast_head":"<!-- This site is optimized with the Yoast SEO plugin v22.4 - https:\/\/yoast.com\/wordpress\/plugins\/seo\/ -->\n<title>Cookie-Richtlinien - Argeta Austria<\/title>\n<meta name=\"robots\" content=\"noindex, follow, max-snippet:-1, max-image-preview:large, max-video-preview:-1\" \/>\n<meta property=\"og:locale\" content=\"en_US\" \/>\n<meta property=\"og:type\" content=\"article\" \/>\n<meta property=\"og:title\" content=\"Cookie-Richtlinien - Argeta Austria\" \/>\n<meta property=\"og:description\" content=\"Was ist ein Cookie? Ein Cookie ist eine Information, die von der Webseite, die Sie besucht haben, auf Ihrem Computer gespeichert wird. Cookies speichern in der Regel Ihre Einstellungen f\u00fcr die Webseite, wie z.\u00a0B. die gew\u00fcnschte Sprache oder Adresse. Sp\u00e4ter, wenn Sie dieselbe Webseite erneut aufrufen, sendet der Browser Cookies zur\u00fcck, die sich auf die [&hellip;]\" \/>\n<meta property=\"og:url\" content=\"https:\/\/old-argeta.cnj.digital\/at\/cookie-richtlinien\/\" \/>\n<meta property=\"og:site_name\" content=\"Argeta Austria\" \/>\n<meta property=\"article:modified_time\" content=\"2023-01-12T09:04:55+00:00\" \/>\n<meta name=\"twitter:card\" content=\"summary_large_image\" \/>\n<meta name=\"twitter:label1\" content=\"Est. reading time\" \/>\n\t<meta name=\"twitter:data1\" content=\"4 minutes\" \/>\n<script type=\"application\/ld+json\" class=\"yoast-schema-graph\">{\"@context\":\"https:\/\/schema.org\",\"@graph\":[{\"@type\":\"WebPage\",\"@id\":\"https:\/\/old-argeta.cnj.digital\/at\/cookie-richtlinien\/\",\"url\":\"https:\/\/old-argeta.cnj.digital\/at\/cookie-richtlinien\/\",\"name\":\"Cookie-Richtlinien - Argeta Austria\",\"isPartOf\":{\"@id\":\"https:\/\/old-argeta.cnj.digital\/at\/#website\"},\"datePublished\":\"2019-03-11T10:16:46+00:00\",\"dateModified\":\"2023-01-12T09:04:55+00:00\",\"breadcrumb\":{\"@id\":\"https:\/\/old-argeta.cnj.digital\/at\/cookie-richtlinien\/#breadcrumb\"},\"inLanguage\":\"en-US\",\"potentialAction\":[{\"@type\":\"ReadAction\",\"target\":[\"https:\/\/old-argeta.cnj.digital\/at\/cookie-richtlinien\/\"]}]},{\"@type\":\"BreadcrumbList\",\"@id\":\"https:\/\/old-argeta.cnj.digital\/at\/cookie-richtlinien\/#breadcrumb\",\"itemListElement\":[{\"@type\":\"ListItem\",\"position\":1,\"name\":\"Home\",\"item\":\"https:\/\/old-argeta.cnj.digital\/at\/\"},{\"@type\":\"ListItem\",\"position\":2,\"name\":\"Cookie-Richtlinien\"}]},{\"@type\":\"WebSite\",\"@id\":\"https:\/\/old-argeta.cnj.digital\/at\/#website\",\"url\":\"https:\/\/old-argeta.cnj.digital\/at\/\",\"name\":\"Argeta Austria\",\"description\":\"Die gute Seite des Brotes.\",\"publisher\":{\"@id\":\"https:\/\/old-argeta.cnj.digital\/at\/#organization\"},\"potentialAction\":[{\"@type\":\"SearchAction\",\"target\":{\"@type\":\"EntryPoint\",\"urlTemplate\":\"https:\/\/old-argeta.cnj.digital\/at\/?s={search_term_string}\"},\"query-input\":\"required name=search_term_string\"}],\"inLanguage\":\"en-US\"},{\"@type\":\"Organization\",\"@id\":\"https:\/\/old-argeta.cnj.digital\/at\/#organization\",\"name\":\"Argeta\",\"url\":\"https:\/\/old-argeta.cnj.digital\/at\/\",\"logo\":{\"@type\":\"ImageObject\",\"inLanguage\":\"en-US\",\"@id\":\"https:\/\/old-argeta.cnj.digital\/at\/#\/schema\/logo\/image\/\",\"url\":\"https:\/\/old-argeta.cnj.digital\/app\/uploads\/sites\/9\/2020\/03\/Argeta_logo-1.png\",\"contentUrl\":\"https:\/\/old-argeta.cnj.digital\/app\/uploads\/sites\/9\/2020\/03\/Argeta_logo-1.png\",\"width\":1000,\"height\":1000,\"caption\":\"Argeta\"},\"image\":{\"@id\":\"https:\/\/old-argeta.cnj.digital\/at\/#\/schema\/logo\/image\/\"}}]}<\/script>\n<!-- \/ Yoast SEO plugin. -->","yoast_head_json":{"title":"Cookie-Richtlinien - Argeta Austria","robots":{"index":"noindex","follow":"follow","max-snippet":"max-snippet:-1","max-image-preview":"max-image-preview:large","max-video-preview":"max-video-preview:-1"},"og_locale":"en_US","og_type":"article","og_title":"Cookie-Richtlinien - Argeta Austria","og_description":"Was ist ein Cookie? Ein Cookie ist eine Information, die von der Webseite, die Sie besucht haben, auf Ihrem Computer gespeichert wird. Cookies speichern in der Regel Ihre Einstellungen f\u00fcr die Webseite, wie z.\u00a0B. die gew\u00fcnschte Sprache oder Adresse. Sp\u00e4ter, wenn Sie dieselbe Webseite erneut aufrufen, sendet der Browser Cookies zur\u00fcck, die sich auf die [&hellip;]","og_url":"https:\/\/old-argeta.cnj.digital\/at\/cookie-richtlinien\/","og_site_name":"Argeta Austria","article_modified_time":"2023-01-12T09:04:55+00:00","twitter_card":"summary_large_image","twitter_misc":{"Est. reading time":"4 minutes"},"schema":{"@context":"https:\/\/schema.org","@graph":[{"@type":"WebPage","@id":"https:\/\/old-argeta.cnj.digital\/at\/cookie-richtlinien\/","url":"https:\/\/old-argeta.cnj.digital\/at\/cookie-richtlinien\/","name":"Cookie-Richtlinien - Argeta Austria","isPartOf":{"@id":"https:\/\/old-argeta.cnj.digital\/at\/#website"},"datePublished":"2019-03-11T10:16:46+00:00","dateModified":"2023-01-12T09:04:55+00:00","breadcrumb":{"@id":"https:\/\/old-argeta.cnj.digital\/at\/cookie-richtlinien\/#breadcrumb"},"inLanguage":"en-US","potentialAction":[{"@type":"ReadAction","target":["https:\/\/old-argeta.cnj.digital\/at\/cookie-richtlinien\/"]}]},{"@type":"BreadcrumbList","@id":"https:\/\/old-argeta.cnj.digital\/at\/cookie-richtlinien\/#breadcrumb","itemListElement":[{"@type":"ListItem","position":1,"name":"Home","item":"https:\/\/old-argeta.cnj.digital\/at\/"},{"@type":"ListItem","position":2,"name":"Cookie-Richtlinien"}]},{"@type":"WebSite","@id":"https:\/\/old-argeta.cnj.digital\/at\/#website","url":"https:\/\/old-argeta.cnj.digital\/at\/","name":"Argeta Austria","description":"Die gute Seite des Brotes.","publisher":{"@id":"https:\/\/old-argeta.cnj.digital\/at\/#organization"},"potentialAction":[{"@type":"SearchAction","target":{"@type":"EntryPoint","urlTemplate":"https:\/\/old-argeta.cnj.digital\/at\/?s={search_term_string}"},"query-input":"required name=search_term_string"}],"inLanguage":"en-US"},{"@type":"Organization","@id":"https:\/\/old-argeta.cnj.digital\/at\/#organization","name":"Argeta","url":"https:\/\/old-argeta.cnj.digital\/at\/","logo":{"@type":"ImageObject","inLanguage":"en-US","@id":"https:\/\/old-argeta.cnj.digital\/at\/#\/schema\/logo\/image\/","url":"https:\/\/old-argeta.cnj.digital\/app\/uploads\/sites\/9\/2020\/03\/Argeta_logo-1.png","contentUrl":"https:\/\/old-argeta.cnj.digital\/app\/uploads\/sites\/9\/2020\/03\/Argeta_logo-1.png","width":1000,"height":1000,"caption":"Argeta"},"image":{"@id":"https:\/\/old-argeta.cnj.digital\/at\/#\/schema\/logo\/image\/"}}]}},"_links":{"self":[{"href":"https:\/\/old-argeta.cnj.digital\/at\/wp-json\/wp\/v2\/pages\/105"}],"collection":[{"href":"https:\/\/old-argeta.cnj.digital\/at\/wp-json\/wp\/v2\/pages"}],"about":[{"href":"https:\/\/old-argeta.cnj.digital\/at\/wp-json\/wp\/v2\/types\/page"}],"author":[{"embeddable":true,"href":"https:\/\/old-argeta.cnj.digital\/at\/wp-json\/wp\/v2\/users\/7"}],"replies":[{"embeddable":true,"href":"https:\/\/old-argeta.cnj.digital\/at\/wp-json\/wp\/v2\/comments?post=105"}],"version-history":[{"count":4,"href":"https:\/\/old-argeta.cnj.digital\/at\/wp-json\/wp\/v2\/pages\/105\/revisions"}],"predecessor-version":[{"id":6123,"href":"https:\/\/old-argeta.cnj.digital\/at\/wp-json\/wp\/v2\/pages\/105\/revisions\/6123"}],"wp:attachment":[{"href":"https:\/\/old-argeta.cnj.digital\/at\/wp-json\/wp\/v2\/media?parent=105"}],"curies":[{"name":"wp","href":"https:\/\/api.w.org\/{rel}","templated":true}]}}