{"id":106,"date":"2019-03-11T10:38:58","date_gmt":"2019-03-11T09:38:58","guid":{"rendered":"http:\/\/old-argeta.cnj.digital\/at\/?page_id=106"},"modified":"2021-05-26T15:04:32","modified_gmt":"2021-05-26T13:04:32","slug":"urheberrecht","status":"publish","type":"page","link":"https:\/\/old-argeta.cnj.digital\/at\/urheberrecht\/","title":{"rendered":"Urheberrecht"},"content":{"rendered":"\n<p>Alle auf den Internetseiten von Argeta ver\u00f6ffentlichten Inhalte sind Eigentum des Unternehmens  ATLANTIC DROGA KOLINSKA d.o.o.  und im gesetzlich zul\u00e4ssigen Rahmen Gegenstand des Urheberrechts oder anderer Formen des Schutzes von intellektuellem Eigentum. <br><br>Die auf diesen Internetseiten ver\u00f6ffentlichten Inhalte (Texte, Bilder, Logos etc.) dienen ausschlie\u00dflich der nicht-kommerziellen Nutzung und d\u00fcrfen ohne die ausdr\u00fcckliche Genehmigung des Unternehmens  ATLANTIC DROGA KOLINSKA d.o.o.  weder ver\u00e4ndert, kopiert, vervielf\u00e4ltigt, wiederver\u00f6ffentlicht, postalisch versendet noch anderweitig zu kommerziellen Zwecken verbreitet werden.<br><br>Auch alle Reproduktionen oder Exemplare von Inhalten dieser Internetseiten m\u00fcssen vollst\u00e4ndig angegebene Kennzeichnungen von Urheberrechten und anderen Mitteilungen \u00fcber die Rechte intellektuellen Eigentums oder Mitteilungen \u00fcber andere Rechte aufweisen (Zeichen \u00a9 2015  ATLANTIC DROGA KOLINSKA d.o.o.  Alle Rechte vorbehalten.  ATLANTIC DROGA KOLINSKA d.o.o. ist Teil der Atlantic Grupa).<br><br>Warenzeichen und Dienstleistungsmarken, die auf diesen Seiten erscheinen, sind registrierte Warenzeichen, deren Eigent\u00fcmer oder Lizenznehmer  ATLANTIC DROGA KOLINSKA d.o.o. (nachfolgend auch Unternehmen) oder seine verbundenen Unternehmen sind. Die Verwendung dieser Marken ist ausdr\u00fccklich verboten, mit Ausnahme in diesem Wortlaut definierter F\u00e4lle.<\/p>\n\n\n\n<h2 class=\"wp-block-heading\">Datenschutzbestimmungen<\/h2>\n\n\n\n<p>ATLANTIC DROGA KOLINSKA d.o.o. (nachfolgend: Gesellschaft) ist ein Teil des Gesch\u00e4ftssystems der Atlantic Grupa, in dessen Rahmen hohe Standards der Gesch\u00e4ftsf\u00fchrung und einer transparenten Gesch\u00e4ftsabwicklung aufgestellt wurden und angewandt werden, unter denen man ein verantwortliches, gesetzeskonformes und ethisch begr\u00fcndetes Verhalten aller Rechtssubjekte der Atlantic Grupa versteht, einschlie\u00dflich der Einhaltung des Schutzes der Privatsph\u00e4re und des Schutzes personenbezogener Daten.<br><br>Unter Einhaltung der genannten Standards erhebt und verarbeitet die Gesellschaft als Auftragsverarbeiter im Rahmen des Gesch\u00e4ftssystems der Atlantic Grupa personenbezogene Daten gesetzeskonform, fair und transparent nach den geltenden Vorschriften, wobei entsprechende technische und organisatorische Ma\u00dfnahmen im Sinne des Schutzes personenbezogener Daten vor unbefugtem Zugang und Missbrauch durchgef\u00fchrt werden.<br><br>Die Gesellschaft ist sich dessen bewusst, dass der Schutz personenbezogener Daten sowohl f\u00fcr ihre Nutzer als auch f\u00fcr andere Einzelpersonen wichtig ist. Deshalb m\u00f6chten wir Ihnen veranschaulichen, welche personenbezogenen Daten von uns erhoben werden, wie wir diese verwalten und wie wir ihren Schutz gew\u00e4hrleisten.<\/p>\n\n\n\n<h2 class=\"wp-block-heading\">Zwecke, Umfang und Rechtsgrundlagen der Datenverarbeitung<\/h2>\n\n\n\n<p>Personenbezogene Daten werden zu besonderen, ausdr\u00fccklichen und gesetzeskonformen Zwecken und im notwendigen Umfang erhoben sowie auf eine diesen Zwecken entsprechende Art und Weise verarbeitet.<br><br>Die Gesellschaft wird personenbezogene Daten nur in solchen F\u00e4llen erheben und verarbeiten, in denen dies durch Vorschriften gedeckt ist:<\/p>\n\n\n\n<ul class=\"list-dotted\"><li>die Verarbeitung muss wegen der Einhaltung von Rechtspflichten durchgef\u00fchrt werden;<\/li><li>der Betroffene hat seine Einwilligung f\u00fcr die Verarbeitung seiner personenbezogenen Daten gegeben;<\/li><li>die Verarbeitung ist f\u00fcr die Erf\u00fcllung des Vertrages notwendig, in dem der Betroffene Partei ist, oder um bestimmte Handlungen auf Antrag des Betroffenen vor Abschluss eines Vertrages vorzunehmen;<\/li><li>die Verarbeitung ist notwendig, um die Lebenswichtigen Interessen der betroffenen Person oder einer anderen nat\u00fcrlichen Person zu sch\u00fctzen;<\/li><li>die Verarbeitung ist f\u00fcr die legitimen Interessen der Gesellschaft oder verbundener Unternehmen notwendig.<\/li><\/ul>\n\n\n\n<h2 class=\"wp-block-heading\">Erhebung und Verwendung personenbezogener Daten<\/h2>\n\n\n\n<p>Personenbezogene Daten sind Informationen, die Sie unmittelbar oder mittelbar identifizieren. Dazu z\u00e4hlen z.&nbsp;B. Ihr Vor- und Nachname, Ihre E-Mail-Adresse, Ihre Telefonnummer, Ihre IP-Adresse und Ihre Postanschrift.<br><br>Die Gesellschaft erhebt Ihre personenbezogenen Daten nur, wenn Sie sie ausdr\u00fccklich vorgelegt haben (z.&nbsp;B. Anfrage bez\u00fcglich eines bestimmten Produktes oder einer Dienstleistung, Vertragsabschluss oder Beantragung bestimmter Handlungen vor Vertragsabschluss, Aufnahme in Loyalit\u00e4tsprogramme, Anmeldung f\u00fcr den Newsletter, Teilnahme an Umfragen, Wettbewerben und Gewinnspielen, Bestellung von Proben oder Brosch\u00fcren, Spendenanfragen sowie Einholung von Ausk\u00fcnften, Vorlage eines Lebenslaufs oder eines offenen Angebots oder Bewerbungen auf offene Stellen sowie Besch\u00e4ftigung in unserer Gesellschaft etc.).<br><br>Ihre personenbezogenen Daten werden in dem inhaltlichen und zeitlichen Umfang erhoben, gespeichert, verwendet oder \u00fcbertragen, der in einem bestimmten Fall erforderlich ist, z.&nbsp;B. um Ihre Fragen zu beantworten, Ihre Anforderungen zu erf\u00fcllen, Sie \u00fcber unsere Produkte, die Ergebnisse eines Wettbewerbs oder eines Gewinnspiels zu informieren, die Vertragspflichten zu erf\u00fcllen, unbedingt notwendige Handlungen vor dem Vertragsabschluss vorzunehmen oder um unseren weiteren gesetzlichen oder rechtlichen Pflichten nachzukommen. Aus diesen Gr\u00fcnden muss die Gesellschaft die personenbezogenen Daten gelegentlich an andere Unternehmen innerhalb der Atlantic Grupa sowie verbundene Unternehmen oder externe Dienstleistungserbringer zur weiteren Verarbeitung weiterleiten. Die Dienstleistungserbringer k\u00f6nnen beispielsweise im Zusammenhang von Call-Center-Dienstleistungen, Versendung von Waren, Verteilung von Werbematerial oder f\u00fcr die Veranstaltung und Durchf\u00fchrung von Gewinnspielen eingesetzt werden. Die Gesellschaft fordert von diesen Beteiligten die Annahme der geltenden Rechtsvorschriften, die Einhaltung ihrer Anweisungen sowie die Konformit\u00e4t mit den betriebsinternen Regeln zum Schutz personenbezogener Daten und den Anspr\u00fcchen auf Anwendung entsprechender organisatorischer und technischer Schutzma\u00dfnahmen. Aus diesen Gr\u00fcnden werden wir Ihre personenbezogenen Daten gelegentlich auch an andere EU-L\u00e4nder oder L\u00e4nder au\u00dferhalb der EU \u00fcbertragen m\u00fcssen, wobei die Gesellschaft gew\u00e4hrleistet, dass solche \u00dcbertragungen in allem gesetzeskonform und unter Anwendung aller verf\u00fcgbaren und angemessenen Ma\u00dfnahmen zum Schutz personenbezogener Daten erfolgen.<br><br>Die Gesellschaft versichert, dass Ihre personenbezogenen Daten nicht verkauft, verliehen oder in sonstiger Weise an Dritte weitergegeben werden, wenn dies nicht dem Zweck entspricht, zu dem Sie sie \u00fcbermittelt haben. Die Gesellschaft versichert \u00fcberdies, dass Ihre Daten an keinen unbefugten Empf\u00e4nger weitergeleitet werden.<br><br>Es kann vorkommen, dass wir Ihre personenbezogenen Daten an die zust\u00e4ndige Beh\u00f6rde weiterleiten m\u00fcssen, soweit dies durch das Gesetz oder ein anderes verbindliches Regelwerk angeordnet wird.<br><br>Die erhobenen Daten werden so lange gespeichert, wie es f\u00fcr den Erhebungszweck notwendig ist, bzw. bis zu der in den geltenden Vorschriften festgelegten Frist.<\/p>\n\n\n\n<h2 class=\"wp-block-heading\">Verwendung personenbezogener Daten zu Werbe- und Marketingzwecken<\/h2>\n\n\n\n<p>Werden Ihre personenbezogenen Daten zu Werbe- und Marketingzwecken nach den geltenden gesetzlichen Vorschriften auf dem Gebiet des Schutzes personenbezogener Daten verwendet, so werden Ihre Daten zu diesen Zwecken gespeichert und verwendet, z.&nbsp;B. zur Versendung von Newslettern, Produktproben, Aufforderung zur Teilnahme an Wettbewerben und Gewinnspielen, per E-Mail oder Post oder \u00fcber einen anderen Kommunikationskanal, den Sie akzeptiert haben.<br><br>Werden Ihre personenbezogenen Daten zum Zweck der Versendung von individuellem, (an Sie) angepasstem Werbematerial durch Erstellung und Verwaltung eines Nutzerprofils verwendet, so werden Sie dar\u00fcber im Vorfeld, also vor der Versendung solchen Werbematerials informiert. In jedem Fall werden Sie von uns vor einer solchen Verarbeitung personenbezogener Daten um eine separate, ausdr\u00fcckliche und informierte Einwilligung ersucht.<br><br>Ihre Daten werden wir je nach Bedarf bei der Auswertung und Verbesserung der Effizienz von Internetdienstleistungen, Anzeigen, Marketing, Marktforschung und Verkaufsanstrengungen, durch Umfragen oder andere Befragungen verwenden oder auf eine Art und Weise, die sicherstellen wird, dass Ihre personenbezogenen Daten anonymisiert werden bzw. dass sie in keinen Zusammenhang mit der betroffenen Person gebracht werden k\u00f6nnen.<\/p>\n\n\n\n<h2 class=\"wp-block-heading\">Geltendmachung der Rechte des Betroffenen<\/h2>\n\n\n\n<p>Sie k\u00f6nnen jederzeit Informationen \u00fcber Ihre von uns verarbeiteten personenbezogenen Daten anfordern, oder deren Berichtigung anfordern. Ebenso k\u00f6nnen Sie die Beendigung der Verwendung oder die L\u00f6schung Ihrer personenbezogenen Daten oder den Widerruf der Einwilligung zu allen oder zu bestimmten Zwecken (es sei denn, dies ist nicht m\u00f6glich, z.&nbsp;B. wenn es sich um Datenverarbeitung zu statistischen Zwecken handelt, wenn die personenbezogenen Daten keine Identifikation erm\u00f6glichen) bzw. die \u00dcbertragung von Daten an einen anderen Auftragsverarbeiter unter den gesetzlichen Bedingungen anfordern oder die Abmeldung von unserem Informations- und Werbematerial durchf\u00fchren.<br><br>Ebenso k\u00f6nnen Sie Widerspruch gegen die Verwendung Ihrer personenbezogenen Daten in Situationen einlegen, die auf der Existenz unseres legitimen Interesses beruhen, insbesondere dann, wenn sie von uns f\u00fcr Zwecke des Direktmarketings verwendet werden.<br><br>Wir werden unsererseits im h\u00f6chstm\u00f6glichen und sinnvollen Ma\u00dfe ber\u00fccksichtigen, dass die personenbezogenen Daten, die Sie uns zur Verf\u00fcgung gestellt haben, korrekt erfasst werden. Dennoch sind Sie auch selbst f\u00fcr die Richtigkeit dieser Daten verantwortlich, weshalb wir Sie bitten, sie regelm\u00e4\u00dfig und rechtzeitig zu aktualisieren bzw. uns einen Antrag auf \u00c4nderung oder Berichtigung zukommen zu lassen.<br><br>Zur Durchsetzung Ihrer Rechte und Pflichten hinsichtlich der Verwendung personenbezogener Daten k\u00f6nnen Sie sich an die auf der Webseite aufgef\u00fchrte E-Mail-Adresse oder an den Sitz der Gesellschaft oder an die E-Mail-Adresse: dpo@atlanticgrupa.com wenden oder den Anweisungen in den \u00fcbermittelten Werbematerialien folgen. <br><br>Bei der Kontaktaufnahme und der Stellung der genannten Antr\u00e4ge werden wir sinnvolle Anstrengungen unternehmen, um Ihre Identit\u00e4t zu best\u00e4tigen und eine nicht autorisierte Verarbeitung personenbezogener Daten zu verhindern.<br><br>Nach Erhalt Ihrer Antr\u00e4ge wird die angeforderte Aktivit\u00e4t innerhalb einer angemessenen Frist, sp\u00e4testens jedoch innerhalb von 30&nbsp;Tagen ab Erhalt durchgef\u00fchrt und Sie werden je nach Bedarf dar\u00fcber informieren (alles gesetzeskonform).<\/p>\n\n\n\n<h2 class=\"wp-block-heading\">Kinder<\/h2>\n\n\n\n<p>In der Regel werden keine Daten \u00fcber Kinder erhoben. Soweit wir uns davon \u00fcberzeugen, dass uns solche Daten ohne Einwilligung der Eltern oder der gesetzlichen Betreuer \u00fcbermittelt wurden, werden diese schnellstm\u00f6glich gel\u00f6scht. Dabei werden wir uns an die Anweisungen halten, die wir von Ihnen als Elternteil oder gesetzlichem Vormund erhalten haben. <br><br>Sollten wir dennoch f\u00fcr einen bestimmten Zweck Daten \u00fcber Kinder erheben, die in einem Alter sind, in dem nach den geltenden Gesetzen eine Einwilligung der Erziehungsberechtigten f\u00fcr die Verarbeitung ihrer personenbezogenen Daten notwendig ist, werden wir dar\u00fcber eine entsprechende Information ver\u00f6ffentlichen und sinnvolle Ma\u00dfnahmen ergreifen, um zu ermitteln, ob die Kinder die Einwilligung der Eltern oder des gesetzlichen Vormunds besitzen.<\/p>\n\n\n\n<h2 class=\"wp-block-heading\">Datensicherheit<\/h2>\n\n\n\n<p>Wir haben s\u00e4mtliche technische und organisatorische Ma\u00dfnahmen implementiert, um Verlust, \u00c4nderung, Diebstahl oder Zugriff durch unbefugte Dritte bzw. anderweitige unbefugte Verarbeitung Ihrer Daten zu verhindern. Der Zugriff auf Ihre personenbezogenen Daten ist lediglich auf jene Mitarbeiter beschr\u00e4nkt, die diese Informationen Zwecks der Erbringung unserer Dienstleistungen bzw. Bearbeitung Ihrer Anfrage ben\u00f6tigen. Wir kl\u00e4ren unsere Mitarbeiter kontinuierlich \u00fcber die Bedeutung der Datenvertraulichkeit, des Schutzes Ihrer Privatsph\u00e4re und des Schutzes Ihrer Daten auf. Wir erheben nur solche Daten, die f\u00fcr die betreffende Verarbeitung notwendig sind und bewahren sie nicht l\u00e4nger auf als n\u00f6tig bzw. als gesetzlich vorgeschrieben.<br><br>Auf unserer Webseite finden Sie gelegentlich Links anderer Webseiten oder Portale, und wir k\u00f6nnen Ihnen auch Merkmale sozialer Netzwerke anbieten, die das Teilen personenbezogener Daten in sozialen Netzwerken erm\u00f6glichen. Wir empfehlen Ihnen, sich auf jeden Fall zuerst mit den Regeln zum Schutz personenbezogener Daten dieser Portale oder sozialer Netzwerke oder Dritter sowie mit den von ihnen ergriffenen Sicherheitsma\u00dfnahmen vertraut zu machen, weil sich diese von den Regeln und den von uns ergriffenen Ma\u00dfnahmen unterscheiden k\u00f6nnen, wof\u00fcr wir keine Haftung \u00fcbernehmen k\u00f6nnen.<\/p>\n\n\n\n<h2 class=\"wp-block-heading\">Haftungseinschr\u00e4nkung<\/h2>\n\n\n\n<p>Obwohl wir die uns zur Verf\u00fcgung stehenden technischen, organisatorischen und personaltechnischen Ma\u00dfnahmen zum Schutz personenbezogener Daten vor zuf\u00e4lligem oder vors\u00e4tzlichem Missbrauch, Vernichtung, Verlust, unbefugten \u00c4nderungen oder Zugriffen ergreifen, k\u00f6nnen wir nicht garantieren, dass bestimmte personenbezogene Daten, die wir erheben, nicht trotz den Bestimmungen dieser Regeln zum Schutz der Privatsph\u00e4re zuf\u00e4llig aufgedeckt werden.<br><br>Bis zum h\u00f6chsten gesetzlich erlaubten Ma\u00df wird jegliche Haftung f\u00fcr Sch\u00e4den ausgeschlossen, die den Nutzern oder Dritten durch zuf\u00e4llige Aufdeckung personenbezogener Daten zugef\u00fcgt werden.<br><br>Da wir keine Kontrolle \u00fcber die personenbezogenen Daten haben, die Sie beim Besuch oder der Verwendung anderer Portale bzw. direkt an Dritte \u00fcbermitteln (z.&nbsp;B. bei der Teilnahme an gesponserten Aktivit\u00e4ten), schlie\u00dfen wir bis zum h\u00f6chsten gesetzlich erlaubten Ma\u00df die Haftung f\u00fcr Sch\u00e4den aus, die Ihnen oder Dritten aufgrund der \u00dcbermittlung der personenbezogenen Daten entstehen k\u00f6nnen.<\/p>\n\n\n\n<h2 class=\"wp-block-heading\">Aktualisierungen und \u00c4nderungen<\/h2>\n\n\n\n<p>Wir behalten uns das Recht vor, Teile dieser Regeln jederzeit und ohne vorherige Ank\u00fcndigung zu \u00e4ndern oder zu aktualisieren. Besuchen Sie unsere Webseite von Zeit zu Zeit, um sich mit eventuellen \u00c4nderungen oder Aktualisierungen dieser Regeln vertraut zu machen. Der Zeitpunkt des Inkrafttretens der aktuellen Fassung der Regeln wird von uns angeben.<\/p>\n","protected":false},"excerpt":{"rendered":"<p>Alle auf den Internetseiten von Argeta ver\u00f6ffentlichten Inhalte sind Eigentum des Unternehmens ATLANTIC DROGA KOLINSKA d.o.o. und im gesetzlich zul\u00e4ssigen Rahmen Gegenstand des Urheberrechts oder anderer Formen des Schutzes von intellektuellem Eigentum. Die auf diesen Internetseiten ver\u00f6ffentlichten Inhalte (Texte, Bilder, Logos etc.) dienen ausschlie\u00dflich der nicht-kommerziellen Nutzung und d\u00fcrfen ohne die ausdr\u00fcckliche Genehmigung des Unternehmens [&hellip;]<\/p>\n","protected":false},"author":7,"featured_media":0,"parent":0,"menu_order":0,"comment_status":"closed","ping_status":"closed","template":"page-privacy.php","meta":{"_acf_changed":false,"footnotes":""},"acf":[],"yoast_head":"<!-- This site is optimized with the Yoast SEO plugin v22.4 - https:\/\/yoast.com\/wordpress\/plugins\/seo\/ -->\n<title>Urheberrecht - Argeta Austria<\/title>\n<meta name=\"robots\" content=\"noindex, follow, max-snippet:-1, max-image-preview:large, max-video-preview:-1\" \/>\n<meta property=\"og:locale\" content=\"en_US\" \/>\n<meta property=\"og:type\" content=\"article\" \/>\n<meta property=\"og:title\" content=\"Urheberrecht - Argeta Austria\" \/>\n<meta property=\"og:description\" content=\"Alle auf den Internetseiten von Argeta ver\u00f6ffentlichten Inhalte sind Eigentum des Unternehmens ATLANTIC DROGA KOLINSKA d.o.o. und im gesetzlich zul\u00e4ssigen Rahmen Gegenstand des Urheberrechts oder anderer Formen des Schutzes von intellektuellem Eigentum. Die auf diesen Internetseiten ver\u00f6ffentlichten Inhalte (Texte, Bilder, Logos etc.) dienen ausschlie\u00dflich der nicht-kommerziellen Nutzung und d\u00fcrfen ohne die ausdr\u00fcckliche Genehmigung des Unternehmens [&hellip;]\" \/>\n<meta property=\"og:url\" content=\"https:\/\/old-argeta.cnj.digital\/at\/urheberrecht\/\" \/>\n<meta property=\"og:site_name\" content=\"Argeta Austria\" \/>\n<meta property=\"article:modified_time\" content=\"2021-05-26T13:04:32+00:00\" \/>\n<meta name=\"twitter:card\" content=\"summary_large_image\" \/>\n<meta name=\"twitter:label1\" content=\"Est. reading time\" \/>\n\t<meta name=\"twitter:data1\" content=\"8 minutes\" \/>\n<script type=\"application\/ld+json\" class=\"yoast-schema-graph\">{\"@context\":\"https:\/\/schema.org\",\"@graph\":[{\"@type\":\"WebPage\",\"@id\":\"https:\/\/old-argeta.cnj.digital\/at\/urheberrecht\/\",\"url\":\"https:\/\/old-argeta.cnj.digital\/at\/urheberrecht\/\",\"name\":\"Urheberrecht - Argeta Austria\",\"isPartOf\":{\"@id\":\"https:\/\/old-argeta.cnj.digital\/at\/#website\"},\"datePublished\":\"2019-03-11T09:38:58+00:00\",\"dateModified\":\"2021-05-26T13:04:32+00:00\",\"breadcrumb\":{\"@id\":\"https:\/\/old-argeta.cnj.digital\/at\/urheberrecht\/#breadcrumb\"},\"inLanguage\":\"en-US\",\"potentialAction\":[{\"@type\":\"ReadAction\",\"target\":[\"https:\/\/old-argeta.cnj.digital\/at\/urheberrecht\/\"]}]},{\"@type\":\"BreadcrumbList\",\"@id\":\"https:\/\/old-argeta.cnj.digital\/at\/urheberrecht\/#breadcrumb\",\"itemListElement\":[{\"@type\":\"ListItem\",\"position\":1,\"name\":\"Home\",\"item\":\"https:\/\/old-argeta.cnj.digital\/at\/\"},{\"@type\":\"ListItem\",\"position\":2,\"name\":\"Urheberrecht\"}]},{\"@type\":\"WebSite\",\"@id\":\"https:\/\/old-argeta.cnj.digital\/at\/#website\",\"url\":\"https:\/\/old-argeta.cnj.digital\/at\/\",\"name\":\"Argeta Austria\",\"description\":\"Die gute Seite des Brotes.\",\"publisher\":{\"@id\":\"https:\/\/old-argeta.cnj.digital\/at\/#organization\"},\"potentialAction\":[{\"@type\":\"SearchAction\",\"target\":{\"@type\":\"EntryPoint\",\"urlTemplate\":\"https:\/\/old-argeta.cnj.digital\/at\/?s={search_term_string}\"},\"query-input\":\"required name=search_term_string\"}],\"inLanguage\":\"en-US\"},{\"@type\":\"Organization\",\"@id\":\"https:\/\/old-argeta.cnj.digital\/at\/#organization\",\"name\":\"Argeta\",\"url\":\"https:\/\/old-argeta.cnj.digital\/at\/\",\"logo\":{\"@type\":\"ImageObject\",\"inLanguage\":\"en-US\",\"@id\":\"https:\/\/old-argeta.cnj.digital\/at\/#\/schema\/logo\/image\/\",\"url\":\"https:\/\/old-argeta.cnj.digital\/app\/uploads\/sites\/9\/2020\/03\/Argeta_logo-1.png\",\"contentUrl\":\"https:\/\/old-argeta.cnj.digital\/app\/uploads\/sites\/9\/2020\/03\/Argeta_logo-1.png\",\"width\":1000,\"height\":1000,\"caption\":\"Argeta\"},\"image\":{\"@id\":\"https:\/\/old-argeta.cnj.digital\/at\/#\/schema\/logo\/image\/\"}}]}<\/script>\n<!-- \/ Yoast SEO plugin. -->","yoast_head_json":{"title":"Urheberrecht - Argeta Austria","robots":{"index":"noindex","follow":"follow","max-snippet":"max-snippet:-1","max-image-preview":"max-image-preview:large","max-video-preview":"max-video-preview:-1"},"og_locale":"en_US","og_type":"article","og_title":"Urheberrecht - Argeta Austria","og_description":"Alle auf den Internetseiten von Argeta ver\u00f6ffentlichten Inhalte sind Eigentum des Unternehmens ATLANTIC DROGA KOLINSKA d.o.o. und im gesetzlich zul\u00e4ssigen Rahmen Gegenstand des Urheberrechts oder anderer Formen des Schutzes von intellektuellem Eigentum. Die auf diesen Internetseiten ver\u00f6ffentlichten Inhalte (Texte, Bilder, Logos etc.) dienen ausschlie\u00dflich der nicht-kommerziellen Nutzung und d\u00fcrfen ohne die ausdr\u00fcckliche Genehmigung des Unternehmens [&hellip;]","og_url":"https:\/\/old-argeta.cnj.digital\/at\/urheberrecht\/","og_site_name":"Argeta Austria","article_modified_time":"2021-05-26T13:04:32+00:00","twitter_card":"summary_large_image","twitter_misc":{"Est. reading time":"8 minutes"},"schema":{"@context":"https:\/\/schema.org","@graph":[{"@type":"WebPage","@id":"https:\/\/old-argeta.cnj.digital\/at\/urheberrecht\/","url":"https:\/\/old-argeta.cnj.digital\/at\/urheberrecht\/","name":"Urheberrecht - Argeta Austria","isPartOf":{"@id":"https:\/\/old-argeta.cnj.digital\/at\/#website"},"datePublished":"2019-03-11T09:38:58+00:00","dateModified":"2021-05-26T13:04:32+00:00","breadcrumb":{"@id":"https:\/\/old-argeta.cnj.digital\/at\/urheberrecht\/#breadcrumb"},"inLanguage":"en-US","potentialAction":[{"@type":"ReadAction","target":["https:\/\/old-argeta.cnj.digital\/at\/urheberrecht\/"]}]},{"@type":"BreadcrumbList","@id":"https:\/\/old-argeta.cnj.digital\/at\/urheberrecht\/#breadcrumb","itemListElement":[{"@type":"ListItem","position":1,"name":"Home","item":"https:\/\/old-argeta.cnj.digital\/at\/"},{"@type":"ListItem","position":2,"name":"Urheberrecht"}]},{"@type":"WebSite","@id":"https:\/\/old-argeta.cnj.digital\/at\/#website","url":"https:\/\/old-argeta.cnj.digital\/at\/","name":"Argeta Austria","description":"Die gute Seite des Brotes.","publisher":{"@id":"https:\/\/old-argeta.cnj.digital\/at\/#organization"},"potentialAction":[{"@type":"SearchAction","target":{"@type":"EntryPoint","urlTemplate":"https:\/\/old-argeta.cnj.digital\/at\/?s={search_term_string}"},"query-input":"required name=search_term_string"}],"inLanguage":"en-US"},{"@type":"Organization","@id":"https:\/\/old-argeta.cnj.digital\/at\/#organization","name":"Argeta","url":"https:\/\/old-argeta.cnj.digital\/at\/","logo":{"@type":"ImageObject","inLanguage":"en-US","@id":"https:\/\/old-argeta.cnj.digital\/at\/#\/schema\/logo\/image\/","url":"https:\/\/old-argeta.cnj.digital\/app\/uploads\/sites\/9\/2020\/03\/Argeta_logo-1.png","contentUrl":"https:\/\/old-argeta.cnj.digital\/app\/uploads\/sites\/9\/2020\/03\/Argeta_logo-1.png","width":1000,"height":1000,"caption":"Argeta"},"image":{"@id":"https:\/\/old-argeta.cnj.digital\/at\/#\/schema\/logo\/image\/"}}]}},"_links":{"self":[{"href":"https:\/\/old-argeta.cnj.digital\/at\/wp-json\/wp\/v2\/pages\/106"}],"collection":[{"href":"https:\/\/old-argeta.cnj.digital\/at\/wp-json\/wp\/v2\/pages"}],"about":[{"href":"https:\/\/old-argeta.cnj.digital\/at\/wp-json\/wp\/v2\/types\/page"}],"author":[{"embeddable":true,"href":"https:\/\/old-argeta.cnj.digital\/at\/wp-json\/wp\/v2\/users\/7"}],"replies":[{"embeddable":true,"href":"https:\/\/old-argeta.cnj.digital\/at\/wp-json\/wp\/v2\/comments?post=106"}],"version-history":[{"count":5,"href":"https:\/\/old-argeta.cnj.digital\/at\/wp-json\/wp\/v2\/pages\/106\/revisions"}],"predecessor-version":[{"id":4424,"href":"https:\/\/old-argeta.cnj.digital\/at\/wp-json\/wp\/v2\/pages\/106\/revisions\/4424"}],"wp:attachment":[{"href":"https:\/\/old-argeta.cnj.digital\/at\/wp-json\/wp\/v2\/media?parent=106"}],"curies":[{"name":"wp","href":"https:\/\/api.w.org\/{rel}","templated":true}]}}