{"id":107,"date":"2019-03-11T11:21:42","date_gmt":"2019-03-11T10:21:42","guid":{"rendered":"http:\/\/old-argeta.cnj.digital\/at\/?page_id=107"},"modified":"2023-06-26T12:01:30","modified_gmt":"2023-06-26T10:01:30","slug":"uber-uns","status":"publish","type":"page","link":"https:\/\/old-argeta.cnj.digital\/at\/uber-uns\/","title":{"rendered":"\u00dcber uns"},"content":{"rendered":"<p>Seit mehr als&nbsp;<strong>50&nbsp;Jahren<\/strong>&nbsp;haben wir bei allem, was wir tun, unsere Kunden im Kopf und im Herzen. Wir sind darum bem\u00fcht,&nbsp;<strong>die beste Mahlzeit auf nachhaltige Weise<\/strong>&nbsp;anzubieten, weshalb wir unsere Rezepte und Zubereitungsverfahren st\u00e4ndig verbessern. Wir sind der weltweit gr\u00f6\u00dfte Hersteller f\u00fcr Brotaufstriche. Damit erscheint Argetas offiziell gesch\u00fctztes Orange stolz auf mehr als&nbsp;<strong>30 M\u00e4rkten<\/strong>&nbsp;weltweit.<\/p>\n\n\n<p><\/p>\n","protected":false},"excerpt":{"rendered":"<p>Seit mehr als&nbsp;50&nbsp;Jahren&nbsp;haben wir bei allem, was wir tun, unsere Kunden im Kopf und im Herzen. Wir sind darum bem\u00fcht,&nbsp;die beste Mahlzeit auf nachhaltige Weise&nbsp;anzubieten, weshalb wir unsere Rezepte und Zubereitungsverfahren st\u00e4ndig verbessern. Wir sind der weltweit gr\u00f6\u00dfte Hersteller f\u00fcr Brotaufstriche. Damit erscheint Argetas offiziell gesch\u00fctztes Orange stolz auf mehr als&nbsp;30 M\u00e4rkten&nbsp;weltweit.<\/p>\n","protected":false},"author":7,"featured_media":0,"parent":0,"menu_order":0,"comment_status":"closed","ping_status":"closed","template":"page-about-us.php","meta":{"_acf_changed":false,"footnotes":""},"acf":[],"yoast_head":"<!-- This site is optimized with the Yoast SEO plugin v22.4 - https:\/\/yoast.com\/wordpress\/plugins\/seo\/ -->\n<title>\u00dcber uns - Argeta Austria<\/title>\n<meta name=\"robots\" content=\"noindex, follow, max-snippet:-1, max-image-preview:large, max-video-preview:-1\" \/>\n<meta property=\"og:locale\" content=\"en_US\" \/>\n<meta property=\"og:type\" content=\"article\" \/>\n<meta property=\"og:title\" content=\"\u00dcber uns - Argeta Austria\" \/>\n<meta property=\"og:description\" content=\"Seit mehr als&nbsp;50&nbsp;Jahren&nbsp;haben wir bei allem, was wir tun, unsere Kunden im Kopf und im Herzen. Wir sind darum bem\u00fcht,&nbsp;die beste Mahlzeit auf nachhaltige Weise&nbsp;anzubieten, weshalb wir unsere Rezepte und Zubereitungsverfahren st\u00e4ndig verbessern. Wir sind der weltweit gr\u00f6\u00dfte Hersteller f\u00fcr Brotaufstriche. Damit erscheint Argetas offiziell gesch\u00fctztes Orange stolz auf mehr als&nbsp;30 M\u00e4rkten&nbsp;weltweit.\" \/>\n<meta property=\"og:url\" content=\"https:\/\/old-argeta.cnj.digital\/at\/uber-uns\/\" \/>\n<meta property=\"og:site_name\" content=\"Argeta Austria\" \/>\n<meta property=\"article:modified_time\" content=\"2023-06-26T10:01:30+00:00\" \/>\n<meta name=\"twitter:card\" content=\"summary_large_image\" \/>\n<meta name=\"twitter:label1\" content=\"Est. reading time\" \/>\n\t<meta name=\"twitter:data1\" content=\"1 minute\" \/>\n<script type=\"application\/ld+json\" class=\"yoast-schema-graph\">{\"@context\":\"https:\/\/schema.org\",\"@graph\":[{\"@type\":\"WebPage\",\"@id\":\"https:\/\/old-argeta.cnj.digital\/at\/uber-uns\/\",\"url\":\"https:\/\/old-argeta.cnj.digital\/at\/uber-uns\/\",\"name\":\"\u00dcber uns - Argeta Austria\",\"isPartOf\":{\"@id\":\"https:\/\/old-argeta.cnj.digital\/at\/#website\"},\"datePublished\":\"2019-03-11T10:21:42+00:00\",\"dateModified\":\"2023-06-26T10:01:30+00:00\",\"breadcrumb\":{\"@id\":\"https:\/\/old-argeta.cnj.digital\/at\/uber-uns\/#breadcrumb\"},\"inLanguage\":\"en-US\",\"potentialAction\":[{\"@type\":\"ReadAction\",\"target\":[\"https:\/\/old-argeta.cnj.digital\/at\/uber-uns\/\"]}]},{\"@type\":\"BreadcrumbList\",\"@id\":\"https:\/\/old-argeta.cnj.digital\/at\/uber-uns\/#breadcrumb\",\"itemListElement\":[{\"@type\":\"ListItem\",\"position\":1,\"name\":\"Home\",\"item\":\"https:\/\/old-argeta.cnj.digital\/at\/\"},{\"@type\":\"ListItem\",\"position\":2,\"name\":\"\u00dcber uns\"}]},{\"@type\":\"WebSite\",\"@id\":\"https:\/\/old-argeta.cnj.digital\/at\/#website\",\"url\":\"https:\/\/old-argeta.cnj.digital\/at\/\",\"name\":\"Argeta Austria\",\"description\":\"Die gute Seite des Brotes.\",\"publisher\":{\"@id\":\"https:\/\/old-argeta.cnj.digital\/at\/#organization\"},\"potentialAction\":[{\"@type\":\"SearchAction\",\"target\":{\"@type\":\"EntryPoint\",\"urlTemplate\":\"https:\/\/old-argeta.cnj.digital\/at\/?s={search_term_string}\"},\"query-input\":\"required name=search_term_string\"}],\"inLanguage\":\"en-US\"},{\"@type\":\"Organization\",\"@id\":\"https:\/\/old-argeta.cnj.digital\/at\/#organization\",\"name\":\"Argeta\",\"url\":\"https:\/\/old-argeta.cnj.digital\/at\/\",\"logo\":{\"@type\":\"ImageObject\",\"inLanguage\":\"en-US\",\"@id\":\"https:\/\/old-argeta.cnj.digital\/at\/#\/schema\/logo\/image\/\",\"url\":\"https:\/\/old-argeta.cnj.digital\/app\/uploads\/sites\/9\/2020\/03\/Argeta_logo-1.png\",\"contentUrl\":\"https:\/\/old-argeta.cnj.digital\/app\/uploads\/sites\/9\/2020\/03\/Argeta_logo-1.png\",\"width\":1000,\"height\":1000,\"caption\":\"Argeta\"},\"image\":{\"@id\":\"https:\/\/old-argeta.cnj.digital\/at\/#\/schema\/logo\/image\/\"}}]}<\/script>\n<!-- \/ Yoast SEO plugin. -->","yoast_head_json":{"title":"\u00dcber uns - Argeta Austria","robots":{"index":"noindex","follow":"follow","max-snippet":"max-snippet:-1","max-image-preview":"max-image-preview:large","max-video-preview":"max-video-preview:-1"},"og_locale":"en_US","og_type":"article","og_title":"\u00dcber uns - Argeta Austria","og_description":"Seit mehr als&nbsp;50&nbsp;Jahren&nbsp;haben wir bei allem, was wir tun, unsere Kunden im Kopf und im Herzen. Wir sind darum bem\u00fcht,&nbsp;die beste Mahlzeit auf nachhaltige Weise&nbsp;anzubieten, weshalb wir unsere Rezepte und Zubereitungsverfahren st\u00e4ndig verbessern. Wir sind der weltweit gr\u00f6\u00dfte Hersteller f\u00fcr Brotaufstriche. Damit erscheint Argetas offiziell gesch\u00fctztes Orange stolz auf mehr als&nbsp;30 M\u00e4rkten&nbsp;weltweit.","og_url":"https:\/\/old-argeta.cnj.digital\/at\/uber-uns\/","og_site_name":"Argeta Austria","article_modified_time":"2023-06-26T10:01:30+00:00","twitter_card":"summary_large_image","twitter_misc":{"Est. reading time":"1 minute"},"schema":{"@context":"https:\/\/schema.org","@graph":[{"@type":"WebPage","@id":"https:\/\/old-argeta.cnj.digital\/at\/uber-uns\/","url":"https:\/\/old-argeta.cnj.digital\/at\/uber-uns\/","name":"\u00dcber uns - Argeta Austria","isPartOf":{"@id":"https:\/\/old-argeta.cnj.digital\/at\/#website"},"datePublished":"2019-03-11T10:21:42+00:00","dateModified":"2023-06-26T10:01:30+00:00","breadcrumb":{"@id":"https:\/\/old-argeta.cnj.digital\/at\/uber-uns\/#breadcrumb"},"inLanguage":"en-US","potentialAction":[{"@type":"ReadAction","target":["https:\/\/old-argeta.cnj.digital\/at\/uber-uns\/"]}]},{"@type":"BreadcrumbList","@id":"https:\/\/old-argeta.cnj.digital\/at\/uber-uns\/#breadcrumb","itemListElement":[{"@type":"ListItem","position":1,"name":"Home","item":"https:\/\/old-argeta.cnj.digital\/at\/"},{"@type":"ListItem","position":2,"name":"\u00dcber uns"}]},{"@type":"WebSite","@id":"https:\/\/old-argeta.cnj.digital\/at\/#website","url":"https:\/\/old-argeta.cnj.digital\/at\/","name":"Argeta Austria","description":"Die gute Seite des Brotes.","publisher":{"@id":"https:\/\/old-argeta.cnj.digital\/at\/#organization"},"potentialAction":[{"@type":"SearchAction","target":{"@type":"EntryPoint","urlTemplate":"https:\/\/old-argeta.cnj.digital\/at\/?s={search_term_string}"},"query-input":"required name=search_term_string"}],"inLanguage":"en-US"},{"@type":"Organization","@id":"https:\/\/old-argeta.cnj.digital\/at\/#organization","name":"Argeta","url":"https:\/\/old-argeta.cnj.digital\/at\/","logo":{"@type":"ImageObject","inLanguage":"en-US","@id":"https:\/\/old-argeta.cnj.digital\/at\/#\/schema\/logo\/image\/","url":"https:\/\/old-argeta.cnj.digital\/app\/uploads\/sites\/9\/2020\/03\/Argeta_logo-1.png","contentUrl":"https:\/\/old-argeta.cnj.digital\/app\/uploads\/sites\/9\/2020\/03\/Argeta_logo-1.png","width":1000,"height":1000,"caption":"Argeta"},"image":{"@id":"https:\/\/old-argeta.cnj.digital\/at\/#\/schema\/logo\/image\/"}}]}},"_links":{"self":[{"href":"https:\/\/old-argeta.cnj.digital\/at\/wp-json\/wp\/v2\/pages\/107"}],"collection":[{"href":"https:\/\/old-argeta.cnj.digital\/at\/wp-json\/wp\/v2\/pages"}],"about":[{"href":"https:\/\/old-argeta.cnj.digital\/at\/wp-json\/wp\/v2\/types\/page"}],"author":[{"embeddable":true,"href":"https:\/\/old-argeta.cnj.digital\/at\/wp-json\/wp\/v2\/users\/7"}],"replies":[{"embeddable":true,"href":"https:\/\/old-argeta.cnj.digital\/at\/wp-json\/wp\/v2\/comments?post=107"}],"version-history":[{"count":65,"href":"https:\/\/old-argeta.cnj.digital\/at\/wp-json\/wp\/v2\/pages\/107\/revisions"}],"predecessor-version":[{"id":6068,"href":"https:\/\/old-argeta.cnj.digital\/at\/wp-json\/wp\/v2\/pages\/107\/revisions\/6068"}],"wp:attachment":[{"href":"https:\/\/old-argeta.cnj.digital\/at\/wp-json\/wp\/v2\/media?parent=107"}],"curies":[{"name":"wp","href":"https:\/\/api.w.org\/{rel}","templated":true}]}}