{"id":1007,"date":"2017-12-18T13:19:56","date_gmt":"2017-12-18T12:19:56","guid":{"rendered":"http:\/\/old-argeta.cnj.digital\/ba\/?page_id=1007"},"modified":"2019-03-11T13:20:40","modified_gmt":"2019-03-11T12:20:40","slug":"argeta-broj-1-i-na-svicarskom-trzistu","status":"publish","type":"page","link":"https:\/\/old-argeta.cnj.digital\/ba\/saopstenje-za-javnost\/argeta-broj-1-i-na-svicarskom-trzistu\/","title":{"rendered":"Argeta broj 1 i na \u0161vicarskom tr\u017ei\u0161tu"},"content":{"rendered":"","protected":false},"excerpt":{"rendered":"","protected":false},"author":4,"featured_media":0,"parent":405,"menu_order":0,"comment_status":"closed","ping_status":"closed","template":"page-about-us-pr-article.php","meta":{"_acf_changed":false,"footnotes":""},"acf":[],"yoast_head":"<!-- This site is optimized with the Yoast SEO plugin v22.4 - https:\/\/yoast.com\/wordpress\/plugins\/seo\/ -->\n<title>Argeta broj 1 i na \u0161vicarskom tr\u017ei\u0161tu - Argeta Bosnia and Herzegovina<\/title>\n<meta name=\"robots\" content=\"noindex, follow, max-snippet:-1, max-image-preview:large, max-video-preview:-1\" \/>\n<meta property=\"og:locale\" content=\"en_US\" \/>\n<meta property=\"og:type\" content=\"article\" \/>\n<meta property=\"og:title\" content=\"Argeta broj 1 i na \u0161vicarskom tr\u017ei\u0161tu - Argeta Bosnia and Herzegovina\" \/>\n<meta property=\"og:url\" content=\"https:\/\/old-argeta.cnj.digital\/ba\/saopstenje-za-javnost\/argeta-broj-1-i-na-svicarskom-trzistu\/\" \/>\n<meta property=\"og:site_name\" content=\"Argeta Bosnia and Herzegovina\" \/>\n<meta property=\"article:modified_time\" content=\"2019-03-11T12:20:40+00:00\" \/>\n<meta name=\"twitter:card\" content=\"summary_large_image\" \/>\n<script type=\"application\/ld+json\" class=\"yoast-schema-graph\">{\"@context\":\"https:\/\/schema.org\",\"@graph\":[{\"@type\":\"WebPage\",\"@id\":\"https:\/\/old-argeta.cnj.digital\/ba\/saopstenje-za-javnost\/argeta-broj-1-i-na-svicarskom-trzistu\/\",\"url\":\"https:\/\/old-argeta.cnj.digital\/ba\/saopstenje-za-javnost\/argeta-broj-1-i-na-svicarskom-trzistu\/\",\"name\":\"Argeta broj 1 i na \u0161vicarskom tr\u017ei\u0161tu - Argeta Bosnia and Herzegovina\",\"isPartOf\":{\"@id\":\"https:\/\/old-argeta.cnj.digital\/ba\/#website\"},\"datePublished\":\"2017-12-18T12:19:56+00:00\",\"dateModified\":\"2019-03-11T12:20:40+00:00\",\"breadcrumb\":{\"@id\":\"https:\/\/old-argeta.cnj.digital\/ba\/saopstenje-za-javnost\/argeta-broj-1-i-na-svicarskom-trzistu\/#breadcrumb\"},\"inLanguage\":\"en-US\",\"potentialAction\":[{\"@type\":\"ReadAction\",\"target\":[\"https:\/\/old-argeta.cnj.digital\/ba\/saopstenje-za-javnost\/argeta-broj-1-i-na-svicarskom-trzistu\/\"]}]},{\"@type\":\"BreadcrumbList\",\"@id\":\"https:\/\/old-argeta.cnj.digital\/ba\/saopstenje-za-javnost\/argeta-broj-1-i-na-svicarskom-trzistu\/#breadcrumb\",\"itemListElement\":[{\"@type\":\"ListItem\",\"position\":1,\"name\":\"Home\",\"item\":\"https:\/\/old-argeta.cnj.digital\/ba\/\"},{\"@type\":\"ListItem\",\"position\":2,\"name\":\"Saop\u0161tenje za javnost\",\"item\":\"https:\/\/old-argeta.cnj.digital\/ba\/saopstenje-za-javnost\/\"},{\"@type\":\"ListItem\",\"position\":3,\"name\":\"Argeta broj 1 i na \u0161vicarskom tr\u017ei\u0161tu\"}]},{\"@type\":\"WebSite\",\"@id\":\"https:\/\/old-argeta.cnj.digital\/ba\/#website\",\"url\":\"https:\/\/old-argeta.cnj.digital\/ba\/\",\"name\":\"Argeta Bosnia and Herzegovina\",\"description\":\"Dobra strana hljeba.\",\"publisher\":{\"@id\":\"https:\/\/old-argeta.cnj.digital\/ba\/#organization\"},\"potentialAction\":[{\"@type\":\"SearchAction\",\"target\":{\"@type\":\"EntryPoint\",\"urlTemplate\":\"https:\/\/old-argeta.cnj.digital\/ba\/?s={search_term_string}\"},\"query-input\":\"required name=search_term_string\"}],\"inLanguage\":\"en-US\"},{\"@type\":\"Organization\",\"@id\":\"https:\/\/old-argeta.cnj.digital\/ba\/#organization\",\"name\":\"Argeta\",\"url\":\"https:\/\/old-argeta.cnj.digital\/ba\/\",\"logo\":{\"@type\":\"ImageObject\",\"inLanguage\":\"en-US\",\"@id\":\"https:\/\/old-argeta.cnj.digital\/ba\/#\/schema\/logo\/image\/\",\"url\":\"https:\/\/old-argeta.cnj.digital\/app\/uploads\/sites\/6\/2020\/03\/Argeta_logo-1.png\",\"contentUrl\":\"https:\/\/old-argeta.cnj.digital\/app\/uploads\/sites\/6\/2020\/03\/Argeta_logo-1.png\",\"width\":1000,\"height\":1000,\"caption\":\"Argeta\"},\"image\":{\"@id\":\"https:\/\/old-argeta.cnj.digital\/ba\/#\/schema\/logo\/image\/\"}}]}<\/script>\n<!-- \/ Yoast SEO plugin. -->","yoast_head_json":{"title":"Argeta broj 1 i na \u0161vicarskom tr\u017ei\u0161tu - Argeta Bosnia and Herzegovina","robots":{"index":"noindex","follow":"follow","max-snippet":"max-snippet:-1","max-image-preview":"max-image-preview:large","max-video-preview":"max-video-preview:-1"},"og_locale":"en_US","og_type":"article","og_title":"Argeta broj 1 i na \u0161vicarskom tr\u017ei\u0161tu - Argeta Bosnia and Herzegovina","og_url":"https:\/\/old-argeta.cnj.digital\/ba\/saopstenje-za-javnost\/argeta-broj-1-i-na-svicarskom-trzistu\/","og_site_name":"Argeta Bosnia and Herzegovina","article_modified_time":"2019-03-11T12:20:40+00:00","twitter_card":"summary_large_image","schema":{"@context":"https:\/\/schema.org","@graph":[{"@type":"WebPage","@id":"https:\/\/old-argeta.cnj.digital\/ba\/saopstenje-za-javnost\/argeta-broj-1-i-na-svicarskom-trzistu\/","url":"https:\/\/old-argeta.cnj.digital\/ba\/saopstenje-za-javnost\/argeta-broj-1-i-na-svicarskom-trzistu\/","name":"Argeta broj 1 i na \u0161vicarskom tr\u017ei\u0161tu - Argeta Bosnia and Herzegovina","isPartOf":{"@id":"https:\/\/old-argeta.cnj.digital\/ba\/#website"},"datePublished":"2017-12-18T12:19:56+00:00","dateModified":"2019-03-11T12:20:40+00:00","breadcrumb":{"@id":"https:\/\/old-argeta.cnj.digital\/ba\/saopstenje-za-javnost\/argeta-broj-1-i-na-svicarskom-trzistu\/#breadcrumb"},"inLanguage":"en-US","potentialAction":[{"@type":"ReadAction","target":["https:\/\/old-argeta.cnj.digital\/ba\/saopstenje-za-javnost\/argeta-broj-1-i-na-svicarskom-trzistu\/"]}]},{"@type":"BreadcrumbList","@id":"https:\/\/old-argeta.cnj.digital\/ba\/saopstenje-za-javnost\/argeta-broj-1-i-na-svicarskom-trzistu\/#breadcrumb","itemListElement":[{"@type":"ListItem","position":1,"name":"Home","item":"https:\/\/old-argeta.cnj.digital\/ba\/"},{"@type":"ListItem","position":2,"name":"Saop\u0161tenje za javnost","item":"https:\/\/old-argeta.cnj.digital\/ba\/saopstenje-za-javnost\/"},{"@type":"ListItem","position":3,"name":"Argeta broj 1 i na \u0161vicarskom tr\u017ei\u0161tu"}]},{"@type":"WebSite","@id":"https:\/\/old-argeta.cnj.digital\/ba\/#website","url":"https:\/\/old-argeta.cnj.digital\/ba\/","name":"Argeta Bosnia and Herzegovina","description":"Dobra strana hljeba.","publisher":{"@id":"https:\/\/old-argeta.cnj.digital\/ba\/#organization"},"potentialAction":[{"@type":"SearchAction","target":{"@type":"EntryPoint","urlTemplate":"https:\/\/old-argeta.cnj.digital\/ba\/?s={search_term_string}"},"query-input":"required name=search_term_string"}],"inLanguage":"en-US"},{"@type":"Organization","@id":"https:\/\/old-argeta.cnj.digital\/ba\/#organization","name":"Argeta","url":"https:\/\/old-argeta.cnj.digital\/ba\/","logo":{"@type":"ImageObject","inLanguage":"en-US","@id":"https:\/\/old-argeta.cnj.digital\/ba\/#\/schema\/logo\/image\/","url":"https:\/\/old-argeta.cnj.digital\/app\/uploads\/sites\/6\/2020\/03\/Argeta_logo-1.png","contentUrl":"https:\/\/old-argeta.cnj.digital\/app\/uploads\/sites\/6\/2020\/03\/Argeta_logo-1.png","width":1000,"height":1000,"caption":"Argeta"},"image":{"@id":"https:\/\/old-argeta.cnj.digital\/ba\/#\/schema\/logo\/image\/"}}]}},"_links":{"self":[{"href":"https:\/\/old-argeta.cnj.digital\/ba\/wp-json\/wp\/v2\/pages\/1007"}],"collection":[{"href":"https:\/\/old-argeta.cnj.digital\/ba\/wp-json\/wp\/v2\/pages"}],"about":[{"href":"https:\/\/old-argeta.cnj.digital\/ba\/wp-json\/wp\/v2\/types\/page"}],"author":[{"embeddable":true,"href":"https:\/\/old-argeta.cnj.digital\/ba\/wp-json\/wp\/v2\/users\/4"}],"replies":[{"embeddable":true,"href":"https:\/\/old-argeta.cnj.digital\/ba\/wp-json\/wp\/v2\/comments?post=1007"}],"version-history":[{"count":1,"href":"https:\/\/old-argeta.cnj.digital\/ba\/wp-json\/wp\/v2\/pages\/1007\/revisions"}],"predecessor-version":[{"id":1009,"href":"https:\/\/old-argeta.cnj.digital\/ba\/wp-json\/wp\/v2\/pages\/1007\/revisions\/1009"}],"up":[{"embeddable":true,"href":"https:\/\/old-argeta.cnj.digital\/ba\/wp-json\/wp\/v2\/pages\/405"}],"wp:attachment":[{"href":"https:\/\/old-argeta.cnj.digital\/ba\/wp-json\/wp\/v2\/media?parent=1007"}],"curies":[{"name":"wp","href":"https:\/\/api.w.org\/{rel}","templated":true}]}}