{"id":403,"date":"2019-02-15T13:03:15","date_gmt":"2019-02-15T12:03:15","guid":{"rendered":"http:\/\/old-argeta.cnj.digital\/ba\/?page_id=403"},"modified":"2023-01-12T09:54:55","modified_gmt":"2023-01-12T08:54:55","slug":"kolacici","status":"publish","type":"page","link":"https:\/\/old-argeta.cnj.digital\/ba\/kolacici\/","title":{"rendered":"Kola\u010di\u0107i"},"content":{"rendered":"<h3>Pravila upotrebe kola\u010di\u0107a<\/h3>\n<p>Na va\u0161 ra\u010dunar mora se sa\u010duvati minimalna koli\u010dina informacija (kola\u010di\u0107i) da bi web-stranica pravilno radila i da bismo je mogli nadogra\u0111ivati i unapre\u0111ivati va\u0161e iskustvo tokom pregledanja. Vi\u0161e od 90% web-stranica upotrebljava kola\u010di\u0107e, ali prema pravilima Evropske unije moraju korisnika zamoliti za pristanak. Upotrebom ove web-stranice izra\u017eavate svoju saglasnost s upotrebom kola\u010di\u0107a, a ako ih ne prihvatite, i dalje mo\u017eete pregledati stranicu, ali se odre\u0111ene funkcije na njoj mo\u017eda ne\u0107e pravilno prikazati ili izvr\u0161iti.<\/p>\n<h3>\u0160ta je kola\u010di\u0107?<\/h3>\n<p>Kola\u010di\u0107 je informacija koju na va\u0161 ra\u010dunar postavlja web-stranica koju ste posjetili. Kola\u010di\u0107i obi\u010dno \u010duvaju va\u0161e postavke za web-stranicu, na primjer \u017eeljeni jezik ili adresu. Kasnije, kada ponovo otvorite istu web-stranicu, pregleda\u010d vra\u0107a kola\u010di\u0107e koji joj pripadaju. To stranici omogu\u0107ava da prika\u017ee informacije prilago\u0111ene va\u0161im potrebama.<\/p>\n<p>Kola\u010di\u0107i mogu \u010duvati niz informacija, uklju\u010duju\u0107i li\u010dne informacije (va\u0161e ime ili e-po\u0161tu). Uprkos tome ta informacija mo\u017ee se sa\u010duvati samo u slu\u010daju da to vi omogu\u0107ite \u2013 web-stranice ne mogu pristupiti informacijama ako vi to niste odobrili, a ne mogu ni pristupiti drugim datotekama na va\u0161em ra\u010dunaru ili mobilnom ure\u0111aju. Podrazumijevane postavke \u010duvanja i slanja kola\u010di\u0107a vama nisu vidljive, ali mo\u017eete promijeniti postavke svog pregleda\u010da tako da sami izaberete da li \u017eelite odobriti ili odbiti zahtjeve za \u010duvanje kola\u010di\u0107a, automatski izbrisati sa\u010duvane kola\u010di\u0107e prilikom zatvaranja pregleda\u010da i sli\u010dno.<\/p>\n<h3>Kako mo\u017eete odbiti kola\u010di\u0107e?<\/h3>\n<p>Odbijanjem kola\u010di\u0107a odlu\u010dujete da li \u017eelite dozvoliti da se kola\u010di\u0107i sa\u010duvaju na va\u0161em ra\u010dunaru ili mobilnom ure\u0111aju. Postavke kola\u010di\u0107a mogu se kontrolisati i konfigurisati u va\u0161em pregleda\u010du. Ako kola\u010di\u0107e ne prihvatite, mo\u017ee se dogoditi da ne\u0107ete mo\u0107i upotrebljavati odre\u0111ene funkcije na web-stranici.<\/p>\n<h3>\u0160ta su to privremeni kola\u010di\u0107i?<\/h3>\n<p>Privremeni kola\u010di\u0107i ili kola\u010di\u0107i za sesiju bri\u0161u se s ra\u010dunara nakon zatvaranja pregleda\u010da. Uz njihovu pomo\u0107 web-lokacije \u010duvaju privremene podatke, na primjer proizvode u korpi za kupovanje.<\/p>\n<p><strong>\u0160ta su to trajni kola\u010di\u0107i?<\/strong><\/p>\n<p>Trajni ili sa\u010duvani kola\u010di\u0107i ostaju na ra\u010dunaru i nakon \u0161to zatvorite program pregleda\u010da. Uz njihovu pomo\u0107 web-lokacije \u010duvaju podatke kao \u0161to su korisni\u010dko ime i lozinka, tako da se ne morate prijavljivati prilikom svakog posje\u0107ivanja odre\u0111ene web-lokacije. Trajni kola\u010di\u0107i ostat \u0107e na ra\u010dunaru vi\u0161e dana, mjeseci ili \u010dak godina.<\/p>\n<p><strong>\u0160ta su to kola\u010di\u0107i prve strane?<\/strong><\/p>\n<p>Kola\u010di\u0107i prve strane (vlastiti kola\u010di\u0107i) potje\u010du sa web-lokacije koju korisnik pregleda i mogu biti trajni ili privremeni. Pomo\u0107u tih kola\u010di\u0107a web-lokacije mogu sa\u010duvati podatke koje \u0107e ponovo upotrijebiti kada korisnik sljede\u0107i put posjeti tu lokaciju.<\/p>\n<p><strong>\u0160ta su to kola\u010di\u0107i tre\u0107e strane?<\/strong><\/p>\n<p>Kola\u010di\u0107i tre\u0107e strane (drugi kola\u010di\u0107i) potje\u010du sa drugih, partnerskih web-lokacija (kao \u0161to su sko\u010dni prozori ili druge reklame), koji se nalaze na web-lokaciji koje pregledate. Pomo\u0107u tih kola\u010di\u0107a web-lokacije mogu pratiti upotrebu interneta u tr\u017ei\u0161ne svrhe.<\/p>\n<p><strong>Da li ova stranica upotrebljava kola\u010di\u0107e?<\/strong><\/p>\n<p>Da, s primarnim ciljem da vam na\u0161e web-stranice omogu\u0107e najbolje korisni\u010dko iskustvo.<\/p>\n<p><strong>Kakve kola\u010di\u0107e upotrebljava ova web-stranica i za\u0161to?<\/strong><\/p>\n<p>Privremeni kola\u010di\u0107i ili kola\u010di\u0107i za sesiju (Session cookies) \u2013 su kola\u010di\u0107i koji istje\u010du (i automatski se bri\u0161u) kada zatvorite pregleda\u010d. Mi upotrebljavamo privremene kola\u010di\u0107e kako bi korisnik dobio najbolje iskustvo prilikom upotrebe na\u0161e web-stranice.<\/p>\n<p>Trajni ili sa\u010duvani kola\u010di\u0107i (Persistent cookies) njihov datum isteka obi\u010dno je daleko u budu\u0107nosti, zato \u0107e ostati u va\u0161em pregleda\u010du dok ne isteknu ili dok ih ru\u010dno ne izbri\u0161ete. Mi upotrebljavamo trajne kola\u010di\u0107e da bismo bolje shvatili navike korisnika, a time mo\u017eemo pobolj\u0161ati web-stranicu zavisno od va\u0161ih navika. Na osnovi tako prikupljenih podataka nije mogu\u0107a identifikacija vas kao korisnika, a prikupljeni podaci upotrebljavaju se isklju\u010divo u statisti\u010dke svrhe.<\/p>\n<p><strong>Da li na web-stranici postoje kola\u010di\u0107i tre\u0107e strane?<\/strong><\/p>\n<p>Postoji vi\u0161e vanjskih servisa koji za korisnika \u010duvaju ograni\u010dene kola\u010di\u0107e. Te kola\u010di\u0107e nije postavila ova web-stranica, ali neki od njih slu\u017ee za normalan rad odre\u0111enih funkcija koje korisnicima olak\u0161avaju pristup sadr\u017eaju. Zbog toga informacije o za\u0161titi podataka s kojima se ovdje upoznajete va\u017ee samo za ovu web-stranicu, a za\u0161titu podataka na vanjskim servisima treba provjeriti na njihovim slu\u017ebenim stranicama.<\/p>\n<p><strong>Trenutno omogu\u0107avamo:<\/strong><\/p>\n<p><strong>Mjerenje posjeta<\/strong><\/p>\n<p>Ova web-stranica upotrebljava servise za mjerenje broja korisnika, i to Google Analytics. Na osnovi tako prikupljenih podataka nije mogu\u0107a identifikacija korisnika, a prikupljeni podaci upotrebljavaju se isklju\u010divo u statisti\u010dke svrhe. Ako \u017eelite sprije\u010diti da vam navedeni servisi \u0161alju kola\u010di\u0107e, za svaki servis ih mo\u017eete odbiti na sljede\u0107im vezama:<\/p>\n<ul>\n<li>Google Analytics \u2013 https:\/\/tools.google.com\/dlpage\/gaoptout<\/li>\n<li>iProm &#8211; UID<\/li>\n<\/ul>\n<h3>Dodatne informacije o odbijanju kola\u010di\u0107a<\/h3>\n<p>Trenutno postoji vi\u0161e web-stranica za odbijanje \u010duvanja kola\u010di\u0107a za razli\u010dite servise.<\/p>\n<p>Vi\u0161e o tome mo\u017eete saznati na sljede\u0107im vezama:<\/p>\n<ul>\n<li>http:\/\/www.allaboutcookies.org\/<\/li>\n<li>http:\/\/www.youronlinechoices.eu\/<\/li>\n<\/ul>\n\n\n<figure class=\"wp-block-table table-cookies\"><table><tbody><tr><td><strong>Cookie<br>name<\/strong><\/td><td><strong>Storage<br>period<\/strong><\/td><td><strong>Who installs<br>the cookie<br>and manages<br>the data it<br>acquires<\/strong><\/td><td><strong>Domain<\/strong><\/td><td><strong>Purpose of the processing of the data collected<br>by the cookie<\/strong><\/td><\/tr><tr><td>UID<\/td><td>36<br>months<\/td><td>iPROM d.o.o.<\/td><td>iprom.net<\/td><td>iPROM&#8217;s advertising cookie allows the system to<br>set a cookie in order to display personalized ads on<br>other online media after the user leaves this<br>website. The system installs the cookie on the user<br>profile (browser) based on user\u2019s prior explicit<br>consent on the website. The user&#8217;s profile is<br>anonymous and does not contain personal<br>information.<\/td><\/tr><\/tbody><\/table><\/figure>\n","protected":false},"excerpt":{"rendered":"<p>Pravila upotrebe kola\u010di\u0107a Na va\u0161 ra\u010dunar mora se sa\u010duvati minimalna koli\u010dina informacija (kola\u010di\u0107i) da bi web-stranica pravilno radila i da bismo je mogli nadogra\u0111ivati i unapre\u0111ivati va\u0161e iskustvo tokom pregledanja. Vi\u0161e od 90% web-stranica upotrebljava kola\u010di\u0107e, ali prema pravilima Evropske unije moraju korisnika zamoliti za pristanak. Upotrebom ove web-stranice izra\u017eavate svoju saglasnost s upotrebom kola\u010di\u0107a, [&hellip;]<\/p>\n","protected":false},"author":7,"featured_media":0,"parent":0,"menu_order":0,"comment_status":"closed","ping_status":"closed","template":"page-cookies.php","meta":{"_acf_changed":false,"footnotes":""},"acf":[],"yoast_head":"<!-- This site is optimized with the Yoast SEO plugin v22.4 - https:\/\/yoast.com\/wordpress\/plugins\/seo\/ -->\n<title>Kola\u010di\u0107i - Argeta Bosnia and Herzegovina<\/title>\n<meta name=\"robots\" content=\"noindex, follow, max-snippet:-1, max-image-preview:large, max-video-preview:-1\" \/>\n<meta property=\"og:locale\" content=\"en_US\" \/>\n<meta property=\"og:type\" content=\"article\" \/>\n<meta property=\"og:title\" content=\"Kola\u010di\u0107i - Argeta Bosnia and Herzegovina\" \/>\n<meta property=\"og:description\" content=\"Pravila upotrebe kola\u010di\u0107a Na va\u0161 ra\u010dunar mora se sa\u010duvati minimalna koli\u010dina informacija (kola\u010di\u0107i) da bi web-stranica pravilno radila i da bismo je mogli nadogra\u0111ivati i unapre\u0111ivati va\u0161e iskustvo tokom pregledanja. Vi\u0161e od 90% web-stranica upotrebljava kola\u010di\u0107e, ali prema pravilima Evropske unije moraju korisnika zamoliti za pristanak. Upotrebom ove web-stranice izra\u017eavate svoju saglasnost s upotrebom kola\u010di\u0107a, [&hellip;]\" \/>\n<meta property=\"og:url\" content=\"https:\/\/old-argeta.cnj.digital\/ba\/kolacici\/\" \/>\n<meta property=\"og:site_name\" content=\"Argeta Bosnia and Herzegovina\" \/>\n<meta property=\"article:modified_time\" content=\"2023-01-12T08:54:55+00:00\" \/>\n<meta name=\"twitter:card\" content=\"summary_large_image\" \/>\n<meta name=\"twitter:label1\" content=\"Est. reading time\" \/>\n\t<meta name=\"twitter:data1\" content=\"4 minutes\" \/>\n<script type=\"application\/ld+json\" class=\"yoast-schema-graph\">{\"@context\":\"https:\/\/schema.org\",\"@graph\":[{\"@type\":\"WebPage\",\"@id\":\"https:\/\/old-argeta.cnj.digital\/ba\/kolacici\/\",\"url\":\"https:\/\/old-argeta.cnj.digital\/ba\/kolacici\/\",\"name\":\"Kola\u010di\u0107i - Argeta Bosnia and Herzegovina\",\"isPartOf\":{\"@id\":\"https:\/\/old-argeta.cnj.digital\/ba\/#website\"},\"datePublished\":\"2019-02-15T12:03:15+00:00\",\"dateModified\":\"2023-01-12T08:54:55+00:00\",\"breadcrumb\":{\"@id\":\"https:\/\/old-argeta.cnj.digital\/ba\/kolacici\/#breadcrumb\"},\"inLanguage\":\"en-US\",\"potentialAction\":[{\"@type\":\"ReadAction\",\"target\":[\"https:\/\/old-argeta.cnj.digital\/ba\/kolacici\/\"]}]},{\"@type\":\"BreadcrumbList\",\"@id\":\"https:\/\/old-argeta.cnj.digital\/ba\/kolacici\/#breadcrumb\",\"itemListElement\":[{\"@type\":\"ListItem\",\"position\":1,\"name\":\"Home\",\"item\":\"https:\/\/old-argeta.cnj.digital\/ba\/\"},{\"@type\":\"ListItem\",\"position\":2,\"name\":\"Kola\u010di\u0107i\"}]},{\"@type\":\"WebSite\",\"@id\":\"https:\/\/old-argeta.cnj.digital\/ba\/#website\",\"url\":\"https:\/\/old-argeta.cnj.digital\/ba\/\",\"name\":\"Argeta Bosnia and Herzegovina\",\"description\":\"Dobra strana hljeba.\",\"publisher\":{\"@id\":\"https:\/\/old-argeta.cnj.digital\/ba\/#organization\"},\"potentialAction\":[{\"@type\":\"SearchAction\",\"target\":{\"@type\":\"EntryPoint\",\"urlTemplate\":\"https:\/\/old-argeta.cnj.digital\/ba\/?s={search_term_string}\"},\"query-input\":\"required name=search_term_string\"}],\"inLanguage\":\"en-US\"},{\"@type\":\"Organization\",\"@id\":\"https:\/\/old-argeta.cnj.digital\/ba\/#organization\",\"name\":\"Argeta\",\"url\":\"https:\/\/old-argeta.cnj.digital\/ba\/\",\"logo\":{\"@type\":\"ImageObject\",\"inLanguage\":\"en-US\",\"@id\":\"https:\/\/old-argeta.cnj.digital\/ba\/#\/schema\/logo\/image\/\",\"url\":\"https:\/\/old-argeta.cnj.digital\/app\/uploads\/sites\/6\/2020\/03\/Argeta_logo-1.png\",\"contentUrl\":\"https:\/\/old-argeta.cnj.digital\/app\/uploads\/sites\/6\/2020\/03\/Argeta_logo-1.png\",\"width\":1000,\"height\":1000,\"caption\":\"Argeta\"},\"image\":{\"@id\":\"https:\/\/old-argeta.cnj.digital\/ba\/#\/schema\/logo\/image\/\"}}]}<\/script>\n<!-- \/ Yoast SEO plugin. -->","yoast_head_json":{"title":"Kola\u010di\u0107i - Argeta Bosnia and Herzegovina","robots":{"index":"noindex","follow":"follow","max-snippet":"max-snippet:-1","max-image-preview":"max-image-preview:large","max-video-preview":"max-video-preview:-1"},"og_locale":"en_US","og_type":"article","og_title":"Kola\u010di\u0107i - Argeta Bosnia and Herzegovina","og_description":"Pravila upotrebe kola\u010di\u0107a Na va\u0161 ra\u010dunar mora se sa\u010duvati minimalna koli\u010dina informacija (kola\u010di\u0107i) da bi web-stranica pravilno radila i da bismo je mogli nadogra\u0111ivati i unapre\u0111ivati va\u0161e iskustvo tokom pregledanja. Vi\u0161e od 90% web-stranica upotrebljava kola\u010di\u0107e, ali prema pravilima Evropske unije moraju korisnika zamoliti za pristanak. Upotrebom ove web-stranice izra\u017eavate svoju saglasnost s upotrebom kola\u010di\u0107a, [&hellip;]","og_url":"https:\/\/old-argeta.cnj.digital\/ba\/kolacici\/","og_site_name":"Argeta Bosnia and Herzegovina","article_modified_time":"2023-01-12T08:54:55+00:00","twitter_card":"summary_large_image","twitter_misc":{"Est. reading time":"4 minutes"},"schema":{"@context":"https:\/\/schema.org","@graph":[{"@type":"WebPage","@id":"https:\/\/old-argeta.cnj.digital\/ba\/kolacici\/","url":"https:\/\/old-argeta.cnj.digital\/ba\/kolacici\/","name":"Kola\u010di\u0107i - Argeta Bosnia and Herzegovina","isPartOf":{"@id":"https:\/\/old-argeta.cnj.digital\/ba\/#website"},"datePublished":"2019-02-15T12:03:15+00:00","dateModified":"2023-01-12T08:54:55+00:00","breadcrumb":{"@id":"https:\/\/old-argeta.cnj.digital\/ba\/kolacici\/#breadcrumb"},"inLanguage":"en-US","potentialAction":[{"@type":"ReadAction","target":["https:\/\/old-argeta.cnj.digital\/ba\/kolacici\/"]}]},{"@type":"BreadcrumbList","@id":"https:\/\/old-argeta.cnj.digital\/ba\/kolacici\/#breadcrumb","itemListElement":[{"@type":"ListItem","position":1,"name":"Home","item":"https:\/\/old-argeta.cnj.digital\/ba\/"},{"@type":"ListItem","position":2,"name":"Kola\u010di\u0107i"}]},{"@type":"WebSite","@id":"https:\/\/old-argeta.cnj.digital\/ba\/#website","url":"https:\/\/old-argeta.cnj.digital\/ba\/","name":"Argeta Bosnia and Herzegovina","description":"Dobra strana hljeba.","publisher":{"@id":"https:\/\/old-argeta.cnj.digital\/ba\/#organization"},"potentialAction":[{"@type":"SearchAction","target":{"@type":"EntryPoint","urlTemplate":"https:\/\/old-argeta.cnj.digital\/ba\/?s={search_term_string}"},"query-input":"required name=search_term_string"}],"inLanguage":"en-US"},{"@type":"Organization","@id":"https:\/\/old-argeta.cnj.digital\/ba\/#organization","name":"Argeta","url":"https:\/\/old-argeta.cnj.digital\/ba\/","logo":{"@type":"ImageObject","inLanguage":"en-US","@id":"https:\/\/old-argeta.cnj.digital\/ba\/#\/schema\/logo\/image\/","url":"https:\/\/old-argeta.cnj.digital\/app\/uploads\/sites\/6\/2020\/03\/Argeta_logo-1.png","contentUrl":"https:\/\/old-argeta.cnj.digital\/app\/uploads\/sites\/6\/2020\/03\/Argeta_logo-1.png","width":1000,"height":1000,"caption":"Argeta"},"image":{"@id":"https:\/\/old-argeta.cnj.digital\/ba\/#\/schema\/logo\/image\/"}}]}},"_links":{"self":[{"href":"https:\/\/old-argeta.cnj.digital\/ba\/wp-json\/wp\/v2\/pages\/403"}],"collection":[{"href":"https:\/\/old-argeta.cnj.digital\/ba\/wp-json\/wp\/v2\/pages"}],"about":[{"href":"https:\/\/old-argeta.cnj.digital\/ba\/wp-json\/wp\/v2\/types\/page"}],"author":[{"embeddable":true,"href":"https:\/\/old-argeta.cnj.digital\/ba\/wp-json\/wp\/v2\/users\/7"}],"replies":[{"embeddable":true,"href":"https:\/\/old-argeta.cnj.digital\/ba\/wp-json\/wp\/v2\/comments?post=403"}],"version-history":[{"count":6,"href":"https:\/\/old-argeta.cnj.digital\/ba\/wp-json\/wp\/v2\/pages\/403\/revisions"}],"predecessor-version":[{"id":14041,"href":"https:\/\/old-argeta.cnj.digital\/ba\/wp-json\/wp\/v2\/pages\/403\/revisions\/14041"}],"wp:attachment":[{"href":"https:\/\/old-argeta.cnj.digital\/ba\/wp-json\/wp\/v2\/media?parent=403"}],"curies":[{"name":"wp","href":"https:\/\/api.w.org\/{rel}","templated":true}]}}