{"id":404,"date":"2019-02-15T12:58:55","date_gmt":"2019-02-15T11:58:55","guid":{"rendered":"http:\/\/old-argeta.cnj.digital\/ba\/?page_id=404"},"modified":"2022-08-09T12:59:17","modified_gmt":"2022-08-09T11:59:17","slug":"pravno-obavjestenje","status":"publish","type":"page","link":"https:\/\/old-argeta.cnj.digital\/ba\/pravno-obavjestenje\/","title":{"rendered":"Pravno obavje\u0161tenje"},"content":{"rendered":"<h3>Autorska prava<\/h3>\n<p>Sav sadr\u017eaj objavljen na web-stranicama Argeta vlasni\u0161tvo je dru\u0161tva ATLANTIC DROGA KOLINSKA d.o.o. i u zakonski dozvoljenim okvirima predmet je autorske za\u0161tite ili drugih oblika za\u0161tite intelektualnog vlasni\u0161tva.<\/p>\n<p>Sadr\u017eaji (tekstovi, slike, logotipi\u2026) objavljeni na ovim web-stranicama mogu se upotrebljavati isklju\u010divo u nekomercijalne svrhe i ne smiju se mijenjati, prepisivati, umno\u017eavati, ponovo objavljivati, slati po\u0161tom ili na neki drugi na\u010din \u0161iriti u komercijalne svrhe bez izri\u010dite pismene dozvole dru\u0161tva ATLANTIC DROGA KOLINSKA d.o.o.<\/p>\n<p>Sve reprodukcije ili primjerci sadr\u017eaja ovih web-stranica moraju sa\u010duvati i sve navedene oznake autorskih prava, drugih obavje\u0161tenja o pravima na intelektualno vlasni\u0161tvo ili obavje\u0161tenja o drugim pravima (znak \u00a9 2015 ATLANTIC DROGA KOLINSKA d.o.o. Sva prava zadr\u017eana. ATLANTIC DROGA KOLINSKA d.o.o. dio je Atlantic Grupe).<\/p>\n<p>Robne i uslu\u017ene marke koje se pojavljuju na ovim stranicama registrirane su robne marke \u010diji je vlasnik ili korisnik licence ATLANTIC DROGA KOLINSKA d.o.o. (dalje u tekstu i Dru\u0161tvo) ili njena povezana dru\u0161tva. Upotreba tih maraka izri\u010dito je zabranjena, osim u slu\u010dajevima koji su utvr\u0111eni ovim tekstom.<\/p>\n<h3>Pravila za\u0161tite privatnosti<\/h3>\n<p>ATLANTIC DROGA KOLINSKA d.o.o. (dalje u tekstu: Dru\u0161tvo) dio je poslovnog sistema Atlantic Grupe u okviru kojeg su uspostavljeni i promjenjuju se visoki standardi poslovnog upravljanja i transparentnog poslovanja, \u0161to zna\u010di odgovorno, zakonito i eti\u010dko utemeljeno pona\u0161anje svih pravnih subjekata Atlantic Grupe, koji istovremeno uklju\u010duju i po\u0161tovanje privatnosti i za\u0161titu li\u010dnih podataka.<\/p>\n<p>Uz po\u0161tovanje spomenutih standarda Dru\u0161tvo, kao kontrolor u okviru poslovnog sistema Atlantic Grupe, prikuplja i obra\u0111uje li\u010dne podatke zakonito, po\u0161teno i transparentno, u skladu s va\u017ee\u0107im propisima i preduzima odgovaraju\u0107e tehni\u010dke i organizacione mjere za za\u0161titu li\u010dnih podataka od nezakonitog pristupa i zloupotrebe.<\/p>\n<p>Dru\u0161tvo je svjesno da je za\u0161tita li\u010dnih podataka va\u017ena na\u0161im korisnicima, kao i drugim licima. Upravo zato vas \u017eelimo obavijestiti o tome koje li\u010dne podatke prikupljamo, kako njima upravljamo i kako se brinemo za njihovu za\u0161titu.<\/p>\n<h3>Svrha, obim i pravni osnov obrade<\/h3>\n<p>Li\u010dni podaci prikupljaju se u posebne, izri\u010dite i zakonite svrhe, u nu\u017enom obimu i obra\u0111uju se na na\u010din koji je uskla\u0111en s tim svrhama.<\/p>\n<p>Dru\u0161tvo \u0107e li\u010dne podatke prikupljati i obra\u0111ivati samo u slu\u010dajevima kada je to dozvoljeno propisima:<\/p>\n<ul>\n<li>kada je obrada potrebna radi ispunjenja zakonske obaveze;<\/li>\n<li>kada je nosilac podataka dao pristanak za obradu svojih li\u010dnih podataka;<\/li>\n<li>kada je obrada potrebna za izvr\u0161avanje ugovora \u010dija ugovorna strana je nosilac podataka ili za primjenu mjera na zahtjev takvog pojedinca prije sklapanja ugovora;<\/li>\n<li>kada je obrada potrebna za za\u0161titu \u017eivotnih interesa nosioca podataka ili nekog drugog fizi\u010dkog lica;<\/li>\n<li>kada je obrada potrebna za zakonite interese Dru\u0161tva ili povezanih dru\u0161tava.<\/li>\n<\/ul>\n<h3>Prikupljanje i upotreba li\u010dnih podataka<\/h3>\n<p>Li\u010dni podaci su informacije koje vas direktno ili indirektno identifikuju. To su, na primjer, va\u0161e ime i prezime, e-adresa, broj telefona, IP adresa ili po\u0161tanska adresa.<\/p>\n<p>Dru\u0161tvo ne prikuplja va\u0161e li\u010dne podatke, osim u slu\u010daju kada vi izri\u010dito po\u0161aljete takve podatke (na primjer kod slanja upita u vezi s odre\u0111enim proizvodom ili uslugom, sklapanja ugovora ili zahtjeva za odre\u0111ene radnje prije sklapanja ugovora, uklju\u010divanjem u programe vjernosti, prilikom prijave na e-vijesti, u\u010de\u0161\u0107a u anketama, konkursima i nagradnim igrama, naru\u010divanja uzoraka ili bro\u0161ura, slanja molbe za donacije i kod tra\u017eenja odre\u0111enih informacija, slanja biografije ili otvorene ponude ili prilikom prijave na konkurse za slobodna radna mjesta, kao i kod zapo\u0161ljavanja u na\u0161em Dru\u0161tvu\u2026).<\/p>\n<p>Va\u0161e li\u010dne podatke prikupljamo, \u010duvamo, upotrebljavamo ili prenosimo u obimu \u2013 sadr\u017eajnom i vremenskom \u2013 koji je u odre\u0111enom slu\u010daju potreban, na primjer, da bismo odgovorili na va\u0161a pitanja, ispunili va\u0161e zahtjeve, obavijestili vas o na\u0161im proizvodima ili rezultatima konkursa ili nagradne igre, ispunili ugovorne obaveze ili nu\u017ene radnje prije sklapanja ugovora ili ispunili svoje druge zakonske i pravne obaveze. Zato Dru\u0161tvo mora ponekad prenijeti li\u010dne podatke na daljnju obradu drugim dru\u0161tvima u Atlantic Grupi i povezanim dru\u0161tvima ili vanjskim pru\u017eaocima usluga. Pru\u017eaoci usluga mogu biti anga\u017eovani, na primjer, u kontekstu pozivnog centra, distribucije robe ili reklamnog materijala ili za organizaciju i provo\u0111enje nagradnih igara. Dru\u0161tvo od tih strana zahtijeva da prihvate va\u017ee\u0107e pravne propise, postupaju u skladu s na\u0161im uputstvima i da po\u0161tuju na\u0161a interna pravila o za\u0161titi li\u010dnih podataka, kao i da prihvate odgovaraju\u0107e organizacione i tehni\u010dke mjere za\u0161tite. Va\u0161i li\u010dni podaci \u0107e zato morati biti preneseni i u druge zemlje EU-a ili zemlje izvan EU-a, ali \u0107e se Dru\u0161tvo kod takvog prijenosa pobrinuti da taj prijenos bude potpuno uskla\u0111en sa zakonom i izvr\u0161en uz sve raspolo\u017eive i odgovaraju\u0107e mjere za\u0161tite li\u010dnih podataka.<\/p>\n<p>Dru\u0161tvo garantuje da va\u0161e li\u010dne podatke ne\u0107e nikome prodavati, ne\u0107e ih proslje\u0111ivati ili posu\u0111ivati tre\u0107im stranama ako to ne bude potrebno za ispunjenje odre\u0111ene svrhe u koju ste nam dali li\u010dne podatke, a tako\u0111er garantuje da va\u0161e li\u010dne podatke ne\u0107e davati bilo kojem neovla\u0161tenom primaocu.<\/p>\n<p>Postoji mogu\u0107nost da \u0107emo va\u0161e li\u010dne podatke morati dostaviti nadle\u017enom organu javne vlasti, u slu\u010daju kada to zahtijeva zakon ili neki drugi obavezuju\u0107i propis.<\/p>\n<p>Prikupljeni podaci \u010duvat \u0107e se onoliko koliko je potrebno za svrhu u koju su prikupljeni, odnosno do roka utvr\u0111enog va\u017ee\u0107im propisima.<\/p>\n<h3>Upotreba li\u010dnih podataka u svrhe reklamiranja i prodaje<\/h3>\n<p>Kada se va\u0161i li\u010dni podaci upotrebljavaju u svrhe reklamiranja i prodaje u skladu s va\u017ee\u0107im zakonskim propisima iz oblasti za\u0161tite li\u010dnih podataka, va\u0161i podaci bit \u0107e sa\u010duvani i upotrijebljeni u te svrhe, naprimjer za slanje e-poruka, uzoraka proizvoda, poziva na u\u010de\u0161\u0107e u konkursima i u nagradnim igrama e-po\u0161tom ili po\u0161tom ili nekim drugim komunikacionim kanalom koji ste prihvatili.<\/p>\n<p>Ako se va\u0161i li\u010dni podaci budu upotrebljavali u svrhu slanja individualnih (vama) prilago\u0111enih reklama i promotivnih akcija radi kreiranja i odr\u017eavanja korisni\u010dkog profila, o tome \u0107ete biti unaprijed obavije\u0161teni, dakle jo\u0161 prije slanja takvih reklama i promotivnih akcija, a prije takve obrade li\u010dnih podataka zamolit \u0107emo vas za poseban, izri\u010dit i informisan pristanak.<\/p>\n<p>Va\u0161e podatke tako\u0111er \u0107emo upotrijebiti ako budemo \u017eeljeli analizirati i pobolj\u0161ati efikasnost svojih web-usluga, reklamiranja, prodaje, tr\u017ei\u0161nih istra\u017eivanja i prodajnih nastojanja u anketama ili raznim drugim upitnicima, ili na na\u010din koji \u0107e obezbje\u0111ivati da se va\u0161i li\u010dni podaci ne navode imenom, odnosno da se ne mogu povezati s konkretnim licem.<\/p>\n<h3>Ostvarivanje prava privatnih lica<\/h3>\n<p>U bilo kojem trenutku od nas mo\u017eete zahtijevati informaciju o svojim li\u010dnim podacima koje obra\u0111ujemo ili zahtijevati njihovo ispravljanje, opoziv njihove upotrebe ili brisanje li\u010dnih podataka ili opoziv pristanka za sve ili samo za neke svrhe (osim kada to nije mogu\u0107e, na primjer, kada je rije\u010d o obradi podataka u statisti\u010dke svrhe za koje li\u010dni podaci nikako ne omogu\u0107avaju identifikaciju), odnosno mo\u017eete zabraniti prijenos podataka drugom kontroloru pod zakonskim uslovima, a tako\u0111er mo\u017eete otkazati primanje na\u0161ih informativnih i promotivnih materijala.<\/p>\n<p>Tako\u0111er mo\u017eete podnijeti prigovor na upotrebu svojih li\u010dnih podataka u situacijama koje se zasnivaju na postojanju na\u0161eg legitimnog interesa, posebno kada ih upotrebljavamo za potrebe neposredne prodaje.<\/p>\n<p>Mi \u0107emo se u najve\u0107oj mogu\u0107oj i razumnoj mjeri pobrinuti da li\u010dni podaci koje ste nam stavili na raspolaganje budu pravilno evidentirani, a istovremeno odgovornost za ta\u010dnost snosite i vi, zato vas molimo da podatke redovno i pravovremeno a\u017eurirate, odnosno da nam dostavite zahtjev za upis izmjene ili ispravke.<\/p>\n<p>Za ostvarenje svih svojih prava i obaveza u vezi s upotrebom li\u010dnih podataka mo\u017eete se obratiti na e-adresu ili adresu sjedi\u0161ta Dru\u0161tva koje se nalaze na web stranici, ili na e-adresu: dpo@atlanticgrupa.com, ili prema uputstvima na dostavljenim promotivnim materijalima.<\/p>\n<p>Prilikom uspostavljanja kontakta i primanja navedenih zahtjeva ulo\u017eit \u0107emo razumne napore da potvrdimo va\u0161 identitet i sprije\u010dimo neovla\u0161tenu obradu li\u010dnih podataka.<\/p>\n<p>Nakon \u0161to primimo va\u0161e zahtjeve, tra\u017eenu aktivnost izvr\u0161it \u0107emo u odgovaraju\u0107em roku, ali najkasnije u roku od 30 dana od primanja te \u0107emo vas o tome po potrebi obavijestiti, a sve u skladu sa zakonom.<\/p>\n<h3>Djeca<\/h3>\n<p>U pravilu ne prikupljamo podatke o djeci. Ako utvrdimo da su nam oni poslati bez pristanka roditelja ili zakonskih zastupnika, izbrisat \u0107emo ih u najkra\u0107em mogu\u0107em roku. Pritom \u0107emo po\u0161tovati smjernice koje smo dobili od vas kao roditelja ili zakonskog staratelja.<\/p>\n<p>Ako ipak u odre\u0111ene svrhe prikupimo podatke o djeci koja su stara toliko da je u skladu s va\u017ee\u0107im zakonima za obradu njihovih li\u010dnih podataka potreban pristanak roditelja, o tome \u0107emo objaviti odgovaraju\u0107u informaciju i upotrijebiti razumne mjere kako bismo utvrdili da li djeca imaju pristanak roditelja, odnosno zakonskog staratelja.<\/p>\n<h3>Bezbjednost podataka<\/h3>\n<p>Implementirali smo tehni\u010dke i organizacione mjere da bismo sprije\u010dili gubitak va\u0161ih podataka, mijenjanje, otu\u0111enje ili pristup neovla\u0161tene tre\u0107e strane, odnosno bilo kakvu njihovu neovla\u0161tenu obradu. Pristup va\u0161im li\u010dnim podacima ograni\u010den je samo na one zaposlenike kojima su te informacije potrebne za pru\u017eanje na\u0161ih usluga, odnosno za rje\u0161avanje va\u0161eg pitanja. Svoje zaposlene neprestano obrazujemo o tome koliko su va\u017ene povjerljivost podataka i za\u0161tita privatnosti, kao i za\u0161tita va\u0161ih podataka. Prikupljamo samo one podatke koji su potrebni za odre\u0111enu obradu i ne \u010duvamo ih du\u017ee nego \u0161to je potrebno, odnosno odre\u0111eno zakonskim propisima.<\/p>\n<p>Na na\u0161oj web-stranici povremeno \u0107ete mo\u0107i prona\u0107i veze do drugih web-stranica ili portala, a mo\u017eemo vam ponuditi i funkcije dru\u0161tvenih mre\u017ea koje omogu\u0107avaju dijeljenje li\u010dnih podataka na dru\u0161tvenim mre\u017eama. Preporu\u010dujemo da svakako prethodno pro\u010ditate pravila o za\u0161titi li\u010dnih podataka na tim portalima ili dru\u0161tvenim mre\u017eama ili kod tre\u0107ih lica, kao i o prihva\u0107enim mjerama za njihovu za\u0161titu, jer se one mogu razlikovati od ovih Pravila i mjera koje smo mi prihvatili, za \u0161to mi ne mo\u017eemo biti odgovorni.<\/p>\n<h3>Ograni\u010denje odgovornosti<\/h3>\n<p>Iako primjenjujemo dostupne tehni\u010dke, organizacione i kadrovske mjere za za\u0161titu li\u010dnih podataka od slu\u010dajne ili namjerne zloupotrebe, uni\u0161tenja, gubitka, neovla\u0161tenih promjena ili pristupa, ne mo\u017eemo garantovati da neki li\u010dni podaci koje prikupimo, uprkos odredbama ovih Pravila o za\u0161titi privatnosti, ne\u0107e nikada biti slu\u010dajno otkriveni.<\/p>\n<p>U najve\u0107oj mjeri dozvoljenoj zakonom isklju\u010dujemo odgovornost za \u0161tetu izazvanu korisnicima ili tre\u0107im licima slu\u010dajnim otkrivanjem li\u010dnih podataka.<\/p>\n<p>Po\u0161to nemamo kontrolu nad li\u010dnim podacima koje dostavljate prilikom pristupa drugim portalima i njihove upotrebe ili direktno tre\u0107im licima (na primjer prilikom u\u010de\u0161\u0107a u sponzorisanim aktivnostima), u najve\u0107oj mjeri koju dozvoljava zakon isklju\u010dujemo odgovornost za \u0161tetu koju biste mogli pretrpiti vi ili tre\u0107a lica zbog dostavljanja li\u010dnih podataka.<\/p>\n<h3>A\u017euriranje i izmjene<\/h3>\n<p>Zadr\u017eavamo pravo na promjene ili a\u017euriranje dijelova ovih Pravila u svakom trenutku i bez prethodne najave. Povremeno posjetite na\u0161u web-stranicu da biste se upoznali s promjenama ili a\u017euriranjem Pravila. Bit \u0107e objavljen i datum po\u010detka va\u017eenja aktuelne verzije Pravila.<\/p>\n","protected":false},"excerpt":{"rendered":"<p>Autorska prava Sav sadr\u017eaj objavljen na web-stranicama Argeta vlasni\u0161tvo je dru\u0161tva ATLANTIC DROGA KOLINSKA d.o.o. i u zakonski dozvoljenim okvirima predmet je autorske za\u0161tite ili drugih oblika za\u0161tite intelektualnog vlasni\u0161tva. Sadr\u017eaji (tekstovi, slike, logotipi\u2026) objavljeni na ovim web-stranicama mogu se upotrebljavati isklju\u010divo u nekomercijalne svrhe i ne smiju se mijenjati, prepisivati, umno\u017eavati, ponovo objavljivati, slati [&hellip;]<\/p>\n","protected":false},"author":7,"featured_media":0,"parent":0,"menu_order":0,"comment_status":"closed","ping_status":"closed","template":"page-privacy.php","meta":{"_acf_changed":false,"footnotes":""},"acf":[],"yoast_head":"<!-- This site is optimized with the Yoast SEO plugin v22.4 - https:\/\/yoast.com\/wordpress\/plugins\/seo\/ -->\n<title>Pravno obavje\u0161tenje - Argeta Bosnia and Herzegovina<\/title>\n<meta name=\"robots\" content=\"noindex, follow, max-snippet:-1, max-image-preview:large, max-video-preview:-1\" \/>\n<meta property=\"og:locale\" content=\"en_US\" \/>\n<meta property=\"og:type\" content=\"article\" \/>\n<meta property=\"og:title\" content=\"Pravno obavje\u0161tenje - Argeta Bosnia and Herzegovina\" \/>\n<meta property=\"og:description\" content=\"Autorska prava Sav sadr\u017eaj objavljen na web-stranicama Argeta vlasni\u0161tvo je dru\u0161tva ATLANTIC DROGA KOLINSKA d.o.o. i u zakonski dozvoljenim okvirima predmet je autorske za\u0161tite ili drugih oblika za\u0161tite intelektualnog vlasni\u0161tva. Sadr\u017eaji (tekstovi, slike, logotipi\u2026) objavljeni na ovim web-stranicama mogu se upotrebljavati isklju\u010divo u nekomercijalne svrhe i ne smiju se mijenjati, prepisivati, umno\u017eavati, ponovo objavljivati, slati [&hellip;]\" \/>\n<meta property=\"og:url\" content=\"https:\/\/old-argeta.cnj.digital\/ba\/pravno-obavjestenje\/\" \/>\n<meta property=\"og:site_name\" content=\"Argeta Bosnia and Herzegovina\" \/>\n<meta property=\"article:modified_time\" content=\"2022-08-09T11:59:17+00:00\" \/>\n<meta name=\"twitter:card\" content=\"summary_large_image\" \/>\n<meta name=\"twitter:label1\" content=\"Est. reading time\" \/>\n\t<meta name=\"twitter:data1\" content=\"8 minutes\" \/>\n<script type=\"application\/ld+json\" class=\"yoast-schema-graph\">{\"@context\":\"https:\/\/schema.org\",\"@graph\":[{\"@type\":\"WebPage\",\"@id\":\"https:\/\/old-argeta.cnj.digital\/ba\/pravno-obavjestenje\/\",\"url\":\"https:\/\/old-argeta.cnj.digital\/ba\/pravno-obavjestenje\/\",\"name\":\"Pravno obavje\u0161tenje - Argeta Bosnia and Herzegovina\",\"isPartOf\":{\"@id\":\"https:\/\/old-argeta.cnj.digital\/ba\/#website\"},\"datePublished\":\"2019-02-15T11:58:55+00:00\",\"dateModified\":\"2022-08-09T11:59:17+00:00\",\"breadcrumb\":{\"@id\":\"https:\/\/old-argeta.cnj.digital\/ba\/pravno-obavjestenje\/#breadcrumb\"},\"inLanguage\":\"en-US\",\"potentialAction\":[{\"@type\":\"ReadAction\",\"target\":[\"https:\/\/old-argeta.cnj.digital\/ba\/pravno-obavjestenje\/\"]}]},{\"@type\":\"BreadcrumbList\",\"@id\":\"https:\/\/old-argeta.cnj.digital\/ba\/pravno-obavjestenje\/#breadcrumb\",\"itemListElement\":[{\"@type\":\"ListItem\",\"position\":1,\"name\":\"Home\",\"item\":\"https:\/\/old-argeta.cnj.digital\/ba\/\"},{\"@type\":\"ListItem\",\"position\":2,\"name\":\"Pravno obavje\u0161tenje\"}]},{\"@type\":\"WebSite\",\"@id\":\"https:\/\/old-argeta.cnj.digital\/ba\/#website\",\"url\":\"https:\/\/old-argeta.cnj.digital\/ba\/\",\"name\":\"Argeta Bosnia and Herzegovina\",\"description\":\"Dobra strana hljeba.\",\"publisher\":{\"@id\":\"https:\/\/old-argeta.cnj.digital\/ba\/#organization\"},\"potentialAction\":[{\"@type\":\"SearchAction\",\"target\":{\"@type\":\"EntryPoint\",\"urlTemplate\":\"https:\/\/old-argeta.cnj.digital\/ba\/?s={search_term_string}\"},\"query-input\":\"required name=search_term_string\"}],\"inLanguage\":\"en-US\"},{\"@type\":\"Organization\",\"@id\":\"https:\/\/old-argeta.cnj.digital\/ba\/#organization\",\"name\":\"Argeta\",\"url\":\"https:\/\/old-argeta.cnj.digital\/ba\/\",\"logo\":{\"@type\":\"ImageObject\",\"inLanguage\":\"en-US\",\"@id\":\"https:\/\/old-argeta.cnj.digital\/ba\/#\/schema\/logo\/image\/\",\"url\":\"https:\/\/old-argeta.cnj.digital\/app\/uploads\/sites\/6\/2020\/03\/Argeta_logo-1.png\",\"contentUrl\":\"https:\/\/old-argeta.cnj.digital\/app\/uploads\/sites\/6\/2020\/03\/Argeta_logo-1.png\",\"width\":1000,\"height\":1000,\"caption\":\"Argeta\"},\"image\":{\"@id\":\"https:\/\/old-argeta.cnj.digital\/ba\/#\/schema\/logo\/image\/\"}}]}<\/script>\n<!-- \/ Yoast SEO plugin. -->","yoast_head_json":{"title":"Pravno obavje\u0161tenje - Argeta Bosnia and Herzegovina","robots":{"index":"noindex","follow":"follow","max-snippet":"max-snippet:-1","max-image-preview":"max-image-preview:large","max-video-preview":"max-video-preview:-1"},"og_locale":"en_US","og_type":"article","og_title":"Pravno obavje\u0161tenje - Argeta Bosnia and Herzegovina","og_description":"Autorska prava Sav sadr\u017eaj objavljen na web-stranicama Argeta vlasni\u0161tvo je dru\u0161tva ATLANTIC DROGA KOLINSKA d.o.o. i u zakonski dozvoljenim okvirima predmet je autorske za\u0161tite ili drugih oblika za\u0161tite intelektualnog vlasni\u0161tva. Sadr\u017eaji (tekstovi, slike, logotipi\u2026) objavljeni na ovim web-stranicama mogu se upotrebljavati isklju\u010divo u nekomercijalne svrhe i ne smiju se mijenjati, prepisivati, umno\u017eavati, ponovo objavljivati, slati [&hellip;]","og_url":"https:\/\/old-argeta.cnj.digital\/ba\/pravno-obavjestenje\/","og_site_name":"Argeta Bosnia and Herzegovina","article_modified_time":"2022-08-09T11:59:17+00:00","twitter_card":"summary_large_image","twitter_misc":{"Est. reading time":"8 minutes"},"schema":{"@context":"https:\/\/schema.org","@graph":[{"@type":"WebPage","@id":"https:\/\/old-argeta.cnj.digital\/ba\/pravno-obavjestenje\/","url":"https:\/\/old-argeta.cnj.digital\/ba\/pravno-obavjestenje\/","name":"Pravno obavje\u0161tenje - Argeta Bosnia and Herzegovina","isPartOf":{"@id":"https:\/\/old-argeta.cnj.digital\/ba\/#website"},"datePublished":"2019-02-15T11:58:55+00:00","dateModified":"2022-08-09T11:59:17+00:00","breadcrumb":{"@id":"https:\/\/old-argeta.cnj.digital\/ba\/pravno-obavjestenje\/#breadcrumb"},"inLanguage":"en-US","potentialAction":[{"@type":"ReadAction","target":["https:\/\/old-argeta.cnj.digital\/ba\/pravno-obavjestenje\/"]}]},{"@type":"BreadcrumbList","@id":"https:\/\/old-argeta.cnj.digital\/ba\/pravno-obavjestenje\/#breadcrumb","itemListElement":[{"@type":"ListItem","position":1,"name":"Home","item":"https:\/\/old-argeta.cnj.digital\/ba\/"},{"@type":"ListItem","position":2,"name":"Pravno obavje\u0161tenje"}]},{"@type":"WebSite","@id":"https:\/\/old-argeta.cnj.digital\/ba\/#website","url":"https:\/\/old-argeta.cnj.digital\/ba\/","name":"Argeta Bosnia and Herzegovina","description":"Dobra strana hljeba.","publisher":{"@id":"https:\/\/old-argeta.cnj.digital\/ba\/#organization"},"potentialAction":[{"@type":"SearchAction","target":{"@type":"EntryPoint","urlTemplate":"https:\/\/old-argeta.cnj.digital\/ba\/?s={search_term_string}"},"query-input":"required name=search_term_string"}],"inLanguage":"en-US"},{"@type":"Organization","@id":"https:\/\/old-argeta.cnj.digital\/ba\/#organization","name":"Argeta","url":"https:\/\/old-argeta.cnj.digital\/ba\/","logo":{"@type":"ImageObject","inLanguage":"en-US","@id":"https:\/\/old-argeta.cnj.digital\/ba\/#\/schema\/logo\/image\/","url":"https:\/\/old-argeta.cnj.digital\/app\/uploads\/sites\/6\/2020\/03\/Argeta_logo-1.png","contentUrl":"https:\/\/old-argeta.cnj.digital\/app\/uploads\/sites\/6\/2020\/03\/Argeta_logo-1.png","width":1000,"height":1000,"caption":"Argeta"},"image":{"@id":"https:\/\/old-argeta.cnj.digital\/ba\/#\/schema\/logo\/image\/"}}]}},"_links":{"self":[{"href":"https:\/\/old-argeta.cnj.digital\/ba\/wp-json\/wp\/v2\/pages\/404"}],"collection":[{"href":"https:\/\/old-argeta.cnj.digital\/ba\/wp-json\/wp\/v2\/pages"}],"about":[{"href":"https:\/\/old-argeta.cnj.digital\/ba\/wp-json\/wp\/v2\/types\/page"}],"author":[{"embeddable":true,"href":"https:\/\/old-argeta.cnj.digital\/ba\/wp-json\/wp\/v2\/users\/7"}],"replies":[{"embeddable":true,"href":"https:\/\/old-argeta.cnj.digital\/ba\/wp-json\/wp\/v2\/comments?post=404"}],"version-history":[{"count":6,"href":"https:\/\/old-argeta.cnj.digital\/ba\/wp-json\/wp\/v2\/pages\/404\/revisions"}],"predecessor-version":[{"id":13411,"href":"https:\/\/old-argeta.cnj.digital\/ba\/wp-json\/wp\/v2\/pages\/404\/revisions\/13411"}],"wp:attachment":[{"href":"https:\/\/old-argeta.cnj.digital\/ba\/wp-json\/wp\/v2\/media?parent=404"}],"curies":[{"name":"wp","href":"https:\/\/api.w.org\/{rel}","templated":true}]}}