{"id":127,"date":"2019-04-03T14:04:14","date_gmt":"2019-04-03T14:04:14","guid":{"rendered":"http:\/\/old-argeta.cnj.digital\/ca-fr\/?page_id=127"},"modified":"2023-01-12T09:12:02","modified_gmt":"2023-01-12T09:12:02","slug":"cookies","status":"publish","type":"page","link":"https:\/\/old-argeta.cnj.digital\/ca-fr\/cookies\/","title":{"rendered":"Cookies"},"content":{"rendered":"<h2>Qu&#8217;est-ce qu&#8217;un cookie\u00a0 ?<\/h2>\n<p>Un cookie est une information stock\u00e9e sur votre ordinateur par la page internet consult\u00e9e.\u00a0Les cookies stockent g\u00e9n\u00e9ralement les param\u00e8tres d&#8217;un site, tels que votre langue pr\u00e9f\u00e9r\u00e9e ou votre adresse.\u00a0Plus tard, lorsque vous rouvrez le m\u00eame site internet, le navigateur renvoie les cookies se rapportant \u00e0 cette page.\u00a0Cela permet \u00e0 cette page d\u2019afficher des informations adapt\u00e9es \u00e0 vos besoins.<\/p>\n<p>Les cookies peuvent stocker une large gamme d&#8217;informations, y compris des donn\u00e9es personnelles (votre nom ou votre adresse \u00e9lectronique).\u00a0N\u00e9anmoins, ces informations ne peuvent \u00eatre enregistr\u00e9es que si vous le d\u00e9cidez, en effet, les pages internet ne peuvent pas acc\u00e9der aux informations si vous ne l&#8217;avez pas autoris\u00e9, ni acc\u00e9der \u00e0 d\u2019autres fichiers sur votre ordinateur ou votre appareil mobile.\u00a0Les param\u00e8tres par d\u00e9faut de stockage et d\u2019envoi de cookies ne sont pas visibles, mais vous pouvez modifier les param\u00e8tres de votre navigateur pour pouvoir choisir d\u2019approuver ou de refuser les demandes de sauvegarde des cookies, supprimer automatiquement les cookies stock\u00e9s lorsque vous fermez le navigateur, etc.<\/p>\n<h2>Comment refuser les cookies?<\/h2>\n<p>En refusant les cookies, vous d\u00e9cidez si vous souhaitez autoriser le stockage de cookies sur votre ordinateur ou votre appareil mobile.\u00a0Les param\u00e8tres des cookies peuvent \u00eatre contr\u00f4l\u00e9s et configur\u00e9s dans votre navigateur.\u00a0Si vous n&#8217;acceptez pas les cookies, vous ne pourrez peut-\u00eatre pas utiliser certaines fonctions sur un site internet.<\/p>\n<h2>Que sont les cookies temporaires?<\/h2>\n<p>Les cookies temporaires ou de session sont supprim\u00e9s de votre ordinateur apr\u00e8s la fermeture du navigateur.\u00a0Avec leur aide, les sites internet stockent des informations temporaires, comme des produits dans un panier.<\/p>\n<h2>Que sont les cookies permanents?<\/h2>\n<p>Les cookies permanents ou stock\u00e9s restent sur votre ordinateur m\u00eame apr\u00e8s avoir quitt\u00e9 le programme du navigateur.\u00a0Avec leur aide, les sites internet stockent des informations, comme le nom d&#8217;utilisateur et le mot de passe, ainsi vous n&#8217;avez pas besoin de vous connecter \u00e0 chaque fois que vous visitez un site sp\u00e9cifique.\u00a0Les cookies permanents resteront sur votre ordinateur pendant plusieurs jours, mois, voire ann\u00e9es.<\/p>\n<h2>Que sont les cookies propri\u00e9taires?<\/h2>\n<p>Les cookies propri\u00e9taires proviennent d&#8217;un site visit\u00e9 par l&#8217;utilisateur et peuvent \u00eatre permanents ou temporaires.\u00a0\u00c0 l&#8217;aide de ces cookies, les sites peuvent stocker des donn\u00e9es et pourront les r\u00e9utiliser lors de la prochaine visite du site par l&#8217;utilisateur.<\/p>\n<h2>Que sont les cookies tiers?<\/h2>\n<p>Les cookies tiers proviennent d&#8217;autres sites internet affili\u00e9s (par exemple des fen\u00eatres publicitaires intempestives ou d&#8217;autres publicit\u00e9s) situ\u00e9s sur le site que vous consultez.\u00a0\u00c0 l&#8217;aide de ces cookies, les sites internet peuvent suivre l&#8217;utilisation d&#8217;internet \u00e0 des fins de marketing.<\/p>\n<h2>Ce site internet utilise-t-il des cookies?<\/h2>\n<p>Oui, avec pour objectif principal de faire en sorte que nos sites internet vous proposent la meilleure exp\u00e9rience utilisateur possible.<\/p>\n<h2>Quels cookies utilise ce site internet et pourquoi?<\/h2>\n<p>Les cookies temporaires ou de session sont des cookies qui expirent (et sont automatiquement supprim\u00e9s) lorsque vous fermez le navigateur.\u00a0Nous utilisons des cookies temporaires pour proposer la meilleure exp\u00e9rience utilisateur sur notre site.<\/p>\n<p>Les cookies permanents ou stock\u00e9s ont g\u00e9n\u00e9ralement une date d&#8217;expiration tr\u00e8s longue, ils resteront donc dans votre navigateur jusqu&#8217;\u00e0 leur expiration, ou jusqu&#8217;\u00e0 ce que vous les supprimiez manuellement.\u00a0Nous utilisons des cookies permanents pour mieux comprendre les habitudes des utilisateurs et ainsi am\u00e9liorer le site en fonction de vos habitudes.\u00a0Sur la base des donn\u00e9es ainsi collect\u00e9es, il n&#8217;est pas possible de vous identifier en tant qu&#8217;utilisateur et les donn\u00e9es collect\u00e9es sont utilis\u00e9es exclusivement \u00e0 des fins statistiques.<\/p>\n<h2>Existe-t-il des cookies tiers sur le site?<\/h2>\n<p>Il existe plusieurs fournisseurs de services externes qui stockent des cookies en nombre limit\u00e9 sur l\u2019ordinateur de l\u2019utilisateur.\u00a0Ce site internet n&#8217;a pas cr\u00e9\u00e9 ces cookies, mais certains servent au fonctionnement normal de certaines fonctionnalit\u00e9s facilitant l&#8217;acc\u00e8s des utilisateurs au contenu.\u00a0De ce fait, les informations relatives \u00e0 la protection des donn\u00e9es qui vous sont expos\u00e9es ici ne concernent que ce site, la protection des donn\u00e9es sur des serveurs externes doit \u00eatre v\u00e9rifi\u00e9e sur leurs sites officiels.<\/p>\n<h2>Actuellement nous autorisons:<\/h2>\n<h3>La mesure du nombre de visites<\/h3>\n<p>Ce site utilise les services de Google Analytics pour mesurer le nombre d&#8217;utilisateurs.\u00a0Sur la base des donn\u00e9es ainsi collect\u00e9es, il n&#8217;est pas possible d&#8217;identifier les utilisateurs et les donn\u00e9es collect\u00e9es sont utilis\u00e9es exclusivement \u00e0 des fins statistiques.\u00a0Pour \u00e9viter que les fournisseurs cit\u00e9s stockent des cookies, vous pouvez les refuser pour chaque fournisseur aux liens suivants:<\/p>\n<ul class=\"list-dotted\">\n<li>Google Analytics &#8211;\u00a0<a href=\"https:\/\/tools.google.com\/dlpage\/gaoptout\" target=\"_blank\" rel=\"noopener\">https:\/\/tools.google.com\/dlpage\/gaoptout<\/a><\/li>\n<li>iProm &#8211; UID<\/li>\n<\/ul>\n<h2>Informations compl\u00e9mentaires sur le refus des cookies<\/h2>\n<p>Il existe actuellement plusieurs sites internet pour refuser de stocker des cookies pour diff\u00e9rents fournisseurs.<\/p>\n<p>Vous pouvez en savoir plus sur les liens suivants:<\/p>\n<ul class=\"list-dotted\">\n<li><a href=\"http:\/\/www.allaboutcookies.org\/\" target=\"_blank\" rel=\"noopener\">http:\/\/www.allaboutcookies.org<\/a><\/li>\n<li><a href=\"http:\/\/www.youronlinechoices.eu\/\" target=\"_blank\" rel=\"noopener\">http:\/\/www.youronlinechoices.eu\/<\/a><\/li>\n<\/ul>\n\n\n<figure class=\"wp-block-table table-cookies\"><table><tbody><tr><td><strong>Cookie<br>name<\/strong><\/td><td><strong>Storage<br>period<\/strong><\/td><td><strong>Who installs<br>the cookie<br>and manages<br>the data it<br>acquires<\/strong><\/td><td><strong>Domain<\/strong><\/td><td><strong>Purpose of the processing of the data collected<br>by the cookie<\/strong><\/td><\/tr><tr><td>UID<\/td><td>36<br>months<\/td><td>iPROM d.o.o.<\/td><td>iprom.net<\/td><td>iPROM&#8217;s advertising cookie allows the system to<br>set a cookie in order to display personalized ads on<br>other online media after the user leaves this<br>website. The system installs the cookie on the user<br>profile (browser) based on user\u2019s prior explicit<br>consent on the website. The user&#8217;s profile is<br>anonymous and does not contain personal<br>information.<\/td><\/tr><\/tbody><\/table><\/figure>\n","protected":false},"excerpt":{"rendered":"<p>Qu&#8217;est-ce qu&#8217;un cookie\u00a0 ? Un cookie est une information stock\u00e9e sur votre ordinateur par la page internet consult\u00e9e.\u00a0Les cookies stockent g\u00e9n\u00e9ralement les param\u00e8tres d&#8217;un site, tels que votre langue pr\u00e9f\u00e9r\u00e9e ou votre adresse.\u00a0Plus tard, lorsque vous rouvrez le m\u00eame site internet, le navigateur renvoie les cookies se rapportant \u00e0 cette page.\u00a0Cela permet \u00e0 cette page [&hellip;]<\/p>\n","protected":false},"author":4,"featured_media":0,"parent":0,"menu_order":0,"comment_status":"closed","ping_status":"closed","template":"page-cookies.php","meta":{"_acf_changed":false,"footnotes":""},"acf":[],"yoast_head":"<!-- This site is optimized with the Yoast SEO plugin v22.4 - https:\/\/yoast.com\/wordpress\/plugins\/seo\/ -->\n<title>Cookies - Argeta Canada FR<\/title>\n<meta name=\"robots\" content=\"noindex, follow, max-snippet:-1, max-image-preview:large, max-video-preview:-1\" \/>\n<meta property=\"og:locale\" content=\"en_US\" \/>\n<meta property=\"og:type\" content=\"article\" \/>\n<meta property=\"og:title\" content=\"Cookies - Argeta Canada FR\" \/>\n<meta property=\"og:description\" content=\"Qu&#8217;est-ce qu&#8217;un cookie\u00a0 ? Un cookie est une information stock\u00e9e sur votre ordinateur par la page internet consult\u00e9e.\u00a0Les cookies stockent g\u00e9n\u00e9ralement les param\u00e8tres d&#8217;un site, tels que votre langue pr\u00e9f\u00e9r\u00e9e ou votre adresse.\u00a0Plus tard, lorsque vous rouvrez le m\u00eame site internet, le navigateur renvoie les cookies se rapportant \u00e0 cette page.\u00a0Cela permet \u00e0 cette page [&hellip;]\" \/>\n<meta property=\"og:url\" content=\"https:\/\/old-argeta.cnj.digital\/ca-fr\/cookies\/\" \/>\n<meta property=\"og:site_name\" content=\"Argeta Canada FR\" \/>\n<meta property=\"article:modified_time\" content=\"2023-01-12T09:12:02+00:00\" \/>\n<meta name=\"twitter:card\" content=\"summary_large_image\" \/>\n<meta name=\"twitter:label1\" content=\"Est. reading time\" \/>\n\t<meta name=\"twitter:data1\" content=\"4 minutes\" \/>\n<script type=\"application\/ld+json\" class=\"yoast-schema-graph\">{\"@context\":\"https:\/\/schema.org\",\"@graph\":[{\"@type\":\"WebPage\",\"@id\":\"https:\/\/old-argeta.cnj.digital\/ca-fr\/cookies\/\",\"url\":\"https:\/\/old-argeta.cnj.digital\/ca-fr\/cookies\/\",\"name\":\"Cookies - Argeta Canada FR\",\"isPartOf\":{\"@id\":\"https:\/\/old-argeta.cnj.digital\/ca-fr\/#website\"},\"datePublished\":\"2019-04-03T14:04:14+00:00\",\"dateModified\":\"2023-01-12T09:12:02+00:00\",\"breadcrumb\":{\"@id\":\"https:\/\/old-argeta.cnj.digital\/ca-fr\/cookies\/#breadcrumb\"},\"inLanguage\":\"en-US\",\"potentialAction\":[{\"@type\":\"ReadAction\",\"target\":[\"https:\/\/old-argeta.cnj.digital\/ca-fr\/cookies\/\"]}]},{\"@type\":\"BreadcrumbList\",\"@id\":\"https:\/\/old-argeta.cnj.digital\/ca-fr\/cookies\/#breadcrumb\",\"itemListElement\":[{\"@type\":\"ListItem\",\"position\":1,\"name\":\"Home\",\"item\":\"https:\/\/old-argeta.cnj.digital\/ca-fr\/\"},{\"@type\":\"ListItem\",\"position\":2,\"name\":\"Cookies\"}]},{\"@type\":\"WebSite\",\"@id\":\"https:\/\/old-argeta.cnj.digital\/ca-fr\/#website\",\"url\":\"https:\/\/old-argeta.cnj.digital\/ca-fr\/\",\"name\":\"Argeta Canada FR\",\"description\":\"Argeta, le bon c\u00f4t\u00e9 du pain.\",\"publisher\":{\"@id\":\"https:\/\/old-argeta.cnj.digital\/ca-fr\/#organization\"},\"potentialAction\":[{\"@type\":\"SearchAction\",\"target\":{\"@type\":\"EntryPoint\",\"urlTemplate\":\"https:\/\/old-argeta.cnj.digital\/ca-fr\/?s={search_term_string}\"},\"query-input\":\"required name=search_term_string\"}],\"inLanguage\":\"en-US\"},{\"@type\":\"Organization\",\"@id\":\"https:\/\/old-argeta.cnj.digital\/ca-fr\/#organization\",\"name\":\"Argeta\",\"url\":\"https:\/\/old-argeta.cnj.digital\/ca-fr\/\",\"logo\":{\"@type\":\"ImageObject\",\"inLanguage\":\"en-US\",\"@id\":\"https:\/\/old-argeta.cnj.digital\/ca-fr\/#\/schema\/logo\/image\/\",\"url\":\"https:\/\/old-argeta.cnj.digital\/app\/uploads\/sites\/13\/2020\/03\/Argeta_logo-1.png\",\"contentUrl\":\"https:\/\/old-argeta.cnj.digital\/app\/uploads\/sites\/13\/2020\/03\/Argeta_logo-1.png\",\"width\":1000,\"height\":1000,\"caption\":\"Argeta\"},\"image\":{\"@id\":\"https:\/\/old-argeta.cnj.digital\/ca-fr\/#\/schema\/logo\/image\/\"}}]}<\/script>\n<!-- \/ Yoast SEO plugin. -->","yoast_head_json":{"title":"Cookies - Argeta Canada FR","robots":{"index":"noindex","follow":"follow","max-snippet":"max-snippet:-1","max-image-preview":"max-image-preview:large","max-video-preview":"max-video-preview:-1"},"og_locale":"en_US","og_type":"article","og_title":"Cookies - Argeta Canada FR","og_description":"Qu&#8217;est-ce qu&#8217;un cookie\u00a0 ? Un cookie est une information stock\u00e9e sur votre ordinateur par la page internet consult\u00e9e.\u00a0Les cookies stockent g\u00e9n\u00e9ralement les param\u00e8tres d&#8217;un site, tels que votre langue pr\u00e9f\u00e9r\u00e9e ou votre adresse.\u00a0Plus tard, lorsque vous rouvrez le m\u00eame site internet, le navigateur renvoie les cookies se rapportant \u00e0 cette page.\u00a0Cela permet \u00e0 cette page [&hellip;]","og_url":"https:\/\/old-argeta.cnj.digital\/ca-fr\/cookies\/","og_site_name":"Argeta Canada FR","article_modified_time":"2023-01-12T09:12:02+00:00","twitter_card":"summary_large_image","twitter_misc":{"Est. reading time":"4 minutes"},"schema":{"@context":"https:\/\/schema.org","@graph":[{"@type":"WebPage","@id":"https:\/\/old-argeta.cnj.digital\/ca-fr\/cookies\/","url":"https:\/\/old-argeta.cnj.digital\/ca-fr\/cookies\/","name":"Cookies - Argeta Canada FR","isPartOf":{"@id":"https:\/\/old-argeta.cnj.digital\/ca-fr\/#website"},"datePublished":"2019-04-03T14:04:14+00:00","dateModified":"2023-01-12T09:12:02+00:00","breadcrumb":{"@id":"https:\/\/old-argeta.cnj.digital\/ca-fr\/cookies\/#breadcrumb"},"inLanguage":"en-US","potentialAction":[{"@type":"ReadAction","target":["https:\/\/old-argeta.cnj.digital\/ca-fr\/cookies\/"]}]},{"@type":"BreadcrumbList","@id":"https:\/\/old-argeta.cnj.digital\/ca-fr\/cookies\/#breadcrumb","itemListElement":[{"@type":"ListItem","position":1,"name":"Home","item":"https:\/\/old-argeta.cnj.digital\/ca-fr\/"},{"@type":"ListItem","position":2,"name":"Cookies"}]},{"@type":"WebSite","@id":"https:\/\/old-argeta.cnj.digital\/ca-fr\/#website","url":"https:\/\/old-argeta.cnj.digital\/ca-fr\/","name":"Argeta Canada FR","description":"Argeta, le bon c\u00f4t\u00e9 du pain.","publisher":{"@id":"https:\/\/old-argeta.cnj.digital\/ca-fr\/#organization"},"potentialAction":[{"@type":"SearchAction","target":{"@type":"EntryPoint","urlTemplate":"https:\/\/old-argeta.cnj.digital\/ca-fr\/?s={search_term_string}"},"query-input":"required name=search_term_string"}],"inLanguage":"en-US"},{"@type":"Organization","@id":"https:\/\/old-argeta.cnj.digital\/ca-fr\/#organization","name":"Argeta","url":"https:\/\/old-argeta.cnj.digital\/ca-fr\/","logo":{"@type":"ImageObject","inLanguage":"en-US","@id":"https:\/\/old-argeta.cnj.digital\/ca-fr\/#\/schema\/logo\/image\/","url":"https:\/\/old-argeta.cnj.digital\/app\/uploads\/sites\/13\/2020\/03\/Argeta_logo-1.png","contentUrl":"https:\/\/old-argeta.cnj.digital\/app\/uploads\/sites\/13\/2020\/03\/Argeta_logo-1.png","width":1000,"height":1000,"caption":"Argeta"},"image":{"@id":"https:\/\/old-argeta.cnj.digital\/ca-fr\/#\/schema\/logo\/image\/"}}]}},"_links":{"self":[{"href":"https:\/\/old-argeta.cnj.digital\/ca-fr\/wp-json\/wp\/v2\/pages\/127"}],"collection":[{"href":"https:\/\/old-argeta.cnj.digital\/ca-fr\/wp-json\/wp\/v2\/pages"}],"about":[{"href":"https:\/\/old-argeta.cnj.digital\/ca-fr\/wp-json\/wp\/v2\/types\/page"}],"author":[{"embeddable":true,"href":"https:\/\/old-argeta.cnj.digital\/ca-fr\/wp-json\/wp\/v2\/users\/4"}],"replies":[{"embeddable":true,"href":"https:\/\/old-argeta.cnj.digital\/ca-fr\/wp-json\/wp\/v2\/comments?post=127"}],"version-history":[{"count":6,"href":"https:\/\/old-argeta.cnj.digital\/ca-fr\/wp-json\/wp\/v2\/pages\/127\/revisions"}],"predecessor-version":[{"id":2059,"href":"https:\/\/old-argeta.cnj.digital\/ca-fr\/wp-json\/wp\/v2\/pages\/127\/revisions\/2059"}],"wp:attachment":[{"href":"https:\/\/old-argeta.cnj.digital\/ca-fr\/wp-json\/wp\/v2\/media?parent=127"}],"curies":[{"name":"wp","href":"https:\/\/api.w.org\/{rel}","templated":true}]}}