{"id":216,"date":"2019-12-11T10:07:39","date_gmt":"2019-12-11T09:07:39","guid":{"rendered":"https:\/\/old-argeta.cnj.digital\/ch-de\/?page_id=216"},"modified":"2021-05-27T13:18:49","modified_gmt":"2021-05-27T12:18:49","slug":"rechtlicher-hinweis","status":"publish","type":"page","link":"https:\/\/old-argeta.cnj.digital\/ch-de\/rechtlicher-hinweis\/","title":{"rendered":"Rechtlicher Hinweis"},"content":{"rendered":"\n<h2 class=\"wp-block-heading\">Urheberrecht<\/h2>\n\n\n\n<p>Alle auf den Internetseiten von Argeta ver\u00f6ffentlichten Inhalte sind Eigentum des Unternehmens  ATLANTIC DROGA KOLINSKA d.o.o.  und im gesetzlich zul\u00e4ssigen Rahmen Gegenstand des Urheberrechts oder anderer Formen des Schutzes von intellektuellem Eigentum.&nbsp;<br><br>Die auf diesen Internetseiten ver\u00f6ffentlichten Inhalte (Texte, Bilder, Logos etc.), dienen ausschlie\u00dflich der nicht-kommerziellen Nutzung und d\u00fcrfen ohne die ausdr\u00fcckliche Genehmigung des Unternehmens  ATLANTIC DROGA KOLINSKA d.o.o.  weder ver\u00e4ndert, kopiert, vervielf\u00e4ltigt, wiederver\u00f6ffentlicht, postalisch versendet noch anderweitig zu kommerziellen Zwecken verbreitet werden.&nbsp;<br><br>Auch alle Reproduktionen oder Exemplare von Inhalten dieser Internetseiten m\u00fcssen alle angegebenen Kennzeichnungen von Urheberrechten und anderen Mitteilungen \u00fcber die Rechte intellektuellen Eigentums oder Mitteilungen \u00fcber andere Rechte aufweisen (Zeichen \u00a9 2015  ATLANTIC DROGA KOLINSKA d.o.o.  Alle Rechte vorbehalten.  ATLANTIC DROGA KOLINSKA d.o.o.  ist Teil der Atlantic Grupa).&nbsp;<br><br>Warenzeichen und Dienstleistungsmarken, die auf diesen Seiten erscheinen, sind registrierte Warenzeichen, deren Eigent\u00fcmer oder Lizenznehmer  ATLANTIC DROGA KOLINSKA d.o.o.  (nachfolgend auch Unternehmen) oder seine verbundenen Unternehmen sind. Die Verwendung dieser Marken ist ausdr\u00fccklich verboten, mit Ausnahme in diesem Wortlaut definierter F\u00e4lle.<\/p>\n\n\n\n<h2 class=\"wp-block-heading\">Datenschutzbestimmungen<\/h2>\n\n\n\n<p>ATLANTIC DROGA KOLINSKA d.o.o. (nachfolgend: Gesellschaft) ist ein Teil des Gesch\u00e4ftssystems der Atlantic Grupa, in dessen Rahmen hohe Standards der Gesch\u00e4ftsf\u00fchrung und einer transparenten Gesch\u00e4ftsabwicklung aufgestellt wurden und angewandt werden, unter denen man ein verantwortliches, gesetzeskonformes und ethisch begr\u00fcndetes Verhalten aller Rechtssubjekte der Atlantic Grupa versteht, einschlie\u00dflich der Einhaltung des Schutzes der Privatsph\u00e4re und des Schutzes personenbezogener Daten.\u00a0<br><br>Unter Einhaltung der genannten Standards erhebt und verarbeitet die Gesellschaft als Auftragsverarbeiter im Rahmen des Gesch\u00e4ftssystems der Atlantic Grupa personenbezogene Daten gesetzeskonform, fair und transparent, nach den geltenden Vorschriften, wobei entsprechende technische und organisatorische Ma\u00dfnahmen im Sinne des Schutzes personenbezogener Daten vor unbefugtem Zugang und Missbrauch durchgef\u00fchrt werden.\u00a0<br><br>Die Gesellschaft ist sich dessen bewusst, dass der Schutz personenbezogener Daten sowohl f\u00fcr ihre Nutzer als auch f\u00fcr andere Einzelpersonen wichtig ist. Deshalb m\u00f6chten wir Ihnen veranschaulichen, welche personenbezogenen Daten von uns erhoben werden, wie wir diese verwalten und wie wir ihren Schutz gew\u00e4hrleisten.<\/p>\n\n\n\n<h2 class=\"wp-block-heading\">Zwecke, Umfang und Rechtsgrundlagen der Datenverarbeitung<\/h2>\n\n\n\n<p>Personenbezogene Daten werden zu besonderen, ausdr\u00fccklichen und gesetzeskonformen Zwecken und im notwendigen Umfang erhoben und auf eine diesen Zwecken entsprechende Art und Weise verarbeitet.&nbsp;<br><br>Die Gesellschaft wird personenbezogene Daten nur in solchen F\u00e4llen erheben und verarbeiten, in denen dies durch Vorschriften gedeckt ist:<\/p>\n\n\n\n<ul class=\"list-dotted\"><li>die Verarbeitung muss wegen der Einhaltung von Rechtspflichten durchgef\u00fchrt werden;<\/li><li>der Betroffene hat seine Einwilligung f\u00fcr die Verarbeitung seiner personenbezogenen Daten gegeben;<\/li><li>die Verarbeitung ist f\u00fcr die Erf\u00fcllung des Vertrages notwendig, in dem der Betroffene Partei ist, oder um bestimmte Handlungen auf Antrag des Betroffenen vor Abschluss eines Vertrages vorzunehmen;<\/li><li>die Verarbeitung ist notwendig, um die Lebenswichtigen Interessen der betroffenen Person oder einer anderen nat\u00fcrlichen Person zu sch\u00fctzen;<\/li><li>die Verarbeitung ist f\u00fcr die legitimen Interessen der Gesellschaft oder verbundener Unternehmen notwendig.<\/li><\/ul>\n\n\n\n<h2 class=\"wp-block-heading\">Erhebung und Verwendung personenbezogener Daten<\/h2>\n\n\n\n<p>Personenbezogene Daten sind Informationen, die eine Person unmittelbar oder mittelbar identifizieren. Dazu z\u00e4hlen z. B. Vor- und Nachname, E-Mail-Adresse, Telefonnummer, IP-Adresse und Postanschrift.&nbsp;<br><br>Die Gesellschaft erhebt personenbezogenen Daten nur, wenn diese ausdr\u00fccklich vorgelegt worden sind (z. B. Anfrage bez\u00fcglich eines bestimmten Produktes oder einer Dienstleistung, Vertragsabschluss oder Beantragung bestimmter Handlungen vor Vertragsabschluss, Aufnahme in Loyalit\u00e4tsprogramme, Anmeldung f\u00fcr den Newsletter, Teilnahme an Umfragen, Wettbewerben und Gewinnspielen, Bestellung von Proben oder Brosch\u00fcren, Spendenanfragen sowie Einholung von Ausk\u00fcnften, Vorlage eines Lebenslaufs oder eines offenen Angebots oder Bewerbungen auf offene Stellen sowie Besch\u00e4ftigung in unserer Gesellschaft etc.).&nbsp;<br><br>Die personenbezogenen Daten werden in dem inhaltlichen und zeitlichen Umfang erhoben, gespeichert, verwendet oder \u00fcbertragen, der in einem bestimmten Fall erforderlich ist, z. B. um die Fragen zu beantworten, Anforderungen zu erf\u00fcllen, \u00fcber unsere Produkte, die Ergebnisse eines Wettbewerbs oder eines Gewinnspiels zu informieren, die Vertragspflichten zu erf\u00fcllen, unbedingt notwendige Handlungen vor dem Vertragsabschluss vorzunehmen oder um unseren weiteren gesetzlichen oder rechtlichen Pflichten nachzukommen. Aus diesen Gr\u00fcnden muss die Gesellschaft die personenbezogenen Daten gelegentlich an andere Unternehmen innerhalb der Atlantic Grupa sowie verbundene Unternehmen oder externe Dienstleistungserbringer zur weiteren Verarbeitung weiterleiten. Die Dienstleistungserbringer k\u00f6nnen beispielsweise im Zusammenhang von Call-Center-Dienstleistungen, Versendung von Waren, Verteilung von Werbematerial oder f\u00fcr die Veranstaltung und Durchf\u00fchrung von Gewinnspielen eingesetzt werden. Die Gesellschaft fordert von diesen Beteiligten die Annahme der geltenden Rechtsvorschriften, die Einhaltung ihrer Anweisungen sowie die Konformit\u00e4t mit den betriebsinternen Regeln zum Schutz personenbezogener Daten und den Anspr\u00fcchen auf Anwendung entsprechender organisatorischer und technischer Schutzma\u00dfnahmen. Aus diesen Gr\u00fcnden werden wir Ihre personenbezogenen Daten gelegentlich auch an andere EU-L\u00e4nder oder L\u00e4nder au\u00dferhalb der EU \u00fcbertragen m\u00fcssen, wobei die Gesellschaft gew\u00e4hrleistet, dass solche \u00dcbertragungen in allem gesetzeskonform und unter Anwendung aller verf\u00fcgbaren und angemessenen Ma\u00dfnahmen zum Schutz personenbezogener Daten erfolgen.&nbsp;<br><br>Die Gesellschaft versichert, dass personenbezogenen Daten nicht verkauft, verliehen oder in sonstiger Weise an Dritte weitergegeben werden, wenn dies nicht dem Zweck entspricht, zu dem diese \u00fcbermittelt worden sind. Die Gesellschaft versichert \u00fcberdies, dass die Daten an keinen unbefugten Empf\u00e4nger weitergeleitet werden.&nbsp;<br><br>Es kann vorkommen, dass wir personenbezogenen Daten an die zust\u00e4ndige Beh\u00f6rde weiterleiten m\u00fcssen, soweit dies durch das Gesetz oder ein anderes verbindliches Regelwerk angeordnet wird.&nbsp;<br><br>Die erhobenen Daten werden so lange gespeichert, wie es f\u00fcr den Erhebungszweck notwendig ist, bzw. bis zu der in den geltenden Vorschriften festgelegten Frist.<\/p>\n\n\n\n<h2 class=\"wp-block-heading\">Verwendung personenbezogener Daten zu Werbe- und Marketingzwecken<\/h2>\n\n\n\n<p>Werden personenbezogenen Daten zu Werbe- und Marketingzwecken nach den geltenden gesetzlichen Vorschriften auf dem Gebiet des Schutzes personenbezogener Daten verwendet, so werden diese Daten zu diesen Zwecken gespeichert und verwendet, z. B. zur Versendung von Newslettern, Produktproben, Aufforderung zur Teilnahme an Wettbewerben und Gewinnspielen, per E-Mail oder Post oder \u00fcber einen anderen Kommunikationskanal, der akzeptiert wurde.&nbsp;<br><br>Werden personenbezogenen Daten zum Zweck der Versendung von individuellem, angepasstem Werbematerial durch Erstellung und Verwaltung eines Nutzerprofils verwendet, so wird im Vorfeld, also vor der Versendung solchen Werbematerials, dar\u00fcber informiert. In jedem Fall werden von uns vor einer solchen Verarbeitung personenbezogener Daten um eine separate, ausdr\u00fcckliche und informierte Einwilligung ersuchen.&nbsp;<br><br>Daten werden wir je nach Bedarf bei der Auswertung und Verbesserung der Effizienz von Internetdienstleistungen, Anzeigen, Marketing, Marktforschung und Verkaufsanstrengungen, durch Umfragen oder andere Befragungen verwenden oder auf eine Art und Weise, die sicherstellen wird, dass diese personenbezogenen Daten anonymisiert werden bzw. dass sie in keinen Zusammenhang mit der betroffenen Person gebracht werden k\u00f6nnen.<\/p>\n\n\n\n<h2 class=\"wp-block-heading\">Geltendmachung der Rechte des Betroffenen<\/h2>\n\n\n\n<p>KJederzeit k\u00f6nnen Informationen \u00fcber die von uns verarbeiteten personenbezogenen Daten angefordert, oder deren Berichtigung angefordert werden. Ebenso kann die Beendigung der Verwendung oder die L\u00f6schung personenbezogenen Daten oder den Widerruf der Einwilligung zu allen oder zu bestimmten Zwecken (es sei denn, dies ist nicht m\u00f6glich, z. B. wenn es sich um Datenverarbeitung zu statistischen Zwecken handelt, wenn die personenbezogenen Daten keine Identifikation erm\u00f6glichen) bzw. die \u00dcbertragung von Daten an einen anderen Auftragsverarbeiter unter den gesetzlichen Bedingungen angefordert oder die Abmeldung von unserem Informations- und Werbematerial durchf\u00fchrt werden.&nbsp;<br><br>Ebenso kann ein Widerspruch gegen die Verwendung von personenbezogenen Daten in Situationen eingelegt werden, die auf der Existenz unseres legitimen Interesses beruhen, insbesondere dann, wenn sie von uns f\u00fcr Zwecke des Direktmarketings verwendet werden.&nbsp;<br><br>Wir werden unsererseits im h\u00f6chstm\u00f6glichen und sinnvollen Ma\u00dfe ber\u00fccksichtigen, dass die personenbezogenen Daten, die uns zur Verf\u00fcgung gestellt wurden, korrekt erfasst werden. Dennoch sind auch die Eintragenden selbst f\u00fcr die Richtigkeit dieser Daten verantwortlich, weshalb wir darum bitten, sie regelm\u00e4\u00dfig und rechtzeitig zu aktualisieren bzw. uns einen Antrag auf \u00c4nderung oder Berichtigung zukommen zu lassen.&nbsp;<br><br>Zur Durchsetzung von Rechte und Pflichten hinsichtlich der Verwendung personenbezogener Daten kann sich an die auf der Webseite aufgef\u00fchrte E-Mail-Adresse oder an den Sitz der Gesellschaft oder an die E-Mail-Adresse: <a href=\"mailto:dpo@atlanticgrupa.com\">dpo@atlanticgrupa.com<\/a> gewendet werden, oder den Anweisungen in den \u00fcbermittelten Werbematerialien folgen.&nbsp;<br><br>Bei der Kontaktaufnahme und der Stellung der genannten Antr\u00e4ge werden wir sinnvolle Anstrengungen unternehmen, um die Identit\u00e4t zu best\u00e4tigen und eine nicht autorisierte Verarbeitung personenbezogener Daten zu verhindern.&nbsp;<br><br>Nach Erhalt der Antr\u00e4ge wird die angeforderte Aktivit\u00e4t innerhalb einer angemessenen Frist, sp\u00e4testens jedoch innerhalb von 30 Tagen ab Erhalt durchf\u00fchrt und je nach Bedarf dar\u00fcber informiert (alles gesetzeskonform).&nbsp;<\/p>\n\n\n\n<h2 class=\"wp-block-heading\">Kinder<\/h2>\n\n\n\n<p>In der Regel werden keine Daten \u00fcber Kinder erhoben. Soweit wir uns davon \u00fcberzeugen, dass uns solche Daten ohne Einwilligung der Eltern oder der gesetzlichen Betreuer \u00fcbermittelt wurden, werden diese schnellstm\u00f6glich gel\u00f6scht. Dabei werden wir uns an die Anweisungen halten, die wir von Ihnen als Elternteil oder gesetzlichem Betreuer erhalten haben.&nbsp;<\/p>\n\n\n\n<p>Sollten wir dennoch f\u00fcr einen bestimmten Zweck Daten \u00fcber Kinder erheben, die in einem Alter sind, in dem nach den geltenden Gesetzen eine Einwilligung der Eltern f\u00fcr die Verarbeitung ihrer personenbezogenen Daten notwendig ist, werden wir dar\u00fcber eine entsprechende Information ver\u00f6ffentlichen und sinnvolle Ma\u00dfnahmen ergreifen, um zu ermitteln, ob die Kinder die Einwilligung der Eltern oder der gesetzlichen Betreuer besitzen.<\/p>\n\n\n\n<h2 class=\"wp-block-heading\">Datensicherheit<\/h2>\n\n\n\n<p>Wir haben s\u00e4mtliche technische und organisatorische Ma\u00dfnahmen implementiert, um Verlust, \u00c4nderung, Diebstahl oder Zugriff durch unbefugte Dritte bzw. irgendwelche unbefugte Verarbeitung Ihrer Daten zu verhindern. Der Zugriff auf Ihre personenbezogenen Daten ist lediglich auf jene Mitarbeiter beschr\u00e4nkt, die diese Informationen Zwecks der Erbringung unserer Dienstleistungen bzw. Bearbeitung Ihrer Anfrage ben\u00f6tigen. Wir kl\u00e4ren unsere Mitarbeiter kontinuierlich \u00fcber die Bedeutung der Datenvertraulichkeit, des Schutzes Ihrer Privatsph\u00e4re und des Schutzes Ihrer Daten auf. Wir erheben nur solche Daten, die f\u00fcr die betreffende Verarbeitung notwendig sind und bewahren sie nicht l\u00e4nger auf als n\u00f6tig bzw. als gesetzlich vorgesehen.&nbsp;<br><br>Auf unserer Webseite finden Sie gelegentlich Links auf andere Webseiten oder Portale, und wir k\u00f6nnen Ihnen auch Merkmale sozialer Netzwerke anbieten, die das Teilen personenbezogener Daten in sozialen Netzwerken erm\u00f6glichen. Wir empfehlen Ihnen, sich auf jeden Fall zuerst mit den Regeln zum Schutz personenbezogener Daten dieser Portale oder sozialer Netzwerke oder Dritter sowie mit den von ihnen ergriffenen Sicherheitsma\u00dfnahmen vertraut zu machen, weil sich diese von diesen Regeln und den von uns ergriffenen Ma\u00dfnahmen unterscheiden k\u00f6nnen, wof\u00fcr wir keine Haftung \u00fcbernehmen k\u00f6nnen.<\/p>\n\n\n\n<h2 class=\"wp-block-heading\">Haftungseinschr\u00e4nkung<\/h2>\n\n\n\n<p>Obwohl wir die uns zur Verf\u00fcgung stehenden technischen, organisatorischen und personaltechnischen Ma\u00dfnahmen zum Schutz personenbezogener Daten vor zuf\u00e4lligem oder vors\u00e4tzlichem Missbrauch, Vernichtung, Verlust, unbefugten \u00c4nderungen oder Zugriffen ergreifen, k\u00f6nnen wir nicht garantieren, dass bestimmte personenbezogene Daten, die wir erheben, nicht trotz den Bestimmungen dieser Regeln zum Schutz der Privatsph\u00e4re zuf\u00e4llig aufgedeckt werden.&nbsp;<br><br>Bis zum h\u00f6chsten gesetzlich erlaubten Ma\u00df wird jegliche Haftung f\u00fcr Sch\u00e4den ausgeschlossen, die den Nutzern oder Dritten durch zuf\u00e4llige Aufdeckung personenbezogener Daten zugef\u00fcgt werden.&nbsp;<br><br>Da wir keine Kontrolle \u00fcber die personenbezogenen Daten haben, die Sie beim Besuch oder der Verwendung anderer Portale bzw. direkt an Dritte \u00fcbermitteln (z. B. bei der Teilnahme an gesponserten Aktivit\u00e4ten), schlie\u00dfen wir bis zum h\u00f6chsten gesetzlich erlaubten Ma\u00df die Haftung f\u00fcr Sch\u00e4den aus, die Ihnen oder Dritten aufgrund der \u00dcbermittlung der personenbezogenen Daten entstehen k\u00f6nnen.<\/p>\n\n\n\n<h2 class=\"wp-block-heading\">Aktualisierungen und \u00c4nderungen<\/h2>\n\n\n\n<p>Wir behalten uns das Recht vor, Teile dieser Regeln jederzeit und ohne vorherige Ank\u00fcndigung zu \u00e4ndern oder zu aktualisieren. Besuchen Sie unsere Webseite von Zeit zu Zeit, um sich mit eventuellen \u00c4nderungen oder Aktualisierungen dieser Regeln vertraut zu machen. Der Zeitpunkt des Inkrafttretens der aktuellen Fassung der Regeln wird von uns angeben.<\/p>\n","protected":false},"excerpt":{"rendered":"<p>Urheberrecht Alle auf den Internetseiten von Argeta ver\u00f6ffentlichten Inhalte sind Eigentum des Unternehmens ATLANTIC DROGA KOLINSKA d.o.o. und im gesetzlich zul\u00e4ssigen Rahmen Gegenstand des Urheberrechts oder anderer Formen des Schutzes von intellektuellem Eigentum.&nbsp; Die auf diesen Internetseiten ver\u00f6ffentlichten Inhalte (Texte, Bilder, Logos etc.), dienen ausschlie\u00dflich der nicht-kommerziellen Nutzung und d\u00fcrfen ohne die ausdr\u00fcckliche Genehmigung des [&hellip;]<\/p>\n","protected":false},"author":10,"featured_media":0,"parent":0,"menu_order":0,"comment_status":"closed","ping_status":"closed","template":"page-privacy.php","meta":{"_acf_changed":false,"footnotes":""},"acf":[],"yoast_head":"<!-- This site is optimized with the Yoast SEO plugin v22.4 - https:\/\/yoast.com\/wordpress\/plugins\/seo\/ -->\n<title>Rechtlicher Hinweis - Swiss DE<\/title>\n<meta name=\"robots\" content=\"noindex, follow, max-snippet:-1, max-image-preview:large, max-video-preview:-1\" \/>\n<meta property=\"og:locale\" content=\"en_US\" \/>\n<meta property=\"og:type\" content=\"article\" \/>\n<meta property=\"og:title\" content=\"Rechtlicher Hinweis - Swiss DE\" \/>\n<meta property=\"og:description\" content=\"Urheberrecht Alle auf den Internetseiten von Argeta ver\u00f6ffentlichten Inhalte sind Eigentum des Unternehmens ATLANTIC DROGA KOLINSKA d.o.o. und im gesetzlich zul\u00e4ssigen Rahmen Gegenstand des Urheberrechts oder anderer Formen des Schutzes von intellektuellem Eigentum.&nbsp; Die auf diesen Internetseiten ver\u00f6ffentlichten Inhalte (Texte, Bilder, Logos etc.), dienen ausschlie\u00dflich der nicht-kommerziellen Nutzung und d\u00fcrfen ohne die ausdr\u00fcckliche Genehmigung des [&hellip;]\" \/>\n<meta property=\"og:url\" content=\"https:\/\/old-argeta.cnj.digital\/ch-de\/rechtlicher-hinweis\/\" \/>\n<meta property=\"og:site_name\" content=\"Swiss DE\" \/>\n<meta property=\"article:modified_time\" content=\"2021-05-27T12:18:49+00:00\" \/>\n<meta name=\"twitter:card\" content=\"summary_large_image\" \/>\n<meta name=\"twitter:label1\" content=\"Est. reading time\" \/>\n\t<meta name=\"twitter:data1\" content=\"8 minutes\" \/>\n<script type=\"application\/ld+json\" class=\"yoast-schema-graph\">{\"@context\":\"https:\/\/schema.org\",\"@graph\":[{\"@type\":\"WebPage\",\"@id\":\"https:\/\/old-argeta.cnj.digital\/ch-de\/rechtlicher-hinweis\/\",\"url\":\"https:\/\/old-argeta.cnj.digital\/ch-de\/rechtlicher-hinweis\/\",\"name\":\"Rechtlicher Hinweis - Swiss DE\",\"isPartOf\":{\"@id\":\"https:\/\/old-argeta.cnj.digital\/ch-de\/#website\"},\"datePublished\":\"2019-12-11T09:07:39+00:00\",\"dateModified\":\"2021-05-27T12:18:49+00:00\",\"breadcrumb\":{\"@id\":\"https:\/\/old-argeta.cnj.digital\/ch-de\/rechtlicher-hinweis\/#breadcrumb\"},\"inLanguage\":\"en-US\",\"potentialAction\":[{\"@type\":\"ReadAction\",\"target\":[\"https:\/\/old-argeta.cnj.digital\/ch-de\/rechtlicher-hinweis\/\"]}]},{\"@type\":\"BreadcrumbList\",\"@id\":\"https:\/\/old-argeta.cnj.digital\/ch-de\/rechtlicher-hinweis\/#breadcrumb\",\"itemListElement\":[{\"@type\":\"ListItem\",\"position\":1,\"name\":\"Home\",\"item\":\"https:\/\/old-argeta.cnj.digital\/ch-de\/\"},{\"@type\":\"ListItem\",\"position\":2,\"name\":\"Rechtlicher Hinweis\"}]},{\"@type\":\"WebSite\",\"@id\":\"https:\/\/old-argeta.cnj.digital\/ch-de\/#website\",\"url\":\"https:\/\/old-argeta.cnj.digital\/ch-de\/\",\"name\":\"Swiss DE\",\"description\":\"Die gute Seite des Brotes.\",\"publisher\":{\"@id\":\"https:\/\/old-argeta.cnj.digital\/ch-de\/#organization\"},\"potentialAction\":[{\"@type\":\"SearchAction\",\"target\":{\"@type\":\"EntryPoint\",\"urlTemplate\":\"https:\/\/old-argeta.cnj.digital\/ch-de\/?s={search_term_string}\"},\"query-input\":\"required name=search_term_string\"}],\"inLanguage\":\"en-US\"},{\"@type\":\"Organization\",\"@id\":\"https:\/\/old-argeta.cnj.digital\/ch-de\/#organization\",\"name\":\"Argeta\",\"url\":\"https:\/\/old-argeta.cnj.digital\/ch-de\/\",\"logo\":{\"@type\":\"ImageObject\",\"inLanguage\":\"en-US\",\"@id\":\"https:\/\/old-argeta.cnj.digital\/ch-de\/#\/schema\/logo\/image\/\",\"url\":\"https:\/\/old-argeta.cnj.digital\/app\/uploads\/sites\/22\/2020\/03\/Argeta_logo-1.png\",\"contentUrl\":\"https:\/\/old-argeta.cnj.digital\/app\/uploads\/sites\/22\/2020\/03\/Argeta_logo-1.png\",\"width\":1000,\"height\":1000,\"caption\":\"Argeta\"},\"image\":{\"@id\":\"https:\/\/old-argeta.cnj.digital\/ch-de\/#\/schema\/logo\/image\/\"}}]}<\/script>\n<!-- \/ Yoast SEO plugin. -->","yoast_head_json":{"title":"Rechtlicher Hinweis - Swiss DE","robots":{"index":"noindex","follow":"follow","max-snippet":"max-snippet:-1","max-image-preview":"max-image-preview:large","max-video-preview":"max-video-preview:-1"},"og_locale":"en_US","og_type":"article","og_title":"Rechtlicher Hinweis - Swiss DE","og_description":"Urheberrecht Alle auf den Internetseiten von Argeta ver\u00f6ffentlichten Inhalte sind Eigentum des Unternehmens ATLANTIC DROGA KOLINSKA d.o.o. und im gesetzlich zul\u00e4ssigen Rahmen Gegenstand des Urheberrechts oder anderer Formen des Schutzes von intellektuellem Eigentum.&nbsp; Die auf diesen Internetseiten ver\u00f6ffentlichten Inhalte (Texte, Bilder, Logos etc.), dienen ausschlie\u00dflich der nicht-kommerziellen Nutzung und d\u00fcrfen ohne die ausdr\u00fcckliche Genehmigung des [&hellip;]","og_url":"https:\/\/old-argeta.cnj.digital\/ch-de\/rechtlicher-hinweis\/","og_site_name":"Swiss DE","article_modified_time":"2021-05-27T12:18:49+00:00","twitter_card":"summary_large_image","twitter_misc":{"Est. reading time":"8 minutes"},"schema":{"@context":"https:\/\/schema.org","@graph":[{"@type":"WebPage","@id":"https:\/\/old-argeta.cnj.digital\/ch-de\/rechtlicher-hinweis\/","url":"https:\/\/old-argeta.cnj.digital\/ch-de\/rechtlicher-hinweis\/","name":"Rechtlicher Hinweis - Swiss DE","isPartOf":{"@id":"https:\/\/old-argeta.cnj.digital\/ch-de\/#website"},"datePublished":"2019-12-11T09:07:39+00:00","dateModified":"2021-05-27T12:18:49+00:00","breadcrumb":{"@id":"https:\/\/old-argeta.cnj.digital\/ch-de\/rechtlicher-hinweis\/#breadcrumb"},"inLanguage":"en-US","potentialAction":[{"@type":"ReadAction","target":["https:\/\/old-argeta.cnj.digital\/ch-de\/rechtlicher-hinweis\/"]}]},{"@type":"BreadcrumbList","@id":"https:\/\/old-argeta.cnj.digital\/ch-de\/rechtlicher-hinweis\/#breadcrumb","itemListElement":[{"@type":"ListItem","position":1,"name":"Home","item":"https:\/\/old-argeta.cnj.digital\/ch-de\/"},{"@type":"ListItem","position":2,"name":"Rechtlicher Hinweis"}]},{"@type":"WebSite","@id":"https:\/\/old-argeta.cnj.digital\/ch-de\/#website","url":"https:\/\/old-argeta.cnj.digital\/ch-de\/","name":"Swiss DE","description":"Die gute Seite des Brotes.","publisher":{"@id":"https:\/\/old-argeta.cnj.digital\/ch-de\/#organization"},"potentialAction":[{"@type":"SearchAction","target":{"@type":"EntryPoint","urlTemplate":"https:\/\/old-argeta.cnj.digital\/ch-de\/?s={search_term_string}"},"query-input":"required name=search_term_string"}],"inLanguage":"en-US"},{"@type":"Organization","@id":"https:\/\/old-argeta.cnj.digital\/ch-de\/#organization","name":"Argeta","url":"https:\/\/old-argeta.cnj.digital\/ch-de\/","logo":{"@type":"ImageObject","inLanguage":"en-US","@id":"https:\/\/old-argeta.cnj.digital\/ch-de\/#\/schema\/logo\/image\/","url":"https:\/\/old-argeta.cnj.digital\/app\/uploads\/sites\/22\/2020\/03\/Argeta_logo-1.png","contentUrl":"https:\/\/old-argeta.cnj.digital\/app\/uploads\/sites\/22\/2020\/03\/Argeta_logo-1.png","width":1000,"height":1000,"caption":"Argeta"},"image":{"@id":"https:\/\/old-argeta.cnj.digital\/ch-de\/#\/schema\/logo\/image\/"}}]}},"_links":{"self":[{"href":"https:\/\/old-argeta.cnj.digital\/ch-de\/wp-json\/wp\/v2\/pages\/216"}],"collection":[{"href":"https:\/\/old-argeta.cnj.digital\/ch-de\/wp-json\/wp\/v2\/pages"}],"about":[{"href":"https:\/\/old-argeta.cnj.digital\/ch-de\/wp-json\/wp\/v2\/types\/page"}],"author":[{"embeddable":true,"href":"https:\/\/old-argeta.cnj.digital\/ch-de\/wp-json\/wp\/v2\/users\/10"}],"replies":[{"embeddable":true,"href":"https:\/\/old-argeta.cnj.digital\/ch-de\/wp-json\/wp\/v2\/comments?post=216"}],"version-history":[{"count":5,"href":"https:\/\/old-argeta.cnj.digital\/ch-de\/wp-json\/wp\/v2\/pages\/216\/revisions"}],"predecessor-version":[{"id":4276,"href":"https:\/\/old-argeta.cnj.digital\/ch-de\/wp-json\/wp\/v2\/pages\/216\/revisions\/4276"}],"wp:attachment":[{"href":"https:\/\/old-argeta.cnj.digital\/ch-de\/wp-json\/wp\/v2\/media?parent=216"}],"curies":[{"name":"wp","href":"https:\/\/api.w.org\/{rel}","templated":true}]}}