{"id":218,"date":"2019-12-11T10:07:55","date_gmt":"2019-12-11T09:07:55","guid":{"rendered":"https:\/\/old-argeta.cnj.digital\/ch-de\/?page_id=218"},"modified":"2022-11-22T16:30:45","modified_gmt":"2022-11-22T15:30:45","slug":"wir-sind-argeta","status":"publish","type":"page","link":"https:\/\/old-argeta.cnj.digital\/ch-de\/wir-sind-argeta\/","title":{"rendered":"Wir sind Argeta"},"content":{"rendered":"<p>Seit mehr als <strong>50&nbsp;Jahren<\/strong> haben wir bei allem, was wir tun, unsere Kunden im Kopf und im Herzen. Wir sind darum bem\u00fcht, <strong>die beste Mahlzeit auf nachhaltige Weise<\/strong> anzubieten, weshalb wir unsere Rezepte und Zubereitungsverfahren st\u00e4ndig verbessern.<\/p>\n<p>Wir sind der weltweit gr\u00f6\u00dfte Hersteller f\u00fcr Brotaufstriche. Damit erscheint Argetas offiziell gesch\u00fctztes Orange stolz auf mehr als <strong>30 M\u00e4rkten<\/strong> weltweit.<\/p>\n","protected":false},"excerpt":{"rendered":"<p>Seit mehr als 50&nbsp;Jahren haben wir bei allem, was wir tun, unsere Kunden im Kopf und im Herzen. Wir sind darum bem\u00fcht, die beste Mahlzeit auf nachhaltige Weise anzubieten, weshalb wir unsere Rezepte und Zubereitungsverfahren st\u00e4ndig verbessern. Wir sind der weltweit gr\u00f6\u00dfte Hersteller f\u00fcr Brotaufstriche. Damit erscheint Argetas offiziell gesch\u00fctztes Orange stolz auf mehr als [&hellip;]<\/p>\n","protected":false},"author":10,"featured_media":0,"parent":0,"menu_order":0,"comment_status":"closed","ping_status":"closed","template":"page-about-us.php","meta":{"_acf_changed":false,"footnotes":""},"acf":[],"yoast_head":"<!-- This site is optimized with the Yoast SEO plugin v22.4 - https:\/\/yoast.com\/wordpress\/plugins\/seo\/ -->\n<title>Wir sind Argeta - Swiss DE<\/title>\n<meta name=\"robots\" content=\"noindex, follow, max-snippet:-1, max-image-preview:large, max-video-preview:-1\" \/>\n<meta property=\"og:locale\" content=\"en_US\" \/>\n<meta property=\"og:type\" content=\"article\" \/>\n<meta property=\"og:title\" content=\"Wir sind Argeta - Swiss DE\" \/>\n<meta property=\"og:description\" content=\"Seit mehr als 50&nbsp;Jahren haben wir bei allem, was wir tun, unsere Kunden im Kopf und im Herzen. Wir sind darum bem\u00fcht, die beste Mahlzeit auf nachhaltige Weise anzubieten, weshalb wir unsere Rezepte und Zubereitungsverfahren st\u00e4ndig verbessern. Wir sind der weltweit gr\u00f6\u00dfte Hersteller f\u00fcr Brotaufstriche. Damit erscheint Argetas offiziell gesch\u00fctztes Orange stolz auf mehr als [&hellip;]\" \/>\n<meta property=\"og:url\" content=\"https:\/\/old-argeta.cnj.digital\/ch-de\/wir-sind-argeta\/\" \/>\n<meta property=\"og:site_name\" content=\"Swiss DE\" \/>\n<meta property=\"article:modified_time\" content=\"2022-11-22T15:30:45+00:00\" \/>\n<meta name=\"twitter:card\" content=\"summary_large_image\" \/>\n<meta name=\"twitter:label1\" content=\"Est. reading time\" \/>\n\t<meta name=\"twitter:data1\" content=\"1 minute\" \/>\n<script type=\"application\/ld+json\" class=\"yoast-schema-graph\">{\"@context\":\"https:\/\/schema.org\",\"@graph\":[{\"@type\":\"WebPage\",\"@id\":\"https:\/\/old-argeta.cnj.digital\/ch-de\/wir-sind-argeta\/\",\"url\":\"https:\/\/old-argeta.cnj.digital\/ch-de\/wir-sind-argeta\/\",\"name\":\"Wir sind Argeta - Swiss DE\",\"isPartOf\":{\"@id\":\"https:\/\/old-argeta.cnj.digital\/ch-de\/#website\"},\"datePublished\":\"2019-12-11T09:07:55+00:00\",\"dateModified\":\"2022-11-22T15:30:45+00:00\",\"breadcrumb\":{\"@id\":\"https:\/\/old-argeta.cnj.digital\/ch-de\/wir-sind-argeta\/#breadcrumb\"},\"inLanguage\":\"en-US\",\"potentialAction\":[{\"@type\":\"ReadAction\",\"target\":[\"https:\/\/old-argeta.cnj.digital\/ch-de\/wir-sind-argeta\/\"]}]},{\"@type\":\"BreadcrumbList\",\"@id\":\"https:\/\/old-argeta.cnj.digital\/ch-de\/wir-sind-argeta\/#breadcrumb\",\"itemListElement\":[{\"@type\":\"ListItem\",\"position\":1,\"name\":\"Home\",\"item\":\"https:\/\/old-argeta.cnj.digital\/ch-de\/\"},{\"@type\":\"ListItem\",\"position\":2,\"name\":\"Wir sind Argeta\"}]},{\"@type\":\"WebSite\",\"@id\":\"https:\/\/old-argeta.cnj.digital\/ch-de\/#website\",\"url\":\"https:\/\/old-argeta.cnj.digital\/ch-de\/\",\"name\":\"Swiss DE\",\"description\":\"Die gute Seite des Brotes.\",\"publisher\":{\"@id\":\"https:\/\/old-argeta.cnj.digital\/ch-de\/#organization\"},\"potentialAction\":[{\"@type\":\"SearchAction\",\"target\":{\"@type\":\"EntryPoint\",\"urlTemplate\":\"https:\/\/old-argeta.cnj.digital\/ch-de\/?s={search_term_string}\"},\"query-input\":\"required name=search_term_string\"}],\"inLanguage\":\"en-US\"},{\"@type\":\"Organization\",\"@id\":\"https:\/\/old-argeta.cnj.digital\/ch-de\/#organization\",\"name\":\"Argeta\",\"url\":\"https:\/\/old-argeta.cnj.digital\/ch-de\/\",\"logo\":{\"@type\":\"ImageObject\",\"inLanguage\":\"en-US\",\"@id\":\"https:\/\/old-argeta.cnj.digital\/ch-de\/#\/schema\/logo\/image\/\",\"url\":\"https:\/\/old-argeta.cnj.digital\/app\/uploads\/sites\/22\/2020\/03\/Argeta_logo-1.png\",\"contentUrl\":\"https:\/\/old-argeta.cnj.digital\/app\/uploads\/sites\/22\/2020\/03\/Argeta_logo-1.png\",\"width\":1000,\"height\":1000,\"caption\":\"Argeta\"},\"image\":{\"@id\":\"https:\/\/old-argeta.cnj.digital\/ch-de\/#\/schema\/logo\/image\/\"}}]}<\/script>\n<!-- \/ Yoast SEO plugin. -->","yoast_head_json":{"title":"Wir sind Argeta - Swiss DE","robots":{"index":"noindex","follow":"follow","max-snippet":"max-snippet:-1","max-image-preview":"max-image-preview:large","max-video-preview":"max-video-preview:-1"},"og_locale":"en_US","og_type":"article","og_title":"Wir sind Argeta - Swiss DE","og_description":"Seit mehr als 50&nbsp;Jahren haben wir bei allem, was wir tun, unsere Kunden im Kopf und im Herzen. Wir sind darum bem\u00fcht, die beste Mahlzeit auf nachhaltige Weise anzubieten, weshalb wir unsere Rezepte und Zubereitungsverfahren st\u00e4ndig verbessern. Wir sind der weltweit gr\u00f6\u00dfte Hersteller f\u00fcr Brotaufstriche. Damit erscheint Argetas offiziell gesch\u00fctztes Orange stolz auf mehr als [&hellip;]","og_url":"https:\/\/old-argeta.cnj.digital\/ch-de\/wir-sind-argeta\/","og_site_name":"Swiss DE","article_modified_time":"2022-11-22T15:30:45+00:00","twitter_card":"summary_large_image","twitter_misc":{"Est. reading time":"1 minute"},"schema":{"@context":"https:\/\/schema.org","@graph":[{"@type":"WebPage","@id":"https:\/\/old-argeta.cnj.digital\/ch-de\/wir-sind-argeta\/","url":"https:\/\/old-argeta.cnj.digital\/ch-de\/wir-sind-argeta\/","name":"Wir sind Argeta - Swiss DE","isPartOf":{"@id":"https:\/\/old-argeta.cnj.digital\/ch-de\/#website"},"datePublished":"2019-12-11T09:07:55+00:00","dateModified":"2022-11-22T15:30:45+00:00","breadcrumb":{"@id":"https:\/\/old-argeta.cnj.digital\/ch-de\/wir-sind-argeta\/#breadcrumb"},"inLanguage":"en-US","potentialAction":[{"@type":"ReadAction","target":["https:\/\/old-argeta.cnj.digital\/ch-de\/wir-sind-argeta\/"]}]},{"@type":"BreadcrumbList","@id":"https:\/\/old-argeta.cnj.digital\/ch-de\/wir-sind-argeta\/#breadcrumb","itemListElement":[{"@type":"ListItem","position":1,"name":"Home","item":"https:\/\/old-argeta.cnj.digital\/ch-de\/"},{"@type":"ListItem","position":2,"name":"Wir sind Argeta"}]},{"@type":"WebSite","@id":"https:\/\/old-argeta.cnj.digital\/ch-de\/#website","url":"https:\/\/old-argeta.cnj.digital\/ch-de\/","name":"Swiss DE","description":"Die gute Seite des Brotes.","publisher":{"@id":"https:\/\/old-argeta.cnj.digital\/ch-de\/#organization"},"potentialAction":[{"@type":"SearchAction","target":{"@type":"EntryPoint","urlTemplate":"https:\/\/old-argeta.cnj.digital\/ch-de\/?s={search_term_string}"},"query-input":"required name=search_term_string"}],"inLanguage":"en-US"},{"@type":"Organization","@id":"https:\/\/old-argeta.cnj.digital\/ch-de\/#organization","name":"Argeta","url":"https:\/\/old-argeta.cnj.digital\/ch-de\/","logo":{"@type":"ImageObject","inLanguage":"en-US","@id":"https:\/\/old-argeta.cnj.digital\/ch-de\/#\/schema\/logo\/image\/","url":"https:\/\/old-argeta.cnj.digital\/app\/uploads\/sites\/22\/2020\/03\/Argeta_logo-1.png","contentUrl":"https:\/\/old-argeta.cnj.digital\/app\/uploads\/sites\/22\/2020\/03\/Argeta_logo-1.png","width":1000,"height":1000,"caption":"Argeta"},"image":{"@id":"https:\/\/old-argeta.cnj.digital\/ch-de\/#\/schema\/logo\/image\/"}}]}},"_links":{"self":[{"href":"https:\/\/old-argeta.cnj.digital\/ch-de\/wp-json\/wp\/v2\/pages\/218"}],"collection":[{"href":"https:\/\/old-argeta.cnj.digital\/ch-de\/wp-json\/wp\/v2\/pages"}],"about":[{"href":"https:\/\/old-argeta.cnj.digital\/ch-de\/wp-json\/wp\/v2\/types\/page"}],"author":[{"embeddable":true,"href":"https:\/\/old-argeta.cnj.digital\/ch-de\/wp-json\/wp\/v2\/users\/10"}],"replies":[{"embeddable":true,"href":"https:\/\/old-argeta.cnj.digital\/ch-de\/wp-json\/wp\/v2\/comments?post=218"}],"version-history":[{"count":13,"href":"https:\/\/old-argeta.cnj.digital\/ch-de\/wp-json\/wp\/v2\/pages\/218\/revisions"}],"predecessor-version":[{"id":5699,"href":"https:\/\/old-argeta.cnj.digital\/ch-de\/wp-json\/wp\/v2\/pages\/218\/revisions\/5699"}],"wp:attachment":[{"href":"https:\/\/old-argeta.cnj.digital\/ch-de\/wp-json\/wp\/v2\/media?parent=218"}],"curies":[{"name":"wp","href":"https:\/\/api.w.org\/{rel}","templated":true}]}}