{"id":44,"date":"2019-12-11T10:05:21","date_gmt":"2019-12-11T09:05:21","guid":{"rendered":"https:\/\/old-argeta.cnj.digital\/ch-de\/?page_id=44"},"modified":"2023-01-20T10:58:41","modified_gmt":"2023-01-20T09:58:41","slug":"argeta-ist-eine-ganz-eigene-welt","status":"publish","type":"page","link":"https:\/\/old-argeta.cnj.digital\/ch-de\/","title":{"rendered":"Argeta ist eine ganz eigene Welt."},"content":{"rendered":"<p>Argeta, die gute Seite des Brotes, ist der Nummer 1 Wurst- und Fischaufstrich in der Schweiz<\/p>\n","protected":false},"excerpt":{"rendered":"<p>Argeta je svet zase. Odkrijte svet navdiha za va\u0161a kulinari\u010dna do\u017eivetja, zabavne igre in nepozabna raziskovanja!<\/p>\n","protected":false},"author":10,"featured_media":0,"parent":0,"menu_order":0,"comment_status":"closed","ping_status":"closed","template":"","meta":{"_acf_changed":false,"footnotes":""},"acf":[],"yoast_head":"<!-- This site is optimized with the Yoast SEO plugin v22.4 - https:\/\/yoast.com\/wordpress\/plugins\/seo\/ -->\n<title>Argeta. Die gute Seite des Brotes.<\/title>\n<meta name=\"robots\" content=\"noindex, follow, max-snippet:-1, max-image-preview:large, max-video-preview:-1\" \/>\n<meta property=\"og:locale\" content=\"en_US\" \/>\n<meta property=\"og:type\" content=\"article\" \/>\n<meta property=\"og:title\" content=\"Argeta. Die gute Seite des Brotes.\" \/>\n<meta property=\"og:description\" content=\"Argeta je svet zase. Odkrijte svet navdiha za va\u0161a kulinari\u010dna do\u017eivetja, zabavne igre in nepozabna raziskovanja!\" \/>\n<meta property=\"og:url\" content=\"https:\/\/old-argeta.cnj.digital\/ch-de\/\" \/>\n<meta property=\"og:site_name\" content=\"Swiss DE\" \/>\n<meta property=\"article:modified_time\" content=\"2023-01-20T09:58:41+00:00\" \/>\n<meta name=\"twitter:card\" content=\"summary_large_image\" \/>\n<meta name=\"twitter:title\" content=\"Argeta. Die gute Seite des Brotes.\" \/>\n<meta name=\"twitter:label1\" content=\"Est. reading time\" \/>\n\t<meta name=\"twitter:data1\" content=\"1 minute\" \/>\n<script type=\"application\/ld+json\" class=\"yoast-schema-graph\">{\"@context\":\"https:\/\/schema.org\",\"@graph\":[{\"@type\":\"WebPage\",\"@id\":\"https:\/\/old-argeta.cnj.digital\/ch-de\/\",\"url\":\"https:\/\/old-argeta.cnj.digital\/ch-de\/\",\"name\":\"Argeta. Die gute Seite des Brotes.\",\"isPartOf\":{\"@id\":\"https:\/\/old-argeta.cnj.digital\/ch-de\/#website\"},\"datePublished\":\"2019-12-11T09:05:21+00:00\",\"dateModified\":\"2023-01-20T09:58:41+00:00\",\"breadcrumb\":{\"@id\":\"https:\/\/old-argeta.cnj.digital\/ch-de\/#breadcrumb\"},\"inLanguage\":\"en-US\",\"potentialAction\":[{\"@type\":\"ReadAction\",\"target\":[\"https:\/\/old-argeta.cnj.digital\/ch-de\/\"]}]},{\"@type\":\"BreadcrumbList\",\"@id\":\"https:\/\/old-argeta.cnj.digital\/ch-de\/#breadcrumb\",\"itemListElement\":[{\"@type\":\"ListItem\",\"position\":1,\"name\":\"Home\",\"item\":\"https:\/\/old-argeta.cnj.digital\/ch-de\/\"},{\"@type\":\"ListItem\",\"position\":2,\"name\":\"Argeta ist eine ganz eigene Welt.\"}]},{\"@type\":\"WebSite\",\"@id\":\"https:\/\/old-argeta.cnj.digital\/ch-de\/#website\",\"url\":\"https:\/\/old-argeta.cnj.digital\/ch-de\/\",\"name\":\"Swiss DE\",\"description\":\"Die gute Seite des Brotes.\",\"publisher\":{\"@id\":\"https:\/\/old-argeta.cnj.digital\/ch-de\/#organization\"},\"potentialAction\":[{\"@type\":\"SearchAction\",\"target\":{\"@type\":\"EntryPoint\",\"urlTemplate\":\"https:\/\/old-argeta.cnj.digital\/ch-de\/?s={search_term_string}\"},\"query-input\":\"required name=search_term_string\"}],\"inLanguage\":\"en-US\"},{\"@type\":\"Organization\",\"@id\":\"https:\/\/old-argeta.cnj.digital\/ch-de\/#organization\",\"name\":\"Argeta\",\"url\":\"https:\/\/old-argeta.cnj.digital\/ch-de\/\",\"logo\":{\"@type\":\"ImageObject\",\"inLanguage\":\"en-US\",\"@id\":\"https:\/\/old-argeta.cnj.digital\/ch-de\/#\/schema\/logo\/image\/\",\"url\":\"https:\/\/old-argeta.cnj.digital\/app\/uploads\/sites\/22\/2020\/03\/Argeta_logo-1.png\",\"contentUrl\":\"https:\/\/old-argeta.cnj.digital\/app\/uploads\/sites\/22\/2020\/03\/Argeta_logo-1.png\",\"width\":1000,\"height\":1000,\"caption\":\"Argeta\"},\"image\":{\"@id\":\"https:\/\/old-argeta.cnj.digital\/ch-de\/#\/schema\/logo\/image\/\"}}]}<\/script>\n<!-- \/ Yoast SEO plugin. -->","yoast_head_json":{"title":"Argeta. Die gute Seite des Brotes.","robots":{"index":"noindex","follow":"follow","max-snippet":"max-snippet:-1","max-image-preview":"max-image-preview:large","max-video-preview":"max-video-preview:-1"},"og_locale":"en_US","og_type":"article","og_title":"Argeta. Die gute Seite des Brotes.","og_description":"Argeta je svet zase. Odkrijte svet navdiha za va\u0161a kulinari\u010dna do\u017eivetja, zabavne igre in nepozabna raziskovanja!","og_url":"https:\/\/old-argeta.cnj.digital\/ch-de\/","og_site_name":"Swiss DE","article_modified_time":"2023-01-20T09:58:41+00:00","twitter_card":"summary_large_image","twitter_title":"Argeta. Die gute Seite des Brotes.","twitter_misc":{"Est. reading time":"1 minute"},"schema":{"@context":"https:\/\/schema.org","@graph":[{"@type":"WebPage","@id":"https:\/\/old-argeta.cnj.digital\/ch-de\/","url":"https:\/\/old-argeta.cnj.digital\/ch-de\/","name":"Argeta. Die gute Seite des Brotes.","isPartOf":{"@id":"https:\/\/old-argeta.cnj.digital\/ch-de\/#website"},"datePublished":"2019-12-11T09:05:21+00:00","dateModified":"2023-01-20T09:58:41+00:00","breadcrumb":{"@id":"https:\/\/old-argeta.cnj.digital\/ch-de\/#breadcrumb"},"inLanguage":"en-US","potentialAction":[{"@type":"ReadAction","target":["https:\/\/old-argeta.cnj.digital\/ch-de\/"]}]},{"@type":"BreadcrumbList","@id":"https:\/\/old-argeta.cnj.digital\/ch-de\/#breadcrumb","itemListElement":[{"@type":"ListItem","position":1,"name":"Home","item":"https:\/\/old-argeta.cnj.digital\/ch-de\/"},{"@type":"ListItem","position":2,"name":"Argeta ist eine ganz eigene Welt."}]},{"@type":"WebSite","@id":"https:\/\/old-argeta.cnj.digital\/ch-de\/#website","url":"https:\/\/old-argeta.cnj.digital\/ch-de\/","name":"Swiss DE","description":"Die gute Seite des Brotes.","publisher":{"@id":"https:\/\/old-argeta.cnj.digital\/ch-de\/#organization"},"potentialAction":[{"@type":"SearchAction","target":{"@type":"EntryPoint","urlTemplate":"https:\/\/old-argeta.cnj.digital\/ch-de\/?s={search_term_string}"},"query-input":"required name=search_term_string"}],"inLanguage":"en-US"},{"@type":"Organization","@id":"https:\/\/old-argeta.cnj.digital\/ch-de\/#organization","name":"Argeta","url":"https:\/\/old-argeta.cnj.digital\/ch-de\/","logo":{"@type":"ImageObject","inLanguage":"en-US","@id":"https:\/\/old-argeta.cnj.digital\/ch-de\/#\/schema\/logo\/image\/","url":"https:\/\/old-argeta.cnj.digital\/app\/uploads\/sites\/22\/2020\/03\/Argeta_logo-1.png","contentUrl":"https:\/\/old-argeta.cnj.digital\/app\/uploads\/sites\/22\/2020\/03\/Argeta_logo-1.png","width":1000,"height":1000,"caption":"Argeta"},"image":{"@id":"https:\/\/old-argeta.cnj.digital\/ch-de\/#\/schema\/logo\/image\/"}}]}},"_links":{"self":[{"href":"https:\/\/old-argeta.cnj.digital\/ch-de\/wp-json\/wp\/v2\/pages\/44"}],"collection":[{"href":"https:\/\/old-argeta.cnj.digital\/ch-de\/wp-json\/wp\/v2\/pages"}],"about":[{"href":"https:\/\/old-argeta.cnj.digital\/ch-de\/wp-json\/wp\/v2\/types\/page"}],"author":[{"embeddable":true,"href":"https:\/\/old-argeta.cnj.digital\/ch-de\/wp-json\/wp\/v2\/users\/10"}],"replies":[{"embeddable":true,"href":"https:\/\/old-argeta.cnj.digital\/ch-de\/wp-json\/wp\/v2\/comments?post=44"}],"version-history":[{"count":45,"href":"https:\/\/old-argeta.cnj.digital\/ch-de\/wp-json\/wp\/v2\/pages\/44\/revisions"}],"predecessor-version":[{"id":5961,"href":"https:\/\/old-argeta.cnj.digital\/ch-de\/wp-json\/wp\/v2\/pages\/44\/revisions\/5961"}],"wp:attachment":[{"href":"https:\/\/old-argeta.cnj.digital\/ch-de\/wp-json\/wp\/v2\/media?parent=44"}],"curies":[{"name":"wp","href":"https:\/\/api.w.org\/{rel}","templated":true}]}}