{"id":175,"date":"2019-12-10T17:46:40","date_gmt":"2019-12-10T16:46:40","guid":{"rendered":"https:\/\/old-argeta.cnj.digital\/ch-fr\/?page_id=175"},"modified":"2023-01-27T10:41:20","modified_gmt":"2023-01-27T09:41:20","slug":"home-2","status":"publish","type":"page","link":"https:\/\/old-argeta.cnj.digital\/ch-fr\/","title":{"rendered":"Argeta est un monde en soi."},"content":{"rendered":"<p>Argeta je svet zase. Odkrijte svet navdiha za va\u0161a kulinari\u010dna do\u017eivetja, zabavne igre in nepozabna raziskovanja !<\/p>\n","protected":false},"excerpt":{"rendered":"<p>Argeta je svet zase. Odkrijte svet navdiha za va\u0161a kulinari\u010dna do\u017eivetja, zabavne igre in nepozabna raziskovanja!<\/p>\n","protected":false},"author":10,"featured_media":0,"parent":0,"menu_order":0,"comment_status":"closed","ping_status":"closed","template":"","meta":{"_acf_changed":false,"footnotes":""},"acf":[],"yoast_head":"<!-- This site is optimized with the Yoast SEO plugin v22.4 - https:\/\/yoast.com\/wordpress\/plugins\/seo\/ -->\n<title>Argeta, le bon c\u00f4t\u00e9 du pain.<\/title>\n<meta name=\"robots\" content=\"noindex, follow, max-snippet:-1, max-image-preview:large, max-video-preview:-1\" \/>\n<meta property=\"og:locale\" content=\"en_US\" \/>\n<meta property=\"og:type\" content=\"article\" \/>\n<meta property=\"og:title\" content=\"Argeta, le bon c\u00f4t\u00e9 du pain.\" \/>\n<meta property=\"og:description\" content=\"Argeta je svet zase. Odkrijte svet navdiha za va\u0161a kulinari\u010dna do\u017eivetja, zabavne igre in nepozabna raziskovanja!\" \/>\n<meta property=\"og:url\" content=\"https:\/\/old-argeta.cnj.digital\/ch-fr\/\" \/>\n<meta property=\"og:site_name\" content=\"Swiss FR\" \/>\n<meta property=\"article:modified_time\" content=\"2023-01-27T09:41:20+00:00\" \/>\n<meta name=\"twitter:card\" content=\"summary_large_image\" \/>\n<meta name=\"twitter:title\" content=\"Argeta, le bon c\u00f4t\u00e9 du pain.\" \/>\n<meta name=\"twitter:label1\" content=\"Est. reading time\" \/>\n\t<meta name=\"twitter:data1\" content=\"1 minute\" \/>\n<script type=\"application\/ld+json\" class=\"yoast-schema-graph\">{\"@context\":\"https:\/\/schema.org\",\"@graph\":[{\"@type\":\"WebPage\",\"@id\":\"https:\/\/old-argeta.cnj.digital\/ch-fr\/\",\"url\":\"https:\/\/old-argeta.cnj.digital\/ch-fr\/\",\"name\":\"Argeta, le bon c\u00f4t\u00e9 du pain.\",\"isPartOf\":{\"@id\":\"https:\/\/old-argeta.cnj.digital\/ch-fr\/#website\"},\"datePublished\":\"2019-12-10T16:46:40+00:00\",\"dateModified\":\"2023-01-27T09:41:20+00:00\",\"breadcrumb\":{\"@id\":\"https:\/\/old-argeta.cnj.digital\/ch-fr\/#breadcrumb\"},\"inLanguage\":\"en-US\",\"potentialAction\":[{\"@type\":\"ReadAction\",\"target\":[\"https:\/\/old-argeta.cnj.digital\/ch-fr\/\"]}]},{\"@type\":\"BreadcrumbList\",\"@id\":\"https:\/\/old-argeta.cnj.digital\/ch-fr\/#breadcrumb\",\"itemListElement\":[{\"@type\":\"ListItem\",\"position\":1,\"name\":\"Home\",\"item\":\"https:\/\/old-argeta.cnj.digital\/ch-fr\/\"},{\"@type\":\"ListItem\",\"position\":2,\"name\":\"Argeta est un monde en soi.\"}]},{\"@type\":\"WebSite\",\"@id\":\"https:\/\/old-argeta.cnj.digital\/ch-fr\/#website\",\"url\":\"https:\/\/old-argeta.cnj.digital\/ch-fr\/\",\"name\":\"Swiss FR\",\"description\":\"Argeta, le bon c\u00f4t\u00e9 du pain.\",\"publisher\":{\"@id\":\"https:\/\/old-argeta.cnj.digital\/ch-fr\/#organization\"},\"potentialAction\":[{\"@type\":\"SearchAction\",\"target\":{\"@type\":\"EntryPoint\",\"urlTemplate\":\"https:\/\/old-argeta.cnj.digital\/ch-fr\/?s={search_term_string}\"},\"query-input\":\"required name=search_term_string\"}],\"inLanguage\":\"en-US\"},{\"@type\":\"Organization\",\"@id\":\"https:\/\/old-argeta.cnj.digital\/ch-fr\/#organization\",\"name\":\"Argeta\",\"url\":\"https:\/\/old-argeta.cnj.digital\/ch-fr\/\",\"logo\":{\"@type\":\"ImageObject\",\"inLanguage\":\"en-US\",\"@id\":\"https:\/\/old-argeta.cnj.digital\/ch-fr\/#\/schema\/logo\/image\/\",\"url\":\"https:\/\/old-argeta.cnj.digital\/app\/uploads\/sites\/24\/2020\/03\/Argeta_logo-1.png\",\"contentUrl\":\"https:\/\/old-argeta.cnj.digital\/app\/uploads\/sites\/24\/2020\/03\/Argeta_logo-1.png\",\"width\":1000,\"height\":1000,\"caption\":\"Argeta\"},\"image\":{\"@id\":\"https:\/\/old-argeta.cnj.digital\/ch-fr\/#\/schema\/logo\/image\/\"}}]}<\/script>\n<!-- \/ Yoast SEO plugin. -->","yoast_head_json":{"title":"Argeta, le bon c\u00f4t\u00e9 du pain.","robots":{"index":"noindex","follow":"follow","max-snippet":"max-snippet:-1","max-image-preview":"max-image-preview:large","max-video-preview":"max-video-preview:-1"},"og_locale":"en_US","og_type":"article","og_title":"Argeta, le bon c\u00f4t\u00e9 du pain.","og_description":"Argeta je svet zase. Odkrijte svet navdiha za va\u0161a kulinari\u010dna do\u017eivetja, zabavne igre in nepozabna raziskovanja!","og_url":"https:\/\/old-argeta.cnj.digital\/ch-fr\/","og_site_name":"Swiss FR","article_modified_time":"2023-01-27T09:41:20+00:00","twitter_card":"summary_large_image","twitter_title":"Argeta, le bon c\u00f4t\u00e9 du pain.","twitter_misc":{"Est. reading time":"1 minute"},"schema":{"@context":"https:\/\/schema.org","@graph":[{"@type":"WebPage","@id":"https:\/\/old-argeta.cnj.digital\/ch-fr\/","url":"https:\/\/old-argeta.cnj.digital\/ch-fr\/","name":"Argeta, le bon c\u00f4t\u00e9 du pain.","isPartOf":{"@id":"https:\/\/old-argeta.cnj.digital\/ch-fr\/#website"},"datePublished":"2019-12-10T16:46:40+00:00","dateModified":"2023-01-27T09:41:20+00:00","breadcrumb":{"@id":"https:\/\/old-argeta.cnj.digital\/ch-fr\/#breadcrumb"},"inLanguage":"en-US","potentialAction":[{"@type":"ReadAction","target":["https:\/\/old-argeta.cnj.digital\/ch-fr\/"]}]},{"@type":"BreadcrumbList","@id":"https:\/\/old-argeta.cnj.digital\/ch-fr\/#breadcrumb","itemListElement":[{"@type":"ListItem","position":1,"name":"Home","item":"https:\/\/old-argeta.cnj.digital\/ch-fr\/"},{"@type":"ListItem","position":2,"name":"Argeta est un monde en soi."}]},{"@type":"WebSite","@id":"https:\/\/old-argeta.cnj.digital\/ch-fr\/#website","url":"https:\/\/old-argeta.cnj.digital\/ch-fr\/","name":"Swiss FR","description":"Argeta, le bon c\u00f4t\u00e9 du pain.","publisher":{"@id":"https:\/\/old-argeta.cnj.digital\/ch-fr\/#organization"},"potentialAction":[{"@type":"SearchAction","target":{"@type":"EntryPoint","urlTemplate":"https:\/\/old-argeta.cnj.digital\/ch-fr\/?s={search_term_string}"},"query-input":"required name=search_term_string"}],"inLanguage":"en-US"},{"@type":"Organization","@id":"https:\/\/old-argeta.cnj.digital\/ch-fr\/#organization","name":"Argeta","url":"https:\/\/old-argeta.cnj.digital\/ch-fr\/","logo":{"@type":"ImageObject","inLanguage":"en-US","@id":"https:\/\/old-argeta.cnj.digital\/ch-fr\/#\/schema\/logo\/image\/","url":"https:\/\/old-argeta.cnj.digital\/app\/uploads\/sites\/24\/2020\/03\/Argeta_logo-1.png","contentUrl":"https:\/\/old-argeta.cnj.digital\/app\/uploads\/sites\/24\/2020\/03\/Argeta_logo-1.png","width":1000,"height":1000,"caption":"Argeta"},"image":{"@id":"https:\/\/old-argeta.cnj.digital\/ch-fr\/#\/schema\/logo\/image\/"}}]}},"_links":{"self":[{"href":"https:\/\/old-argeta.cnj.digital\/ch-fr\/wp-json\/wp\/v2\/pages\/175"}],"collection":[{"href":"https:\/\/old-argeta.cnj.digital\/ch-fr\/wp-json\/wp\/v2\/pages"}],"about":[{"href":"https:\/\/old-argeta.cnj.digital\/ch-fr\/wp-json\/wp\/v2\/types\/page"}],"author":[{"embeddable":true,"href":"https:\/\/old-argeta.cnj.digital\/ch-fr\/wp-json\/wp\/v2\/users\/10"}],"replies":[{"embeddable":true,"href":"https:\/\/old-argeta.cnj.digital\/ch-fr\/wp-json\/wp\/v2\/comments?post=175"}],"version-history":[{"count":46,"href":"https:\/\/old-argeta.cnj.digital\/ch-fr\/wp-json\/wp\/v2\/pages\/175\/revisions"}],"predecessor-version":[{"id":5045,"href":"https:\/\/old-argeta.cnj.digital\/ch-fr\/wp-json\/wp\/v2\/pages\/175\/revisions\/5045"}],"wp:attachment":[{"href":"https:\/\/old-argeta.cnj.digital\/ch-fr\/wp-json\/wp\/v2\/media?parent=175"}],"curies":[{"name":"wp","href":"https:\/\/api.w.org\/{rel}","templated":true}]}}