{"id":295,"date":"2019-12-10T17:50:11","date_gmt":"2019-12-10T16:50:11","guid":{"rendered":"https:\/\/old-argeta.cnj.digital\/ch-fr\/?page_id=295"},"modified":"2021-05-27T13:19:29","modified_gmt":"2021-05-27T12:19:29","slug":"mentions-legales","status":"publish","type":"page","link":"https:\/\/old-argeta.cnj.digital\/ch-fr\/mentions-legales\/","title":{"rendered":"Mentions l\u00e9gales"},"content":{"rendered":"\n<h2 class=\"wp-block-heading\">Droits d&#8217;auteur<\/h2>\n\n\n\n<p>Tous les contenus publi\u00e9s sur le site internet d&#8217;Argeta sont la propri\u00e9t\u00e9 de  ATLANTIC DROGA KOLINSKA d.o.o.  et sont soumis, dans le cadre l\u00e9gal autoris\u00e9, \u00e0 la protection des droits d&#8217;auteur ou \u00e0 d&#8217;autres formes de protection de la propri\u00e9t\u00e9 intellectuelle.<br><br>Les contenus (textes, illustrations, logos&#8230;) publi\u00e9s sur ce site internet ne peuvent \u00eatre utilis\u00e9s qu&#8217;\u00e0 des fins non commerciales et ne doivent pas \u00eatre modifi\u00e9s, copi\u00e9s, diffus\u00e9s, publi\u00e9s \u00e0 nouveau, envoy\u00e9s par courrier postal ou distribu\u00e9s de toute autre mani\u00e8re \u00e0 des fins commerciales sans l&#8217;autorisation \u00e9crite expresse de la soci\u00e9t\u00e9  ATLANTIC DROGA KOLINSKA d.o.o. <\/p>\n\n\n\n<p>Toutes les reproductions ou copies de contenus de ce site internet doivent \u00e9galement conserver toutes les mentions affich\u00e9es concernant les droits d&#8217;auteur, les autres droits de la propri\u00e9t\u00e9 intellectuelle ou d&#8217;autres droits (symbole \u00a9 2015  ATLANTIC DROGA KOLINSKA d.o.o.  Tous droits r\u00e9serv\u00e9s.  ATLANTIC DROGA KOLINSKA d.o.o.  est une soci\u00e9t\u00e9 du groupe Atlantic Grupa).<\/p>\n\n\n\n<p>Les marques de commerce et de service qui apparaissent sur le site sont des marques d\u00e9pos\u00e9es dont le propri\u00e9taire ou l&#8217;utilisateur de la licence est  ATLANTIC DROGA KOLINSKA d.o.o.  (ci-apr\u00e8s la \u00ab&nbsp; Soci\u00e9t\u00e9&nbsp; \u00bb) ou ses filiales.&nbsp;L&#8217;utilisation de ces marques est express\u00e9ment interdite sauf dans les cas d\u00e9finis dans le pr\u00e9sent texte.<\/p>\n\n\n\n<h2 class=\"wp-block-heading\">Politique de confidentialit\u00e9<\/h2>\n\n\n\n<p>ATLANTIC DROGA KOLINSKA d.o.o. (ci-apr\u00e8s la\u00a0\u00ab\u00a0 Soci\u00e9t\u00e9\u00a0 \u00bb) fait partie du syst\u00e8me commercial d&#8217;Atlantic Grupa, dans le cadre duquel sont \u00e9tablies et appliqu\u00e9es des normes \u00e9lev\u00e9es en mati\u00e8re de gestion des affaires et de transparence, ce qui implique un comportement responsable, l\u00e9gal et \u00e9thique de toutes les entit\u00e9s juridiques d&#8217;Atlantic Grupa en incluant \u00e9galement le respect de la vie priv\u00e9e et la protection des donn\u00e9es personnelles.\u00a0<\/p>\n\n\n\n<p>Compte tenu de ces normes, la Soci\u00e9t\u00e9, en tant que responsable de traitement au sein du syst\u00e8me commercial d&#8217;Atlantic Grupa, collecte et traite les donn\u00e9es personnelles de mani\u00e8re l\u00e9gale, honn\u00eate et transparente, conform\u00e9ment \u00e0 la r\u00e9glementation en vigueur, et met en \u0153uvre les mesures techniques et organisationnelles appropri\u00e9es pour prot\u00e9ger les donn\u00e9es personnelles contre les acc\u00e8s illicites et les abus.<\/p>\n\n\n\n<p>La Soci\u00e9t\u00e9 est consciente que la protection des donn\u00e9es personnelles est importante pour nos utilisateurs et pour les autres personnes.C\u2019est pourquoi nous souhaitons vous informer des informations personnelles que nous collectons, de la fa\u00e7on dont nous les g\u00e9rons et de la mani\u00e8re dont nous veillons \u00e0 leur protection.<\/p>\n\n\n\n<h2 class=\"wp-block-heading\">Objectif, cadre et base juridique du traitement<\/h2>\n\n\n\n<p>Les donn\u00e9es personnelles sont collect\u00e9es \u00e0 des fins sp\u00e9cifiques, explicites et l\u00e9gitimes, dans le cadre strictement n\u00e9cessaire, et sont trait\u00e9es de mani\u00e8re compatible avec ces objectifs.<\/p>\n\n\n\n<p>La Soci\u00e9t\u00e9 collectera et traitera des donn\u00e9es personnelles uniquement dans les cas o\u00f9 la loi le permet:<\/p>\n\n\n\n<ul class=\"list-dotted\"><li>le traitement est n\u00e9cessaire \u00e0 l&#8217;ex\u00e9cution d&#8217;une obligation l\u00e9gale;<\/li><li>lorsqu&#8217;un individu a consenti au traitement de ses donn\u00e9es personnelles;<\/li><li>le traitement est n\u00e9cessaire \u00e0 l&#8217;ex\u00e9cution d&#8217;un contrat, la partie contractante \u00e9tant la personne concern\u00e9e par les donn\u00e9es personnelles, ou \u00e0 la mise en \u0153uvre des mesures \u00e0 la demande de cette personne avant la conclusion du contrat;<\/li><li>le traitement est n\u00e9cessaire pour prot\u00e9ger les int\u00e9r\u00eats vitaux de la personne concern\u00e9e par les donn\u00e9es personnelles ou ceux d&#8217;autres individus;<\/li><li>le traitement est n\u00e9cessaire pour les int\u00e9r\u00eats l\u00e9gaux de la Soci\u00e9t\u00e9 ou de ses filiales.<\/li><\/ul>\n\n\n\n<h2 class=\"wp-block-heading\">Collecte et utilisation des donn\u00e9es personnelles<\/h2>\n\n\n\n<p>Les donn\u00e9es personnelles sont des informations qui vous identifient directement ou indirectement.&nbsp;Par exemple, votre nom et pr\u00e9nom, votre adresse \u00e9lectronique, votre num\u00e9ro de t\u00e9l\u00e9phone, votre adresse IP ou votre adresse postale.<\/p>\n\n\n\n<p>La soci\u00e9t\u00e9 ne collecte vos informations personnelles que lorsque vous les soumettez explicitement (par exemple, lors de la recherche d&#8217;un produit ou d&#8217;un service particulier, de la conclusion d&#8217;un contrat ou de demandes relatives \u00e0 certaines d\u00e9marches avant la conclusion du contrat, de l&#8217;int\u00e9gration dans des programmes de fid\u00e9lisation, lorsque vous vous inscrivez \u00e0 des newsletters, lors de la participation \u00e0 des sondages, concours et jeux concours, lors de la commande d&#8217;\u00e9chantillons ou de brochures, lors de demandes de dons et de certaines informations, lors du d\u00e9p\u00f4t d&#8217;un CV ou d&#8217;une candidature ouverte, ou lors de la recherche de postes vacants, ainsi que lors d&#8217;une embauche dans notre soci\u00e9t\u00e9&#8230;).<\/p>\n\n\n\n<p>Nous collectons, stockons, utilisons ou transmettons vos informations personnelles dans le cadre (contenu et temps) n\u00e9cessaire dans un cas particulier, par exemple pour r\u00e9pondre \u00e0 vos questions, pour satisfaire vos exigences, pour vous informer de nos produits, des r\u00e9sultats des concours ou des jeux concours, pour ex\u00e9cuter une obligation contractuelle ou action urgente avant la conclusion d&#8217;un contrat, ou pour remplir nos autres obligations l\u00e9gales et juridiques.&nbsp;Pour ces raisons, la Soci\u00e9t\u00e9 doit parfois transf\u00e9rer des donn\u00e9es personnelles \u00e0 d&#8217;autres soci\u00e9t\u00e9s d&#8217;Atlantic Grupa et \u00e0 des soci\u00e9t\u00e9s li\u00e9es ou \u00e0 des fournisseurs de services externes pour un traitement ult\u00e9rieur.&nbsp;Les fournisseurs de services peuvent \u00eatre impliqu\u00e9s, par exemple, dans le cadre de services de centres d&#8217;appels, de la distribution de produits ou de mat\u00e9riel publicitaire ou de l&#8217;organisation et de la r\u00e9alisation de jeux concours.&nbsp;La soci\u00e9t\u00e9 exige de ces parties qu&#8217;elles adoptent les r\u00e9glementations l\u00e9gales applicables, se conforment \u00e0 nos instructions et \u00e0 nos r\u00e8gles internes en mati\u00e8re de protection des donn\u00e9es personnelles, et prennent les mesures de protection organisationnelles et techniques appropri\u00e9es.&nbsp;Pour ces raisons, vos donn\u00e9es personnelles devront \u00e9galement \u00eatre transf\u00e9r\u00e9es vers d&#8217;autres pays de l&#8217;UE ou des pays ext\u00e9rieurs \u00e0 l&#8217;UE, mais dans ce type de transfert, la Soci\u00e9t\u00e9 s&#8217;assurera qu&#8217;il sera pleinement conforme \u00e0 la loi et effectu\u00e9 en prenant toutes les mesures de protection des donn\u00e9es personnelles disponibles et appropri\u00e9es.<\/p>\n\n\n\n<p>La Soci\u00e9t\u00e9 garantit que vos informations personnelles ne seront pas vendues \u00e0 qui que ce soit, qu&#8217;elles ne seront pas transf\u00e9r\u00e9es ou pr\u00eat\u00e9es \u00e0 un tiers, si cela n&#8217;est pas n\u00e9cessaire pour atteindre le but sp\u00e9cifique pour lequel vous nous avez fourni des informations personnelles, elle garantit \u00e9galement que vos informations personnelles ne seront pas donn\u00e9es \u00e0 un destinataire non autoris\u00e9.<\/p>\n\n\n\n<p>Il est possible que nous devions fournir vos donn\u00e9es personnelles \u00e0 l&#8217;autorit\u00e9 publique comp\u00e9tente, si cela est requis par la loi ou par une autre r\u00e9glementation contraignante.<\/p>\n\n\n\n<p>Les donn\u00e9es collect\u00e9es seront stock\u00e9es aussi longtemps que n\u00e9cessaire aux fins pour lesquelles elles ont \u00e9t\u00e9 collect\u00e9es, ou dans les d\u00e9lais impartis par la r\u00e9glementation en vigueur.<\/p>\n\n\n\n<h2 class=\"wp-block-heading\">Utilisation de donn\u00e9es personnelles \u00e0 des fins publicitaires et de marketing<\/h2>\n\n\n\n<p>Lorsque vos informations personnelles sont utilis\u00e9es \u00e0 des fins publicitaires et de marketing conform\u00e9ment aux lois en vigueur en mati\u00e8re de la protection des donn\u00e9es, elles sont stock\u00e9es et utilis\u00e9es \u00e0 ces fins, par exemple pour l&#8217;envoi de notifications \u00e9lectroniques, d&#8217;\u00e9chantillons de produits, d&#8217;invitations \u00e0 participer \u00e0 des concours ou des jeux concours, par mail ou par courrier ou par un autre moyen de communication que vous avez accept\u00e9.<\/p>\n\n\n\n<p>Si vos donn\u00e9es personnelles sont utilis\u00e9es dans le but d\u2019envoyer des annonces et des promotions personnalis\u00e9es afin de cr\u00e9er et de g\u00e9rer un profil d\u2019utilisateur, vous en serez averti, c&#8217;est-\u00e0-dire avant l&#8217;envoi de telles annonces et promotions, et avant le traitement de ce type de donn\u00e9es personnelles, nous vous demanderons votre consentement sp\u00e9cifique, explicite et averti.<\/p>\n\n\n\n<p>Nous utiliserons \u00e9galement vos informations si nous voulons analyser et am\u00e9liorer l&#8217;efficacit\u00e9 de nos services en ligne, publicit\u00e9, marketing, \u00e9tudes de march\u00e9 et efforts de vente dans le cadre d&#8217;enqu\u00eates ou de divers autres questionnaires, d&#8217;une mani\u00e8re qui garantira que vos informations personnelles ne seront pas li\u00e9es \u00e0 un nom ou qu&#8217;elles ne peuvent pas \u00eatre reli\u00e9es \u00e0 une personne sp\u00e9cifique.<\/p>\n\n\n\n<h2 class=\"wp-block-heading\">Faire respecter les droits d&#8217;un individu<\/h2>\n\n\n\n<p>\u00c0 tout moment, vous pouvez nous demander des informations sur vos donn\u00e9es personnelles que nous traitons ou nous demander de les corriger, vous pouvez r\u00e9voquer leur utilisation, supprimer vos donn\u00e9es personnelles ou encore annuler votre consentement pour leur utilisation pour tout ou partie seulement (sauf lorsque ce n&#8217;est pas possible, par exemple lorsqu&#8217;il s&#8217;agit de traiter des donn\u00e9es \u00e0 des fins statistiques pour lesquelles les donn\u00e9es personnelles ne permettent en aucun cas une identification), ou interdire de transf\u00e9rer des donn\u00e9es \u00e0 un autre responsable du traitement dans des conditions l\u00e9gales, de m\u00eame vous pouvez vous d\u00e9sabonner de la r\u00e9ception de nos informations et de nos supports promotionnels.<\/p>\n\n\n\n<p>Vous pouvez \u00e9galement d\u00e9poser une objection \u00e0 l&#8217;utilisation de vos donn\u00e9es personnelles dans des situations justifi\u00e9es par l&#8217;existence de notre int\u00e9r\u00eat l\u00e9gitime, en particulier lorsqu&#8217;elles sont utilis\u00e9es \u00e0 des fins de marketing direct.<\/p>\n\n\n\n<p>De notre c\u00f4t\u00e9, nous veillerons dans la mesure du possible et du raisonnable \u00e0 ce que les donn\u00e9es personnelles que vous nous avez communiqu\u00e9es soient correctement enregistr\u00e9es, ceci dit leur exactitude est aussi de votre responsabilit\u00e9, par cons\u00e9quent, nous vous demandons de les mettre \u00e0 jour r\u00e9guli\u00e8rement et en temps utile, ou de nous envoyer une demande de modification ou de correction.<\/p>\n\n\n\n<p>Pour exercer tous vos droits et obligations concernant l&#8217;utilisation des donn\u00e9es personnelles, vous pouvez contacter l&#8217;adresse mail ou l&#8217;adresse du si\u00e8ge de la Soci\u00e9t\u00e9, que vous trouverez sur le site internet, ou par mail: <a href=\"mailto:dpo@atlanticgrupa.com\">dpo@atlanticgrupa.com<\/a>, ou selon les consignes sur le mat\u00e9riel promotionnel fourni.<br>Ob vzpostavitvi kontakta in prejemu navedenih zahtev, bomo vlo\u017eili razumne napore, da potrdimo va\u0161o identiteto in prepre\u010dimo neavtorizirano obdelavo osebnih podatkov.&nbsp;<\/p>\n\n\n\n<p>Lors de la prse de contact et de la r\u00e9ception de ces demandes, nous ferons raisonnablement notre possible pour confirmer votre identit\u00e9 et emp\u00eacher le traitement non autoris\u00e9 de donn\u00e9es personnelles.&nbsp;Apr\u00e8s la r\u00e9ception de vos demandes, l&#8217;action requise sera r\u00e9alis\u00e9e dans un d\u00e9lai raisonnable, mais au plus tard dans les 30 jours suivant la r\u00e9ception et nous vous en informerons le cas \u00e9ch\u00e9ant, le tout conform\u00e9ment \u00e0 la loi.<\/p>\n\n\n\n<h2 class=\"wp-block-heading\">Enfants<\/h2>\n\n\n\n<p>En r\u00e8gle g\u00e9n\u00e9rale, nous ne recueillons pas d&#8217;informations sur les enfants.&nbsp;Si nous constatons qu&#8217;elles ont \u00e9t\u00e9 envoy\u00e9es sans le consentement des parents ou repr\u00e9sentants l\u00e9gaux, nous les supprimerons d\u00e8s que possible.&nbsp;Nous suivrons les directives que nous avons re\u00e7ues de votre part en tant que parent ou repr\u00e9sentant l\u00e9gal.<\/p>\n\n\n\n<p>Dans la mesure o\u00f9 nous collecterions pour certaines raisons des donn\u00e9es relatives aux enfants dont l&#8217;\u00e2ge requiert l&#8217;accord des parents pour traiter leurs donn\u00e9es personnelles conform\u00e9ment au droit en vigueur, nous publierions les informations pertinentes et utiliserions des mesures raisonnables pour d\u00e9terminer si les enfants ont le consentement de leurs parents ou de leur repr\u00e9sentant l\u00e9gal.<\/p>\n\n\n\n<h2 class=\"wp-block-heading\">Protection des donn\u00e9es<\/h2>\n\n\n\n<p>Nous avons mis en place des mesures techniques et organisationnelles pour \u00e9viter la perte de vos donn\u00e9es, la modification, l&#8217;ali\u00e9nation, l&#8217;acc\u00e8s non autoris\u00e9 par des tiers ou tout traitement non autoris\u00e9 de telles donn\u00e9es. L&#8217;acc\u00e8s \u00e0 vos informations personnelles est limit\u00e9 aux employ\u00e9s qui en ont besoin pour vous fournir nos services ou pour satisfaire vos demandes.&nbsp;Nous sensibilisons constamment nos employ\u00e9s \u00e0 l&#8217;importance de la confidentialit\u00e9 des donn\u00e9es, de la protection de la vie priv\u00e9e et de la protection de vos informations.<\/p>\n\n\n\n<p>Nous collectons uniquement les donn\u00e9es n\u00e9cessaires \u00e0 un traitement sp\u00e9cifique et elles ne sont pas conserv\u00e9es plus longtemps que n\u00e9cessaire ou comme d\u00e9termin\u00e9 par la loi.&nbsp;Sur notre site internet, vous trouverez parfois des liens vers d&#8217;autres sites internet ou portails, nous pouvons \u00e9galement vous proposer les caract\u00e9ristiques des r\u00e9seaux sociaux permettant le partage d&#8217;informations personnelles sur les r\u00e9seaux sociaux.&nbsp;Nous vous recommandons vivement de lire au pr\u00e9alable les r\u00e8gles sur la protection des donn\u00e9es personnelles sur ces portails, r\u00e9seaux sociaux ou aupr\u00e8s des tiers, ainsi que les mesures prises pour les prot\u00e9ger, car elles peuvent diff\u00e9rer des pr\u00e9sentes r\u00e8gles et des mesures que nous avons adopt\u00e9es, ce dont nous ne pouvons pas \u00eatre tenus pour responsable.<\/p>\n\n\n\n<h2 class=\"wp-block-heading\">Limitation de responsabilit\u00e9<\/h2>\n\n\n\n<p>Bien que nous prenions des mesures techniques, organisationnelles et humaines accessibles visant \u00e0 prot\u00e9ger les donn\u00e9es personnelles contre toute fraude accidentelle ou d\u00e9lib\u00e9r\u00e9e, destruction, perte, modification ou acc\u00e8s non autoris\u00e9s, nous ne pouvons pas garantir que certaines donn\u00e9es personnelles que nous recueillons, malgr\u00e9 les dispositions de la pr\u00e9sente politique de confidentialit\u00e9, ne seront jamais divulgu\u00e9es accidentellement.<\/p>\n\n\n\n<p>Dans la limite de la latitude permise par la loi, nous d\u00e9clinons toute responsabilit\u00e9 pour les dommages caus\u00e9s \u00e0 des utilisateurs ou \u00e0 des tiers par la divulgation accidentelle de donn\u00e9es personnelles.<\/p>\n\n\n\n<p>Puisque nous ne contr\u00f4lons pas les informations personnelles que vous fournissez lorsque vous acc\u00e9dez \u00e0 d&#8217;autres portails, ni l\u2019utilisation qui en est faite par ces portails ou directement par des tiers (par exemple, lors de la participation \u00e0 des activit\u00e9s parrain\u00e9es), nous excluons toute responsabilit\u00e9 pour les dommages qui pourraient \u00eatre caus\u00e9s \u00e0 vous ou \u00e0 des tiers en raison de la communication des donn\u00e9es personnelles, dans la limite de ce que la loi permet.<\/p>\n\n\n\n<h2 class=\"wp-block-heading\">Mise \u00e0 jour et modification<\/h2>\n\n\n\n<p>Nous nous r\u00e9servons le droit de modifier ou de mettre \u00e0 jour des parties de cette politique \u00e0 tout moment et sans pr\u00e9avis.&nbsp;Visitez notre site internet de temps \u00e0 autre pour vous informer des changements ou des mises \u00e0 jour de notre politique.&nbsp;La date d&#8217;entr\u00e9e en vigueur de la version actuelle de notre politique sera publi\u00e9e.<\/p>\n","protected":false},"excerpt":{"rendered":"<p>Droits d&#8217;auteur Tous les contenus publi\u00e9s sur le site internet d&#8217;Argeta sont la propri\u00e9t\u00e9 de ATLANTIC DROGA KOLINSKA d.o.o. et sont soumis, dans le cadre l\u00e9gal autoris\u00e9, \u00e0 la protection des droits d&#8217;auteur ou \u00e0 d&#8217;autres formes de protection de la propri\u00e9t\u00e9 intellectuelle. Les contenus (textes, illustrations, logos&#8230;) publi\u00e9s sur ce site internet ne peuvent [&hellip;]<\/p>\n","protected":false},"author":10,"featured_media":0,"parent":0,"menu_order":0,"comment_status":"closed","ping_status":"closed","template":"page-privacy.php","meta":{"_acf_changed":false,"footnotes":""},"acf":[],"yoast_head":"<!-- This site is optimized with the Yoast SEO plugin v22.4 - https:\/\/yoast.com\/wordpress\/plugins\/seo\/ -->\n<title>Mentions l\u00e9gales - Swiss FR<\/title>\n<meta name=\"robots\" content=\"noindex, follow, max-snippet:-1, max-image-preview:large, max-video-preview:-1\" \/>\n<meta property=\"og:locale\" content=\"en_US\" \/>\n<meta property=\"og:type\" content=\"article\" \/>\n<meta property=\"og:title\" content=\"Mentions l\u00e9gales - Swiss FR\" \/>\n<meta property=\"og:description\" content=\"Droits d&#8217;auteur Tous les contenus publi\u00e9s sur le site internet d&#8217;Argeta sont la propri\u00e9t\u00e9 de ATLANTIC DROGA KOLINSKA d.o.o. et sont soumis, dans le cadre l\u00e9gal autoris\u00e9, \u00e0 la protection des droits d&#8217;auteur ou \u00e0 d&#8217;autres formes de protection de la propri\u00e9t\u00e9 intellectuelle. Les contenus (textes, illustrations, logos&#8230;) publi\u00e9s sur ce site internet ne peuvent [&hellip;]\" \/>\n<meta property=\"og:url\" content=\"https:\/\/old-argeta.cnj.digital\/ch-fr\/mentions-legales\/\" \/>\n<meta property=\"og:site_name\" content=\"Swiss FR\" \/>\n<meta property=\"article:modified_time\" content=\"2021-05-27T12:19:29+00:00\" \/>\n<meta name=\"twitter:card\" content=\"summary_large_image\" \/>\n<meta name=\"twitter:label1\" content=\"Est. reading time\" \/>\n\t<meta name=\"twitter:data1\" content=\"10 minutes\" \/>\n<script type=\"application\/ld+json\" class=\"yoast-schema-graph\">{\"@context\":\"https:\/\/schema.org\",\"@graph\":[{\"@type\":\"WebPage\",\"@id\":\"https:\/\/old-argeta.cnj.digital\/ch-fr\/mentions-legales\/\",\"url\":\"https:\/\/old-argeta.cnj.digital\/ch-fr\/mentions-legales\/\",\"name\":\"Mentions l\u00e9gales - Swiss FR\",\"isPartOf\":{\"@id\":\"https:\/\/old-argeta.cnj.digital\/ch-fr\/#website\"},\"datePublished\":\"2019-12-10T16:50:11+00:00\",\"dateModified\":\"2021-05-27T12:19:29+00:00\",\"breadcrumb\":{\"@id\":\"https:\/\/old-argeta.cnj.digital\/ch-fr\/mentions-legales\/#breadcrumb\"},\"inLanguage\":\"en-US\",\"potentialAction\":[{\"@type\":\"ReadAction\",\"target\":[\"https:\/\/old-argeta.cnj.digital\/ch-fr\/mentions-legales\/\"]}]},{\"@type\":\"BreadcrumbList\",\"@id\":\"https:\/\/old-argeta.cnj.digital\/ch-fr\/mentions-legales\/#breadcrumb\",\"itemListElement\":[{\"@type\":\"ListItem\",\"position\":1,\"name\":\"Home\",\"item\":\"https:\/\/old-argeta.cnj.digital\/ch-fr\/\"},{\"@type\":\"ListItem\",\"position\":2,\"name\":\"Mentions l\u00e9gales\"}]},{\"@type\":\"WebSite\",\"@id\":\"https:\/\/old-argeta.cnj.digital\/ch-fr\/#website\",\"url\":\"https:\/\/old-argeta.cnj.digital\/ch-fr\/\",\"name\":\"Swiss FR\",\"description\":\"Argeta, le bon c\u00f4t\u00e9 du pain.\",\"publisher\":{\"@id\":\"https:\/\/old-argeta.cnj.digital\/ch-fr\/#organization\"},\"potentialAction\":[{\"@type\":\"SearchAction\",\"target\":{\"@type\":\"EntryPoint\",\"urlTemplate\":\"https:\/\/old-argeta.cnj.digital\/ch-fr\/?s={search_term_string}\"},\"query-input\":\"required name=search_term_string\"}],\"inLanguage\":\"en-US\"},{\"@type\":\"Organization\",\"@id\":\"https:\/\/old-argeta.cnj.digital\/ch-fr\/#organization\",\"name\":\"Argeta\",\"url\":\"https:\/\/old-argeta.cnj.digital\/ch-fr\/\",\"logo\":{\"@type\":\"ImageObject\",\"inLanguage\":\"en-US\",\"@id\":\"https:\/\/old-argeta.cnj.digital\/ch-fr\/#\/schema\/logo\/image\/\",\"url\":\"https:\/\/old-argeta.cnj.digital\/app\/uploads\/sites\/24\/2020\/03\/Argeta_logo-1.png\",\"contentUrl\":\"https:\/\/old-argeta.cnj.digital\/app\/uploads\/sites\/24\/2020\/03\/Argeta_logo-1.png\",\"width\":1000,\"height\":1000,\"caption\":\"Argeta\"},\"image\":{\"@id\":\"https:\/\/old-argeta.cnj.digital\/ch-fr\/#\/schema\/logo\/image\/\"}}]}<\/script>\n<!-- \/ Yoast SEO plugin. -->","yoast_head_json":{"title":"Mentions l\u00e9gales - Swiss FR","robots":{"index":"noindex","follow":"follow","max-snippet":"max-snippet:-1","max-image-preview":"max-image-preview:large","max-video-preview":"max-video-preview:-1"},"og_locale":"en_US","og_type":"article","og_title":"Mentions l\u00e9gales - Swiss FR","og_description":"Droits d&#8217;auteur Tous les contenus publi\u00e9s sur le site internet d&#8217;Argeta sont la propri\u00e9t\u00e9 de ATLANTIC DROGA KOLINSKA d.o.o. et sont soumis, dans le cadre l\u00e9gal autoris\u00e9, \u00e0 la protection des droits d&#8217;auteur ou \u00e0 d&#8217;autres formes de protection de la propri\u00e9t\u00e9 intellectuelle. Les contenus (textes, illustrations, logos&#8230;) publi\u00e9s sur ce site internet ne peuvent [&hellip;]","og_url":"https:\/\/old-argeta.cnj.digital\/ch-fr\/mentions-legales\/","og_site_name":"Swiss FR","article_modified_time":"2021-05-27T12:19:29+00:00","twitter_card":"summary_large_image","twitter_misc":{"Est. reading time":"10 minutes"},"schema":{"@context":"https:\/\/schema.org","@graph":[{"@type":"WebPage","@id":"https:\/\/old-argeta.cnj.digital\/ch-fr\/mentions-legales\/","url":"https:\/\/old-argeta.cnj.digital\/ch-fr\/mentions-legales\/","name":"Mentions l\u00e9gales - Swiss FR","isPartOf":{"@id":"https:\/\/old-argeta.cnj.digital\/ch-fr\/#website"},"datePublished":"2019-12-10T16:50:11+00:00","dateModified":"2021-05-27T12:19:29+00:00","breadcrumb":{"@id":"https:\/\/old-argeta.cnj.digital\/ch-fr\/mentions-legales\/#breadcrumb"},"inLanguage":"en-US","potentialAction":[{"@type":"ReadAction","target":["https:\/\/old-argeta.cnj.digital\/ch-fr\/mentions-legales\/"]}]},{"@type":"BreadcrumbList","@id":"https:\/\/old-argeta.cnj.digital\/ch-fr\/mentions-legales\/#breadcrumb","itemListElement":[{"@type":"ListItem","position":1,"name":"Home","item":"https:\/\/old-argeta.cnj.digital\/ch-fr\/"},{"@type":"ListItem","position":2,"name":"Mentions l\u00e9gales"}]},{"@type":"WebSite","@id":"https:\/\/old-argeta.cnj.digital\/ch-fr\/#website","url":"https:\/\/old-argeta.cnj.digital\/ch-fr\/","name":"Swiss FR","description":"Argeta, le bon c\u00f4t\u00e9 du pain.","publisher":{"@id":"https:\/\/old-argeta.cnj.digital\/ch-fr\/#organization"},"potentialAction":[{"@type":"SearchAction","target":{"@type":"EntryPoint","urlTemplate":"https:\/\/old-argeta.cnj.digital\/ch-fr\/?s={search_term_string}"},"query-input":"required name=search_term_string"}],"inLanguage":"en-US"},{"@type":"Organization","@id":"https:\/\/old-argeta.cnj.digital\/ch-fr\/#organization","name":"Argeta","url":"https:\/\/old-argeta.cnj.digital\/ch-fr\/","logo":{"@type":"ImageObject","inLanguage":"en-US","@id":"https:\/\/old-argeta.cnj.digital\/ch-fr\/#\/schema\/logo\/image\/","url":"https:\/\/old-argeta.cnj.digital\/app\/uploads\/sites\/24\/2020\/03\/Argeta_logo-1.png","contentUrl":"https:\/\/old-argeta.cnj.digital\/app\/uploads\/sites\/24\/2020\/03\/Argeta_logo-1.png","width":1000,"height":1000,"caption":"Argeta"},"image":{"@id":"https:\/\/old-argeta.cnj.digital\/ch-fr\/#\/schema\/logo\/image\/"}}]}},"_links":{"self":[{"href":"https:\/\/old-argeta.cnj.digital\/ch-fr\/wp-json\/wp\/v2\/pages\/295"}],"collection":[{"href":"https:\/\/old-argeta.cnj.digital\/ch-fr\/wp-json\/wp\/v2\/pages"}],"about":[{"href":"https:\/\/old-argeta.cnj.digital\/ch-fr\/wp-json\/wp\/v2\/types\/page"}],"author":[{"embeddable":true,"href":"https:\/\/old-argeta.cnj.digital\/ch-fr\/wp-json\/wp\/v2\/users\/10"}],"replies":[{"embeddable":true,"href":"https:\/\/old-argeta.cnj.digital\/ch-fr\/wp-json\/wp\/v2\/comments?post=295"}],"version-history":[{"count":5,"href":"https:\/\/old-argeta.cnj.digital\/ch-fr\/wp-json\/wp\/v2\/pages\/295\/revisions"}],"predecessor-version":[{"id":4112,"href":"https:\/\/old-argeta.cnj.digital\/ch-fr\/wp-json\/wp\/v2\/pages\/295\/revisions\/4112"}],"wp:attachment":[{"href":"https:\/\/old-argeta.cnj.digital\/ch-fr\/wp-json\/wp\/v2\/media?parent=295"}],"curies":[{"name":"wp","href":"https:\/\/api.w.org\/{rel}","templated":true}]}}