{"id":155,"date":"2019-04-19T11:16:02","date_gmt":"2019-04-19T11:16:02","guid":{"rendered":"https:\/\/old-argeta.cnj.digital\/es\/?page_id=155"},"modified":"2023-01-12T09:14:55","modified_gmt":"2023-01-12T09:14:55","slug":"cookies","status":"publish","type":"page","link":"https:\/\/old-argeta.cnj.digital\/es\/cookies\/","title":{"rendered":"Pol\u00edtica de cookies"},"content":{"rendered":"<h2>\u00bfQu\u00e9 es una cookie?<\/h2>\n<p>Una cookie es informaci\u00f3n que se almacena en su ordenador por la p\u00e1gina web que est\u00e9 visitando. Las cookies normalmente guardan sus ajustes de navegaci\u00f3n de la p\u00e1gina como su idioma de preferencia o direcci\u00f3n. Despu\u00e9s, cuando abra una p\u00e1gina web de nuevo, el navegador de internet enviar\u00e1 las cookies de vuelta a dicha p\u00e1gina. Esto permite a la p\u00e1gina mostrar informaci\u00f3n personalizada que se adapte a sus requisitos.<\/p>\n<p>Las cookies pueden contener gran variedad de informaci\u00f3n incluida informaci\u00f3n personal (su nombre o su direcci\u00f3n de correo electr\u00f3nico). Sin embargo, esta informaci\u00f3n se guardar\u00e1 solamente si usted lo permite, la p\u00e1gina web no puede acceder a informaci\u00f3n que usted no haya proporcionado, ni tampoco a otros archivos de su ordenador o dispositivo m\u00f3vil. Para usted la actividad predeterminada de almacenamiento y env\u00edo de cookies no es visible, pero, puede cambiar la configuraci\u00f3n de su navegador de internet para poder elegir aprobar o rechazar las solicitudes de cookies, eliminar cookies autom\u00e1ticamente cuando cierre su navegador, etc.<\/p>\n<h2>\u00bfC\u00f3mo puedo rechazar las cookies?<\/h2>\n<p>Si desactiva las cookies, decide si quiere o no permitir que las cookies se almacenen en su ordenador o dispositivo m\u00f3vil. La configuraci\u00f3n de las cookies se puede controlar y cambiar en su navegador de internet. Si desactiva las cookies es posible que no pueda utilizar ciertas funciones de las p\u00e1ginas web que visita.<\/p>\n<h2>\u00bfQu\u00e9 son las cookies temporales?<\/h2>\n<p>Las cookies temporales o cookies de sesi\u00f3n se eliminan de su ordenador cuando cierra su navegador. Las p\u00e1ginas web las utilizan para almacenar informaci\u00f3n temporalmente, como por ejemplo los productos en un carrito de compra.<\/p>\n<h2>\u00bfQu\u00e9 son las cookies permanentes?<\/h2>\n<p>Las cookies permanentes o guardadas permanecen en su ordenador una vez cierre su navegador de internet. Las p\u00e1ginas web las utilizan para almacenar informaci\u00f3n como por ejemplo nombre de usuario y contrase\u00f1a para que no tenga que introducirlas cada vez que visita dicha p\u00e1gina. Las cookies permanentes pueden almacenarse en su ordenador d\u00edas, meses e incluso a\u00f1os.<\/p>\n<h2>\u00bfQu\u00e9 son las cookies de origen?<\/h2>\n<p>Las cookies de origen provienen de los dominios de las p\u00e1ginas web que visita el usuario y pueden ser temporales o permanentes. Con la ayuda de estas cookies una p\u00e1gina web puede almacenar datos y utilizarlos cuando visite la p\u00e1gina de nuevo la pr\u00f3xima vez.<\/p>\n<h2>\u00bfQu\u00e9 son las cookies de terceros?<\/h2>\n<p>Las cookies de terceros proceden de otros dominios (como los de las ventanas emergentes u otros anuncios) que aparecen en la p\u00e1gina web que est\u00e9 visitando. Gracias a estas cookies otras p\u00e1ginas web pueden rastrear su uso del internet con fines comerciales.<\/p>\n<h2>\u00bfEsta p\u00e1gina web utiliza cookies?<\/h2>\n<p>S\u00ed, con el objetivo principal de mejorar su experiencia en nuestra p\u00e1gina web.<\/p>\n<h2>\u00bfQu\u00e9 tipo de cookies utiliza la presente p\u00e1gina web y por qu\u00e9?<\/h2>\n<p>Cookies tamporales o de sesi\u00f3n son las que caducan (y se eliminan autom\u00e1ticamente) cuando cierra el navegador de internet. Utilizamos cookies temporales para mejorar la experiencia del usuario durante su visita a nuestra p\u00e1gina web.<\/p>\n<p>Las cookies permanentes normalmente tienen una fecha de caducidad muy lejana en el tiempo y permanecer\u00e1n en su navegador hasta que caduquen o hasta que usted las elimine manualmente. Utilizamos cookies permanentes para comprender mejor los h\u00e1bitos del usuario para poder mejorar nuestra p\u00e1gina web seg\u00fan sus preferencias. No obstante, no es posible identificarle como usuario seg\u00fan los datos que se recogen a trav\u00e9s de estas cookies y dichos datos se utilizan exclusivamente para fines estad\u00edsticos.<\/p>\n<h2>\u00bfLa p\u00e1gina web utiliza cookies de terceros?<\/h2>\n<p>Varios servicios externos almacenan cookies de duraci\u00f3n limitada en el ordenador del usuario. Dichas cookies no est\u00e1n configuradas por esta p\u00e1gina web, aunque algunas sirven para garantizar el normal funcionamiento de ciertas funciones que facilitan el acceso al contenido a los usuarios. Por esta raz\u00f3n la informaci\u00f3n sobre la protecci\u00f3n de datos perteneciente a nuestra p\u00e1gina web solamente es aplicable a nuestra p\u00e1gina web; el tipo de protecci\u00f3n de datos que ofrecen los servicios externos se debe comprobar en sus p\u00e1ginas web oficiales.<\/p>\n<h2>Actualmente permitimos:<\/h2>\n<h3>Medici\u00f3n de tr\u00e1fico<\/h3>\n<p>Esta p\u00e1gina web utiliza un servicio de medici\u00f3n de tr\u00e1fico de visitantes, concretamente Google Analytics. No es posible identificar al usuario con estos datos que se recogen y utilizan \u00fanicamente para fines estad\u00edsticos. Si quiere que el servicio anteriormente mencionado no suministre cookies puede rechazarlas para casa servicio en el siguiente enlace:<\/p>\n<ul>\n<li>Google Analytics &#8211; https:\/\/tools.google.com\/dlpage\/gaoptout<\/li>\n<li>iProm &#8211; UID<\/li>\n<\/ul>\n<h2>M\u00e1s informaci\u00f3n sobre la desactivaci\u00f3n de las cookies<\/h2>\n<p>Actualmente existen varias p\u00e1ginas web en caso de que quiera desactivar las cookies de varios servicios.<\/p>\n<ul>\n<li>Encontrar\u00e1 m\u00e1s informaci\u00f3n en los siguientes enlaces:<\/li>\n<li>http:\/\/www.allaboutcookies.org\/<\/li>\n<li>http:\/\/www.youronlinechoices.eu\/<\/li>\n<\/ul>\n\n\n<figure class=\"wp-block-table table-cookies\"><table><tbody><tr><td><strong>Cookie<br>name<\/strong><\/td><td><strong>Storage<br>period<\/strong><\/td><td><strong>Who installs<br>the cookie<br>and manages<br>the data it<br>acquires<\/strong><\/td><td><strong>Domain<\/strong><\/td><td><strong>Purpose of the processing of the data collected<br>by the cookie<\/strong><\/td><\/tr><tr><td>UID<\/td><td>36<br>months<\/td><td>iPROM d.o.o.<\/td><td>iprom.net<\/td><td>iPROM&#8217;s advertising cookie allows the system to<br>set a cookie in order to display personalized ads on<br>other online media after the user leaves this<br>website. The system installs the cookie on the user<br>profile (browser) based on user\u2019s prior explicit<br>consent on the website. The user&#8217;s profile is<br>anonymous and does not contain personal<br>information.<\/td><\/tr><\/tbody><\/table><\/figure>\n","protected":false},"excerpt":{"rendered":"<p>\u00bfQu\u00e9 es una cookie? Una cookie es informaci\u00f3n que se almacena en su ordenador por la p\u00e1gina web que est\u00e9 visitando. Las cookies normalmente guardan sus ajustes de navegaci\u00f3n de la p\u00e1gina como su idioma de preferencia o direcci\u00f3n. Despu\u00e9s, cuando abra una p\u00e1gina web de nuevo, el navegador de internet enviar\u00e1 las cookies de [&hellip;]<\/p>\n","protected":false},"author":4,"featured_media":0,"parent":0,"menu_order":0,"comment_status":"closed","ping_status":"closed","template":"page-cookies.php","meta":{"_acf_changed":false,"footnotes":""},"acf":[],"yoast_head":"<!-- This site is optimized with the Yoast SEO plugin v22.4 - https:\/\/yoast.com\/wordpress\/plugins\/seo\/ -->\n<title>Pol\u00edtica de cookies - Argeta Spain<\/title>\n<meta name=\"robots\" content=\"noindex, follow, max-snippet:-1, max-image-preview:large, max-video-preview:-1\" \/>\n<meta property=\"og:locale\" content=\"en_US\" \/>\n<meta property=\"og:type\" content=\"article\" \/>\n<meta property=\"og:title\" content=\"Pol\u00edtica de cookies - Argeta Spain\" \/>\n<meta property=\"og:description\" content=\"\u00bfQu\u00e9 es una cookie? Una cookie es informaci\u00f3n que se almacena en su ordenador por la p\u00e1gina web que est\u00e9 visitando. Las cookies normalmente guardan sus ajustes de navegaci\u00f3n de la p\u00e1gina como su idioma de preferencia o direcci\u00f3n. Despu\u00e9s, cuando abra una p\u00e1gina web de nuevo, el navegador de internet enviar\u00e1 las cookies de [&hellip;]\" \/>\n<meta property=\"og:url\" content=\"https:\/\/old-argeta.cnj.digital\/es\/cookies\/\" \/>\n<meta property=\"og:site_name\" content=\"Argeta Spain\" \/>\n<meta property=\"article:modified_time\" content=\"2023-01-12T09:14:55+00:00\" \/>\n<meta name=\"twitter:card\" content=\"summary_large_image\" \/>\n<meta name=\"twitter:label1\" content=\"Est. reading time\" \/>\n\t<meta name=\"twitter:data1\" content=\"4 minutes\" \/>\n<script type=\"application\/ld+json\" class=\"yoast-schema-graph\">{\"@context\":\"https:\/\/schema.org\",\"@graph\":[{\"@type\":\"WebPage\",\"@id\":\"https:\/\/old-argeta.cnj.digital\/es\/cookies\/\",\"url\":\"https:\/\/old-argeta.cnj.digital\/es\/cookies\/\",\"name\":\"Pol\u00edtica de cookies - Argeta Spain\",\"isPartOf\":{\"@id\":\"https:\/\/old-argeta.cnj.digital\/es\/#website\"},\"datePublished\":\"2019-04-19T11:16:02+00:00\",\"dateModified\":\"2023-01-12T09:14:55+00:00\",\"breadcrumb\":{\"@id\":\"https:\/\/old-argeta.cnj.digital\/es\/cookies\/#breadcrumb\"},\"inLanguage\":\"en-US\",\"potentialAction\":[{\"@type\":\"ReadAction\",\"target\":[\"https:\/\/old-argeta.cnj.digital\/es\/cookies\/\"]}]},{\"@type\":\"BreadcrumbList\",\"@id\":\"https:\/\/old-argeta.cnj.digital\/es\/cookies\/#breadcrumb\",\"itemListElement\":[{\"@type\":\"ListItem\",\"position\":1,\"name\":\"Home\",\"item\":\"https:\/\/old-argeta.cnj.digital\/es\/\"},{\"@type\":\"ListItem\",\"position\":2,\"name\":\"Pol\u00edtica de cookies\"}]},{\"@type\":\"WebSite\",\"@id\":\"https:\/\/old-argeta.cnj.digital\/es\/#website\",\"url\":\"https:\/\/old-argeta.cnj.digital\/es\/\",\"name\":\"Argeta Spain\",\"description\":\"El lado bueno del pan.\",\"publisher\":{\"@id\":\"https:\/\/old-argeta.cnj.digital\/es\/#organization\"},\"potentialAction\":[{\"@type\":\"SearchAction\",\"target\":{\"@type\":\"EntryPoint\",\"urlTemplate\":\"https:\/\/old-argeta.cnj.digital\/es\/?s={search_term_string}\"},\"query-input\":\"required name=search_term_string\"}],\"inLanguage\":\"en-US\"},{\"@type\":\"Organization\",\"@id\":\"https:\/\/old-argeta.cnj.digital\/es\/#organization\",\"name\":\"Argeta\",\"url\":\"https:\/\/old-argeta.cnj.digital\/es\/\",\"logo\":{\"@type\":\"ImageObject\",\"inLanguage\":\"en-US\",\"@id\":\"https:\/\/old-argeta.cnj.digital\/es\/#\/schema\/logo\/image\/\",\"url\":\"https:\/\/old-argeta.cnj.digital\/app\/uploads\/sites\/15\/2020\/03\/Argeta_logo-1.png\",\"contentUrl\":\"https:\/\/old-argeta.cnj.digital\/app\/uploads\/sites\/15\/2020\/03\/Argeta_logo-1.png\",\"width\":1000,\"height\":1000,\"caption\":\"Argeta\"},\"image\":{\"@id\":\"https:\/\/old-argeta.cnj.digital\/es\/#\/schema\/logo\/image\/\"}}]}<\/script>\n<!-- \/ Yoast SEO plugin. -->","yoast_head_json":{"title":"Pol\u00edtica de cookies - Argeta Spain","robots":{"index":"noindex","follow":"follow","max-snippet":"max-snippet:-1","max-image-preview":"max-image-preview:large","max-video-preview":"max-video-preview:-1"},"og_locale":"en_US","og_type":"article","og_title":"Pol\u00edtica de cookies - Argeta Spain","og_description":"\u00bfQu\u00e9 es una cookie? Una cookie es informaci\u00f3n que se almacena en su ordenador por la p\u00e1gina web que est\u00e9 visitando. Las cookies normalmente guardan sus ajustes de navegaci\u00f3n de la p\u00e1gina como su idioma de preferencia o direcci\u00f3n. Despu\u00e9s, cuando abra una p\u00e1gina web de nuevo, el navegador de internet enviar\u00e1 las cookies de [&hellip;]","og_url":"https:\/\/old-argeta.cnj.digital\/es\/cookies\/","og_site_name":"Argeta Spain","article_modified_time":"2023-01-12T09:14:55+00:00","twitter_card":"summary_large_image","twitter_misc":{"Est. reading time":"4 minutes"},"schema":{"@context":"https:\/\/schema.org","@graph":[{"@type":"WebPage","@id":"https:\/\/old-argeta.cnj.digital\/es\/cookies\/","url":"https:\/\/old-argeta.cnj.digital\/es\/cookies\/","name":"Pol\u00edtica de cookies - Argeta Spain","isPartOf":{"@id":"https:\/\/old-argeta.cnj.digital\/es\/#website"},"datePublished":"2019-04-19T11:16:02+00:00","dateModified":"2023-01-12T09:14:55+00:00","breadcrumb":{"@id":"https:\/\/old-argeta.cnj.digital\/es\/cookies\/#breadcrumb"},"inLanguage":"en-US","potentialAction":[{"@type":"ReadAction","target":["https:\/\/old-argeta.cnj.digital\/es\/cookies\/"]}]},{"@type":"BreadcrumbList","@id":"https:\/\/old-argeta.cnj.digital\/es\/cookies\/#breadcrumb","itemListElement":[{"@type":"ListItem","position":1,"name":"Home","item":"https:\/\/old-argeta.cnj.digital\/es\/"},{"@type":"ListItem","position":2,"name":"Pol\u00edtica de cookies"}]},{"@type":"WebSite","@id":"https:\/\/old-argeta.cnj.digital\/es\/#website","url":"https:\/\/old-argeta.cnj.digital\/es\/","name":"Argeta Spain","description":"El lado bueno del pan.","publisher":{"@id":"https:\/\/old-argeta.cnj.digital\/es\/#organization"},"potentialAction":[{"@type":"SearchAction","target":{"@type":"EntryPoint","urlTemplate":"https:\/\/old-argeta.cnj.digital\/es\/?s={search_term_string}"},"query-input":"required name=search_term_string"}],"inLanguage":"en-US"},{"@type":"Organization","@id":"https:\/\/old-argeta.cnj.digital\/es\/#organization","name":"Argeta","url":"https:\/\/old-argeta.cnj.digital\/es\/","logo":{"@type":"ImageObject","inLanguage":"en-US","@id":"https:\/\/old-argeta.cnj.digital\/es\/#\/schema\/logo\/image\/","url":"https:\/\/old-argeta.cnj.digital\/app\/uploads\/sites\/15\/2020\/03\/Argeta_logo-1.png","contentUrl":"https:\/\/old-argeta.cnj.digital\/app\/uploads\/sites\/15\/2020\/03\/Argeta_logo-1.png","width":1000,"height":1000,"caption":"Argeta"},"image":{"@id":"https:\/\/old-argeta.cnj.digital\/es\/#\/schema\/logo\/image\/"}}]}},"_links":{"self":[{"href":"https:\/\/old-argeta.cnj.digital\/es\/wp-json\/wp\/v2\/pages\/155"}],"collection":[{"href":"https:\/\/old-argeta.cnj.digital\/es\/wp-json\/wp\/v2\/pages"}],"about":[{"href":"https:\/\/old-argeta.cnj.digital\/es\/wp-json\/wp\/v2\/types\/page"}],"author":[{"embeddable":true,"href":"https:\/\/old-argeta.cnj.digital\/es\/wp-json\/wp\/v2\/users\/4"}],"replies":[{"embeddable":true,"href":"https:\/\/old-argeta.cnj.digital\/es\/wp-json\/wp\/v2\/comments?post=155"}],"version-history":[{"count":3,"href":"https:\/\/old-argeta.cnj.digital\/es\/wp-json\/wp\/v2\/pages\/155\/revisions"}],"predecessor-version":[{"id":3710,"href":"https:\/\/old-argeta.cnj.digital\/es\/wp-json\/wp\/v2\/pages\/155\/revisions\/3710"}],"wp:attachment":[{"href":"https:\/\/old-argeta.cnj.digital\/es\/wp-json\/wp\/v2\/media?parent=155"}],"curies":[{"name":"wp","href":"https:\/\/api.w.org\/{rel}","templated":true}]}}