{"id":157,"date":"2019-04-19T11:13:30","date_gmt":"2019-04-19T11:13:30","guid":{"rendered":"https:\/\/old-argeta.cnj.digital\/es\/?page_id=157"},"modified":"2021-05-27T12:18:13","modified_gmt":"2021-05-27T12:18:13","slug":"aviso-legal","status":"publish","type":"page","link":"https:\/\/old-argeta.cnj.digital\/es\/aviso-legal\/","title":{"rendered":"Aviso legal"},"content":{"rendered":"<h2>Derechos de autor<\/h2>\n<p>Todo el contenido publicado en los sitios web de Argeta es propiedad de la sociedad ATLANTIC DROGA KOLINSKA d.o.o. y est\u00e1 protegida por las leyes que rigen los derechos de autor u otras formas de protecci\u00f3n de la propiedad intelectual.<\/p>\n<p>Los contenidos (textos, im\u00e1genes, logotipos, etc.) publicados en estos sitios web pueden utilizarse exclusivamente para fines no comerciales y no pueden ser modificados, copiados, reproducidos, publicados de nuevo, enviados por correo o distribuidos de cualquier otra manera con fines comerciales sin el permiso expreso y por escrito de ATLANTIC DROGA KOLINSKA d.o.o.<\/p>\n<p>Todas las reproducciones o copias de los contenidos de este sitio web deben conservar todas las indicaciones relativas a los derechos de autor, as\u00ed como cualquier otro aviso de propiedad intelectual o de cualquier otra naturaleza (la indicaci\u00f3n \u00a9 2015 ATLANTIC DROGA KOLINSKA d.o.o. Todos los derechos reservados. ATLANTIC DROGA KOLINSKA d.o.o. forma parte de Atlantic Grupa).<\/p>\n<p>Las marcas registradas y marcas de servicio que aparecen en estos sitios web son marcas registradas, donde el titular o licenciatario es ATLANTIC DROGA KOLINSKA d.o.o. (en lo sucesivo tambi\u00e9n \u00abla Empresa\u00bb) o sus sociedades relacionadas. El uso de estas marcas est\u00e1 expresamente prohibido, salvo en los casos especificados en este texto.<\/p>\n<h2>Pol\u00edtica de privacidad<\/h2>\n<p>ATLANTIC DROGA KOLINSKA d.o.o. (en adelante: \u00abla Empresa\u00bb) forma parte del sistema empresarial Atlantic Grupa que ha creado, mantiene y aplica altos est\u00e1ndares de buena gobernanza empresarial y transparencia que implican un comportamiento responsable, legal y \u00e9tico de todas las entidades de Atlantic Grupa, incluido el respeto por la privacidad y la protecci\u00f3n de datos personales.<\/p>\n<p>En conformidad con los est\u00e1ndares anteriormente mencionados la Empresa, como responsable del tratamiento dentro del sistema empresarial Atlantic Grupa, recoge y procesa datos personales de forma legal, justa y transparente seg\u00fan las regulaciones pertinentes y tomando medidas t\u00e9cnicas y organizativas apropiadas con el objetivo de proteger dichos datos ante accesos no autorizados y uso abusivo.<\/p>\n<p>La Empresa es consciente de que la protecci\u00f3n de datos personales es importante para nuestros usuarios y otros interesados. Por tanto, queremos informarle de los datos personales que recogemos, la forma en que los procesamos y protegemos.<\/p>\n<p>Finalidad, alcance y base legal para el tratamiento de datos<\/p>\n<p>Los datos personales se recogen para fines especiales, expl\u00edcitos y leg\u00edtimos con el alcance necesario y se procesan de forma consistente con dichos fines.<\/p>\n<p>La Empresa recoger\u00e1 y procesar\u00e1 datos personales solamente en los casos que lo permitan las regulaciones aplicables:<\/p>\n<ul>\n<li>Cuando el tratamiento de datos sea necesario para cumplir obligaciones legales;<\/li>\n<li>Cuando el interesado ha autorizado dicho tratamiento de sus datos personales;<\/li>\n<li>Cuando el tratamiento de datos sea necesario para la ejecuci\u00f3n de un contrato en el que el interesado cuyos datos personales se recogen representa una parte o para tomar medidas a petici\u00f3n del interesado antes de firmar el contrato;<\/li>\n<li>Cuando el tratamiento de datos sea necesario para proteger los intereses clave del interesado u otra persona f\u00edsica;<\/li>\n<li>Cuando el tratamiento de datos sea necesario en virtud de intereses leg\u00edtimos de la Empresa o sus empresas asociadas.<\/li>\n<\/ul>\n<h2>Recogida y uso de datos personales<\/h2>\n<p>Los datos personales son toda informaci\u00f3n que le identifica directa o indirectamente. Dichos datos incluyen su nombre y apellidos, direcci\u00f3n de correo electr\u00f3nico, n\u00famero de tel\u00e9fono, direcci\u00f3n IP o direcci\u00f3n postal.<\/p>\n<p>La Empresa no recoge sus datos personales a menos que usted nos env\u00ede dicha informaci\u00f3n expl\u00edcitamente (por ejemplo, al realizar una consulta sobre un producto o servicio, celebrar un contrato o solicitar ciertas acciones antes de celebrar un contrato, unirse a un programa de fidelidad, suscribirse a un bolet\u00edn de noticias electr\u00f3nico, participar en encuestas, competiciones y juegos con premios, pedir muestras o folletos, pedir donaciones, solicitar informaci\u00f3n, enviar un curr\u00edculum o licitar una oferta o solicitar vacantes, as\u00ed como trabajar en nuestra Empresa, etc\u00e9tera).<\/p>\n<p>Sus datos personales se recogen, almacenan, utilizan o transmiten en medida de lo necesario, en t\u00e9rminos tanto de contenido como de tiempo, en cada caso particular, como por ejemplo contestar a su solicitud, cumplir sus requisitos, informarle de nuestros productos, comunicar resultados de concursos o juegos con premios; ejecutar una obligaci\u00f3n contractual o realizar una acci\u00f3n necesaria antes de celebrar un contrato o cumplir otras obligaciones legales o reglamentarias. Para cumplir dichos fines la Empresa necesita transferir de forma ocasional datos personales a otras empresas dentro de Atlantic Grupa y empresas asociadas o a proveedores de servicios externos para posterior tratamiento de datos. Los proveedores de servicios pueden por ejemplo participar en el contexto de servicios de un centro de llamadas, distribuci\u00f3n de bienes o material publicitario u organizaci\u00f3n y realizaci\u00f3n de juegos con premios. La Empresa solicita que dichas partes cumplan las regulaciones legales aplicables, sigan nuestras instrucciones y cumplan nuestras reglas internas respecto a la protecci\u00f3n de datos personales as\u00ed como los requisitos de aplicaci\u00f3n de las medidas de protecci\u00f3n adecuadas organizativas y t\u00e9cnicas para hacer efectiva dicha protecci\u00f3n. Por las mismas razones su informaci\u00f3n personal tendr\u00e1 que transferirse en ocasiones a otros pa\u00edses de la UE o fuera de la UE, en cuyo caso la Empresa garantizar\u00e1 que la transferencia se realice en conformidad con la ley y que se tomen todas las medidas adecuadas y disponibles de protecci\u00f3n de datos personales.<\/p>\n<p>La Empresa garantiza que sus datos personales no se vender\u00e1n a ning\u00fan tercero. No se enviar\u00e1n o ceder\u00e1n sus datos personales a un tercero a menos que sea necesario para cierto fin para el que usted nos haya concedido su autorizaci\u00f3n. Garantizamos que sus datos no se transmitir\u00e1n a ning\u00fan receptor no autorizado.<\/p>\n<p>Es posible que sus datos personales se env\u00eden a una entidad competente de autoridad p\u00fablica si la ley as\u00ed lo requiere o en virtud de cualquier otra regulaci\u00f3n obligatoria.<\/p>\n<p>Los datos recogidos se almacenar\u00e1n el tiempo que sea necesario para la finalidad con la que se hayan recogido en primer lugar o durante el tiempo que establezcan las regulaciones aplicables.<\/p>\n<h2>Uso de datos personales para fines publicitarios y de marketing<\/h2>\n<p>Cuando sus datos personales se utilicen para fines publicitarios y de marketing seg\u00fan las regulaciones legales aplicables en materia de protecci\u00f3n de sus datos personales dichos datos se almacenar\u00e1n y utilizar\u00e1n para dichos fines como por ejemplo el env\u00edo de boletines informativos, muestras de productos, invitaciones a participar en competiciones y juegos con premios, a trav\u00e9s del correo electr\u00f3nico o postal u otro canal de comunicaci\u00f3n que usted haya aceptado.<\/p>\n<p>Si sus datos personales se utilizan para enviarle material publicitario y de promoci\u00f3n personalizado para la creaci\u00f3n y el mantenimiento de un perfil de usuario, le notificaremos previamente, antes de enviarle dichos anuncios o promociones, y solicitaremos su autorizaci\u00f3n espec\u00edfica, expl\u00edcita e informada para dicho tratamiento de datos.<\/p>\n<p>Utilizaremos su informaci\u00f3n en caso de analizar y mejorar la eficiencia de nuestros servicios de internet, publicidad, marketing, investigaci\u00f3n de mercado y actividades de venta a trav\u00e9s de encuestas u otro tipo de consultas o de una forma en que se garantice que en su informaci\u00f3n personal no consta su nombre ni ning\u00fan otro tipo de informaci\u00f3n que pueda estar relacionada con su persona.<\/p>\n<h2>Ejercicio de los derechos de los interesados<\/h2>\n<p>Usted puede solicitar informaci\u00f3n acerca de los datos personales que nosotros tratamos en cualquier momento, as\u00ed como su correcci\u00f3n, cancelaci\u00f3n de su uso o eliminaci\u00f3n. Tambi\u00e9n puede cancelar la autorizaci\u00f3n para el uso de sus datos para algunos o todos los fines mencionados (excepto en los que esto no sea posible, por ejemplo cuando el tratamiento de datos se realiza para fines estad\u00edsticos y los datos personales ya no permiten la identificaci\u00f3n del interesado). Tambi\u00e9n puede prohibir la transferencia de datos a otro responsable de tratamiento de datos bajo condiciones legales o cancelar su autorizaci\u00f3n para recibir nuestros materiales informativos y promocionales.<\/p>\n<p>Tambi\u00e9n puede formular una queja acerca del uso de sus datos personales en situaciones en las que nuestro uso se base en nuestro inter\u00e9s leg\u00edtimo y especialmente cuando los fines sean de marketing directo.<\/p>\n<p>Por nuestra parte, nosotros nos ocuparemos de que los datos personales que usted nos haya concedido se registren de forma correcta en medida en que sea posible y razonable, pero la responsabilidad de la correcci\u00f3n de dichos datos tambi\u00e9n es suya. Por tanto, le rogamos que actualice dicha informaci\u00f3n de forma regular y puntual o env\u00ede una solicitud para que la cambiemos o actualicemos.<\/p>\n<p>Para ejercer todos sus derechos y obligaciones respecto al uso de datos personales puede ponerse en contacto con la empresa a trav\u00e9s de la direcci\u00f3n de correo electr\u00f3nico o la direcci\u00f3n postal de la sede central de la Empresa, ambas disponibles en nuestra p\u00e1gina web o a trav\u00e9s de la siguiente direcci\u00f3n de correo electr\u00f3nico: dpo@atlanticgrupa.com o siguiendo las instrucciones que aparezcan en el material promocional que reciba de nuestra parte.<\/p>\n<p>Durante el contacto y la ejecuci\u00f3n de dichas solicitudes nosotros haremos todo lo razonablemente posible para confirmar su identidad y evitar tratamientos no autorizados de sus datos personales.<\/p>\n<p>Tras recibir su solicitud realizaremos la acci\u00f3n solicitada en un periodo de tiempo razonable y en \u00faltima instancia dentro del plazo de 30 d\u00edas desde la recepci\u00f3n de la petici\u00f3n y le informaremos seg\u00fan sea necesario en conformidad con la ley.<\/p>\n<h2>Ni\u00f1os<\/h2>\n<p>Por norma general nosotros no recogemos datos de menores de edad. Si hallamos que se nos ha transferido dicha informaci\u00f3n sin el consentimiento de los padres o tutores legales del ni\u00f1o, eliminaremos dichos datos lo antes posible. Para hacerlo seguiremos las pautas que usted nos env\u00ede como progenitor o tutor legal del menor.<\/p>\n<p>No obstante, si por alguna raz\u00f3n recogemos datos de ni\u00f1os de edades en las que sea necesaria la autorizaci\u00f3n de sus padres o tutores legales para el tratamiento de sus datos personales seg\u00fan las leyes aplicables, proporcionaremos la informaci\u00f3n necesaria y aplicaremos las medidas razonables para determinar que realmente disponemos de la autorizaci\u00f3n de los padres o tutores legales del menor.<\/p>\n<h2>Seguridad de los datos<\/h2>\n<p>Hemos instalado medidas t\u00e9cnicas y organizativas para evitar la p\u00e9rdida de sus datos, su alteraci\u00f3n, robo o acceso no autorizado por parte de terceros o cualquier otro tipo de tratamiento no autorizado. El acceso a su informaci\u00f3n personal est\u00e1 limitado a aquellos empleados que la necesiten para proporcionarle nuestros servicios o gestionar sus solicitudes. Formamos de forma continua a nuestros empleados acerca de la importancia de la confidencialidad de los datos, la protecci\u00f3n de la privacidad y de sus datos. Solamente recogemos los datos necesarios para una tarea de tratamiento de datos espec\u00edfica y no almacenamos los datos m\u00e1s tiempo del necesario o del determinado por las regulaciones legales.<\/p>\n<p>En nuestra p\u00e1gina web es posible que encuentre enlaces a otras p\u00e1ginas web o portales y tambi\u00e9n podemos ofrecerle enlaces a redes sociales que permiten compartir informaci\u00f3n personal en redes sociales. Le recomendamos en cualquier caso que consulte por su cuenta las pol\u00edticas de privacidad de estos portales y redes sociales u otras terceras partes, as\u00ed como las medidas adoptadas para dicha protecci\u00f3n, puesto que pueden diferir de nuestras reglas y medidas y, por tanto, no podemos responsabilizarnos de las mismas.<\/p>\n<h2>Limitaci\u00f3n de responsabilidad<\/h2>\n<p>Tomamos todas las medidas organizativas, t\u00e9cnicas y personales disponibles para la protecci\u00f3n de los datos personales ante el uso indebido, la destrucci\u00f3n, p\u00e9rdida o introducci\u00f3n de cambios no autorizados o los accesos por parte de terceros de forma accidental o deliberada. Sin embargo, no podemos garantizar que cierta informaci\u00f3n personal que recojamos nunca se revelar\u00e1 accidentalmente, infringiendo las disposiciones de la presente Pol\u00edtica de privacidad.<\/p>\n<p>Nos excluimos de cualquier responsabilidad por da\u00f1os causados a usuarios o terceros por revelar de forma accidental datos personales al grado m\u00e1ximo permitido por la ley.<\/p>\n<p>Puesto que no controlamos los datos personales que usted env\u00eda cuando accede o utiliza otras p\u00e1ginas web o los datos que se env\u00edan directamente a un tercero (por ejemplo, cuando participa en actividades patrocinadas), nos eximimos de responsabilidad al grado m\u00e1ximo permitido por la ley de cualquier da\u00f1o que pueda sufrir usted o un tercero como resultado de dicho env\u00edo de datos personales.<\/p>\n<p>Actualizaciones y cambios<\/p>\n<p>Nos reservamos el derecho a modificar o actualizar ciertas partes de la presente Pol\u00edtica en cualquier momento y sin previo aviso. Visite la p\u00e1gina web cada cierto tiempo para estar al tanto de los cambios y las actualizaciones de la Pol\u00edtica. Indicaremos la fecha de entrada en vigor de la \u00faltima versi\u00f3n de la Pol\u00edtica.<\/p>\n","protected":false},"excerpt":{"rendered":"<p>Derechos de autor Todo el contenido publicado en los sitios web de Argeta es propiedad de la sociedad ATLANTIC DROGA KOLINSKA d.o.o. y est\u00e1 protegida por las leyes que rigen los derechos de autor u otras formas de protecci\u00f3n de la propiedad intelectual. Los contenidos (textos, im\u00e1genes, logotipos, etc.) publicados en estos sitios web pueden [&hellip;]<\/p>\n","protected":false},"author":4,"featured_media":0,"parent":0,"menu_order":0,"comment_status":"closed","ping_status":"closed","template":"page-privacy.php","meta":{"_acf_changed":false,"footnotes":""},"acf":[],"yoast_head":"<!-- This site is optimized with the Yoast SEO plugin v22.4 - https:\/\/yoast.com\/wordpress\/plugins\/seo\/ -->\n<title>Aviso legal - Argeta Spain<\/title>\n<meta name=\"robots\" content=\"noindex, follow, max-snippet:-1, max-image-preview:large, max-video-preview:-1\" \/>\n<meta property=\"og:locale\" content=\"en_US\" \/>\n<meta property=\"og:type\" content=\"article\" \/>\n<meta property=\"og:title\" content=\"Aviso legal - Argeta Spain\" \/>\n<meta property=\"og:description\" content=\"Derechos de autor Todo el contenido publicado en los sitios web de Argeta es propiedad de la sociedad ATLANTIC DROGA KOLINSKA d.o.o. y est\u00e1 protegida por las leyes que rigen los derechos de autor u otras formas de protecci\u00f3n de la propiedad intelectual. Los contenidos (textos, im\u00e1genes, logotipos, etc.) publicados en estos sitios web pueden [&hellip;]\" \/>\n<meta property=\"og:url\" content=\"https:\/\/old-argeta.cnj.digital\/es\/aviso-legal\/\" \/>\n<meta property=\"og:site_name\" content=\"Argeta Spain\" \/>\n<meta property=\"article:modified_time\" content=\"2021-05-27T12:18:13+00:00\" \/>\n<meta name=\"twitter:card\" content=\"summary_large_image\" \/>\n<meta name=\"twitter:label1\" content=\"Est. reading time\" \/>\n\t<meta name=\"twitter:data1\" content=\"9 minutes\" \/>\n<script type=\"application\/ld+json\" class=\"yoast-schema-graph\">{\"@context\":\"https:\/\/schema.org\",\"@graph\":[{\"@type\":\"WebPage\",\"@id\":\"https:\/\/old-argeta.cnj.digital\/es\/aviso-legal\/\",\"url\":\"https:\/\/old-argeta.cnj.digital\/es\/aviso-legal\/\",\"name\":\"Aviso legal - Argeta Spain\",\"isPartOf\":{\"@id\":\"https:\/\/old-argeta.cnj.digital\/es\/#website\"},\"datePublished\":\"2019-04-19T11:13:30+00:00\",\"dateModified\":\"2021-05-27T12:18:13+00:00\",\"breadcrumb\":{\"@id\":\"https:\/\/old-argeta.cnj.digital\/es\/aviso-legal\/#breadcrumb\"},\"inLanguage\":\"en-US\",\"potentialAction\":[{\"@type\":\"ReadAction\",\"target\":[\"https:\/\/old-argeta.cnj.digital\/es\/aviso-legal\/\"]}]},{\"@type\":\"BreadcrumbList\",\"@id\":\"https:\/\/old-argeta.cnj.digital\/es\/aviso-legal\/#breadcrumb\",\"itemListElement\":[{\"@type\":\"ListItem\",\"position\":1,\"name\":\"Home\",\"item\":\"https:\/\/old-argeta.cnj.digital\/es\/\"},{\"@type\":\"ListItem\",\"position\":2,\"name\":\"Aviso legal\"}]},{\"@type\":\"WebSite\",\"@id\":\"https:\/\/old-argeta.cnj.digital\/es\/#website\",\"url\":\"https:\/\/old-argeta.cnj.digital\/es\/\",\"name\":\"Argeta Spain\",\"description\":\"El lado bueno del pan.\",\"publisher\":{\"@id\":\"https:\/\/old-argeta.cnj.digital\/es\/#organization\"},\"potentialAction\":[{\"@type\":\"SearchAction\",\"target\":{\"@type\":\"EntryPoint\",\"urlTemplate\":\"https:\/\/old-argeta.cnj.digital\/es\/?s={search_term_string}\"},\"query-input\":\"required name=search_term_string\"}],\"inLanguage\":\"en-US\"},{\"@type\":\"Organization\",\"@id\":\"https:\/\/old-argeta.cnj.digital\/es\/#organization\",\"name\":\"Argeta\",\"url\":\"https:\/\/old-argeta.cnj.digital\/es\/\",\"logo\":{\"@type\":\"ImageObject\",\"inLanguage\":\"en-US\",\"@id\":\"https:\/\/old-argeta.cnj.digital\/es\/#\/schema\/logo\/image\/\",\"url\":\"https:\/\/old-argeta.cnj.digital\/app\/uploads\/sites\/15\/2020\/03\/Argeta_logo-1.png\",\"contentUrl\":\"https:\/\/old-argeta.cnj.digital\/app\/uploads\/sites\/15\/2020\/03\/Argeta_logo-1.png\",\"width\":1000,\"height\":1000,\"caption\":\"Argeta\"},\"image\":{\"@id\":\"https:\/\/old-argeta.cnj.digital\/es\/#\/schema\/logo\/image\/\"}}]}<\/script>\n<!-- \/ Yoast SEO plugin. -->","yoast_head_json":{"title":"Aviso legal - Argeta Spain","robots":{"index":"noindex","follow":"follow","max-snippet":"max-snippet:-1","max-image-preview":"max-image-preview:large","max-video-preview":"max-video-preview:-1"},"og_locale":"en_US","og_type":"article","og_title":"Aviso legal - Argeta Spain","og_description":"Derechos de autor Todo el contenido publicado en los sitios web de Argeta es propiedad de la sociedad ATLANTIC DROGA KOLINSKA d.o.o. y est\u00e1 protegida por las leyes que rigen los derechos de autor u otras formas de protecci\u00f3n de la propiedad intelectual. Los contenidos (textos, im\u00e1genes, logotipos, etc.) publicados en estos sitios web pueden [&hellip;]","og_url":"https:\/\/old-argeta.cnj.digital\/es\/aviso-legal\/","og_site_name":"Argeta Spain","article_modified_time":"2021-05-27T12:18:13+00:00","twitter_card":"summary_large_image","twitter_misc":{"Est. reading time":"9 minutes"},"schema":{"@context":"https:\/\/schema.org","@graph":[{"@type":"WebPage","@id":"https:\/\/old-argeta.cnj.digital\/es\/aviso-legal\/","url":"https:\/\/old-argeta.cnj.digital\/es\/aviso-legal\/","name":"Aviso legal - Argeta Spain","isPartOf":{"@id":"https:\/\/old-argeta.cnj.digital\/es\/#website"},"datePublished":"2019-04-19T11:13:30+00:00","dateModified":"2021-05-27T12:18:13+00:00","breadcrumb":{"@id":"https:\/\/old-argeta.cnj.digital\/es\/aviso-legal\/#breadcrumb"},"inLanguage":"en-US","potentialAction":[{"@type":"ReadAction","target":["https:\/\/old-argeta.cnj.digital\/es\/aviso-legal\/"]}]},{"@type":"BreadcrumbList","@id":"https:\/\/old-argeta.cnj.digital\/es\/aviso-legal\/#breadcrumb","itemListElement":[{"@type":"ListItem","position":1,"name":"Home","item":"https:\/\/old-argeta.cnj.digital\/es\/"},{"@type":"ListItem","position":2,"name":"Aviso legal"}]},{"@type":"WebSite","@id":"https:\/\/old-argeta.cnj.digital\/es\/#website","url":"https:\/\/old-argeta.cnj.digital\/es\/","name":"Argeta Spain","description":"El lado bueno del pan.","publisher":{"@id":"https:\/\/old-argeta.cnj.digital\/es\/#organization"},"potentialAction":[{"@type":"SearchAction","target":{"@type":"EntryPoint","urlTemplate":"https:\/\/old-argeta.cnj.digital\/es\/?s={search_term_string}"},"query-input":"required name=search_term_string"}],"inLanguage":"en-US"},{"@type":"Organization","@id":"https:\/\/old-argeta.cnj.digital\/es\/#organization","name":"Argeta","url":"https:\/\/old-argeta.cnj.digital\/es\/","logo":{"@type":"ImageObject","inLanguage":"en-US","@id":"https:\/\/old-argeta.cnj.digital\/es\/#\/schema\/logo\/image\/","url":"https:\/\/old-argeta.cnj.digital\/app\/uploads\/sites\/15\/2020\/03\/Argeta_logo-1.png","contentUrl":"https:\/\/old-argeta.cnj.digital\/app\/uploads\/sites\/15\/2020\/03\/Argeta_logo-1.png","width":1000,"height":1000,"caption":"Argeta"},"image":{"@id":"https:\/\/old-argeta.cnj.digital\/es\/#\/schema\/logo\/image\/"}}]}},"_links":{"self":[{"href":"https:\/\/old-argeta.cnj.digital\/es\/wp-json\/wp\/v2\/pages\/157"}],"collection":[{"href":"https:\/\/old-argeta.cnj.digital\/es\/wp-json\/wp\/v2\/pages"}],"about":[{"href":"https:\/\/old-argeta.cnj.digital\/es\/wp-json\/wp\/v2\/types\/page"}],"author":[{"embeddable":true,"href":"https:\/\/old-argeta.cnj.digital\/es\/wp-json\/wp\/v2\/users\/4"}],"replies":[{"embeddable":true,"href":"https:\/\/old-argeta.cnj.digital\/es\/wp-json\/wp\/v2\/comments?post=157"}],"version-history":[{"count":4,"href":"https:\/\/old-argeta.cnj.digital\/es\/wp-json\/wp\/v2\/pages\/157\/revisions"}],"predecessor-version":[{"id":3650,"href":"https:\/\/old-argeta.cnj.digital\/es\/wp-json\/wp\/v2\/pages\/157\/revisions\/3650"}],"wp:attachment":[{"href":"https:\/\/old-argeta.cnj.digital\/es\/wp-json\/wp\/v2\/media?parent=157"}],"curies":[{"name":"wp","href":"https:\/\/api.w.org\/{rel}","templated":true}]}}