{"id":1085,"date":"2019-02-12T09:01:22","date_gmt":"2019-02-12T09:01:22","guid":{"rendered":"http:\/\/old-argeta.cnj.digital\/hr\/?page_id=1085"},"modified":"2021-05-27T13:08:41","modified_gmt":"2021-05-27T12:08:41","slug":"pravne-obavijesti","status":"publish","type":"page","link":"https:\/\/old-argeta.cnj.digital\/hr\/pravne-obavijesti\/","title":{"rendered":"Pravne obavijesti"},"content":{"rendered":"<h2>Autorska prava<\/h2>\n<p>Sav sadr\u017eaj objavljen na Argetinim internetskim stranicama vlasni\u0161tvo je trgova\u010dkog dru\u0161tva ATLANTIC DROGA KOLINSKA d.o.o. te je u zakonski dopu\u0161tenim okvirima predmet autorske za\u0161tite ili drugih oblika za\u0161tite intelektualnog vlasni\u0161tva.<\/p>\n<p>Sadr\u017eaji (tekstovi, slike, logotipi&#8230;) objavljeni na ovim internet stranicama mogu se rabiti isklju\u010divo u nekomercijalne svrhe, a ne smiju se mijenjati, prepisivati, umno\u017eavati, ponovo objavljivati, slati po\u0161tom ili na bilo koji drugi na\u010din distribuirati u komercijalne svrhe bez izri\u010ditoga pismenog odobrenja dru\u0161tva ATLANTIC DROGA KOLINSKA d.o.o.<\/p>\n<p>Sve reprodukcije ili primjerci sadr\u017eaja ovih internet stranica moraju zadr\u017eati sve navedene oznake autorskih prava te ostale obavijesti o pravima intelektualnog vlasni\u0161tva ili obavijesti o drugim pravima (znak \u00a9 2015 ATLANTIC DROGA KOLINSKA d.o.o. Sva prava pridr\u017eana. ATLANTIC DROGA KOLINSKA d.o.o. dio je Atlantic Grupe).<\/p>\n<p>Robne marke i uslu\u017ene marke koje se pojavljuju na ovim stranicama registrirane su robne marke \u010diji je vlasnik ili korisnik licence dru\u0161tvo ATLANTIC DROGA KOLINSKA d.o.o. (u daljnjem tekstu Dru\u0161tvo) ili njegova povezana trgova\u010dka dru\u0161tva. Upotreba tih robnih marki izri\u010dito je zabranjena, osim u slu\u010dajevima definiranim ovim tekstom.<\/p>\n<h2>Pravila privatnosti<\/h2>\n<p>ATLANTIC DROGA KOLINSKA d.o.o. (u daljnjem tekstu: Dru\u0161tvo) dio je poslovnog sustava Atlantic Grupe u okviru kojeg su uspostavljeni i primjenjuju se visoki standardi poslovnog upravljanja i transparentnog poslovanja, \u0161to zna\u010di odgovorno, zakonito i eti\u010dno utemeljeno pona\u0161anje svih pravnih subjekata Atlantic Grupe koji istodobno uklju\u010duju i po\u0161tovanje privatnosti i za\u0161titu osobnih podataka.<\/p>\n<p>Uz po\u0161tovanje spomenutih standarda, Dru\u0161tvo kao voditelj obrade, u okviru poslovnog sustava Atlantic Grupe, prikuplja i obra\u0111uje osobne podatke zakonito, po\u0161teno i transparentno, u skladu s va\u017ee\u0107im propisima te provodi odgovaraju\u0107e tehni\u010dke i organizacijske mjere zbog za\u0161tite osobnih podataka od nezakonitog pristupa i zlouporabe.<\/p>\n<p>Dru\u0161tvo je svjesno da je za\u0161tita osobnih podataka va\u017ena na\u0161im korisnicima i drugim osobama. Upravo zbog toga \u017eelimo vas obavijestiti koje osobne podatke prikupljamo, kako njima upravljamo i kako se brinemo o njihovoj za\u0161titi.<\/p>\n<h2>Svrha, opseg i pravni temelj obrade<\/h2>\n<p>Osobni podatci prikupljaju se za posebne, izri\u010dite i zakonite svrhe u nu\u017enom opsegu i obra\u0111uju se na na\u010din koji je uskla\u0111en s tim svrhama.<\/p>\n<p>Dru\u0161tvo \u0107e prikupljati i obra\u0111ivati osobne podatke samo u slu\u010dajevima u kojima to dozvoljavaju propisi:<\/p>\n<ul>\n<li>kada je obrada potrebna zbog ispunjenja zakonske obveze;<\/li>\n<li>kada osoba da privolu za obradu svojih osobnih podataka;<\/li>\n<li>kada je obrada potrebna za izvr\u0161enje ugovora u kojem je osoba ugovorna strana na koju se odnose osobni podatci ili zbog provo\u0111enja mjera na zahtjev takve osobe prije sklapanja ugovora;<\/li>\n<li>kada je obrada potrebna radi za\u0161tite \u017eivotnih interesa osobe na koju se odnose osobni podatci ili druge fizi\u010dke osobe;<\/li>\n<li>kada je obrada potrebna za zakonite interese Dru\u0161tva ili povezanih dru\u0161tava.<\/li>\n<\/ul>\n<h2>Prikupljanje i upotreba osobnih podataka<\/h2>\n<p>Osobni podatci su informacije kojima vas je mogu\u0107e neposredno ili posredno identificirati. To su, primjerice, va\u0161e ime i prezime, elektroni\u010dka adresa, telefonski broj, IP adresa ili po\u0161tanska adresa.<\/p>\n<p>Dru\u0161tvo ne prikuplja va\u0161e osobne podatke, osim u slu\u010daju kada vi izri\u010dito dostavite takve podatke (primjerice prilikom slanja upita u vezi s odre\u0111enim proizvodom ili uslugom, sklapanja ugovora ili slanja zahtjeva u vezi s odre\u0111enim postupanjem prije sklapanja ugovora, uklju\u010divanja u programe vjernosti, prilikom prijave za primanje e-novosti, sudjelovanja u anketama, natje\u010dajima i nagradnim igrama, naru\u010divanja uzoraka ili bro\u0161ura, slanja molbi za donacije i tra\u017eenja odre\u0111enih informacija, slanja \u017eivotopisa ili otvorene ponude ili prijave na natje\u010daje za slobodna radna mjesta te zapo\u0161ljavanja u na\u0161em Dru\u0161tvu\u2026).<\/p>\n<p>Va\u0161e osobne podatke prikupljamo, \u010duvamo, upotrebljavamo ili prenosimo u opsegu \u2013 sadr\u017eajnom i vremenskom \u2013 koji je potreban u odre\u0111enom slu\u010daju, primjerice kako bismo odgovorili na va\u0161a pitanja, ispunili va\u0161e zahtjeve, obavijestili vas o svojim proizvodima ili rezultatima natje\u010daja ili nagradne igre, ispunili ugovornu obvezu ili hitne postupke prije sklapanja ugovora ili ispunili svoje druge zakonske i pravne obveze. Dru\u0161tvo stoga mora osobne podatke ponekad prenijeti drugim dru\u0161tvima u Atlantic Grupi i povezanim dru\u0161tvima ili vanjskim pru\u017eateljima usluga na daljnju obradu. Pru\u017eatelji usluga mogu biti anga\u017eirani primjerice u kontekstu usluga pozivnog centra, distribucije robe ili reklamnog materijala ili za organizaciju i izvedbu nagradnih igara. Dru\u0161tvo od tih strana zahtijeva prihva\u0107anje valjanih pravnih propisa te postupanje u skladu s na\u0161im uputama i po\u0161tivanje na\u0161ih internih pravila o za\u0161titi osobnih podataka, kao i primjenu odgovaraju\u0107ih organizacijskih i tehni\u010dkih mjera za\u0161tite. Stoga \u0107e va\u0161i osobni podatci morati biti preneseni i u druge dr\u017eave EU-a ili dr\u017eave izvan EU-a, ali \u0107e Dru\u0161tvo pri takvu prijenosu osigurati potpunu uskla\u0111enost sa zakonom te se pobrinuti da bude proveden uz sve dostupne i odgovaraju\u0107e mjere za\u0161tite osobnih podataka.<\/p>\n<p>Dru\u0161tvo jam\u010di da va\u0161e osobne podatke ne\u0107e prodavati, proslje\u0111ivati ili posu\u0111ivati tre\u0107im stranama ako to ne bude potrebno za ispunjenje odre\u0111ene svrhe za koju ste nam dostavili osobne podatke te tako\u0111er jam\u010di da va\u0161e osobne podatke ne\u0107e davati nijednom neovla\u0161tenom primatelju.<\/p>\n<p>Postoji mogu\u0107nost da \u0107emo va\u0161e osobne podatke morati dostaviti nadle\u017enom tijelu javne vlasti kada to zahtijeva zakon ili neki drugi obvezuju\u0107i propis.<\/p>\n<p>Prikupljeni podatci \u010duvat \u0107e se dok to bude potrebno za svrhu za koju su prikupljeni, odnosno do roka utvr\u0111enog u valjanim propisima.<\/p>\n<h2>Upotreba osobnih podataka u svrhe ogla\u0161avanja i prodaje<\/h2>\n<p>Kad se va\u0161i osobni podatci upotrebljavaju za svrhe reklamiranja i prodaje u skladu s valjanim zakonskim propisima s podru\u010dja za\u0161tite osobnih podataka, va\u0161i \u0107e podatci biti spremljeni i upotrijebljeni za te svrhe, primjerice za slanje e-obavijesti, uzoraka proizvoda, poziva na sudjelovanje u natje\u010dajima i nagradnim igrama e-po\u0161tom ili nekim drugim komunikacijskim kanalom koji ste prihvatili.<\/p>\n<p>Ako \u0107e se va\u0161i osobni podatci upotrebljavati za slanje individualnih (vama) prilago\u0111enih reklama i promotivnih akcija radi stvaranja i odr\u017eavanja korisni\u010dkog profila, o tome \u0107ete biti obavije\u0161teni unaprijed, dakle prije slanja takvih reklama i promotivnih akcija, a prije takve obrade osobnih podataka svakako \u0107emo vas za privolu zamoliti odvojeno, izri\u010dito i informirano.<\/p>\n<p>Va\u0161e \u0107emo podatke upotrijebiti i za provedbu analize te pobolj\u0161anje u\u010dinkovitosti na\u0161ih internet usluga, reklamiranja, prodaje, istra\u017eivanja tr\u017ei\u0161ta i prodajnih aktivnosti u anketama ili raznim drugim upitnicima ili na na\u010din koji \u0107e osiguravati da se va\u0161i osobni podatci ne navedu s imenom, odnosno da se ne mogu povezati s konkretnom osobom.<\/p>\n<h2>Ostvarenje prava privatnih osoba<\/h2>\n<p>U svakom trenutku od nas mo\u017eete zahtijevati informaciju o svojim osobnim podatcima koje obra\u0111ujemo ili zahtijevati njihov ispravak, opozvati njihovu upotrebu ili zatra\u017eiti brisanje svojih osobnih podataka ili opozvati privolu za sve ili samo za neke svrhe (osim kada to nije mogu\u0107e, primjerice kad je rije\u010d o obradi podataka u statisti\u010dke svrhe kod koje osobni podatci nikako ne omogu\u0107uju identifikaciju), odnosno zabraniti prijenos podataka drugom voditelju obrade pod zakonskim uvjetima, a mo\u017eete i otkazati primanje na\u0161ih informativnih i promid\u017ebenih materijala.<\/p>\n<p>Tako\u0111er mo\u017eete ulo\u017eiti prigovor na upotrebu svojih osobnih podataka u situacijama koje se zasnivaju na postojanju na\u0161eg legitimnog interesa, posebice kad ih upotrebljavamo za potrebe izravne prodaje.<\/p>\n<p>Mi \u0107emo se u najve\u0107oj mogu\u0107oj i razumnoj mjeri brinuti o tome da osobni podatci koje ste nam stavili na raspolaganje budu pravilno evidentirani, ali odgovornost za to\u010dnost snosite i vi, stoga vas molimo da podatke redovito i pravodobno a\u017eurirate, odnosno da nam dostavite zahtjev za unos izmjene ili ispravka.<\/p>\n<p>Za ostvarenje svih svojih prava i obveza u vezi s uporabom osobnih podataka mo\u017eete se obratiti na e-adresu ili adresu sjedi\u0161ta Dru\u0161tva koje se nalaze na internetskoj stranici ili na e-adresu: dpo@atlanticgrupa.com ili prema uputi na dostavljenim promid\u017ebenim materijalima.<\/p>\n<p>Prilikom uspostave kontakta i primitka navedenih zahtjeva ulo\u017eit \u0107emo razumne napore da potvrdimo va\u0161 identitet i sprije\u010dimo neautoriziranu obradu osobnih podataka.<\/p>\n<p>Nakon primitka va\u0161ih zahtjeva, tra\u017eenu aktivnost provest \u0107emo u odgovaraju\u0107em roku, ali najkasnije u roku od 30 dana od primitka te vas o tome prema potrebi obavijestiti, sve u skladu sa zakonom.<\/p>\n<h2>Djeca<\/h2>\n<p>U pravilu ne prikupljamo podatke o djeci. Ako utvrdimo da su nam oni dostavljeni bez privole roditelja ili zakonskih zastupnika, izbrisat \u0107emo ih u najkra\u0107em mogu\u0107em roku. Pritom \u0107emo po\u0161tovati smjernice koje smo primili od vas kao roditelja ili zakonskog zastupnika.<\/p>\n<p>Ako za neke svrhe ipak prikupimo podatke o djeci u dobi u kojoj je u skladu s va\u017ee\u0107im zakonima za obradu osobnih podataka potrebna privola roditelja, o tome \u0107emo objaviti odgovaraju\u0107u informaciju i primijeniti razumne mjere kako bismo utvrdili imaju li djeca privolu roditelja, odnosno zakonskih zastupnika.<\/p>\n<h2>Za\u0161tita podataka<\/h2>\n<p>Implementirali smo tehni\u010dke i organizacijske mjere kako bi sprije\u010dili gubitak va\u0161ih podataka, mijenjanje, otu\u0111enje ili pristup neovla\u0161tene tre\u0107e strane, odnosno bilo kakvu njihovu neovla\u0161tenu obradu. Pristup va\u0161im osobnim podatcima ograni\u010den je samo na one zaposlenike kojima su te informacije potrebne za pru\u017eanje na\u0161ih usluga, odnosno rje\u0161avanje va\u0161ih pitanja. Svoje zaposlenike neprestano obrazujemo u vezi s va\u017eno\u0161\u0107u povjerljivosti podataka i za\u0161titom privatnosti te za\u0161titom va\u0161ih osobnih podataka. Prikupljamo samo one podatke koji su potrebni za odre\u0111enu obradu i ne \u010duvamo ih dulje nego \u0161to je to potrebno, odnosno ure\u0111eno zakonskim propisima.<\/p>\n<p>Na na\u0161oj internetskoj stranici povremeno \u0107ete mo\u0107i prona\u0107i poveznice na druge internet stranice ili portale, a mo\u017eemo vam ponuditi i funkcije dru\u0161tvenih mre\u017ea koje omogu\u0107uju dijeljenje osobnih podataka. Preporu\u010dujemo da svakako prethodno pro\u010ditate pravila o za\u0161titi osobnih podataka na tim portalima ili dru\u0161tvenim mre\u017eama ili tre\u0107im osobama, kao i o mjerama koje se primjenjuju radi njihove za\u0161tite jer se mogu razlikovati od ovih Pravila i mjera koje mi primjenjujemo, za \u0161to mi ne mo\u017eemo biti odgovorni.<\/p>\n<h2>Ograni\u010denje odgovornosti<\/h2>\n<p>Iako primjenjujemo dostupne tehni\u010dke, organizacijske i kadrovske mjere za\u0161tite osobnih podataka od slu\u010dajne ili namjerne zlouporabe, uni\u0161tenja, gubitka, neovla\u0161tenih izmjena ili pristupa, ne mo\u017eemo jam\u010diti da neki osobni podatci koje prikupimo unato\u010d odredbama ovih Pravila o za\u0161titi privatnosti nikad ne\u0107e biti slu\u010dajno otkriveni.<\/p>\n<p>U najve\u0107oj mjeri dopu\u0161tenoj zakonom isklju\u010dujemo odgovornost za \u0161tetu prouzro\u010denu korisnicima ili tre\u0107im osobama slu\u010dajnim otkrivanjem osobnih podataka.<\/p>\n<p>Budu\u0107i da nemamo nadzor nad osobnim podatcima koje dostavljate prilikom pristupa drugim portalima i njihovoj uporabi ili izravno tre\u0107im osobama (primjerice prilikom sudjelovanja u sponzoriranim aktivnostima), u najve\u0107oj mjeri dopu\u0161tenoj zakonom isklju\u010dujemo odgovornost za \u0161tetu koja bi mogla nastati vama ili tre\u0107im osobama zbog dostavljanja osobnih podataka.<\/p>\n<h2>A\u017euriranje i izmjene<\/h2>\n<p>Pridr\u017eavamo pravo na mijenjanje ili a\u017euriranje dijelova ovih Pravila u svakom trenutku i bez prethodne najave. Povremeno posjetite na\u0161u internetsku stranicu kako biste se upoznali s izmjenama ili a\u017euriranjem Pravila. Bit \u0107e objavljen datum po\u010detka valjanosti aktualne verzije Pravila.<\/p>\n","protected":false},"excerpt":{"rendered":"<p>Autorska prava Sav sadr\u017eaj objavljen na Argetinim internetskim stranicama vlasni\u0161tvo je trgova\u010dkog dru\u0161tva ATLANTIC DROGA KOLINSKA d.o.o. te je u zakonski dopu\u0161tenim okvirima predmet autorske za\u0161tite ili drugih oblika za\u0161tite intelektualnog vlasni\u0161tva. Sadr\u017eaji (tekstovi, slike, logotipi&#8230;) objavljeni na ovim internet stranicama mogu se rabiti isklju\u010divo u nekomercijalne svrhe, a ne smiju se mijenjati, prepisivati, umno\u017eavati, [&hellip;]<\/p>\n","protected":false},"author":4,"featured_media":0,"parent":0,"menu_order":0,"comment_status":"closed","ping_status":"closed","template":"page-privacy.php","meta":{"_acf_changed":false,"footnotes":""},"acf":[],"yoast_head":"<!-- This site is optimized with the Yoast SEO plugin v22.4 - https:\/\/yoast.com\/wordpress\/plugins\/seo\/ -->\n<title>Pravne obavijesti - Argeta Croatia<\/title>\n<meta name=\"robots\" content=\"noindex, follow, max-snippet:-1, max-image-preview:large, max-video-preview:-1\" \/>\n<meta property=\"og:locale\" content=\"en_US\" \/>\n<meta property=\"og:type\" content=\"article\" \/>\n<meta property=\"og:title\" content=\"Pravne obavijesti - Argeta Croatia\" \/>\n<meta property=\"og:description\" content=\"Autorska prava Sav sadr\u017eaj objavljen na Argetinim internetskim stranicama vlasni\u0161tvo je trgova\u010dkog dru\u0161tva ATLANTIC DROGA KOLINSKA d.o.o. te je u zakonski dopu\u0161tenim okvirima predmet autorske za\u0161tite ili drugih oblika za\u0161tite intelektualnog vlasni\u0161tva. Sadr\u017eaji (tekstovi, slike, logotipi&#8230;) objavljeni na ovim internet stranicama mogu se rabiti isklju\u010divo u nekomercijalne svrhe, a ne smiju se mijenjati, prepisivati, umno\u017eavati, [&hellip;]\" \/>\n<meta property=\"og:url\" content=\"https:\/\/old-argeta.cnj.digital\/hr\/pravne-obavijesti\/\" \/>\n<meta property=\"og:site_name\" content=\"Argeta Croatia\" \/>\n<meta property=\"article:modified_time\" content=\"2021-05-27T12:08:41+00:00\" \/>\n<meta name=\"twitter:card\" content=\"summary_large_image\" \/>\n<meta name=\"twitter:label1\" content=\"Est. reading time\" \/>\n\t<meta name=\"twitter:data1\" content=\"8 minutes\" \/>\n<script type=\"application\/ld+json\" class=\"yoast-schema-graph\">{\"@context\":\"https:\/\/schema.org\",\"@graph\":[{\"@type\":\"WebPage\",\"@id\":\"https:\/\/old-argeta.cnj.digital\/hr\/pravne-obavijesti\/\",\"url\":\"https:\/\/old-argeta.cnj.digital\/hr\/pravne-obavijesti\/\",\"name\":\"Pravne obavijesti - Argeta Croatia\",\"isPartOf\":{\"@id\":\"https:\/\/old-argeta.cnj.digital\/hr\/#website\"},\"datePublished\":\"2019-02-12T09:01:22+00:00\",\"dateModified\":\"2021-05-27T12:08:41+00:00\",\"breadcrumb\":{\"@id\":\"https:\/\/old-argeta.cnj.digital\/hr\/pravne-obavijesti\/#breadcrumb\"},\"inLanguage\":\"en-US\",\"potentialAction\":[{\"@type\":\"ReadAction\",\"target\":[\"https:\/\/old-argeta.cnj.digital\/hr\/pravne-obavijesti\/\"]}]},{\"@type\":\"BreadcrumbList\",\"@id\":\"https:\/\/old-argeta.cnj.digital\/hr\/pravne-obavijesti\/#breadcrumb\",\"itemListElement\":[{\"@type\":\"ListItem\",\"position\":1,\"name\":\"Home\",\"item\":\"https:\/\/old-argeta.cnj.digital\/hr\/\"},{\"@type\":\"ListItem\",\"position\":2,\"name\":\"Pravne obavijesti\"}]},{\"@type\":\"WebSite\",\"@id\":\"https:\/\/old-argeta.cnj.digital\/hr\/#website\",\"url\":\"https:\/\/old-argeta.cnj.digital\/hr\/\",\"name\":\"Argeta Croatia\",\"description\":\"Dobra strana kruha.\",\"publisher\":{\"@id\":\"https:\/\/old-argeta.cnj.digital\/hr\/#organization\"},\"potentialAction\":[{\"@type\":\"SearchAction\",\"target\":{\"@type\":\"EntryPoint\",\"urlTemplate\":\"https:\/\/old-argeta.cnj.digital\/hr\/?s={search_term_string}\"},\"query-input\":\"required name=search_term_string\"}],\"inLanguage\":\"en-US\"},{\"@type\":\"Organization\",\"@id\":\"https:\/\/old-argeta.cnj.digital\/hr\/#organization\",\"name\":\"Argeta\",\"url\":\"https:\/\/old-argeta.cnj.digital\/hr\/\",\"logo\":{\"@type\":\"ImageObject\",\"inLanguage\":\"en-US\",\"@id\":\"https:\/\/old-argeta.cnj.digital\/hr\/#\/schema\/logo\/image\/\",\"url\":\"https:\/\/old-argeta.cnj.digital\/app\/uploads\/sites\/3\/2020\/03\/Argeta_logo.png\",\"contentUrl\":\"https:\/\/old-argeta.cnj.digital\/app\/uploads\/sites\/3\/2020\/03\/Argeta_logo.png\",\"width\":1000,\"height\":1000,\"caption\":\"Argeta\"},\"image\":{\"@id\":\"https:\/\/old-argeta.cnj.digital\/hr\/#\/schema\/logo\/image\/\"}}]}<\/script>\n<!-- \/ Yoast SEO plugin. -->","yoast_head_json":{"title":"Pravne obavijesti - Argeta Croatia","robots":{"index":"noindex","follow":"follow","max-snippet":"max-snippet:-1","max-image-preview":"max-image-preview:large","max-video-preview":"max-video-preview:-1"},"og_locale":"en_US","og_type":"article","og_title":"Pravne obavijesti - Argeta Croatia","og_description":"Autorska prava Sav sadr\u017eaj objavljen na Argetinim internetskim stranicama vlasni\u0161tvo je trgova\u010dkog dru\u0161tva ATLANTIC DROGA KOLINSKA d.o.o. te je u zakonski dopu\u0161tenim okvirima predmet autorske za\u0161tite ili drugih oblika za\u0161tite intelektualnog vlasni\u0161tva. Sadr\u017eaji (tekstovi, slike, logotipi&#8230;) objavljeni na ovim internet stranicama mogu se rabiti isklju\u010divo u nekomercijalne svrhe, a ne smiju se mijenjati, prepisivati, umno\u017eavati, [&hellip;]","og_url":"https:\/\/old-argeta.cnj.digital\/hr\/pravne-obavijesti\/","og_site_name":"Argeta Croatia","article_modified_time":"2021-05-27T12:08:41+00:00","twitter_card":"summary_large_image","twitter_misc":{"Est. reading time":"8 minutes"},"schema":{"@context":"https:\/\/schema.org","@graph":[{"@type":"WebPage","@id":"https:\/\/old-argeta.cnj.digital\/hr\/pravne-obavijesti\/","url":"https:\/\/old-argeta.cnj.digital\/hr\/pravne-obavijesti\/","name":"Pravne obavijesti - Argeta Croatia","isPartOf":{"@id":"https:\/\/old-argeta.cnj.digital\/hr\/#website"},"datePublished":"2019-02-12T09:01:22+00:00","dateModified":"2021-05-27T12:08:41+00:00","breadcrumb":{"@id":"https:\/\/old-argeta.cnj.digital\/hr\/pravne-obavijesti\/#breadcrumb"},"inLanguage":"en-US","potentialAction":[{"@type":"ReadAction","target":["https:\/\/old-argeta.cnj.digital\/hr\/pravne-obavijesti\/"]}]},{"@type":"BreadcrumbList","@id":"https:\/\/old-argeta.cnj.digital\/hr\/pravne-obavijesti\/#breadcrumb","itemListElement":[{"@type":"ListItem","position":1,"name":"Home","item":"https:\/\/old-argeta.cnj.digital\/hr\/"},{"@type":"ListItem","position":2,"name":"Pravne obavijesti"}]},{"@type":"WebSite","@id":"https:\/\/old-argeta.cnj.digital\/hr\/#website","url":"https:\/\/old-argeta.cnj.digital\/hr\/","name":"Argeta Croatia","description":"Dobra strana kruha.","publisher":{"@id":"https:\/\/old-argeta.cnj.digital\/hr\/#organization"},"potentialAction":[{"@type":"SearchAction","target":{"@type":"EntryPoint","urlTemplate":"https:\/\/old-argeta.cnj.digital\/hr\/?s={search_term_string}"},"query-input":"required name=search_term_string"}],"inLanguage":"en-US"},{"@type":"Organization","@id":"https:\/\/old-argeta.cnj.digital\/hr\/#organization","name":"Argeta","url":"https:\/\/old-argeta.cnj.digital\/hr\/","logo":{"@type":"ImageObject","inLanguage":"en-US","@id":"https:\/\/old-argeta.cnj.digital\/hr\/#\/schema\/logo\/image\/","url":"https:\/\/old-argeta.cnj.digital\/app\/uploads\/sites\/3\/2020\/03\/Argeta_logo.png","contentUrl":"https:\/\/old-argeta.cnj.digital\/app\/uploads\/sites\/3\/2020\/03\/Argeta_logo.png","width":1000,"height":1000,"caption":"Argeta"},"image":{"@id":"https:\/\/old-argeta.cnj.digital\/hr\/#\/schema\/logo\/image\/"}}]}},"_links":{"self":[{"href":"https:\/\/old-argeta.cnj.digital\/hr\/wp-json\/wp\/v2\/pages\/1085"}],"collection":[{"href":"https:\/\/old-argeta.cnj.digital\/hr\/wp-json\/wp\/v2\/pages"}],"about":[{"href":"https:\/\/old-argeta.cnj.digital\/hr\/wp-json\/wp\/v2\/types\/page"}],"author":[{"embeddable":true,"href":"https:\/\/old-argeta.cnj.digital\/hr\/wp-json\/wp\/v2\/users\/4"}],"replies":[{"embeddable":true,"href":"https:\/\/old-argeta.cnj.digital\/hr\/wp-json\/wp\/v2\/comments?post=1085"}],"version-history":[{"count":7,"href":"https:\/\/old-argeta.cnj.digital\/hr\/wp-json\/wp\/v2\/pages\/1085\/revisions"}],"predecessor-version":[{"id":14175,"href":"https:\/\/old-argeta.cnj.digital\/hr\/wp-json\/wp\/v2\/pages\/1085\/revisions\/14175"}],"wp:attachment":[{"href":"https:\/\/old-argeta.cnj.digital\/hr\/wp-json\/wp\/v2\/media?parent=1085"}],"curies":[{"name":"wp","href":"https:\/\/api.w.org\/{rel}","templated":true}]}}