{"id":1087,"date":"2019-02-12T09:06:04","date_gmt":"2019-02-12T08:06:04","guid":{"rendered":"http:\/\/old-argeta.cnj.digital\/hr\/?page_id=1087"},"modified":"2023-01-12T09:44:45","modified_gmt":"2023-01-12T08:44:45","slug":"kolacici","status":"publish","type":"page","link":"https:\/\/old-argeta.cnj.digital\/hr\/kolacici\/","title":{"rendered":"Kola\u010di\u0107i"},"content":{"rendered":"<h2>Pravila uporabe kola\u010di\u0107a<\/h2>\n<p>Kako bi internet stranica pravilno funkcionirala te nadoga\u0111ivala ili pobolj\u0161avalo va\u0161e iskustvo prilikom pregledavanja, na va\u0161e ra\u010dunalo mora se spremiti minimalna koli\u010dina informacija (kola\u010di\u0107i). Vi\u0161e od 90 % internetskih stranica upotrebljava kola\u010di\u0107e, ali prema pravilima Europske unije za to moraju dobiti privolu korisnika. Kori\u0161tenjem ove internet stranice suglasni ste s upotrebom kola\u010di\u0107a, a ako ih ne prihvatite, mo\u017eete i dalje pregledavati stranice, ali se pritom odre\u0111ene funkcije na internet stranici mo\u017eda ne\u0107e pravilno prikazati ili izvr\u0161iti.<\/p>\n<h2>\u0160to je kola\u010di\u0107?<\/h2>\n<p>Kola\u010di\u0107 je informacija koju internet stranica (koju posje\u0107ujete) sprema na va\u0161e ra\u010dunalo. Kola\u010di\u0107i obi\u010dno spremaju va\u0161e postavke za internet stranicu, kao \u0161to su, primjerice, \u017eeljeni jezik ili adresa. Kasnije, kad ponovo otvorite tu internet stranicu, pretra\u017eiva\u010d vra\u0107a kola\u010di\u0107e koji pripadaju toj stranici. To joj omogu\u0107uje da prika\u017ee informacije prilago\u0111ene va\u0161im potrebama.<\/p>\n<p>Kola\u010di\u0107i mogu spremati \u0161iroku paletu informacija, uklju\u010duju\u0107i osobne informacije (va\u0161e ime ili e-po\u0161tu). Unato\u010d tome, ta se informacija mo\u017ee spremiti samo u slu\u010daju va\u0161e privole u\u0107ite \u2013 internetske stranice ne mogu dobiti pristup informacijama ako ga vi niste odobrili, a ne mogu pristupiti ni drugim datotekama na va\u0161em ra\u010dunalu ili mobilnom ure\u0111aju. Zadane postavke spremanja i slanja kola\u010di\u0107a vama nisu vidljive, ali mo\u017eete izmijeniti svoje postavke pretra\u017eiva\u010da tako da sami odaberete \u017eelite li zahtjeve za spremanje kola\u010di\u0107a odobriti ili odbiti, automatski izbrisati spremljene kola\u010di\u0107e prilikom zatvaranja pretra\u017eiva\u010da i sli\u010dno.<\/p>\n<h2>Kako se odbijaju kola\u010di\u0107i?<\/h2>\n<p>Odbijanjem kola\u010di\u0107a odre\u0111ujete \u017eelite li dopustiti spremanje kola\u010di\u0107a na svojem ra\u010dunalu ili mobilnom ure\u0111aju. Postavke kola\u010di\u0107a mogu se nadzirati i konfigurirati u va\u0161em pretra\u017eiva\u010du. Ako kola\u010di\u0107e ne prihvatite, mo\u017ee se dogoditi da ne\u0107ete mo\u0107i upotrebljavati odre\u0111ene funkcije na internet stranici.<\/p>\n<h2>\u0160to su privremeni kola\u010di\u0107i?<\/h2>\n<p>Privremeni kola\u010di\u0107i ili kola\u010di\u0107i sesije bri\u0161u se iz ra\u010dunala nakon \u0161to zatvorite pretra\u017eiva\u010d. Pomo\u0107u njih internetska mjesta spremaju privremene podatke, primjerice proizvode u ko\u0161arici za kupnju.<\/p>\n<h2>\u0160to su trajni kola\u010di\u0107i?<\/h2>\n<p>Trajni ili spremljeni kola\u010di\u0107i ostaju na ra\u010dunalu i nakon \u0161to ste zatvorili program pretra\u017eiva\u010da. Pomo\u0107u njih internetska mjesta spremaju podatke kao \u0161to su korisni\u010dko ime i lozinka za prijavu, pa se ne morate prijaviti svaki put kada posjetite odre\u0111eno mjesto. Trajni kola\u010di\u0107i ostat \u0107e na ra\u010dunalu vi\u0161e dana, mjeseci ili \u010dak godina.<\/p>\n<h2>\u0160to su to kola\u010di\u0107i prve strane?<\/h2>\n<p>Kola\u010di\u0107i prve strane (vlastiti kola\u010di\u0107i) dolaze s intenretskih mjesta koja korisnik pregledava i mogu biti trajni ili privremeni. Pomo\u0107u tih kola\u010di\u0107a internetska mjesta mogu spremiti podatke koje \u0107e ponovo upotrijebiti kada ih korisnik sljede\u0107i put posjeti.<\/p>\n<h2>\u0160to su kola\u010di\u0107i tre\u0107e strane?<\/h2>\n<p>Kola\u010di\u0107i tre\u0107e strane (drugi kola\u010di\u0107i) potje\u010du s drugih, partnerskih internet mjesta (primjerice sko\u010dnih prozora ili drugih reklama), a nalaze se na internetskom mjestu koje pregledavate. Pomo\u0107u tih kola\u010di\u0107a internetska mjesta mogu pratiti upotrebu interneta u svrhu prodaje.<\/p>\n<h2>Upotrebljava li ova internetska stranica kola\u010di\u0107e?<\/h2>\n<p>Da, s primarnim ciljem da vam na\u0161e internet stranice omogu\u0107e najbolje korisni\u010dko iskustvo.<\/p>\n<h2>Kakve kola\u010di\u0107e upotrebljava ova insternet stranica i za\u0161to?<\/h2>\n<p>Privremeni kola\u010di\u0107i ili kola\u010di\u0107i sesije (session cookies) kola\u010di\u0107i su koji istje\u010du (i automatski se bri\u0161u) kad zatvorite pretra\u017eiva\u010d. Mi upotrebljavamo privremene kola\u010di\u0107e kako bi korisnik dobio najbolje iskustvo pri uporabi na\u0161e stranice.<\/p>\n<p>Trajni ili spremljeni kola\u010di\u0107i (persistent cookies) \u2013 njihov datum isteka obi\u010dno je daleko u budu\u0107nosti, stoga \u0107e ostati u va\u0161em pretra\u017eiva\u010du sve dok ne isteknu ili dok ih ru\u010dno ne izbri\u0161ete. Mi upotrebljavamo trajne kola\u010di\u0107e kako bi bolje razumjeli navike na\u0161ih korisnika, \u010dime mo\u017eemo pobolj\u0161ati internetsku stranicu ovisno o va\u0161im navikama. Na temelju prikupljenih podataka nije mogu\u0107a identifikacija vas kao korisnika, a prikupljeni podatci upotrebljavaju se isklju\u010divo u statisti\u010dke svrhe.<\/p>\n<h2>Postoje li na internetskoj stranici kola\u010di\u0107i tre\u0107e strane?<\/h2>\n<p>Postoji vi\u0161e vanjskih servisa koji na ra\u010dunalo korisnika spremaju ograni\u010dene kola\u010di\u0107e. Te kola\u010di\u0107e nije postavila ova internet stranica, ali neki slu\u017ee za normalan rad odre\u0111enih funkcija koje korisnicima olak\u0161avaju pristup sadr\u017eaju. Stoga informacije o za\u0161titi podataka s kojima ste upoznati ovdje vrijede samo za ovu internetsku stranicu, a informacije o za\u0161titi podataka vanjskih servisa treba provjeriti na njihovim slu\u017ebenim stranicama.<\/p>\n<h2>Trenuta\u010dno omogu\u0107ujemo:<\/h2>\n<h3>Mjerenje posjeta<\/h3>\n<p>Ova intenret stranica upotrebljava servise za mjerenje broja korisnika, i to Google Analytics. Na temelju tako prikupljenih podataka nije mogu\u0107a identifikacija korisnika, a prikupljeni podatci upotrebljavaju se isklju\u010divo u statisti\u010dke svrhe. Ako \u017eelite sprije\u010diti da navedeni servisi spremaju kola\u010di\u0107e na va\u0161e ra\u010dunalo, za svaki ih servis mo\u017eete odbiti putem sljede\u0107ih poveznica:<\/p>\n<ul>\n<li>Google Analytics \u2013 https:\/\/tools.google.com\/dlpage\/gaoptout<\/li>\n<li>iProm &#8211; UID<\/li>\n<\/ul>\n<h2>Dodatne informacije o odbijanju kola\u010di\u0107a<\/h2>\n<p>Trenuta\u010dno postoji vi\u0161e internetskih stranica za odbijanje spremanja kola\u010di\u0107a za razli\u010dite servise.<\/p>\n<p>Vi\u0161e o tome mo\u017eete saznati putem sljede\u0107ih poveznica:<\/p>\n<ul>\n<li>http:\/\/www.allaboutcookies.org\/<\/li>\n<li>http:\/\/www.youronlinechoices.eu\/<\/li>\n<\/ul>\n\n\n<figure class=\"wp-block-table table-cookies\"><table><tbody><tr><td><strong>Cookie<br>name<\/strong><\/td><td><strong>Storage<br>period<\/strong><\/td><td><strong>Who installs<br>the cookie<br>and manages<br>the data it<br>acquires<\/strong><\/td><td><strong>Domain<\/strong><\/td><td><strong>Purpose of the processing of the data collected<br>by the cookie<\/strong><\/td><\/tr><tr><td>UID<\/td><td>36<br>months<\/td><td>iPROM d.o.o.<\/td><td>iprom.net<\/td><td>iPROM&#8217;s advertising cookie allows the system to<br>set a cookie in order to display personalized ads on<br>other online media after the user leaves this<br>website. The system installs the cookie on the user<br>profile (browser) based on user\u2019s prior explicit<br>consent on the website. The user&#8217;s profile is<br>anonymous and does not contain personal<br>information.<\/td><\/tr><\/tbody><\/table><\/figure>\n","protected":false},"excerpt":{"rendered":"<p>Pravila uporabe kola\u010di\u0107a Kako bi internet stranica pravilno funkcionirala te nadoga\u0111ivala ili pobolj\u0161avalo va\u0161e iskustvo prilikom pregledavanja, na va\u0161e ra\u010dunalo mora se spremiti minimalna koli\u010dina informacija (kola\u010di\u0107i). Vi\u0161e od 90 % internetskih stranica upotrebljava kola\u010di\u0107e, ali prema pravilima Europske unije za to moraju dobiti privolu korisnika. Kori\u0161tenjem ove internet stranice suglasni ste s upotrebom kola\u010di\u0107a, [&hellip;]<\/p>\n","protected":false},"author":4,"featured_media":0,"parent":0,"menu_order":0,"comment_status":"closed","ping_status":"closed","template":"page-cookies.php","meta":{"_acf_changed":false,"footnotes":""},"acf":[],"yoast_head":"<!-- This site is optimized with the Yoast SEO plugin v22.4 - https:\/\/yoast.com\/wordpress\/plugins\/seo\/ -->\n<title>Kola\u010di\u0107i - Argeta Croatia<\/title>\n<meta name=\"robots\" content=\"noindex, follow, max-snippet:-1, max-image-preview:large, max-video-preview:-1\" \/>\n<meta property=\"og:locale\" content=\"en_US\" \/>\n<meta property=\"og:type\" content=\"article\" \/>\n<meta property=\"og:title\" content=\"Kola\u010di\u0107i - Argeta Croatia\" \/>\n<meta property=\"og:description\" content=\"Pravila uporabe kola\u010di\u0107a Kako bi internet stranica pravilno funkcionirala te nadoga\u0111ivala ili pobolj\u0161avalo va\u0161e iskustvo prilikom pregledavanja, na va\u0161e ra\u010dunalo mora se spremiti minimalna koli\u010dina informacija (kola\u010di\u0107i). Vi\u0161e od 90 % internetskih stranica upotrebljava kola\u010di\u0107e, ali prema pravilima Europske unije za to moraju dobiti privolu korisnika. Kori\u0161tenjem ove internet stranice suglasni ste s upotrebom kola\u010di\u0107a, [&hellip;]\" \/>\n<meta property=\"og:url\" content=\"https:\/\/old-argeta.cnj.digital\/hr\/kolacici\/\" \/>\n<meta property=\"og:site_name\" content=\"Argeta Croatia\" \/>\n<meta property=\"article:modified_time\" content=\"2023-01-12T08:44:45+00:00\" \/>\n<meta name=\"twitter:card\" content=\"summary_large_image\" \/>\n<meta name=\"twitter:label1\" content=\"Est. reading time\" \/>\n\t<meta name=\"twitter:data1\" content=\"4 minutes\" \/>\n<script type=\"application\/ld+json\" class=\"yoast-schema-graph\">{\"@context\":\"https:\/\/schema.org\",\"@graph\":[{\"@type\":\"WebPage\",\"@id\":\"https:\/\/old-argeta.cnj.digital\/hr\/kolacici\/\",\"url\":\"https:\/\/old-argeta.cnj.digital\/hr\/kolacici\/\",\"name\":\"Kola\u010di\u0107i - Argeta Croatia\",\"isPartOf\":{\"@id\":\"https:\/\/old-argeta.cnj.digital\/hr\/#website\"},\"datePublished\":\"2019-02-12T08:06:04+00:00\",\"dateModified\":\"2023-01-12T08:44:45+00:00\",\"breadcrumb\":{\"@id\":\"https:\/\/old-argeta.cnj.digital\/hr\/kolacici\/#breadcrumb\"},\"inLanguage\":\"en-US\",\"potentialAction\":[{\"@type\":\"ReadAction\",\"target\":[\"https:\/\/old-argeta.cnj.digital\/hr\/kolacici\/\"]}]},{\"@type\":\"BreadcrumbList\",\"@id\":\"https:\/\/old-argeta.cnj.digital\/hr\/kolacici\/#breadcrumb\",\"itemListElement\":[{\"@type\":\"ListItem\",\"position\":1,\"name\":\"Home\",\"item\":\"https:\/\/old-argeta.cnj.digital\/hr\/\"},{\"@type\":\"ListItem\",\"position\":2,\"name\":\"Kola\u010di\u0107i\"}]},{\"@type\":\"WebSite\",\"@id\":\"https:\/\/old-argeta.cnj.digital\/hr\/#website\",\"url\":\"https:\/\/old-argeta.cnj.digital\/hr\/\",\"name\":\"Argeta Croatia\",\"description\":\"Dobra strana kruha.\",\"publisher\":{\"@id\":\"https:\/\/old-argeta.cnj.digital\/hr\/#organization\"},\"potentialAction\":[{\"@type\":\"SearchAction\",\"target\":{\"@type\":\"EntryPoint\",\"urlTemplate\":\"https:\/\/old-argeta.cnj.digital\/hr\/?s={search_term_string}\"},\"query-input\":\"required name=search_term_string\"}],\"inLanguage\":\"en-US\"},{\"@type\":\"Organization\",\"@id\":\"https:\/\/old-argeta.cnj.digital\/hr\/#organization\",\"name\":\"Argeta\",\"url\":\"https:\/\/old-argeta.cnj.digital\/hr\/\",\"logo\":{\"@type\":\"ImageObject\",\"inLanguage\":\"en-US\",\"@id\":\"https:\/\/old-argeta.cnj.digital\/hr\/#\/schema\/logo\/image\/\",\"url\":\"https:\/\/old-argeta.cnj.digital\/app\/uploads\/sites\/3\/2020\/03\/Argeta_logo.png\",\"contentUrl\":\"https:\/\/old-argeta.cnj.digital\/app\/uploads\/sites\/3\/2020\/03\/Argeta_logo.png\",\"width\":1000,\"height\":1000,\"caption\":\"Argeta\"},\"image\":{\"@id\":\"https:\/\/old-argeta.cnj.digital\/hr\/#\/schema\/logo\/image\/\"}}]}<\/script>\n<!-- \/ Yoast SEO plugin. -->","yoast_head_json":{"title":"Kola\u010di\u0107i - Argeta Croatia","robots":{"index":"noindex","follow":"follow","max-snippet":"max-snippet:-1","max-image-preview":"max-image-preview:large","max-video-preview":"max-video-preview:-1"},"og_locale":"en_US","og_type":"article","og_title":"Kola\u010di\u0107i - Argeta Croatia","og_description":"Pravila uporabe kola\u010di\u0107a Kako bi internet stranica pravilno funkcionirala te nadoga\u0111ivala ili pobolj\u0161avalo va\u0161e iskustvo prilikom pregledavanja, na va\u0161e ra\u010dunalo mora se spremiti minimalna koli\u010dina informacija (kola\u010di\u0107i). Vi\u0161e od 90 % internetskih stranica upotrebljava kola\u010di\u0107e, ali prema pravilima Europske unije za to moraju dobiti privolu korisnika. Kori\u0161tenjem ove internet stranice suglasni ste s upotrebom kola\u010di\u0107a, [&hellip;]","og_url":"https:\/\/old-argeta.cnj.digital\/hr\/kolacici\/","og_site_name":"Argeta Croatia","article_modified_time":"2023-01-12T08:44:45+00:00","twitter_card":"summary_large_image","twitter_misc":{"Est. reading time":"4 minutes"},"schema":{"@context":"https:\/\/schema.org","@graph":[{"@type":"WebPage","@id":"https:\/\/old-argeta.cnj.digital\/hr\/kolacici\/","url":"https:\/\/old-argeta.cnj.digital\/hr\/kolacici\/","name":"Kola\u010di\u0107i - Argeta Croatia","isPartOf":{"@id":"https:\/\/old-argeta.cnj.digital\/hr\/#website"},"datePublished":"2019-02-12T08:06:04+00:00","dateModified":"2023-01-12T08:44:45+00:00","breadcrumb":{"@id":"https:\/\/old-argeta.cnj.digital\/hr\/kolacici\/#breadcrumb"},"inLanguage":"en-US","potentialAction":[{"@type":"ReadAction","target":["https:\/\/old-argeta.cnj.digital\/hr\/kolacici\/"]}]},{"@type":"BreadcrumbList","@id":"https:\/\/old-argeta.cnj.digital\/hr\/kolacici\/#breadcrumb","itemListElement":[{"@type":"ListItem","position":1,"name":"Home","item":"https:\/\/old-argeta.cnj.digital\/hr\/"},{"@type":"ListItem","position":2,"name":"Kola\u010di\u0107i"}]},{"@type":"WebSite","@id":"https:\/\/old-argeta.cnj.digital\/hr\/#website","url":"https:\/\/old-argeta.cnj.digital\/hr\/","name":"Argeta Croatia","description":"Dobra strana kruha.","publisher":{"@id":"https:\/\/old-argeta.cnj.digital\/hr\/#organization"},"potentialAction":[{"@type":"SearchAction","target":{"@type":"EntryPoint","urlTemplate":"https:\/\/old-argeta.cnj.digital\/hr\/?s={search_term_string}"},"query-input":"required name=search_term_string"}],"inLanguage":"en-US"},{"@type":"Organization","@id":"https:\/\/old-argeta.cnj.digital\/hr\/#organization","name":"Argeta","url":"https:\/\/old-argeta.cnj.digital\/hr\/","logo":{"@type":"ImageObject","inLanguage":"en-US","@id":"https:\/\/old-argeta.cnj.digital\/hr\/#\/schema\/logo\/image\/","url":"https:\/\/old-argeta.cnj.digital\/app\/uploads\/sites\/3\/2020\/03\/Argeta_logo.png","contentUrl":"https:\/\/old-argeta.cnj.digital\/app\/uploads\/sites\/3\/2020\/03\/Argeta_logo.png","width":1000,"height":1000,"caption":"Argeta"},"image":{"@id":"https:\/\/old-argeta.cnj.digital\/hr\/#\/schema\/logo\/image\/"}}]}},"_links":{"self":[{"href":"https:\/\/old-argeta.cnj.digital\/hr\/wp-json\/wp\/v2\/pages\/1087"}],"collection":[{"href":"https:\/\/old-argeta.cnj.digital\/hr\/wp-json\/wp\/v2\/pages"}],"about":[{"href":"https:\/\/old-argeta.cnj.digital\/hr\/wp-json\/wp\/v2\/types\/page"}],"author":[{"embeddable":true,"href":"https:\/\/old-argeta.cnj.digital\/hr\/wp-json\/wp\/v2\/users\/4"}],"replies":[{"embeddable":true,"href":"https:\/\/old-argeta.cnj.digital\/hr\/wp-json\/wp\/v2\/comments?post=1087"}],"version-history":[{"count":5,"href":"https:\/\/old-argeta.cnj.digital\/hr\/wp-json\/wp\/v2\/pages\/1087\/revisions"}],"predecessor-version":[{"id":17236,"href":"https:\/\/old-argeta.cnj.digital\/hr\/wp-json\/wp\/v2\/pages\/1087\/revisions\/17236"}],"wp:attachment":[{"href":"https:\/\/old-argeta.cnj.digital\/hr\/wp-json\/wp\/v2\/media?parent=1087"}],"curies":[{"name":"wp","href":"https:\/\/api.w.org\/{rel}","templated":true}]}}