{"id":2849,"date":"2020-08-27T07:32:00","date_gmt":"2020-08-27T07:32:00","guid":{"rendered":"https:\/\/old-argeta.cnj.digital\/mk-sq\/?page_id=2849"},"modified":"2020-10-05T13:44:32","modified_gmt":"2020-10-05T13:44:32","slug":"spread-good","status":"publish","type":"page","link":"https:\/\/old-argeta.cnj.digital\/mk-sq\/spread-good\/","title":{"rendered":"T\u00eb shp\u00ebrndajm\u00eb mir\u00ebsi!"},"content":{"rendered":"","protected":false},"excerpt":{"rendered":"","protected":false},"author":10,"featured_media":0,"parent":0,"menu_order":0,"comment_status":"closed","ping_status":"closed","template":"page-spread-good.php","meta":{"_acf_changed":false,"footnotes":""},"acf":[],"yoast_head":"<!-- This site is optimized with the Yoast SEO plugin v22.4 - https:\/\/yoast.com\/wordpress\/plugins\/seo\/ -->\n<title>Shp\u00ebrndajm\u00eb mir\u00ebsi! Bashkohu n\u00eb val\u00ebn e veprave t\u00eb mira!<\/title>\n<meta name=\"description\" content=\"Deri tani, Argeta ka frym\u00ebzuar [counter] vepra t\u00eb mira. T\u00eb gjith\u00eb ejani t\u00eb jemi pjes\u00eb e k\u00ebsaj l\u00ebvizje dhe ta b\u00ebjm\u00eb bot\u00ebn vend m\u00eb t\u00eb mir\u00eb p\u00ebr t\u00eb jetuar, duke b\u00ebr\u00eb vepra t\u00eb mira \u00e7do dit\u00eb.\" \/>\n<meta name=\"robots\" content=\"noindex, follow, max-snippet:-1, max-image-preview:large, max-video-preview:-1\" \/>\n<meta property=\"og:locale\" content=\"en_US\" \/>\n<meta property=\"og:type\" content=\"article\" \/>\n<meta property=\"og:title\" content=\"Shp\u00ebrndajm\u00eb mir\u00ebsi! Bashkohu n\u00eb val\u00ebn e veprave t\u00eb mira!\" \/>\n<meta property=\"og:description\" content=\"Deri tani, Argeta ka frym\u00ebzuar [counter] vepra t\u00eb mira. T\u00eb gjith\u00eb ejani t\u00eb jemi pjes\u00eb e k\u00ebsaj l\u00ebvizje dhe ta b\u00ebjm\u00eb bot\u00ebn vend m\u00eb t\u00eb mir\u00eb p\u00ebr t\u00eb jetuar, duke b\u00ebr\u00eb vepra t\u00eb mira \u00e7do dit\u00eb.\" \/>\n<meta property=\"og:url\" content=\"https:\/\/old-argeta.cnj.digital\/mk-sq\/spread-good\/\" \/>\n<meta property=\"og:site_name\" content=\"Argeta Macedonia AL\" \/>\n<meta property=\"article:modified_time\" content=\"2020-10-05T13:44:32+00:00\" \/>\n<meta property=\"og:image\" content=\"https:\/\/old-argeta.cnj.digital\/app\/uploads\/sites\/7\/2020\/08\/ARGETA_SPREADGOOD_FACEBOOKSHARE@2x.jpg\" \/>\n\t<meta property=\"og:image:width\" content=\"2400\" \/>\n\t<meta property=\"og:image:height\" content=\"1260\" \/>\n\t<meta property=\"og:image:type\" content=\"image\/jpeg\" \/>\n<meta name=\"twitter:card\" content=\"summary_large_image\" \/>\n<meta name=\"twitter:title\" content=\"Shp\u00ebrndajm\u00eb mir\u00ebsi! Bashkohu n\u00eb val\u00ebn e veprave t\u00eb mira!\" \/>\n<meta name=\"twitter:description\" content=\"Deri tani, Argeta ka frym\u00ebzuar [counter] vepra t\u00eb mira. T\u00eb gjith\u00eb ejani t\u00eb jemi pjes\u00eb e k\u00ebsaj l\u00ebvizje dhe ta b\u00ebjm\u00eb bot\u00ebn vend m\u00eb t\u00eb mir\u00eb p\u00ebr t\u00eb jetuar, duke b\u00ebr\u00eb vepra t\u00eb mira \u00e7do dit\u00eb.\" \/>\n<meta name=\"twitter:image\" content=\"https:\/\/old-argeta.cnj.digital\/app\/uploads\/sites\/7\/2020\/08\/ARGETA_SPREADGOOD_FACEBOOKSHARE@2x.jpg\" \/>\n<script type=\"application\/ld+json\" class=\"yoast-schema-graph\">{\"@context\":\"https:\/\/schema.org\",\"@graph\":[{\"@type\":\"WebPage\",\"@id\":\"https:\/\/old-argeta.cnj.digital\/mk-sq\/spread-good\/\",\"url\":\"https:\/\/old-argeta.cnj.digital\/mk-sq\/spread-good\/\",\"name\":\"Shp\u00ebrndajm\u00eb mir\u00ebsi! Bashkohu n\u00eb val\u00ebn e veprave t\u00eb mira!\",\"isPartOf\":{\"@id\":\"https:\/\/old-argeta.cnj.digital\/mk-sq\/#website\"},\"datePublished\":\"2020-08-27T07:32:00+00:00\",\"dateModified\":\"2020-10-05T13:44:32+00:00\",\"description\":\"Deri tani, Argeta ka frym\u00ebzuar [counter] vepra t\u00eb mira. T\u00eb gjith\u00eb ejani t\u00eb jemi pjes\u00eb e k\u00ebsaj l\u00ebvizje dhe ta b\u00ebjm\u00eb bot\u00ebn vend m\u00eb t\u00eb mir\u00eb p\u00ebr t\u00eb jetuar, duke b\u00ebr\u00eb vepra t\u00eb mira \u00e7do dit\u00eb.\",\"breadcrumb\":{\"@id\":\"https:\/\/old-argeta.cnj.digital\/mk-sq\/spread-good\/#breadcrumb\"},\"inLanguage\":\"en-US\",\"potentialAction\":[{\"@type\":\"ReadAction\",\"target\":[\"https:\/\/old-argeta.cnj.digital\/mk-sq\/spread-good\/\"]}]},{\"@type\":\"BreadcrumbList\",\"@id\":\"https:\/\/old-argeta.cnj.digital\/mk-sq\/spread-good\/#breadcrumb\",\"itemListElement\":[{\"@type\":\"ListItem\",\"position\":1,\"name\":\"Home\",\"item\":\"https:\/\/old-argeta.cnj.digital\/mk-sq\/\"},{\"@type\":\"ListItem\",\"position\":2,\"name\":\"T\u00eb shp\u00ebrndajm\u00eb mir\u00ebsi!\"}]},{\"@type\":\"WebSite\",\"@id\":\"https:\/\/old-argeta.cnj.digital\/mk-sq\/#website\",\"url\":\"https:\/\/old-argeta.cnj.digital\/mk-sq\/\",\"name\":\"Argeta Macedonia AL\",\"description\":\"Argeta - pjesa e shijshme e buk\u00ebs\",\"publisher\":{\"@id\":\"https:\/\/old-argeta.cnj.digital\/mk-sq\/#organization\"},\"potentialAction\":[{\"@type\":\"SearchAction\",\"target\":{\"@type\":\"EntryPoint\",\"urlTemplate\":\"https:\/\/old-argeta.cnj.digital\/mk-sq\/?s={search_term_string}\"},\"query-input\":\"required name=search_term_string\"}],\"inLanguage\":\"en-US\"},{\"@type\":\"Organization\",\"@id\":\"https:\/\/old-argeta.cnj.digital\/mk-sq\/#organization\",\"name\":\"Argeta\",\"url\":\"https:\/\/old-argeta.cnj.digital\/mk-sq\/\",\"logo\":{\"@type\":\"ImageObject\",\"inLanguage\":\"en-US\",\"@id\":\"https:\/\/old-argeta.cnj.digital\/mk-sq\/#\/schema\/logo\/image\/\",\"url\":\"https:\/\/old-argeta.cnj.digital\/app\/uploads\/sites\/7\/2020\/03\/Argeta_logo-1.png\",\"contentUrl\":\"https:\/\/old-argeta.cnj.digital\/app\/uploads\/sites\/7\/2020\/03\/Argeta_logo-1.png\",\"width\":1000,\"height\":1000,\"caption\":\"Argeta\"},\"image\":{\"@id\":\"https:\/\/old-argeta.cnj.digital\/mk-sq\/#\/schema\/logo\/image\/\"}}]}<\/script>\n<!-- \/ Yoast SEO plugin. -->","yoast_head_json":{"title":"Shp\u00ebrndajm\u00eb mir\u00ebsi! Bashkohu n\u00eb val\u00ebn e veprave t\u00eb mira!","description":"Deri tani, Argeta ka frym\u00ebzuar [counter] vepra t\u00eb mira. T\u00eb gjith\u00eb ejani t\u00eb jemi pjes\u00eb e k\u00ebsaj l\u00ebvizje dhe ta b\u00ebjm\u00eb bot\u00ebn vend m\u00eb t\u00eb mir\u00eb p\u00ebr t\u00eb jetuar, duke b\u00ebr\u00eb vepra t\u00eb mira \u00e7do dit\u00eb.","robots":{"index":"noindex","follow":"follow","max-snippet":"max-snippet:-1","max-image-preview":"max-image-preview:large","max-video-preview":"max-video-preview:-1"},"og_locale":"en_US","og_type":"article","og_title":"Shp\u00ebrndajm\u00eb mir\u00ebsi! Bashkohu n\u00eb val\u00ebn e veprave t\u00eb mira!","og_description":"Deri tani, Argeta ka frym\u00ebzuar [counter] vepra t\u00eb mira. T\u00eb gjith\u00eb ejani t\u00eb jemi pjes\u00eb e k\u00ebsaj l\u00ebvizje dhe ta b\u00ebjm\u00eb bot\u00ebn vend m\u00eb t\u00eb mir\u00eb p\u00ebr t\u00eb jetuar, duke b\u00ebr\u00eb vepra t\u00eb mira \u00e7do dit\u00eb.","og_url":"https:\/\/old-argeta.cnj.digital\/mk-sq\/spread-good\/","og_site_name":"Argeta Macedonia AL","article_modified_time":"2020-10-05T13:44:32+00:00","og_image":[{"width":2400,"height":1260,"url":"https:\/\/old-argeta.cnj.digital\/app\/uploads\/sites\/7\/2020\/08\/ARGETA_SPREADGOOD_FACEBOOKSHARE@2x.jpg","type":"image\/jpeg"}],"twitter_card":"summary_large_image","twitter_title":"Shp\u00ebrndajm\u00eb mir\u00ebsi! Bashkohu n\u00eb val\u00ebn e veprave t\u00eb mira!","twitter_description":"Deri tani, Argeta ka frym\u00ebzuar [counter] vepra t\u00eb mira. T\u00eb gjith\u00eb ejani t\u00eb jemi pjes\u00eb e k\u00ebsaj l\u00ebvizje dhe ta b\u00ebjm\u00eb bot\u00ebn vend m\u00eb t\u00eb mir\u00eb p\u00ebr t\u00eb jetuar, duke b\u00ebr\u00eb vepra t\u00eb mira \u00e7do dit\u00eb.","twitter_image":"https:\/\/old-argeta.cnj.digital\/app\/uploads\/sites\/7\/2020\/08\/ARGETA_SPREADGOOD_FACEBOOKSHARE@2x.jpg","schema":{"@context":"https:\/\/schema.org","@graph":[{"@type":"WebPage","@id":"https:\/\/old-argeta.cnj.digital\/mk-sq\/spread-good\/","url":"https:\/\/old-argeta.cnj.digital\/mk-sq\/spread-good\/","name":"Shp\u00ebrndajm\u00eb mir\u00ebsi! Bashkohu n\u00eb val\u00ebn e veprave t\u00eb mira!","isPartOf":{"@id":"https:\/\/old-argeta.cnj.digital\/mk-sq\/#website"},"datePublished":"2020-08-27T07:32:00+00:00","dateModified":"2020-10-05T13:44:32+00:00","description":"Deri tani, Argeta ka frym\u00ebzuar [counter] vepra t\u00eb mira. T\u00eb gjith\u00eb ejani t\u00eb jemi pjes\u00eb e k\u00ebsaj l\u00ebvizje dhe ta b\u00ebjm\u00eb bot\u00ebn vend m\u00eb t\u00eb mir\u00eb p\u00ebr t\u00eb jetuar, duke b\u00ebr\u00eb vepra t\u00eb mira \u00e7do dit\u00eb.","breadcrumb":{"@id":"https:\/\/old-argeta.cnj.digital\/mk-sq\/spread-good\/#breadcrumb"},"inLanguage":"en-US","potentialAction":[{"@type":"ReadAction","target":["https:\/\/old-argeta.cnj.digital\/mk-sq\/spread-good\/"]}]},{"@type":"BreadcrumbList","@id":"https:\/\/old-argeta.cnj.digital\/mk-sq\/spread-good\/#breadcrumb","itemListElement":[{"@type":"ListItem","position":1,"name":"Home","item":"https:\/\/old-argeta.cnj.digital\/mk-sq\/"},{"@type":"ListItem","position":2,"name":"T\u00eb shp\u00ebrndajm\u00eb mir\u00ebsi!"}]},{"@type":"WebSite","@id":"https:\/\/old-argeta.cnj.digital\/mk-sq\/#website","url":"https:\/\/old-argeta.cnj.digital\/mk-sq\/","name":"Argeta Macedonia AL","description":"Argeta - pjesa e shijshme e buk\u00ebs","publisher":{"@id":"https:\/\/old-argeta.cnj.digital\/mk-sq\/#organization"},"potentialAction":[{"@type":"SearchAction","target":{"@type":"EntryPoint","urlTemplate":"https:\/\/old-argeta.cnj.digital\/mk-sq\/?s={search_term_string}"},"query-input":"required name=search_term_string"}],"inLanguage":"en-US"},{"@type":"Organization","@id":"https:\/\/old-argeta.cnj.digital\/mk-sq\/#organization","name":"Argeta","url":"https:\/\/old-argeta.cnj.digital\/mk-sq\/","logo":{"@type":"ImageObject","inLanguage":"en-US","@id":"https:\/\/old-argeta.cnj.digital\/mk-sq\/#\/schema\/logo\/image\/","url":"https:\/\/old-argeta.cnj.digital\/app\/uploads\/sites\/7\/2020\/03\/Argeta_logo-1.png","contentUrl":"https:\/\/old-argeta.cnj.digital\/app\/uploads\/sites\/7\/2020\/03\/Argeta_logo-1.png","width":1000,"height":1000,"caption":"Argeta"},"image":{"@id":"https:\/\/old-argeta.cnj.digital\/mk-sq\/#\/schema\/logo\/image\/"}}]}},"_links":{"self":[{"href":"https:\/\/old-argeta.cnj.digital\/mk-sq\/wp-json\/wp\/v2\/pages\/2849"}],"collection":[{"href":"https:\/\/old-argeta.cnj.digital\/mk-sq\/wp-json\/wp\/v2\/pages"}],"about":[{"href":"https:\/\/old-argeta.cnj.digital\/mk-sq\/wp-json\/wp\/v2\/types\/page"}],"author":[{"embeddable":true,"href":"https:\/\/old-argeta.cnj.digital\/mk-sq\/wp-json\/wp\/v2\/users\/10"}],"replies":[{"embeddable":true,"href":"https:\/\/old-argeta.cnj.digital\/mk-sq\/wp-json\/wp\/v2\/comments?post=2849"}],"version-history":[{"count":54,"href":"https:\/\/old-argeta.cnj.digital\/mk-sq\/wp-json\/wp\/v2\/pages\/2849\/revisions"}],"predecessor-version":[{"id":3030,"href":"https:\/\/old-argeta.cnj.digital\/mk-sq\/wp-json\/wp\/v2\/pages\/2849\/revisions\/3030"}],"wp:attachment":[{"href":"https:\/\/old-argeta.cnj.digital\/mk-sq\/wp-json\/wp\/v2\/media?parent=2849"}],"curies":[{"name":"wp","href":"https:\/\/api.w.org\/{rel}","templated":true}]}}