{"id":347,"date":"2019-02-15T14:04:21","date_gmt":"2019-02-15T14:04:21","guid":{"rendered":"http:\/\/old-argeta.cnj.digital\/xk\/?page_id=347"},"modified":"2022-04-25T08:18:29","modified_gmt":"2022-04-25T08:18:29","slug":"home","status":"publish","type":"page","link":"https:\/\/old-argeta.cnj.digital\/mk-sq\/","title":{"rendered":"Argeta \u00ebsht\u00eb bot\u00eb n\u00eb vete."},"content":{"rendered":"","protected":false},"excerpt":{"rendered":"<p>Zbulojeni bot\u00ebn e frym\u00ebzimit p\u00ebr aventurat tuaja kulinare!<\/p>\n","protected":false},"author":7,"featured_media":0,"parent":0,"menu_order":0,"comment_status":"closed","ping_status":"closed","template":"","meta":{"_acf_changed":false,"footnotes":""},"acf":[],"yoast_head":"<!-- This site is optimized with the Yoast SEO plugin v22.4 - https:\/\/yoast.com\/wordpress\/plugins\/seo\/ -->\n<title>Argeta - pjesa e shijshme e buk\u00ebs<\/title>\n<meta name=\"robots\" content=\"noindex, follow, max-snippet:-1, max-image-preview:large, max-video-preview:-1\" \/>\n<meta property=\"og:locale\" content=\"en_US\" \/>\n<meta property=\"og:type\" content=\"article\" \/>\n<meta property=\"og:title\" content=\"Argeta - pjesa e shijshme e buk\u00ebs\" \/>\n<meta property=\"og:description\" content=\"Zbulojeni bot\u00ebn e frym\u00ebzimit p\u00ebr aventurat tuaja kulinare!\" \/>\n<meta property=\"og:url\" content=\"https:\/\/old-argeta.cnj.digital\/mk-sq\/\" \/>\n<meta property=\"og:site_name\" content=\"Argeta Macedonia AL\" \/>\n<meta property=\"article:modified_time\" content=\"2022-04-25T08:18:29+00:00\" \/>\n<meta name=\"twitter:card\" content=\"summary_large_image\" \/>\n<meta name=\"twitter:title\" content=\"Argeta - pjesa e shijshme e buk\u00ebs\" \/>\n<script type=\"application\/ld+json\" class=\"yoast-schema-graph\">{\"@context\":\"https:\/\/schema.org\",\"@graph\":[{\"@type\":\"WebPage\",\"@id\":\"https:\/\/old-argeta.cnj.digital\/mk-sq\/\",\"url\":\"https:\/\/old-argeta.cnj.digital\/mk-sq\/\",\"name\":\"Argeta - pjesa e shijshme e buk\u00ebs\",\"isPartOf\":{\"@id\":\"https:\/\/old-argeta.cnj.digital\/mk-sq\/#website\"},\"datePublished\":\"2019-02-15T14:04:21+00:00\",\"dateModified\":\"2022-04-25T08:18:29+00:00\",\"breadcrumb\":{\"@id\":\"https:\/\/old-argeta.cnj.digital\/mk-sq\/#breadcrumb\"},\"inLanguage\":\"en-US\",\"potentialAction\":[{\"@type\":\"ReadAction\",\"target\":[\"https:\/\/old-argeta.cnj.digital\/mk-sq\/\"]}]},{\"@type\":\"BreadcrumbList\",\"@id\":\"https:\/\/old-argeta.cnj.digital\/mk-sq\/#breadcrumb\",\"itemListElement\":[{\"@type\":\"ListItem\",\"position\":1,\"name\":\"Home\",\"item\":\"https:\/\/old-argeta.cnj.digital\/mk-sq\/\"},{\"@type\":\"ListItem\",\"position\":2,\"name\":\"Argeta \u00ebsht\u00eb bot\u00eb n\u00eb vete.\"}]},{\"@type\":\"WebSite\",\"@id\":\"https:\/\/old-argeta.cnj.digital\/mk-sq\/#website\",\"url\":\"https:\/\/old-argeta.cnj.digital\/mk-sq\/\",\"name\":\"Argeta Macedonia AL\",\"description\":\"Argeta - pjesa e shijshme e buk\u00ebs\",\"publisher\":{\"@id\":\"https:\/\/old-argeta.cnj.digital\/mk-sq\/#organization\"},\"potentialAction\":[{\"@type\":\"SearchAction\",\"target\":{\"@type\":\"EntryPoint\",\"urlTemplate\":\"https:\/\/old-argeta.cnj.digital\/mk-sq\/?s={search_term_string}\"},\"query-input\":\"required name=search_term_string\"}],\"inLanguage\":\"en-US\"},{\"@type\":\"Organization\",\"@id\":\"https:\/\/old-argeta.cnj.digital\/mk-sq\/#organization\",\"name\":\"Argeta\",\"url\":\"https:\/\/old-argeta.cnj.digital\/mk-sq\/\",\"logo\":{\"@type\":\"ImageObject\",\"inLanguage\":\"en-US\",\"@id\":\"https:\/\/old-argeta.cnj.digital\/mk-sq\/#\/schema\/logo\/image\/\",\"url\":\"https:\/\/old-argeta.cnj.digital\/app\/uploads\/sites\/7\/2020\/03\/Argeta_logo-1.png\",\"contentUrl\":\"https:\/\/old-argeta.cnj.digital\/app\/uploads\/sites\/7\/2020\/03\/Argeta_logo-1.png\",\"width\":1000,\"height\":1000,\"caption\":\"Argeta\"},\"image\":{\"@id\":\"https:\/\/old-argeta.cnj.digital\/mk-sq\/#\/schema\/logo\/image\/\"}}]}<\/script>\n<!-- \/ Yoast SEO plugin. -->","yoast_head_json":{"title":"Argeta - pjesa e shijshme e buk\u00ebs","robots":{"index":"noindex","follow":"follow","max-snippet":"max-snippet:-1","max-image-preview":"max-image-preview:large","max-video-preview":"max-video-preview:-1"},"og_locale":"en_US","og_type":"article","og_title":"Argeta - pjesa e shijshme e buk\u00ebs","og_description":"Zbulojeni bot\u00ebn e frym\u00ebzimit p\u00ebr aventurat tuaja kulinare!","og_url":"https:\/\/old-argeta.cnj.digital\/mk-sq\/","og_site_name":"Argeta Macedonia AL","article_modified_time":"2022-04-25T08:18:29+00:00","twitter_card":"summary_large_image","twitter_title":"Argeta - pjesa e shijshme e buk\u00ebs","schema":{"@context":"https:\/\/schema.org","@graph":[{"@type":"WebPage","@id":"https:\/\/old-argeta.cnj.digital\/mk-sq\/","url":"https:\/\/old-argeta.cnj.digital\/mk-sq\/","name":"Argeta - pjesa e shijshme e buk\u00ebs","isPartOf":{"@id":"https:\/\/old-argeta.cnj.digital\/mk-sq\/#website"},"datePublished":"2019-02-15T14:04:21+00:00","dateModified":"2022-04-25T08:18:29+00:00","breadcrumb":{"@id":"https:\/\/old-argeta.cnj.digital\/mk-sq\/#breadcrumb"},"inLanguage":"en-US","potentialAction":[{"@type":"ReadAction","target":["https:\/\/old-argeta.cnj.digital\/mk-sq\/"]}]},{"@type":"BreadcrumbList","@id":"https:\/\/old-argeta.cnj.digital\/mk-sq\/#breadcrumb","itemListElement":[{"@type":"ListItem","position":1,"name":"Home","item":"https:\/\/old-argeta.cnj.digital\/mk-sq\/"},{"@type":"ListItem","position":2,"name":"Argeta \u00ebsht\u00eb bot\u00eb n\u00eb vete."}]},{"@type":"WebSite","@id":"https:\/\/old-argeta.cnj.digital\/mk-sq\/#website","url":"https:\/\/old-argeta.cnj.digital\/mk-sq\/","name":"Argeta Macedonia AL","description":"Argeta - pjesa e shijshme e buk\u00ebs","publisher":{"@id":"https:\/\/old-argeta.cnj.digital\/mk-sq\/#organization"},"potentialAction":[{"@type":"SearchAction","target":{"@type":"EntryPoint","urlTemplate":"https:\/\/old-argeta.cnj.digital\/mk-sq\/?s={search_term_string}"},"query-input":"required name=search_term_string"}],"inLanguage":"en-US"},{"@type":"Organization","@id":"https:\/\/old-argeta.cnj.digital\/mk-sq\/#organization","name":"Argeta","url":"https:\/\/old-argeta.cnj.digital\/mk-sq\/","logo":{"@type":"ImageObject","inLanguage":"en-US","@id":"https:\/\/old-argeta.cnj.digital\/mk-sq\/#\/schema\/logo\/image\/","url":"https:\/\/old-argeta.cnj.digital\/app\/uploads\/sites\/7\/2020\/03\/Argeta_logo-1.png","contentUrl":"https:\/\/old-argeta.cnj.digital\/app\/uploads\/sites\/7\/2020\/03\/Argeta_logo-1.png","width":1000,"height":1000,"caption":"Argeta"},"image":{"@id":"https:\/\/old-argeta.cnj.digital\/mk-sq\/#\/schema\/logo\/image\/"}}]}},"_links":{"self":[{"href":"https:\/\/old-argeta.cnj.digital\/mk-sq\/wp-json\/wp\/v2\/pages\/347"}],"collection":[{"href":"https:\/\/old-argeta.cnj.digital\/mk-sq\/wp-json\/wp\/v2\/pages"}],"about":[{"href":"https:\/\/old-argeta.cnj.digital\/mk-sq\/wp-json\/wp\/v2\/types\/page"}],"author":[{"embeddable":true,"href":"https:\/\/old-argeta.cnj.digital\/mk-sq\/wp-json\/wp\/v2\/users\/7"}],"replies":[{"embeddable":true,"href":"https:\/\/old-argeta.cnj.digital\/mk-sq\/wp-json\/wp\/v2\/comments?post=347"}],"version-history":[{"count":64,"href":"https:\/\/old-argeta.cnj.digital\/mk-sq\/wp-json\/wp\/v2\/pages\/347\/revisions"}],"predecessor-version":[{"id":6249,"href":"https:\/\/old-argeta.cnj.digital\/mk-sq\/wp-json\/wp\/v2\/pages\/347\/revisions\/6249"}],"wp:attachment":[{"href":"https:\/\/old-argeta.cnj.digital\/mk-sq\/wp-json\/wp\/v2\/media?parent=347"}],"curies":[{"name":"wp","href":"https:\/\/api.w.org\/{rel}","templated":true}]}}