{"id":408,"date":"2019-02-20T11:25:34","date_gmt":"2019-02-20T11:25:34","guid":{"rendered":"http:\/\/old-argeta.cnj.digital\/xk\/?page_id=408"},"modified":"2023-01-12T08:58:43","modified_gmt":"2023-01-12T08:58:43","slug":"kukit","status":"publish","type":"page","link":"https:\/\/old-argeta.cnj.digital\/mk-sq\/kukit\/","title":{"rendered":"Kukit"},"content":{"rendered":"<h3>Politika p\u00ebr kukit<\/h3>\n<p>N\u00eb kompjuterin tuaj duhet t\u00eb ruhet nj\u00eb sasi minimale informacioni (kuki) q\u00eb uebsajti t\u00eb funksionoj\u00eb normalisht dhe q\u00eb p\u00ebrvoja juaj e shfletimit t\u00eb p\u00ebrdit\u00ebsohet dhe p\u00ebrmir\u00ebsohet. Mbi 90% e uebsajteve p\u00ebrdorin kuki, megjith\u00ebse sipas rregullave t\u00eb Bashkimit Evropian ato duhet t\u00eb k\u00ebrkojn\u00eb miratimin e p\u00ebrdoruesit. Duke p\u00ebrdorur k\u00ebt\u00eb uebsajt, ju bini dakord me p\u00ebrdorimin e kukive, megjith\u00ebse n\u00ebse nuk i pranoni kukit, ju s\u00ebrish mund t\u00eb shikoni uebsajtin, por disa funksione n\u00eb k\u00ebt\u00eb uebsajt mund t\u00eb mos funksionojn\u00eb ose implementohen si\u00e7 duhet.<\/p>\n<h3>\u00c7far\u00eb jan\u00eb kukit?<\/h3>\n<p>Kukit jan\u00eb informacione q\u00eb ruhen n\u00eb kompjuterin tuaj nga uebsajti q\u00eb vizitoni. Kukit zakonisht ruajn\u00eb cil\u00ebsimet tuaj p\u00ebr uebsajtin, si p.sh. gjuh\u00ebn e d\u00ebshiruar ose adres\u00ebn. M\u00eb von\u00eb, kur e hapni p\u00ebrs\u00ebri t\u00eb nj\u00ebjtin uebsajt, shfletuesi d\u00ebrgon mbrapsht kukit q\u00eb i p\u00ebrkasin sajtit. Kjo i jep mund\u00ebsin\u00eb uebsajtit t\u00eb tregoj\u00eb informacionin e p\u00ebrshtatur p\u00ebr k\u00ebrkesat tuaja.<\/p>\n<p>Kukit mund t\u00eb ruajn\u00eb nj\u00eb gam\u00eb t\u00eb gjer\u00eb informacionesh, duke p\u00ebrdorur informacionin personal (emrin ose emailin tuaj). Megjithat\u00eb, ky informacion mund t\u00eb ruhet vet\u00ebm n\u00ebse e aktivizoni k\u00ebt\u00eb \u2013 uebsajtet nuk mund t\u00eb fitojn\u00eb qasje tek informacioni n\u00ebse nuk e keni miratuar at\u00eb, dhe as mund t\u00eb ken\u00eb qasje n\u00eb skedar\u00eb t\u00eb tjer\u00eb n\u00eb kompjuterin ose pajisjen tuaj celulare. Cil\u00ebsimet e parazgjedhura p\u00ebr ruajtjen dhe d\u00ebrgimin e kukive nuk jan\u00eb t\u00eb dukshme p\u00ebr ju, por ju mund t\u00eb ndryshoni cil\u00ebsimet e shfletuesit tuaj duke zgjedhur vet\u00eb n\u00ebse d\u00ebshironi t\u00eb miratoni ose t\u00eb refuzoni k\u00ebrkesat p\u00ebr ruajtjen e kukive, n\u00ebse kukit e ruajtura fshihen automatikisht kur mbyllet shfletuesi e k\u00ebshtu me radh\u00eb.<\/p>\n<h3>Si t\u2019i refuzoni kukit?<\/h3>\n<p>Duke refuzuar kukit ju vendosni n\u00ebse d\u00ebshironi t\u00eb lejoni ruajtjen e kukive n\u00eb kompjuterin ose n\u00eb pajisjen tuaj celulare. Cil\u00ebsimet e kukive mund t\u00eb kontrollohen dhe konfigurohen n\u00eb shfletuesin tuaj. N\u00ebse nuk i pranoni kukit, mund t\u00eb ndodh\u00eb q\u00eb t\u00eb mos jeni n\u00eb gjendje t\u00eb p\u00ebrdorni funksione t\u00eb caktuara n\u00eb nj\u00eb uebsajt.<\/p>\n<h3>\u00c7far\u00eb jan\u00eb kukit e p\u00ebrkohshme?<\/h3>\n<p>Kukit e p\u00ebrkohshme ose t\u00eb sesioneve fshihen nga kompjuteri pasi ju mbyllni shfletuesin. P\u00ebrmes k\u00ebtyre kukive, uebsajtet ruajn\u00eb t\u00eb dh\u00ebna t\u00eb p\u00ebrkohshme si p.sh. produktet n\u00eb nj\u00eb shport\u00eb blerjesh.<\/p>\n<p><strong>\u00c7far\u00eb jan\u00eb kukit e p\u00ebrhershme?<\/strong><\/p>\n<p>Kukit e p\u00ebrhershme ose t\u00eb ruajtura mbeten n\u00eb kompjuterin tuaj pasi mbyllni programin e shfletuesit. P\u00ebrmes k\u00ebtyre kukive, uebsajtet ruajn\u00eb t\u00eb dh\u00ebna t\u00eb tilla si emri i identifikimit dhe fjal\u00ebkalimi, n\u00eb m\u00ebnyr\u00eb q\u00eb t\u00eb mos jet\u00eb nevoja t\u00eb identifikoheni n\u00eb \u00e7do moment q\u00eb vizitoni nj\u00eb sajt t\u00eb caktuar. Kukit e p\u00ebrhershme do t\u00eb q\u00ebndrojn\u00eb n\u00eb kompjuter p\u00ebr disa dit\u00eb, muaj apo edhe vite.<\/p>\n<p><strong>\u00c7far\u00eb jan\u00eb kukit e pal\u00ebve t\u00eb para?<\/strong><\/p>\n<p>Kukit e pal\u00ebve t\u00eb para vijn\u00eb nga uebsajti q\u00eb po shfleton p\u00ebrdoruesi, dhe mund t\u00eb jen\u00eb t\u00eb p\u00ebrhershme ose t\u00eb p\u00ebrkohshme. P\u00ebrmes k\u00ebtyre kukive, uebsajtet mund t\u00eb ruajn\u00eb t\u00eb dh\u00ebna q\u00eb do t\u00eb p\u00ebrdoren s\u00ebrish her\u00ebn tjet\u00ebr q\u00eb p\u00ebrdoruesi viziton at\u00eb sajt.<\/p>\n<p><strong>\u00c7far\u00eb jan\u00eb kukit e pal\u00ebve t\u00eb treta?<\/strong><\/p>\n<p>Kukit e pal\u00ebve t\u00eb treta e kan\u00eb origjin\u00ebn nga uebsajte t\u00eb tjera partnere (si p.sh. nj\u00eb dritare q\u00eb shfaqet ose reklama t\u00eb tjera) q\u00eb ndodhen n\u00eb uebsajtin q\u00eb po vizitoni. P\u00ebrmes k\u00ebtyre kukive, uebsajtet mund t\u00eb gjurmojn\u00eb p\u00ebrdorimin tuaj t\u00eb uebit p\u00ebr q\u00ebllime marketingu.<\/p>\n<p><strong>A p\u00ebrdor ky uebsajt kuki?<\/strong><\/p>\n<p>Po, me q\u00ebllimin kryesor q\u00eb uebsajti yn\u00eb t\u2019ju jap\u00eb p\u00ebrvoj\u00ebn m\u00eb t\u00eb mir\u00eb t\u00eb p\u00ebrdoruesit.<\/p>\n<p><strong>\u00c7far\u00eb kukish p\u00ebrdor ky uebsajt dhe pse?<\/strong><\/p>\n<p>Kukit e p\u00ebrkohshme ose t\u00eb sesionit jan\u00eb kuki q\u00eb skadojn\u00eb (dhe fshihen automatikisht) kur mbyllni shfletuesin. Ne i p\u00ebrdorim kukit e p\u00ebrkohshme n\u00eb m\u00ebnyr\u00eb q\u00eb p\u00ebrdoruesit t\u00eb ken\u00eb p\u00ebrvoj\u00ebn m\u00eb t\u00eb mir\u00eb n\u00eb p\u00ebrdorimin e uebsajtit ton\u00eb.<\/p>\n<p>Kukit e p\u00ebrhershme zakonisht kan\u00eb nj\u00eb dat\u00eb skadence t\u00eb larg\u00ebt, prandaj ato do t\u00eb q\u00ebndrojn\u00eb n\u00eb shfletuesin tuaj derisa t\u00eb skadojn\u00eb ose derisa t\u2019i fshini manualisht. Ne i p\u00ebrdorim kukit e p\u00ebrhershme p\u00ebr t\u00eb kuptuar m\u00eb mir\u00eb zakonet e p\u00ebrdoruesve, q\u00eb na lejojn\u00eb t\u00eb p\u00ebrmir\u00ebsojm\u00eb uebsajtin n\u00eb var\u00ebsi t\u00eb preferencave tuaja. T\u00eb dh\u00ebnat e grumbulluara nuk mund t\u00eb p\u00ebrdoren p\u00ebr t\u2019ju identifikuar juve si p\u00ebrdorues, dhe t\u00eb dh\u00ebnat e grumbulluara p\u00ebrdoren ekskluzivisht p\u00ebr q\u00ebllime statistikore.<\/p>\n<p><strong>A ka kuki t\u00eb pal\u00ebve t\u00eb treta n\u00eb k\u00ebt\u00eb uebsajt?<\/strong><\/p>\n<p>Ekzistojn\u00eb disa sh\u00ebrbime t\u00eb jashtme q\u00eb ruajn\u00eb kuki t\u00eb kufizuara p\u00ebr p\u00ebrdoruesin. K\u00ebto kuki nuk jan\u00eb vendosur nga ky uebsajt, por disa sh\u00ebrbejn\u00eb p\u00ebr t\u00eb garantuar funksionimin normal t\u00eb disa funksioneve q\u00eb leht\u00ebsojn\u00eb qasjen e p\u00ebrdoruesit n\u00eb p\u00ebrmbajtje. P\u00ebr k\u00ebt\u00eb arsye informacioni rreth mbrojtjes s\u00eb t\u00eb dh\u00ebnave q\u00eb jepet k\u00ebtu aplikohet vet\u00ebm p\u00ebr k\u00ebt\u00eb uebsajt, dhe mbrojtja e t\u00eb dh\u00ebnave n\u00eb sajtet e jashtme t\u00eb sh\u00ebrbimit duhet t\u00eb verifikohet n\u00eb sajtet e tyre zyrtare.<\/p>\n<p><strong>Aktualisht ne mund\u00ebsojm\u00eb:<\/strong><\/p>\n<p><strong>Matja e vizitave<\/strong><\/p>\n<p>Ky uebsajt p\u00ebrdor sh\u00ebrbime p\u00ebr matjen e numrit t\u00eb p\u00ebrdoruesve, ve\u00e7an\u00ebrisht Google Analytics. T\u00eb dh\u00ebnat e grumbulluara nuk mund t\u00eb p\u00ebrdoren p\u00ebr t\u00eb identifikuar p\u00ebrdoruesit, dhe t\u00eb dh\u00ebnat e grumbulluara p\u00ebrdoren ekskluzivisht p\u00ebr q\u00ebllime statistikore. N\u00ebse d\u00ebshironi t\u00eb mos i lejoni k\u00ebto sh\u00ebrbime q\u00eb t\u00eb ruajn\u00eb kukit, ju mund t\u2019i refuzoni ato p\u00ebr secilin sh\u00ebrbim n\u00eb lidhjet e m\u00ebposhtme:<\/p>\n<ul>\n<li>Google Analytics \u2013 https:\/\/tools.google.com\/dlpage\/gaoptout<\/li>\n<li>iProm &#8211; UID<\/li>\n<\/ul>\n\n\n<figure class=\"wp-block-table table-cookies\"><table><tbody><tr><td><strong>Cookie<br>name<\/strong><\/td><td><strong>Storage<br>period<\/strong><\/td><td><strong>Who installs<br>the cookie<br>and manages<br>the data it<br>acquires<\/strong><\/td><td><strong>Domain<\/strong><\/td><td><strong>Purpose of the processing of the data collected<br>by the cookie<\/strong><\/td><\/tr><tr><td>UID<\/td><td>36<br>months<\/td><td>iPROM d.o.o.<\/td><td>iprom.net<\/td><td>iPROM&#8217;s advertising cookie allows the system to<br>set a cookie in order to display personalized ads on<br>other online media after the user leaves this<br>website. The system installs the cookie on the user<br>profile (browser) based on user\u2019s prior explicit<br>consent on the website. The user&#8217;s profile is<br>anonymous and does not contain personal<br>information.<\/td><\/tr><\/tbody><\/table><\/figure>\n","protected":false},"excerpt":{"rendered":"<p>Politika p\u00ebr kukit N\u00eb kompjuterin tuaj duhet t\u00eb ruhet nj\u00eb sasi minimale informacioni (kuki) q\u00eb uebsajti t\u00eb funksionoj\u00eb normalisht dhe q\u00eb p\u00ebrvoja juaj e shfletimit t\u00eb p\u00ebrdit\u00ebsohet dhe p\u00ebrmir\u00ebsohet. Mbi 90% e uebsajteve p\u00ebrdorin kuki, megjith\u00ebse sipas rregullave t\u00eb Bashkimit Evropian ato duhet t\u00eb k\u00ebrkojn\u00eb miratimin e p\u00ebrdoruesit. Duke p\u00ebrdorur k\u00ebt\u00eb uebsajt, ju bini dakord [&hellip;]<\/p>\n","protected":false},"author":7,"featured_media":0,"parent":0,"menu_order":0,"comment_status":"closed","ping_status":"closed","template":"page-cookies.php","meta":{"_acf_changed":false,"footnotes":""},"acf":[],"yoast_head":"<!-- This site is optimized with the Yoast SEO plugin v22.4 - https:\/\/yoast.com\/wordpress\/plugins\/seo\/ -->\n<title>Kukit - Argeta Macedonia AL<\/title>\n<meta name=\"robots\" content=\"noindex, follow, max-snippet:-1, max-image-preview:large, max-video-preview:-1\" \/>\n<meta property=\"og:locale\" content=\"en_US\" \/>\n<meta property=\"og:type\" content=\"article\" \/>\n<meta property=\"og:title\" content=\"Kukit - Argeta Macedonia AL\" \/>\n<meta property=\"og:description\" content=\"Politika p\u00ebr kukit N\u00eb kompjuterin tuaj duhet t\u00eb ruhet nj\u00eb sasi minimale informacioni (kuki) q\u00eb uebsajti t\u00eb funksionoj\u00eb normalisht dhe q\u00eb p\u00ebrvoja juaj e shfletimit t\u00eb p\u00ebrdit\u00ebsohet dhe p\u00ebrmir\u00ebsohet. Mbi 90% e uebsajteve p\u00ebrdorin kuki, megjith\u00ebse sipas rregullave t\u00eb Bashkimit Evropian ato duhet t\u00eb k\u00ebrkojn\u00eb miratimin e p\u00ebrdoruesit. Duke p\u00ebrdorur k\u00ebt\u00eb uebsajt, ju bini dakord [&hellip;]\" \/>\n<meta property=\"og:url\" content=\"https:\/\/old-argeta.cnj.digital\/mk-sq\/kukit\/\" \/>\n<meta property=\"og:site_name\" content=\"Argeta Macedonia AL\" \/>\n<meta property=\"article:modified_time\" content=\"2023-01-12T08:58:43+00:00\" \/>\n<meta name=\"twitter:card\" content=\"summary_large_image\" \/>\n<meta name=\"twitter:label1\" content=\"Est. reading time\" \/>\n\t<meta name=\"twitter:data1\" content=\"4 minutes\" \/>\n<script type=\"application\/ld+json\" class=\"yoast-schema-graph\">{\"@context\":\"https:\/\/schema.org\",\"@graph\":[{\"@type\":\"WebPage\",\"@id\":\"https:\/\/old-argeta.cnj.digital\/mk-sq\/kukit\/\",\"url\":\"https:\/\/old-argeta.cnj.digital\/mk-sq\/kukit\/\",\"name\":\"Kukit - Argeta Macedonia AL\",\"isPartOf\":{\"@id\":\"https:\/\/old-argeta.cnj.digital\/mk-sq\/#website\"},\"datePublished\":\"2019-02-20T11:25:34+00:00\",\"dateModified\":\"2023-01-12T08:58:43+00:00\",\"breadcrumb\":{\"@id\":\"https:\/\/old-argeta.cnj.digital\/mk-sq\/kukit\/#breadcrumb\"},\"inLanguage\":\"en-US\",\"potentialAction\":[{\"@type\":\"ReadAction\",\"target\":[\"https:\/\/old-argeta.cnj.digital\/mk-sq\/kukit\/\"]}]},{\"@type\":\"BreadcrumbList\",\"@id\":\"https:\/\/old-argeta.cnj.digital\/mk-sq\/kukit\/#breadcrumb\",\"itemListElement\":[{\"@type\":\"ListItem\",\"position\":1,\"name\":\"Home\",\"item\":\"https:\/\/old-argeta.cnj.digital\/mk-sq\/\"},{\"@type\":\"ListItem\",\"position\":2,\"name\":\"Kukit\"}]},{\"@type\":\"WebSite\",\"@id\":\"https:\/\/old-argeta.cnj.digital\/mk-sq\/#website\",\"url\":\"https:\/\/old-argeta.cnj.digital\/mk-sq\/\",\"name\":\"Argeta Macedonia AL\",\"description\":\"Argeta - pjesa e shijshme e buk\u00ebs\",\"publisher\":{\"@id\":\"https:\/\/old-argeta.cnj.digital\/mk-sq\/#organization\"},\"potentialAction\":[{\"@type\":\"SearchAction\",\"target\":{\"@type\":\"EntryPoint\",\"urlTemplate\":\"https:\/\/old-argeta.cnj.digital\/mk-sq\/?s={search_term_string}\"},\"query-input\":\"required name=search_term_string\"}],\"inLanguage\":\"en-US\"},{\"@type\":\"Organization\",\"@id\":\"https:\/\/old-argeta.cnj.digital\/mk-sq\/#organization\",\"name\":\"Argeta\",\"url\":\"https:\/\/old-argeta.cnj.digital\/mk-sq\/\",\"logo\":{\"@type\":\"ImageObject\",\"inLanguage\":\"en-US\",\"@id\":\"https:\/\/old-argeta.cnj.digital\/mk-sq\/#\/schema\/logo\/image\/\",\"url\":\"https:\/\/old-argeta.cnj.digital\/app\/uploads\/sites\/7\/2020\/03\/Argeta_logo-1.png\",\"contentUrl\":\"https:\/\/old-argeta.cnj.digital\/app\/uploads\/sites\/7\/2020\/03\/Argeta_logo-1.png\",\"width\":1000,\"height\":1000,\"caption\":\"Argeta\"},\"image\":{\"@id\":\"https:\/\/old-argeta.cnj.digital\/mk-sq\/#\/schema\/logo\/image\/\"}}]}<\/script>\n<!-- \/ Yoast SEO plugin. -->","yoast_head_json":{"title":"Kukit - Argeta Macedonia AL","robots":{"index":"noindex","follow":"follow","max-snippet":"max-snippet:-1","max-image-preview":"max-image-preview:large","max-video-preview":"max-video-preview:-1"},"og_locale":"en_US","og_type":"article","og_title":"Kukit - Argeta Macedonia AL","og_description":"Politika p\u00ebr kukit N\u00eb kompjuterin tuaj duhet t\u00eb ruhet nj\u00eb sasi minimale informacioni (kuki) q\u00eb uebsajti t\u00eb funksionoj\u00eb normalisht dhe q\u00eb p\u00ebrvoja juaj e shfletimit t\u00eb p\u00ebrdit\u00ebsohet dhe p\u00ebrmir\u00ebsohet. Mbi 90% e uebsajteve p\u00ebrdorin kuki, megjith\u00ebse sipas rregullave t\u00eb Bashkimit Evropian ato duhet t\u00eb k\u00ebrkojn\u00eb miratimin e p\u00ebrdoruesit. Duke p\u00ebrdorur k\u00ebt\u00eb uebsajt, ju bini dakord [&hellip;]","og_url":"https:\/\/old-argeta.cnj.digital\/mk-sq\/kukit\/","og_site_name":"Argeta Macedonia AL","article_modified_time":"2023-01-12T08:58:43+00:00","twitter_card":"summary_large_image","twitter_misc":{"Est. reading time":"4 minutes"},"schema":{"@context":"https:\/\/schema.org","@graph":[{"@type":"WebPage","@id":"https:\/\/old-argeta.cnj.digital\/mk-sq\/kukit\/","url":"https:\/\/old-argeta.cnj.digital\/mk-sq\/kukit\/","name":"Kukit - Argeta Macedonia AL","isPartOf":{"@id":"https:\/\/old-argeta.cnj.digital\/mk-sq\/#website"},"datePublished":"2019-02-20T11:25:34+00:00","dateModified":"2023-01-12T08:58:43+00:00","breadcrumb":{"@id":"https:\/\/old-argeta.cnj.digital\/mk-sq\/kukit\/#breadcrumb"},"inLanguage":"en-US","potentialAction":[{"@type":"ReadAction","target":["https:\/\/old-argeta.cnj.digital\/mk-sq\/kukit\/"]}]},{"@type":"BreadcrumbList","@id":"https:\/\/old-argeta.cnj.digital\/mk-sq\/kukit\/#breadcrumb","itemListElement":[{"@type":"ListItem","position":1,"name":"Home","item":"https:\/\/old-argeta.cnj.digital\/mk-sq\/"},{"@type":"ListItem","position":2,"name":"Kukit"}]},{"@type":"WebSite","@id":"https:\/\/old-argeta.cnj.digital\/mk-sq\/#website","url":"https:\/\/old-argeta.cnj.digital\/mk-sq\/","name":"Argeta Macedonia AL","description":"Argeta - pjesa e shijshme e buk\u00ebs","publisher":{"@id":"https:\/\/old-argeta.cnj.digital\/mk-sq\/#organization"},"potentialAction":[{"@type":"SearchAction","target":{"@type":"EntryPoint","urlTemplate":"https:\/\/old-argeta.cnj.digital\/mk-sq\/?s={search_term_string}"},"query-input":"required name=search_term_string"}],"inLanguage":"en-US"},{"@type":"Organization","@id":"https:\/\/old-argeta.cnj.digital\/mk-sq\/#organization","name":"Argeta","url":"https:\/\/old-argeta.cnj.digital\/mk-sq\/","logo":{"@type":"ImageObject","inLanguage":"en-US","@id":"https:\/\/old-argeta.cnj.digital\/mk-sq\/#\/schema\/logo\/image\/","url":"https:\/\/old-argeta.cnj.digital\/app\/uploads\/sites\/7\/2020\/03\/Argeta_logo-1.png","contentUrl":"https:\/\/old-argeta.cnj.digital\/app\/uploads\/sites\/7\/2020\/03\/Argeta_logo-1.png","width":1000,"height":1000,"caption":"Argeta"},"image":{"@id":"https:\/\/old-argeta.cnj.digital\/mk-sq\/#\/schema\/logo\/image\/"}}]}},"_links":{"self":[{"href":"https:\/\/old-argeta.cnj.digital\/mk-sq\/wp-json\/wp\/v2\/pages\/408"}],"collection":[{"href":"https:\/\/old-argeta.cnj.digital\/mk-sq\/wp-json\/wp\/v2\/pages"}],"about":[{"href":"https:\/\/old-argeta.cnj.digital\/mk-sq\/wp-json\/wp\/v2\/types\/page"}],"author":[{"embeddable":true,"href":"https:\/\/old-argeta.cnj.digital\/mk-sq\/wp-json\/wp\/v2\/users\/7"}],"replies":[{"embeddable":true,"href":"https:\/\/old-argeta.cnj.digital\/mk-sq\/wp-json\/wp\/v2\/comments?post=408"}],"version-history":[{"count":6,"href":"https:\/\/old-argeta.cnj.digital\/mk-sq\/wp-json\/wp\/v2\/pages\/408\/revisions"}],"predecessor-version":[{"id":7957,"href":"https:\/\/old-argeta.cnj.digital\/mk-sq\/wp-json\/wp\/v2\/pages\/408\/revisions\/7957"}],"wp:attachment":[{"href":"https:\/\/old-argeta.cnj.digital\/mk-sq\/wp-json\/wp\/v2\/media?parent=408"}],"curies":[{"name":"wp","href":"https:\/\/api.w.org\/{rel}","templated":true}]}}