{"id":54,"date":"2019-07-24T09:45:12","date_gmt":"2019-07-24T09:45:12","guid":{"rendered":"https:\/\/old-argeta.cnj.digital\/nl\/?page_id=54"},"modified":"2023-06-09T13:16:11","modified_gmt":"2023-06-09T13:16:11","slug":"argeta-is-een-wereld-op-zichzelf","status":"publish","type":"page","link":"https:\/\/old-argeta.cnj.digital\/nl\/","title":{"rendered":"Argeta is een wereld op zichzelf."},"content":{"rendered":"","protected":false},"excerpt":{"rendered":"<p>Argeta je svet zase. Odkrijte svet navdiha za va\u0161a kulinari\u010dna do\u017eivetja, zabavne igre in nepozabna raziskovanja!<\/p>\n","protected":false},"author":7,"featured_media":0,"parent":0,"menu_order":0,"comment_status":"closed","ping_status":"closed","template":"","meta":{"_acf_changed":false,"footnotes":""},"acf":[],"yoast_head":"<!-- This site is optimized with the Yoast SEO plugin v22.4 - https:\/\/yoast.com\/wordpress\/plugins\/seo\/ -->\n<title>Argeta - de goede kant van brood<\/title>\n<meta name=\"robots\" content=\"noindex, follow, max-snippet:-1, max-image-preview:large, max-video-preview:-1\" \/>\n<meta property=\"og:locale\" content=\"en_US\" \/>\n<meta property=\"og:type\" content=\"article\" \/>\n<meta property=\"og:title\" content=\"Argeta - de goede kant van brood\" \/>\n<meta property=\"og:description\" content=\"Argeta je svet zase. Odkrijte svet navdiha za va\u0161a kulinari\u010dna do\u017eivetja, zabavne igre in nepozabna raziskovanja!\" \/>\n<meta property=\"og:url\" content=\"https:\/\/old-argeta.cnj.digital\/nl\/\" \/>\n<meta property=\"og:site_name\" content=\"Argeta Netherlands\" \/>\n<meta property=\"article:modified_time\" content=\"2023-06-09T13:16:11+00:00\" \/>\n<meta name=\"twitter:card\" content=\"summary_large_image\" \/>\n<meta name=\"twitter:title\" content=\"Argeta - de goede kant van brood\" \/>\n<script type=\"application\/ld+json\" class=\"yoast-schema-graph\">{\"@context\":\"https:\/\/schema.org\",\"@graph\":[{\"@type\":\"WebPage\",\"@id\":\"https:\/\/old-argeta.cnj.digital\/nl\/\",\"url\":\"https:\/\/old-argeta.cnj.digital\/nl\/\",\"name\":\"Argeta - de goede kant van brood\",\"isPartOf\":{\"@id\":\"https:\/\/old-argeta.cnj.digital\/nl\/#website\"},\"datePublished\":\"2019-07-24T09:45:12+00:00\",\"dateModified\":\"2023-06-09T13:16:11+00:00\",\"breadcrumb\":{\"@id\":\"https:\/\/old-argeta.cnj.digital\/nl\/#breadcrumb\"},\"inLanguage\":\"en-US\",\"potentialAction\":[{\"@type\":\"ReadAction\",\"target\":[\"https:\/\/old-argeta.cnj.digital\/nl\/\"]}]},{\"@type\":\"BreadcrumbList\",\"@id\":\"https:\/\/old-argeta.cnj.digital\/nl\/#breadcrumb\",\"itemListElement\":[{\"@type\":\"ListItem\",\"position\":1,\"name\":\"Home\",\"item\":\"https:\/\/old-argeta.cnj.digital\/nl\/\"},{\"@type\":\"ListItem\",\"position\":2,\"name\":\"Argeta is een wereld op zichzelf.\"}]},{\"@type\":\"WebSite\",\"@id\":\"https:\/\/old-argeta.cnj.digital\/nl\/#website\",\"url\":\"https:\/\/old-argeta.cnj.digital\/nl\/\",\"name\":\"Argeta Netherlands\",\"description\":\"Argeta - de goede kant van brood\",\"publisher\":{\"@id\":\"https:\/\/old-argeta.cnj.digital\/nl\/#organization\"},\"potentialAction\":[{\"@type\":\"SearchAction\",\"target\":{\"@type\":\"EntryPoint\",\"urlTemplate\":\"https:\/\/old-argeta.cnj.digital\/nl\/?s={search_term_string}\"},\"query-input\":\"required name=search_term_string\"}],\"inLanguage\":\"en-US\"},{\"@type\":\"Organization\",\"@id\":\"https:\/\/old-argeta.cnj.digital\/nl\/#organization\",\"name\":\"Argeta\",\"url\":\"https:\/\/old-argeta.cnj.digital\/nl\/\",\"logo\":{\"@type\":\"ImageObject\",\"inLanguage\":\"en-US\",\"@id\":\"https:\/\/old-argeta.cnj.digital\/nl\/#\/schema\/logo\/image\/\",\"url\":\"https:\/\/old-argeta.cnj.digital\/app\/uploads\/sites\/19\/2020\/03\/Argeta_logo-1.png\",\"contentUrl\":\"https:\/\/old-argeta.cnj.digital\/app\/uploads\/sites\/19\/2020\/03\/Argeta_logo-1.png\",\"width\":1000,\"height\":1000,\"caption\":\"Argeta\"},\"image\":{\"@id\":\"https:\/\/old-argeta.cnj.digital\/nl\/#\/schema\/logo\/image\/\"}}]}<\/script>\n<!-- \/ Yoast SEO plugin. -->","yoast_head_json":{"title":"Argeta - de goede kant van brood","robots":{"index":"noindex","follow":"follow","max-snippet":"max-snippet:-1","max-image-preview":"max-image-preview:large","max-video-preview":"max-video-preview:-1"},"og_locale":"en_US","og_type":"article","og_title":"Argeta - de goede kant van brood","og_description":"Argeta je svet zase. Odkrijte svet navdiha za va\u0161a kulinari\u010dna do\u017eivetja, zabavne igre in nepozabna raziskovanja!","og_url":"https:\/\/old-argeta.cnj.digital\/nl\/","og_site_name":"Argeta Netherlands","article_modified_time":"2023-06-09T13:16:11+00:00","twitter_card":"summary_large_image","twitter_title":"Argeta - de goede kant van brood","schema":{"@context":"https:\/\/schema.org","@graph":[{"@type":"WebPage","@id":"https:\/\/old-argeta.cnj.digital\/nl\/","url":"https:\/\/old-argeta.cnj.digital\/nl\/","name":"Argeta - de goede kant van brood","isPartOf":{"@id":"https:\/\/old-argeta.cnj.digital\/nl\/#website"},"datePublished":"2019-07-24T09:45:12+00:00","dateModified":"2023-06-09T13:16:11+00:00","breadcrumb":{"@id":"https:\/\/old-argeta.cnj.digital\/nl\/#breadcrumb"},"inLanguage":"en-US","potentialAction":[{"@type":"ReadAction","target":["https:\/\/old-argeta.cnj.digital\/nl\/"]}]},{"@type":"BreadcrumbList","@id":"https:\/\/old-argeta.cnj.digital\/nl\/#breadcrumb","itemListElement":[{"@type":"ListItem","position":1,"name":"Home","item":"https:\/\/old-argeta.cnj.digital\/nl\/"},{"@type":"ListItem","position":2,"name":"Argeta is een wereld op zichzelf."}]},{"@type":"WebSite","@id":"https:\/\/old-argeta.cnj.digital\/nl\/#website","url":"https:\/\/old-argeta.cnj.digital\/nl\/","name":"Argeta Netherlands","description":"Argeta - de goede kant van brood","publisher":{"@id":"https:\/\/old-argeta.cnj.digital\/nl\/#organization"},"potentialAction":[{"@type":"SearchAction","target":{"@type":"EntryPoint","urlTemplate":"https:\/\/old-argeta.cnj.digital\/nl\/?s={search_term_string}"},"query-input":"required name=search_term_string"}],"inLanguage":"en-US"},{"@type":"Organization","@id":"https:\/\/old-argeta.cnj.digital\/nl\/#organization","name":"Argeta","url":"https:\/\/old-argeta.cnj.digital\/nl\/","logo":{"@type":"ImageObject","inLanguage":"en-US","@id":"https:\/\/old-argeta.cnj.digital\/nl\/#\/schema\/logo\/image\/","url":"https:\/\/old-argeta.cnj.digital\/app\/uploads\/sites\/19\/2020\/03\/Argeta_logo-1.png","contentUrl":"https:\/\/old-argeta.cnj.digital\/app\/uploads\/sites\/19\/2020\/03\/Argeta_logo-1.png","width":1000,"height":1000,"caption":"Argeta"},"image":{"@id":"https:\/\/old-argeta.cnj.digital\/nl\/#\/schema\/logo\/image\/"}}]}},"_links":{"self":[{"href":"https:\/\/old-argeta.cnj.digital\/nl\/wp-json\/wp\/v2\/pages\/54"}],"collection":[{"href":"https:\/\/old-argeta.cnj.digital\/nl\/wp-json\/wp\/v2\/pages"}],"about":[{"href":"https:\/\/old-argeta.cnj.digital\/nl\/wp-json\/wp\/v2\/types\/page"}],"author":[{"embeddable":true,"href":"https:\/\/old-argeta.cnj.digital\/nl\/wp-json\/wp\/v2\/users\/7"}],"replies":[{"embeddable":true,"href":"https:\/\/old-argeta.cnj.digital\/nl\/wp-json\/wp\/v2\/comments?post=54"}],"version-history":[{"count":65,"href":"https:\/\/old-argeta.cnj.digital\/nl\/wp-json\/wp\/v2\/pages\/54\/revisions"}],"predecessor-version":[{"id":7004,"href":"https:\/\/old-argeta.cnj.digital\/nl\/wp-json\/wp\/v2\/pages\/54\/revisions\/7004"}],"wp:attachment":[{"href":"https:\/\/old-argeta.cnj.digital\/nl\/wp-json\/wp\/v2\/media?parent=54"}],"curies":[{"name":"wp","href":"https:\/\/api.w.org\/{rel}","templated":true}]}}