{"id":347,"date":"2019-02-19T09:07:54","date_gmt":"2019-02-19T09:07:54","guid":{"rendered":"http:\/\/old-argeta.cnj.digital\/pl\/?page_id=347"},"modified":"2022-05-30T17:47:29","modified_gmt":"2022-05-30T16:47:29","slug":"home","status":"publish","type":"page","link":"https:\/\/old-argeta.cnj.digital\/pl\/","title":{"rendered":"Najbardziej beztroski ma\u0142y posi\u0142ek dla ca\u0142ej rodziny"},"content":{"rendered":"","protected":false},"excerpt":{"rendered":"<p>ARGETA: Najbardziej beztroski ma\u0142y posi\u0142ek<br \/>\nOdkryj \u015bwiat pysznych smak\u00f3w i prawdziwej jako\u015bci dla ca\u0142ej rodziny, dla najm\u0142odszych i dla smakoszy!<\/p>\n","protected":false},"author":7,"featured_media":0,"parent":0,"menu_order":0,"comment_status":"closed","ping_status":"closed","template":"","meta":{"_acf_changed":false,"footnotes":""},"acf":[],"yoast_head":"<!-- This site is optimized with the Yoast SEO plugin v22.4 - https:\/\/yoast.com\/wordpress\/plugins\/seo\/ -->\n<title>Argeta \u2013 dobra strona chleba<\/title>\n<meta name=\"robots\" content=\"noindex, follow, max-snippet:-1, max-image-preview:large, max-video-preview:-1\" \/>\n<meta property=\"og:locale\" content=\"en_US\" \/>\n<meta property=\"og:type\" content=\"article\" \/>\n<meta property=\"og:title\" content=\"Argeta \u2013 dobra strona chleba\" \/>\n<meta property=\"og:description\" content=\"ARGETA: Najbardziej beztroski ma\u0142y posi\u0142ek Odkryj \u015bwiat pysznych smak\u00f3w i prawdziwej jako\u015bci dla ca\u0142ej rodziny, dla najm\u0142odszych i dla smakoszy!\" \/>\n<meta property=\"og:url\" content=\"https:\/\/old-argeta.cnj.digital\/pl\/\" \/>\n<meta property=\"og:site_name\" content=\"Argeta Polska\" \/>\n<meta property=\"article:modified_time\" content=\"2022-05-30T16:47:29+00:00\" \/>\n<meta name=\"twitter:card\" content=\"summary_large_image\" \/>\n<meta name=\"twitter:title\" content=\"Argeta \u2013 dobra strona chleba\" \/>\n<script type=\"application\/ld+json\" class=\"yoast-schema-graph\">{\"@context\":\"https:\/\/schema.org\",\"@graph\":[{\"@type\":\"WebPage\",\"@id\":\"https:\/\/old-argeta.cnj.digital\/pl\/\",\"url\":\"https:\/\/old-argeta.cnj.digital\/pl\/\",\"name\":\"Argeta \u2013 dobra strona chleba\",\"isPartOf\":{\"@id\":\"https:\/\/old-argeta.cnj.digital\/pl\/#website\"},\"datePublished\":\"2019-02-19T09:07:54+00:00\",\"dateModified\":\"2022-05-30T16:47:29+00:00\",\"breadcrumb\":{\"@id\":\"https:\/\/old-argeta.cnj.digital\/pl\/#breadcrumb\"},\"inLanguage\":\"en-US\",\"potentialAction\":[{\"@type\":\"ReadAction\",\"target\":[\"https:\/\/old-argeta.cnj.digital\/pl\/\"]}]},{\"@type\":\"BreadcrumbList\",\"@id\":\"https:\/\/old-argeta.cnj.digital\/pl\/#breadcrumb\",\"itemListElement\":[{\"@type\":\"ListItem\",\"position\":1,\"name\":\"Home\",\"item\":\"https:\/\/old-argeta.cnj.digital\/pl\/\"},{\"@type\":\"ListItem\",\"position\":2,\"name\":\"Najbardziej beztroski ma\u0142y posi\u0142ek dla ca\u0142ej rodziny\"}]},{\"@type\":\"WebSite\",\"@id\":\"https:\/\/old-argeta.cnj.digital\/pl\/#website\",\"url\":\"https:\/\/old-argeta.cnj.digital\/pl\/\",\"name\":\"Argeta Polska\",\"description\":\"Argeta \u2013 dobra strona chleba\",\"publisher\":{\"@id\":\"https:\/\/old-argeta.cnj.digital\/pl\/#organization\"},\"potentialAction\":[{\"@type\":\"SearchAction\",\"target\":{\"@type\":\"EntryPoint\",\"urlTemplate\":\"https:\/\/old-argeta.cnj.digital\/pl\/?s={search_term_string}\"},\"query-input\":\"required name=search_term_string\"}],\"inLanguage\":\"en-US\"},{\"@type\":\"Organization\",\"@id\":\"https:\/\/old-argeta.cnj.digital\/pl\/#organization\",\"name\":\"Argeta\",\"url\":\"https:\/\/old-argeta.cnj.digital\/pl\/\",\"logo\":{\"@type\":\"ImageObject\",\"inLanguage\":\"en-US\",\"@id\":\"https:\/\/old-argeta.cnj.digital\/pl\/#\/schema\/logo\/image\/\",\"url\":\"https:\/\/old-argeta.cnj.digital\/app\/uploads\/sites\/8\/2020\/03\/Argeta_logo-1.png\",\"contentUrl\":\"https:\/\/old-argeta.cnj.digital\/app\/uploads\/sites\/8\/2020\/03\/Argeta_logo-1.png\",\"width\":1000,\"height\":1000,\"caption\":\"Argeta\"},\"image\":{\"@id\":\"https:\/\/old-argeta.cnj.digital\/pl\/#\/schema\/logo\/image\/\"}}]}<\/script>\n<!-- \/ Yoast SEO plugin. -->","yoast_head_json":{"title":"Argeta \u2013 dobra strona chleba","robots":{"index":"noindex","follow":"follow","max-snippet":"max-snippet:-1","max-image-preview":"max-image-preview:large","max-video-preview":"max-video-preview:-1"},"og_locale":"en_US","og_type":"article","og_title":"Argeta \u2013 dobra strona chleba","og_description":"ARGETA: Najbardziej beztroski ma\u0142y posi\u0142ek Odkryj \u015bwiat pysznych smak\u00f3w i prawdziwej jako\u015bci dla ca\u0142ej rodziny, dla najm\u0142odszych i dla smakoszy!","og_url":"https:\/\/old-argeta.cnj.digital\/pl\/","og_site_name":"Argeta Polska","article_modified_time":"2022-05-30T16:47:29+00:00","twitter_card":"summary_large_image","twitter_title":"Argeta \u2013 dobra strona chleba","schema":{"@context":"https:\/\/schema.org","@graph":[{"@type":"WebPage","@id":"https:\/\/old-argeta.cnj.digital\/pl\/","url":"https:\/\/old-argeta.cnj.digital\/pl\/","name":"Argeta \u2013 dobra strona chleba","isPartOf":{"@id":"https:\/\/old-argeta.cnj.digital\/pl\/#website"},"datePublished":"2019-02-19T09:07:54+00:00","dateModified":"2022-05-30T16:47:29+00:00","breadcrumb":{"@id":"https:\/\/old-argeta.cnj.digital\/pl\/#breadcrumb"},"inLanguage":"en-US","potentialAction":[{"@type":"ReadAction","target":["https:\/\/old-argeta.cnj.digital\/pl\/"]}]},{"@type":"BreadcrumbList","@id":"https:\/\/old-argeta.cnj.digital\/pl\/#breadcrumb","itemListElement":[{"@type":"ListItem","position":1,"name":"Home","item":"https:\/\/old-argeta.cnj.digital\/pl\/"},{"@type":"ListItem","position":2,"name":"Najbardziej beztroski ma\u0142y posi\u0142ek dla ca\u0142ej rodziny"}]},{"@type":"WebSite","@id":"https:\/\/old-argeta.cnj.digital\/pl\/#website","url":"https:\/\/old-argeta.cnj.digital\/pl\/","name":"Argeta Polska","description":"Argeta \u2013 dobra strona chleba","publisher":{"@id":"https:\/\/old-argeta.cnj.digital\/pl\/#organization"},"potentialAction":[{"@type":"SearchAction","target":{"@type":"EntryPoint","urlTemplate":"https:\/\/old-argeta.cnj.digital\/pl\/?s={search_term_string}"},"query-input":"required name=search_term_string"}],"inLanguage":"en-US"},{"@type":"Organization","@id":"https:\/\/old-argeta.cnj.digital\/pl\/#organization","name":"Argeta","url":"https:\/\/old-argeta.cnj.digital\/pl\/","logo":{"@type":"ImageObject","inLanguage":"en-US","@id":"https:\/\/old-argeta.cnj.digital\/pl\/#\/schema\/logo\/image\/","url":"https:\/\/old-argeta.cnj.digital\/app\/uploads\/sites\/8\/2020\/03\/Argeta_logo-1.png","contentUrl":"https:\/\/old-argeta.cnj.digital\/app\/uploads\/sites\/8\/2020\/03\/Argeta_logo-1.png","width":1000,"height":1000,"caption":"Argeta"},"image":{"@id":"https:\/\/old-argeta.cnj.digital\/pl\/#\/schema\/logo\/image\/"}}]}},"_links":{"self":[{"href":"https:\/\/old-argeta.cnj.digital\/pl\/wp-json\/wp\/v2\/pages\/347"}],"collection":[{"href":"https:\/\/old-argeta.cnj.digital\/pl\/wp-json\/wp\/v2\/pages"}],"about":[{"href":"https:\/\/old-argeta.cnj.digital\/pl\/wp-json\/wp\/v2\/types\/page"}],"author":[{"embeddable":true,"href":"https:\/\/old-argeta.cnj.digital\/pl\/wp-json\/wp\/v2\/users\/7"}],"replies":[{"embeddable":true,"href":"https:\/\/old-argeta.cnj.digital\/pl\/wp-json\/wp\/v2\/comments?post=347"}],"version-history":[{"count":82,"href":"https:\/\/old-argeta.cnj.digital\/pl\/wp-json\/wp\/v2\/pages\/347\/revisions"}],"predecessor-version":[{"id":3114,"href":"https:\/\/old-argeta.cnj.digital\/pl\/wp-json\/wp\/v2\/pages\/347\/revisions\/3114"}],"wp:attachment":[{"href":"https:\/\/old-argeta.cnj.digital\/pl\/wp-json\/wp\/v2\/media?parent=347"}],"curies":[{"name":"wp","href":"https:\/\/api.w.org\/{rel}","templated":true}]}}