{"id":412,"date":"2019-02-19T14:38:02","date_gmt":"2019-02-19T14:38:02","guid":{"rendered":"http:\/\/old-argeta.cnj.digital\/pl\/?page_id=412"},"modified":"2019-04-02T10:28:40","modified_gmt":"2019-04-02T09:28:40","slug":"zrownowazony-rozwoj","status":"publish","type":"page","link":"https:\/\/old-argeta.cnj.digital\/pl\/filozofia-doskonalosci\/zrownowazony-rozwoj\/","title":{"rendered":"Zr\u00f3wnowa\u017cony rozw\u00f3j"},"content":{"rendered":"","protected":false},"excerpt":{"rendered":"","protected":false},"author":7,"featured_media":0,"parent":410,"menu_order":0,"comment_status":"closed","ping_status":"closed","template":"page-quality-sustainability.php","meta":{"_acf_changed":false,"footnotes":""},"acf":[],"yoast_head":"<!-- This site is optimized with the Yoast SEO plugin v22.4 - https:\/\/yoast.com\/wordpress\/plugins\/seo\/ -->\n<title>Zr\u00f3wnowa\u017cony rozw\u00f3j - Argeta Polska<\/title>\n<meta name=\"robots\" content=\"noindex, follow, max-snippet:-1, max-image-preview:large, max-video-preview:-1\" \/>\n<meta property=\"og:locale\" content=\"en_US\" \/>\n<meta property=\"og:type\" content=\"article\" \/>\n<meta property=\"og:title\" content=\"Zr\u00f3wnowa\u017cony rozw\u00f3j - Argeta Polska\" \/>\n<meta property=\"og:url\" content=\"https:\/\/old-argeta.cnj.digital\/pl\/filozofia-doskonalosci\/zrownowazony-rozwoj\/\" \/>\n<meta property=\"og:site_name\" content=\"Argeta Polska\" \/>\n<meta property=\"article:modified_time\" content=\"2019-04-02T09:28:40+00:00\" \/>\n<meta name=\"twitter:card\" content=\"summary_large_image\" \/>\n<script type=\"application\/ld+json\" class=\"yoast-schema-graph\">{\"@context\":\"https:\/\/schema.org\",\"@graph\":[{\"@type\":\"WebPage\",\"@id\":\"https:\/\/old-argeta.cnj.digital\/pl\/filozofia-doskonalosci\/zrownowazony-rozwoj\/\",\"url\":\"https:\/\/old-argeta.cnj.digital\/pl\/filozofia-doskonalosci\/zrownowazony-rozwoj\/\",\"name\":\"Zr\u00f3wnowa\u017cony rozw\u00f3j - Argeta Polska\",\"isPartOf\":{\"@id\":\"https:\/\/old-argeta.cnj.digital\/pl\/#website\"},\"datePublished\":\"2019-02-19T14:38:02+00:00\",\"dateModified\":\"2019-04-02T09:28:40+00:00\",\"breadcrumb\":{\"@id\":\"https:\/\/old-argeta.cnj.digital\/pl\/filozofia-doskonalosci\/zrownowazony-rozwoj\/#breadcrumb\"},\"inLanguage\":\"en-US\",\"potentialAction\":[{\"@type\":\"ReadAction\",\"target\":[\"https:\/\/old-argeta.cnj.digital\/pl\/filozofia-doskonalosci\/zrownowazony-rozwoj\/\"]}]},{\"@type\":\"BreadcrumbList\",\"@id\":\"https:\/\/old-argeta.cnj.digital\/pl\/filozofia-doskonalosci\/zrownowazony-rozwoj\/#breadcrumb\",\"itemListElement\":[{\"@type\":\"ListItem\",\"position\":1,\"name\":\"Home\",\"item\":\"https:\/\/old-argeta.cnj.digital\/pl\/\"},{\"@type\":\"ListItem\",\"position\":2,\"name\":\"Filozofia doskona\u0142o\u015bci\",\"item\":\"https:\/\/old-argeta.cnj.digital\/pl\/filozofia-doskonalosci\/\"},{\"@type\":\"ListItem\",\"position\":3,\"name\":\"Zr\u00f3wnowa\u017cony rozw\u00f3j\"}]},{\"@type\":\"WebSite\",\"@id\":\"https:\/\/old-argeta.cnj.digital\/pl\/#website\",\"url\":\"https:\/\/old-argeta.cnj.digital\/pl\/\",\"name\":\"Argeta Polska\",\"description\":\"Argeta \u2013 dobra strona chleba\",\"publisher\":{\"@id\":\"https:\/\/old-argeta.cnj.digital\/pl\/#organization\"},\"potentialAction\":[{\"@type\":\"SearchAction\",\"target\":{\"@type\":\"EntryPoint\",\"urlTemplate\":\"https:\/\/old-argeta.cnj.digital\/pl\/?s={search_term_string}\"},\"query-input\":\"required name=search_term_string\"}],\"inLanguage\":\"en-US\"},{\"@type\":\"Organization\",\"@id\":\"https:\/\/old-argeta.cnj.digital\/pl\/#organization\",\"name\":\"Argeta\",\"url\":\"https:\/\/old-argeta.cnj.digital\/pl\/\",\"logo\":{\"@type\":\"ImageObject\",\"inLanguage\":\"en-US\",\"@id\":\"https:\/\/old-argeta.cnj.digital\/pl\/#\/schema\/logo\/image\/\",\"url\":\"https:\/\/old-argeta.cnj.digital\/app\/uploads\/sites\/8\/2020\/03\/Argeta_logo-1.png\",\"contentUrl\":\"https:\/\/old-argeta.cnj.digital\/app\/uploads\/sites\/8\/2020\/03\/Argeta_logo-1.png\",\"width\":1000,\"height\":1000,\"caption\":\"Argeta\"},\"image\":{\"@id\":\"https:\/\/old-argeta.cnj.digital\/pl\/#\/schema\/logo\/image\/\"}}]}<\/script>\n<!-- \/ Yoast SEO plugin. -->","yoast_head_json":{"title":"Zr\u00f3wnowa\u017cony rozw\u00f3j - Argeta Polska","robots":{"index":"noindex","follow":"follow","max-snippet":"max-snippet:-1","max-image-preview":"max-image-preview:large","max-video-preview":"max-video-preview:-1"},"og_locale":"en_US","og_type":"article","og_title":"Zr\u00f3wnowa\u017cony rozw\u00f3j - Argeta Polska","og_url":"https:\/\/old-argeta.cnj.digital\/pl\/filozofia-doskonalosci\/zrownowazony-rozwoj\/","og_site_name":"Argeta Polska","article_modified_time":"2019-04-02T09:28:40+00:00","twitter_card":"summary_large_image","schema":{"@context":"https:\/\/schema.org","@graph":[{"@type":"WebPage","@id":"https:\/\/old-argeta.cnj.digital\/pl\/filozofia-doskonalosci\/zrownowazony-rozwoj\/","url":"https:\/\/old-argeta.cnj.digital\/pl\/filozofia-doskonalosci\/zrownowazony-rozwoj\/","name":"Zr\u00f3wnowa\u017cony rozw\u00f3j - Argeta Polska","isPartOf":{"@id":"https:\/\/old-argeta.cnj.digital\/pl\/#website"},"datePublished":"2019-02-19T14:38:02+00:00","dateModified":"2019-04-02T09:28:40+00:00","breadcrumb":{"@id":"https:\/\/old-argeta.cnj.digital\/pl\/filozofia-doskonalosci\/zrownowazony-rozwoj\/#breadcrumb"},"inLanguage":"en-US","potentialAction":[{"@type":"ReadAction","target":["https:\/\/old-argeta.cnj.digital\/pl\/filozofia-doskonalosci\/zrownowazony-rozwoj\/"]}]},{"@type":"BreadcrumbList","@id":"https:\/\/old-argeta.cnj.digital\/pl\/filozofia-doskonalosci\/zrownowazony-rozwoj\/#breadcrumb","itemListElement":[{"@type":"ListItem","position":1,"name":"Home","item":"https:\/\/old-argeta.cnj.digital\/pl\/"},{"@type":"ListItem","position":2,"name":"Filozofia doskona\u0142o\u015bci","item":"https:\/\/old-argeta.cnj.digital\/pl\/filozofia-doskonalosci\/"},{"@type":"ListItem","position":3,"name":"Zr\u00f3wnowa\u017cony rozw\u00f3j"}]},{"@type":"WebSite","@id":"https:\/\/old-argeta.cnj.digital\/pl\/#website","url":"https:\/\/old-argeta.cnj.digital\/pl\/","name":"Argeta Polska","description":"Argeta \u2013 dobra strona chleba","publisher":{"@id":"https:\/\/old-argeta.cnj.digital\/pl\/#organization"},"potentialAction":[{"@type":"SearchAction","target":{"@type":"EntryPoint","urlTemplate":"https:\/\/old-argeta.cnj.digital\/pl\/?s={search_term_string}"},"query-input":"required name=search_term_string"}],"inLanguage":"en-US"},{"@type":"Organization","@id":"https:\/\/old-argeta.cnj.digital\/pl\/#organization","name":"Argeta","url":"https:\/\/old-argeta.cnj.digital\/pl\/","logo":{"@type":"ImageObject","inLanguage":"en-US","@id":"https:\/\/old-argeta.cnj.digital\/pl\/#\/schema\/logo\/image\/","url":"https:\/\/old-argeta.cnj.digital\/app\/uploads\/sites\/8\/2020\/03\/Argeta_logo-1.png","contentUrl":"https:\/\/old-argeta.cnj.digital\/app\/uploads\/sites\/8\/2020\/03\/Argeta_logo-1.png","width":1000,"height":1000,"caption":"Argeta"},"image":{"@id":"https:\/\/old-argeta.cnj.digital\/pl\/#\/schema\/logo\/image\/"}}]}},"_links":{"self":[{"href":"https:\/\/old-argeta.cnj.digital\/pl\/wp-json\/wp\/v2\/pages\/412"}],"collection":[{"href":"https:\/\/old-argeta.cnj.digital\/pl\/wp-json\/wp\/v2\/pages"}],"about":[{"href":"https:\/\/old-argeta.cnj.digital\/pl\/wp-json\/wp\/v2\/types\/page"}],"author":[{"embeddable":true,"href":"https:\/\/old-argeta.cnj.digital\/pl\/wp-json\/wp\/v2\/users\/7"}],"replies":[{"embeddable":true,"href":"https:\/\/old-argeta.cnj.digital\/pl\/wp-json\/wp\/v2\/comments?post=412"}],"version-history":[{"count":10,"href":"https:\/\/old-argeta.cnj.digital\/pl\/wp-json\/wp\/v2\/pages\/412\/revisions"}],"predecessor-version":[{"id":1367,"href":"https:\/\/old-argeta.cnj.digital\/pl\/wp-json\/wp\/v2\/pages\/412\/revisions\/1367"}],"up":[{"embeddable":true,"href":"https:\/\/old-argeta.cnj.digital\/pl\/wp-json\/wp\/v2\/pages\/410"}],"wp:attachment":[{"href":"https:\/\/old-argeta.cnj.digital\/pl\/wp-json\/wp\/v2\/media?parent=412"}],"curies":[{"name":"wp","href":"https:\/\/api.w.org\/{rel}","templated":true}]}}