{"id":414,"date":"2019-02-19T15:26:29","date_gmt":"2019-02-19T15:26:29","guid":{"rendered":"http:\/\/old-argeta.cnj.digital\/pl\/?page_id=414"},"modified":"2021-05-27T13:14:50","modified_gmt":"2021-05-27T12:14:50","slug":"privacy-policy","status":"publish","type":"page","link":"https:\/\/old-argeta.cnj.digital\/pl\/privacy-policy\/","title":{"rendered":"Informacje prawne"},"content":{"rendered":"<h3>Prawa autorskie<\/h3>\n<p>Wszelkie tre\u015bci publikowane na stronie Argeta stanowi\u0105 w\u0142asno\u015b\u0107 ATLANTIC DROGA KOLINSKA d.o.o. i w zakresie dopuszczalnym przez prawo podlegaj\u0105 prawom autorskim i innym formom ochrony w\u0142asno\u015bci intelektualnej.<\/p>\n<p>Tre\u015bci (tekst, zdj\u0119cia, logotypy itp.) zamieszczone na niniejszej stronie internetowej mog\u0105 by\u0107 wykorzystywane wy\u0142\u0105cznie do cel\u00f3w niekomercyjnych, a ich zmienianie, kopiowanie, powielanie, ponowne publikowanie, przesy\u0142anie poczt\u0105 elektroniczn\u0105 lub rozpowszechnianie na wszelkie inne sposoby w celach komercyjnych bez wyra\u017anej pisemnej zgody firmy ATLANTIC DROGA KOLINSKA d.o.o. jest zabronione.<\/p>\n<p>Wszelkie reprodukcje lub kopie tre\u015bci zamieszczonych na niniejszej stronie internetowej musz\u0105 tak\u017ce obejmowa\u0107 wszystkie opublikowane odniesienia do praw autorskich, inne oznaczenia w\u0142asno\u015bci intelektualnej b\u0105d\u017a oznaczenia dotycz\u0105ce innych praw (oznaczenie \u00a9 2015 ATLANTIC DROGA KOLINSKA d.o.o. Wszelkie prawa zastrze\u017cone. ATLANTIC DROGA KOLINSKA d.o.o. jest cz\u0142onkiem Atlantic Grupa).<\/p>\n<p>Znaki towarowe i us\u0142ugowe zamieszczone na niniejszej stronie s\u0105 zarejestrowanymi znakami towarowymi, kt\u00f3rych w\u0142a\u015bcicielem jest lub na kt\u00f3re licencji udziela ATLANTIC DROGA KOLINSKA d.o.o. (dalej zwana tak\u017ce Firm\u0105) b\u0105d\u017a jej jednostki zale\u017cne. Wykorzystywanie tych znak\u00f3w towarowych jest wyra\u017anie zabronione z wyj\u0105tkiem przypadk\u00f3w opisanych na niniejszej stronie.<\/p>\n<h3>Polityka prywatno\u015bci<\/h3>\n<p>ATLANTIC DROGA KOLINSKA d.o.o. (dalej: Firma) jest cz\u0119\u015bci\u0105 Atlantic Grupa, w kt\u00f3rej obowi\u0105zuj\u0105 wysokie standardy zarz\u0105dzania i przejrzysto\u015bci dokonywanych operacji, oznaczaj\u0105ce odpowiedzialne, zgodne z prawem i oparte na zasadach etyki dzia\u0142ania wszystkich podmiot\u00f3w prawnych Atlantic Grupa, jednocze\u015bnie dotycz\u0105ce poszanowania prywatno\u015bci i ochrony danych osobowych.<\/p>\n<p>Uwzgl\u0119dniaj\u0105c wspomniane standardy, Firma, jako jednostka odpowiedzialna za zarz\u0105dzanie przetwarzaniem danych w Atlantic Grupa, gromadzi i przetwarza dane osobowe w spos\u00f3b zgodny z prawem, uczciwy i przejrzysty, zgodnie z obowi\u0105zuj\u0105cymi przepisami, i wdra\u017ca odpowiednie \u015brodki techniczne i organizacyjne maj\u0105ce na celu ochron\u0119 danych osobowych przed nieuprawnionym dost\u0119pem i niew\u0142a\u015bciwym wykorzystywaniem.<\/p>\n<p>Firma ma \u015bwiadomo\u015b\u0107, i\u017c ochrona danych osobowych jest wa\u017cna zar\u00f3wno dla naszych klient\u00f3w, jak i dla innych os\u00f3b. Z tego powodu pragniemy poinformowa\u0107 Pa\u0144stwa, jakie dane osobowe gromadzimy, w jaki spos\u00f3b nimi zarz\u0105dzamy i jak je zabezpieczamy.<\/p>\n<h3>Cel, zakres i podstawa prawna przetwarzania<\/h3>\n<p>Dane osobowe gromadzone s\u0105 w celach szczeg\u00f3lnych, wyra\u017anych i zgodnych z prawem, w koniecznym zakresie i w spos\u00f3b dostosowany do tych cel\u00f3w.<\/p>\n<p>Firma gromadzi i przetwarza dane osobowe wy\u0142\u0105cznie w przypadkach dozwolonych przez prawo, gdy:<\/p>\n<ul>\n<li>przetwarzanie jest konieczne w celu wype\u0142nienia obowi\u0105zk\u00f3w prawnych;<\/li>\n<li>dana osoba wyra\u017ca zgod\u0119 na przetwarzanie jej danych osobowych;<\/li>\n<li>przetwarzanie jest konieczne w celu realizacji umowy, kt\u00f3rej stron\u0105 jest osoba, kt\u00f3rej dane dotycz\u0105, b\u0105d\u017a wdro\u017cenia pewnych \u015brodk\u00f3w na wniosek takiej osoby przed zawarciem umowy;<\/li>\n<li>przetwarzanie jest niezb\u0119dne w celu ochrony \u017cywotnych interes\u00f3w osoby, kt\u00f3rej dane dotycz\u0105 b\u0105d\u017a innej osoby fizycznej;<\/li>\n<li>przetwarzanie konieczne jest w celu ochrony interes\u00f3w prawnych Firmy b\u0105d\u017a firm stowarzyszonych.<\/li>\n<\/ul>\n<h3>Gromadzenie i wykorzystywanie danych osobowych<\/h3>\n<p>Dane osobowe to informacje pozwalaj\u0105ce na bezpo\u015bredni\u0105 lub po\u015bredni\u0105 identyfikacj\u0119 danej osoby. Obejmuj\u0105 one na przyk\u0142ad imi\u0119 i nazwisko, adres e-mail, numer telefonu, adres IP lub adres pocztowy.<\/p>\n<p>Firma nie gromadzi danych osobowych z wyj\u0105tkiem sytuacji, gdy dane takie zostan\u0105 wyra\u017anie przekazane przez dan\u0105 osob\u0119 (np. w przypadku zapytania o produkty lub us\u0142ugi, zawierania umowy lub wnioskowania o podj\u0119cie pewnych dzia\u0142a\u0144 przed jej zawarciem, do\u0142\u0105czenia do programu lojalno\u015bciowego, subskrypcji elektronicznych newsletter\u00f3w, uczestnictwa w ankietach, konkursach i grach z nagrodami, zamawiania pr\u00f3bek lub broszur, wnioskowania o datki b\u0105d\u017a pr\u00f3\u015bb o udzielenie informacji, przesy\u0142ania CV lub dokument\u00f3w w ramach przetargu otwartego b\u0105d\u017a zg\u0142aszania swojej kandydatury do pracy, jak r\u00f3wnie\u017c zatrudnienia w naszej Firmie itp.).<\/p>\n<p>Dane osobowe gromadzimy, przechowujemy, wykorzystujemy lub przekazujemy w zakresie, pod wzgl\u0119dem tre\u015bci i czasu, koniecznym do za\u0142atwienia danej sprawy, np. udzielenia odpowiedzi na zapytania, spe\u0142nienia pr\u00f3\u015bb, powiadomienia o produktach lub wynikach konkursu lub gry z nagrodami, spe\u0142nienia zobowi\u0105za\u0144 wynikaj\u0105cych z umowy b\u0105d\u017a wykonania pilnych czynno\u015bci przed jej zawarciem, lub w celu wype\u0142nienia innych zgodnych z prawem zobowi\u0105za\u0144. Wobec powy\u017cszego, co pewien czas Firma jest zobowi\u0105zana do przesy\u0142ania danych osobowych do innych firm nale\u017c\u0105cych do Atlantic Grupa i powi\u0105zanych sp\u00f3\u0142ek lub zewn\u0119trznych dostawc\u00f3w us\u0142ug w celu dalszego przetwarzania. Us\u0142ugi \u015bwiadczone przez dostawc\u00f3w zewn\u0119trznych to np. obs\u0142uga centr\u00f3w telefonicznych, dystrybucja towar\u00f3w lub materia\u0142\u00f3w reklamowych b\u0105d\u017a organizacja i przeprowadzanie gier z nagrodami. Firma wymaga, aby podmioty takie przyj\u0119\u0142y obowi\u0105zuj\u0105ce zasady, post\u0119powa\u0142y zgodnie z naszymi wytycznymi oraz wewn\u0119trznymi zasadami naszej Firmy dotycz\u0105cymi ochrony danych osobowych, oraz podj\u0119\u0142y odpowiednie dzia\u0142ania organizacyjne i techniczne w celu zagwarantowania takiej ochrony. Z powy\u017cszych powod\u00f3w, Pa\u0144stwa dane osobowe musz\u0105 zosta\u0107 przekazane do innych kraj\u00f3w Unii Europejskiej lub kraj\u00f3w do niej nienale\u017c\u0105cych. Firma zobowi\u0105zuje si\u0119 zagwarantowa\u0107, aby przekazywanie takie by\u0142o w pe\u0142ni zgodne z prawem oraz wykorzysta\u0107 wszelkie dost\u0119pne i odpowiednie \u015brodki ochrony danych osobowych.<\/p>\n<p>Firma gwarantuje, \u017ce Pa\u0144stwa dane osobowe nie b\u0119d\u0105 stanowi\u0142y przedmiotu sprzeda\u017cy \u017cadnym podmiotom oraz \u017ce nie b\u0119d\u0105 przekazywane ani u\u017cyczane stronom trzecim, je\u017celi nie b\u0119dzie to warunkiem spe\u0142nienia okre\u015blonego celu, do kt\u00f3rego dane zosta\u0142y nam przekazane, jak r\u00f3wnie\u017c, \u017ce Pa\u0144stwa dane osobowe nie b\u0119d\u0105 przekazywane nieuprawnionym odbiorcom.<\/p>\n<p>Istnieje prawdopodobie\u0144stwo, \u017ce Pa\u0144stwa dane osobowe b\u0119d\u0105 musia\u0142y zosta\u0107 ujawnione funkcjonariuszowi publicznemu, je\u017celi takie b\u0119d\u0105 wymogi prawa lub innych wi\u0105\u017c\u0105cych przepis\u00f3w.<\/p>\n<p>Zgromadzone dane b\u0119d\u0105 przechowywane przez okres niezb\u0119dny do realizacji cel\u00f3w, w jakich zosta\u0142y zgromadzone lub do zako\u0144czenia okresu wyszczeg\u00f3lnionego w odpowiednich przepisach.<\/p>\n<h3>Wykorzystywanie danych osobowych w celach reklamowych i marketingowych<\/h3>\n<p>Dane osobowe wykorzystywane w celach reklamowych i marketingowych zgodnie z obowi\u0105zuj\u0105cymi przepisami dotycz\u0105cymi ochrony danych osobowych b\u0119d\u0105 przechowywane i wykorzystywane w tych celach, np. do wysy\u0142ania elektronicznych powiadomie\u0144, pr\u00f3bek produkt\u00f3w, zaprosze\u0144 do udzia\u0142u w konkursach i grach z nagrodami wysy\u0142anych poczt\u0105 elektroniczn\u0105 lub standardow\u0105 b\u0105d\u017a poprzez inny zaakceptowany przez Pa\u0144stwa kana\u0142 komunikacji.<\/p>\n<p>Je\u017celi dane osobowe wykorzystywane s\u0105 do wysy\u0142ania materia\u0142\u00f3w reklamowych i promocyjnych dostosowanych do Pa\u0144stwa indywidualnych preferencji w celu utworzenia i prowadzenia profilu u\u017cytkownika, zostan\u0105 Pa\u0144stwo powiadomieni o takim zamiarze z wyprzedzeniem, czyli przed wys\u0142aniem takich materia\u0142\u00f3w reklamowych i promocyjnych. Tego rodzaju przetwarzanie danych zostanie poprzedzone szczeg\u00f3\u0142ow\u0105 i wyra\u017an\u0105 pro\u015bb\u0105 o wyra\u017cenie \u015bwiadomej zgody.<\/p>\n<p>Pa\u0144stwa dane b\u0119dziemy r\u00f3wnie\u017c wykorzystywa\u0107 do analizy i poprawy skuteczno\u015bci naszych serwis\u00f3w online, reklam, marketingu, bada\u0144 rynku oraz operacji sprzeda\u017cowych w formie ankiet lub innych kwestionariuszy lub w spos\u00f3b gwarantuj\u0105cy, \u017ce Pa\u0144stwa dane osobowe nie s\u0105 powi\u0105zane z imieniem i nazwiskiem ani podane w formie pozwalaj\u0105cej na identyfikacj\u0119 okre\u015blonej osoby.<\/p>\n<h3>Wykonywanie praw przys\u0142uguj\u0105cych jednostce<\/h3>\n<p>Przys\u0142uguje Pa\u0144stwu prawo do za\u017c\u0105dania od nas w dowolnym momencie informacji dotycz\u0105cych Pa\u0144stwa przetwarzanych danych osobowych lub \u017c\u0105dania ich poprawy, rezygnacji z ich wykorzystywania, ich usuni\u0119cia, wycofania zgody na wszystkie lub wybrane cele przetwarzania (z wyj\u0105tkiem sytuacji, w kt\u00f3rych nie jest to mo\u017cliwe, np. gdy dane przetwarzane s\u0105 do cel\u00f3w statystycznych i na ich podstawie nie jest mo\u017cliwe zidentyfikowanie osoby), nieudzielenia zgody na przekazywanie danych do innych centr\u00f3w przetwarzania zgodnie z pewnymi warunkami prawnymi oraz do rezygnacji z subskrypcji naszych materia\u0142\u00f3w informacyjnych i promocyjnych.<\/p>\n<p>Sprzeciw wobec wykorzystywania danych osobowych mo\u017cna r\u00f3wnie\u017c zg\u0142osi\u0107 w sytuacjach, w kt\u00f3rych dzia\u0142amy we w\u0142asnym prawnym interesie, w szczeg\u00f3lno\u015bci w przypadku wykorzystywania danych na potrzeby marketingu bezpo\u015bredniego.<\/p>\n<p>Ze swej strony uczynimy wszystko, co mo\u017cliwe i racjonalne, aby zapewni\u0107 prawid\u0142owy przebieg rejestrowania udost\u0119pnionych przez Pa\u0144stwa danych osobowych. Odpowiedzialno\u015b\u0107 za dok\u0142adno\u015b\u0107 danych spoczywa r\u00f3wnie\u017c na Pa\u0144stwu, prosimy wi\u0119c o ich regularne i punktualne aktualizowanie b\u0105d\u017a przesy\u0142anie do nas pr\u00f3\u015bb o wprowadzenie zmian lub poprawek.<\/p>\n<p>W celu wykonywania swoich praw i obowi\u0105zk\u00f3w zwi\u0105zanych z wykorzystywaniem danych osobowych mog\u0105 Pa\u0144stwo kontaktowa\u0107 si\u0119 z nami za po\u015brednictwem poczty elektronicznej lub zwyk\u0142ej, pisz\u0105c na adres podany na stronie, wysy\u0142aj\u0105c wiadomo\u015b\u0107 na adres e-mail: dpo@atlanticgrupa.com, b\u0105d\u017a post\u0119puj\u0105c wg wytycznych zamieszczonych w otrzymanych materia\u0142ach promocyjnych.<\/p>\n<p>Po nawi\u0105zaniu z Pa\u0144stwem kontaktu i otrzymaniu tego rodzaju pro\u015bby poczynimy odpowiednie starania maj\u0105ce na celu potwierdzenie Pa\u0144stwa to\u017csamo\u015bci i zapobie\u017cenie nieuprawnionemu przetwarzaniu danych osobowych.<\/p>\n<p>Czynno\u015bci, kt\u00f3rych dotyczy\u0107 b\u0119dzie Pa\u0144stwa pro\u015bba b\u0119dziemy wykonywa\u0107 w odpowiednim okresie, jednak nie p\u00f3\u017aniej ni\u017c 30 dni od jej otrzymania, przesy\u0142aj\u0105c Pa\u0144stwu odpowiednie konieczne powiadomienia. Wszystkie te czynno\u015bci b\u0119d\u0105 przebiega\u0107 w spos\u00f3b zgodny z prawem.<\/p>\n<h3>Dzieci<\/h3>\n<p>Zgodnie z przyj\u0119t\u0105 zasad\u0105 nie gromadzimy danych dotycz\u0105cych dzieci. W przypadku stwierdzenia, \u017ce dane takie zosta\u0142y nam przekazane bez zgody rodzic\u00f3w lub opiekun\u00f3w prawnych, niezw\u0142ocznie je usuniemy. B\u0119dziemy stosowa\u0107 si\u0119 do zalece\u0144 rodzic\u00f3w lub opiekun\u00f3w prawnych danej osoby ma\u0142oletniej.<\/p>\n<p>Je\u017celi jednak zaistnieje mo\u017cliwo\u015b\u0107 gromadzenia danych dotycz\u0105cych dzieci, kt\u00f3rych wiek wymaga zgody rodzic\u00f3w na przetwarzanie ich danych osobowych, udzielimy odpowiednich informacji i podejmiemy czynno\u015bci maj\u0105ce na celu upewnienie si\u0119, czy rodzice lub opiekunowie prawni udzielili odpowiedniej zgody.<\/p>\n<h3>Bezpiecze\u0144stwo danych<\/h3>\n<p>Wdro\u017cyli\u015bmy techniczne i organizacyjne \u015brodki zapobiegaj\u0105ce utracie danych, ich modyfikacji, przyw\u0142aszczeniu lub dost\u0119powi nieuprawnionych stron trzecich lub jakiemukolwiek nieuprawnionemu przetwarzaniu. Dost\u0119p do Pa\u0144stwa danych osobowych posiadaj\u0105 wy\u0142\u0105cznie pracownicy, kt\u00f3rym informacje te s\u0105 potrzebne do udzielania informacji dotycz\u0105cych naszych us\u0142ug lub odpowiadania na Pa\u0144stwa zapytania. Przez ca\u0142y czas poszerzamy wiedz\u0119 naszych pracownik\u00f3w w zakresie znaczenia poufno\u015bci danych i zachowywania ich prywatnego charakteru i bezpiecze\u0144stwa. Gromadzimy wy\u0142\u0105cznie dane potrzebne do realizacji okre\u015blonego celu zwi\u0105zanego z przetwarzaniem. Dane przechowywane s\u0105 przez okres konieczny lub wymagany przez prawo.<\/p>\n<p>Na naszej stronie internetowej mo\u017cemy od czasu do czasu zamieszcza\u0107 \u0142\u0105cza do innych stron lub portali, mo\u017cemy tak\u017ce zamieszcza\u0107 odno\u015bniki do portali spo\u0142eczno\u015bciowych umo\u017cliwiaj\u0105ce udost\u0119pnianie danych osobowych. Zalecamy, aby w ka\u017cdym przypadku w pierwszej kolejno\u015bci zapozna\u0107 si\u0119 z zasadami ochrony danych osobowych przez te strony, portale spo\u0142eczno\u015bciowe lub operator\u00f3w oraz \u015brodkami wykorzystywanymi do takiej ochrony, mog\u0105 one bowiem r\u00f3\u017cni\u0107 si\u0119 od naszych zasad i przyj\u0119tych \u015brodk\u00f3w, i nie mo\u017cemy by\u0107 w zwi\u0105zku z tym poci\u0105gani do odpowiedzialno\u015bci.<\/p>\n<h3>Ograniczenie odpowiedzialno\u015bci<\/h3>\n<p>Stosuj\u0105c metody o charakterze technicznym, organizacyjnym i personalnym zwi\u0105zane z ochron\u0105 danych osobowych przed przypadkowym lub celowym niew\u0142a\u015bciwym wykorzystaniem, zniszczeniem, utrat\u0105, nieuprawnion\u0105 modyfikacj\u0105 lub dost\u0119pem, nie mo\u017cemy zagwarantowa\u0107, \u017ce pewne gromadzone przez nas dane osobowe, mimo niniejszych zapis\u00f3w o ochronie prywatno\u015bci, nie zostan\u0105 przypadkowo ujawnione.<\/p>\n<p>W maksymalnym zakresie dopuszczalnym przez prawo, nie przyjmujemy odpowiedzialno\u015bci za szkody poniesione przez u\u017cytkownik\u00f3w lub strony trzecie na skutek przypadkowego ujawnienia danych osobowych.<\/p>\n<p>Poniewa\u017c nie posiadamy kontroli nad danymi osobowymi wykorzystywanymi do uzyskiwania dost\u0119pu do innych stron internetowych i korzystania z nich oraz danymi przekazywanymi bezpo\u015brednio stronom trzecim (np. w ramach uczestnictwa w wydarzeniach sponsorowanych), w maksymalnym zakresie dopuszczalnym przez prawo nie przyjmujemy odpowiedzialno\u015bci za straty ponoszone przez Pa\u0144stwa lub strony trzecie w zwi\u0105zku z ujawnianiem danych osobowych.<\/p>\n<h3>Aktualizacje i zmiany<\/h3>\n<p>Zastrzegamy sobie prawo do wprowadzania zmian lub aktualizowania cz\u0119\u015bci niniejszego regulaminu w dowolnym momencie i bez wcze\u015bniejszego powiadomienia. Zach\u0119camy do regularnego odwiedzania naszej strony internetowej w celu uzyskiwania informacji o zmianach lub aktualizacjach niniejszego regulaminu. Data wej\u015bcia w \u017cycie najnowszej wersji regulaminu zostanie podana do wiadomo\u015bci.<\/p>\n","protected":false},"excerpt":{"rendered":"<p>Prawa autorskie Wszelkie tre\u015bci publikowane na stronie Argeta stanowi\u0105 w\u0142asno\u015b\u0107 ATLANTIC DROGA KOLINSKA d.o.o. i w zakresie dopuszczalnym przez prawo podlegaj\u0105 prawom autorskim i innym formom ochrony w\u0142asno\u015bci intelektualnej. Tre\u015bci (tekst, zdj\u0119cia, logotypy itp.) zamieszczone na niniejszej stronie internetowej mog\u0105 by\u0107 wykorzystywane wy\u0142\u0105cznie do cel\u00f3w niekomercyjnych, a ich zmienianie, kopiowanie, powielanie, ponowne publikowanie, przesy\u0142anie poczt\u0105 [&hellip;]<\/p>\n","protected":false},"author":7,"featured_media":0,"parent":0,"menu_order":0,"comment_status":"closed","ping_status":"closed","template":"page-privacy.php","meta":{"_acf_changed":false,"footnotes":""},"acf":[],"yoast_head":"<!-- This site is optimized with the Yoast SEO plugin v22.4 - https:\/\/yoast.com\/wordpress\/plugins\/seo\/ -->\n<title>Informacje prawne - Argeta Polska<\/title>\n<meta name=\"robots\" content=\"noindex, follow, max-snippet:-1, max-image-preview:large, max-video-preview:-1\" \/>\n<meta property=\"og:locale\" content=\"en_US\" \/>\n<meta property=\"og:type\" content=\"article\" \/>\n<meta property=\"og:title\" content=\"Informacje prawne - Argeta Polska\" \/>\n<meta property=\"og:description\" content=\"Prawa autorskie Wszelkie tre\u015bci publikowane na stronie Argeta stanowi\u0105 w\u0142asno\u015b\u0107 ATLANTIC DROGA KOLINSKA d.o.o. i w zakresie dopuszczalnym przez prawo podlegaj\u0105 prawom autorskim i innym formom ochrony w\u0142asno\u015bci intelektualnej. Tre\u015bci (tekst, zdj\u0119cia, logotypy itp.) zamieszczone na niniejszej stronie internetowej mog\u0105 by\u0107 wykorzystywane wy\u0142\u0105cznie do cel\u00f3w niekomercyjnych, a ich zmienianie, kopiowanie, powielanie, ponowne publikowanie, przesy\u0142anie poczt\u0105 [&hellip;]\" \/>\n<meta property=\"og:url\" content=\"https:\/\/old-argeta.cnj.digital\/pl\/privacy-policy\/\" \/>\n<meta property=\"og:site_name\" content=\"Argeta Polska\" \/>\n<meta property=\"article:modified_time\" content=\"2021-05-27T12:14:50+00:00\" \/>\n<meta name=\"twitter:card\" content=\"summary_large_image\" \/>\n<meta name=\"twitter:label1\" content=\"Est. reading time\" \/>\n\t<meta name=\"twitter:data1\" content=\"8 minutes\" \/>\n<script type=\"application\/ld+json\" class=\"yoast-schema-graph\">{\"@context\":\"https:\/\/schema.org\",\"@graph\":[{\"@type\":\"WebPage\",\"@id\":\"https:\/\/old-argeta.cnj.digital\/pl\/privacy-policy\/\",\"url\":\"https:\/\/old-argeta.cnj.digital\/pl\/privacy-policy\/\",\"name\":\"Informacje prawne - Argeta Polska\",\"isPartOf\":{\"@id\":\"https:\/\/old-argeta.cnj.digital\/pl\/#website\"},\"datePublished\":\"2019-02-19T15:26:29+00:00\",\"dateModified\":\"2021-05-27T12:14:50+00:00\",\"breadcrumb\":{\"@id\":\"https:\/\/old-argeta.cnj.digital\/pl\/privacy-policy\/#breadcrumb\"},\"inLanguage\":\"en-US\",\"potentialAction\":[{\"@type\":\"ReadAction\",\"target\":[\"https:\/\/old-argeta.cnj.digital\/pl\/privacy-policy\/\"]}]},{\"@type\":\"BreadcrumbList\",\"@id\":\"https:\/\/old-argeta.cnj.digital\/pl\/privacy-policy\/#breadcrumb\",\"itemListElement\":[{\"@type\":\"ListItem\",\"position\":1,\"name\":\"Home\",\"item\":\"https:\/\/old-argeta.cnj.digital\/pl\/\"},{\"@type\":\"ListItem\",\"position\":2,\"name\":\"Informacje prawne\"}]},{\"@type\":\"WebSite\",\"@id\":\"https:\/\/old-argeta.cnj.digital\/pl\/#website\",\"url\":\"https:\/\/old-argeta.cnj.digital\/pl\/\",\"name\":\"Argeta Polska\",\"description\":\"Argeta \u2013 dobra strona chleba\",\"publisher\":{\"@id\":\"https:\/\/old-argeta.cnj.digital\/pl\/#organization\"},\"potentialAction\":[{\"@type\":\"SearchAction\",\"target\":{\"@type\":\"EntryPoint\",\"urlTemplate\":\"https:\/\/old-argeta.cnj.digital\/pl\/?s={search_term_string}\"},\"query-input\":\"required name=search_term_string\"}],\"inLanguage\":\"en-US\"},{\"@type\":\"Organization\",\"@id\":\"https:\/\/old-argeta.cnj.digital\/pl\/#organization\",\"name\":\"Argeta\",\"url\":\"https:\/\/old-argeta.cnj.digital\/pl\/\",\"logo\":{\"@type\":\"ImageObject\",\"inLanguage\":\"en-US\",\"@id\":\"https:\/\/old-argeta.cnj.digital\/pl\/#\/schema\/logo\/image\/\",\"url\":\"https:\/\/old-argeta.cnj.digital\/app\/uploads\/sites\/8\/2020\/03\/Argeta_logo-1.png\",\"contentUrl\":\"https:\/\/old-argeta.cnj.digital\/app\/uploads\/sites\/8\/2020\/03\/Argeta_logo-1.png\",\"width\":1000,\"height\":1000,\"caption\":\"Argeta\"},\"image\":{\"@id\":\"https:\/\/old-argeta.cnj.digital\/pl\/#\/schema\/logo\/image\/\"}}]}<\/script>\n<!-- \/ Yoast SEO plugin. -->","yoast_head_json":{"title":"Informacje prawne - Argeta Polska","robots":{"index":"noindex","follow":"follow","max-snippet":"max-snippet:-1","max-image-preview":"max-image-preview:large","max-video-preview":"max-video-preview:-1"},"og_locale":"en_US","og_type":"article","og_title":"Informacje prawne - Argeta Polska","og_description":"Prawa autorskie Wszelkie tre\u015bci publikowane na stronie Argeta stanowi\u0105 w\u0142asno\u015b\u0107 ATLANTIC DROGA KOLINSKA d.o.o. i w zakresie dopuszczalnym przez prawo podlegaj\u0105 prawom autorskim i innym formom ochrony w\u0142asno\u015bci intelektualnej. Tre\u015bci (tekst, zdj\u0119cia, logotypy itp.) zamieszczone na niniejszej stronie internetowej mog\u0105 by\u0107 wykorzystywane wy\u0142\u0105cznie do cel\u00f3w niekomercyjnych, a ich zmienianie, kopiowanie, powielanie, ponowne publikowanie, przesy\u0142anie poczt\u0105 [&hellip;]","og_url":"https:\/\/old-argeta.cnj.digital\/pl\/privacy-policy\/","og_site_name":"Argeta Polska","article_modified_time":"2021-05-27T12:14:50+00:00","twitter_card":"summary_large_image","twitter_misc":{"Est. reading time":"8 minutes"},"schema":{"@context":"https:\/\/schema.org","@graph":[{"@type":"WebPage","@id":"https:\/\/old-argeta.cnj.digital\/pl\/privacy-policy\/","url":"https:\/\/old-argeta.cnj.digital\/pl\/privacy-policy\/","name":"Informacje prawne - Argeta Polska","isPartOf":{"@id":"https:\/\/old-argeta.cnj.digital\/pl\/#website"},"datePublished":"2019-02-19T15:26:29+00:00","dateModified":"2021-05-27T12:14:50+00:00","breadcrumb":{"@id":"https:\/\/old-argeta.cnj.digital\/pl\/privacy-policy\/#breadcrumb"},"inLanguage":"en-US","potentialAction":[{"@type":"ReadAction","target":["https:\/\/old-argeta.cnj.digital\/pl\/privacy-policy\/"]}]},{"@type":"BreadcrumbList","@id":"https:\/\/old-argeta.cnj.digital\/pl\/privacy-policy\/#breadcrumb","itemListElement":[{"@type":"ListItem","position":1,"name":"Home","item":"https:\/\/old-argeta.cnj.digital\/pl\/"},{"@type":"ListItem","position":2,"name":"Informacje prawne"}]},{"@type":"WebSite","@id":"https:\/\/old-argeta.cnj.digital\/pl\/#website","url":"https:\/\/old-argeta.cnj.digital\/pl\/","name":"Argeta Polska","description":"Argeta \u2013 dobra strona chleba","publisher":{"@id":"https:\/\/old-argeta.cnj.digital\/pl\/#organization"},"potentialAction":[{"@type":"SearchAction","target":{"@type":"EntryPoint","urlTemplate":"https:\/\/old-argeta.cnj.digital\/pl\/?s={search_term_string}"},"query-input":"required name=search_term_string"}],"inLanguage":"en-US"},{"@type":"Organization","@id":"https:\/\/old-argeta.cnj.digital\/pl\/#organization","name":"Argeta","url":"https:\/\/old-argeta.cnj.digital\/pl\/","logo":{"@type":"ImageObject","inLanguage":"en-US","@id":"https:\/\/old-argeta.cnj.digital\/pl\/#\/schema\/logo\/image\/","url":"https:\/\/old-argeta.cnj.digital\/app\/uploads\/sites\/8\/2020\/03\/Argeta_logo-1.png","contentUrl":"https:\/\/old-argeta.cnj.digital\/app\/uploads\/sites\/8\/2020\/03\/Argeta_logo-1.png","width":1000,"height":1000,"caption":"Argeta"},"image":{"@id":"https:\/\/old-argeta.cnj.digital\/pl\/#\/schema\/logo\/image\/"}}]}},"_links":{"self":[{"href":"https:\/\/old-argeta.cnj.digital\/pl\/wp-json\/wp\/v2\/pages\/414"}],"collection":[{"href":"https:\/\/old-argeta.cnj.digital\/pl\/wp-json\/wp\/v2\/pages"}],"about":[{"href":"https:\/\/old-argeta.cnj.digital\/pl\/wp-json\/wp\/v2\/types\/page"}],"author":[{"embeddable":true,"href":"https:\/\/old-argeta.cnj.digital\/pl\/wp-json\/wp\/v2\/users\/7"}],"replies":[{"embeddable":true,"href":"https:\/\/old-argeta.cnj.digital\/pl\/wp-json\/wp\/v2\/comments?post=414"}],"version-history":[{"count":5,"href":"https:\/\/old-argeta.cnj.digital\/pl\/wp-json\/wp\/v2\/pages\/414\/revisions"}],"predecessor-version":[{"id":2446,"href":"https:\/\/old-argeta.cnj.digital\/pl\/wp-json\/wp\/v2\/pages\/414\/revisions\/2446"}],"wp:attachment":[{"href":"https:\/\/old-argeta.cnj.digital\/pl\/wp-json\/wp\/v2\/media?parent=414"}],"curies":[{"name":"wp","href":"https:\/\/api.w.org\/{rel}","templated":true}]}}