{"id":453,"date":"2019-02-19T15:14:37","date_gmt":"2019-02-19T15:14:37","guid":{"rendered":"http:\/\/old-argeta.cnj.digital\/pl\/?page_id=453"},"modified":"2023-01-12T10:01:37","modified_gmt":"2023-01-12T09:01:37","slug":"piskotki","status":"publish","type":"page","link":"https:\/\/old-argeta.cnj.digital\/pl\/piskotki\/","title":{"rendered":"Polityka plik\u00f3w cookie"},"content":{"rendered":"<h2>Czym jest plik cookie?<\/h2>\n<p>Plik cookie to informacje, kt\u00f3re na komputerze u\u017cytkownika zapisuj\u0105 odwiedzane przez niego strony internetowe. W plikach cookie zazwyczaj przechowywane s\u0105 spersonalizowane ustawienia strony internetowej, np. j\u0119zyk lub adres. Podczas ponownych odwiedzin na stronie przegl\u0105darka ponownie przesy\u0142a pliki cookie dotycz\u0105ce danej strony. Dzi\u0119ki temu na stronie internetowej wy\u015bwietlane s\u0105 informacje dostosowane do wymaga\u0144 u\u017cytkownika.<\/p>\n<p>Pliki cookie mog\u0105 zawiera\u0107 wiele r\u00f3\u017cnych informacji, w tym dane osobowe (np. imi\u0119 lub adres e-mail). Zapisanie informacji mo\u017cliwe jest jednak po wyra\u017ceniu na to zgody u\u017cytkownika \u2013 bez takiej zgody strony internetowe nie mog\u0105 uzyska\u0107 dost\u0119pu tych informacji, jak r\u00f3wnie\u017c do plik\u00f3w zapisanych na komputerze lub urz\u0105dzeniu mobilnym. Domy\u015blne ustawienia zapisywania i wysy\u0142ania plik\u00f3w cookie nie s\u0105 widoczne dla u\u017cytkownika, mo\u017ce on jednak zmieni\u0107 ustawienia swojej przegl\u0105darki i zdecydowa\u0107, czy wyra\u017ca zgod\u0119 na zapisywanie plik\u00f3w cookie, czy zapisane pliki cookie maj\u0105 by\u0107 automatycznie usuwane po zamkni\u0119ciu przegl\u0105darki itd.<\/p>\n<h2>W jaki spos\u00f3b mo\u017cna odrzuci\u0107 pliki cookie?<\/h2>\n<p>Odrzucaj\u0105c pliki cookie, u\u017cytkownik decyduje, czy chce wyrazi\u0107 zgod\u0119 na ich zapisywanie na komputerze lub urz\u0105dzeniu mobilnym. Wgl\u0105d do ustawie\u0144 plik\u00f3w cookie oraz ich konfiguracj\u0119 umo\u017cliwia przegl\u0105darka. Odrzucenie plik\u00f3w cookie mo\u017ce uniemo\u017cliwia\u0107 korzystanie z niekt\u00f3rych funkcji strony.<\/p>\n<h2>Czym s\u0105 tymczasowe pliki cookie?<\/h2>\n<p>Tymczasowe lub sesyjne pliki cookie s\u0105 usuwane z komputera po zamkni\u0119ciu przegl\u0105darki. Za ich po\u015brednictwem strony internetowe zapisuj\u0105 dane tymczasowe, takie jak produkty w koszyku.<\/p>\n<h2>Czym s\u0105 trwa\u0142e pliki cookie?<\/h2>\n<p>Trwa\u0142e lub zapisywane pliki cookie pozostaj\u0105 na komputerze po zamkni\u0119ciu przegl\u0105darki. Za ich po\u015brednictwem strony internetowe zapisuj\u0105 dane, np. login i has\u0142o, aby przy kolejnej wizycie na stronie by\u0142y one wczytywane automatycznie. Trwa\u0142e pliki cookie pozostaj\u0105 zapisane na komputerze przez kilka dni, miesi\u0119cy, a nawet lat.<\/p>\n<h2>Czym s\u0105 w\u0142asne pliki cookie?<\/h2>\n<p>Trwa\u0142e lub tymczasowe w\u0142asne pliki cookie pochodz\u0105 ze strony odwiedzanej przez u\u017cytkownika. Za ich po\u015brednictwem strony internetowe mog\u0105 zapisywa\u0107 dane, kt\u00f3re b\u0119d\u0105 ponownie wykorzystywane przy nast\u0119pnych odwiedzinach strony przez u\u017cytkownika.<\/p>\n<h2>Czym s\u0105 pliki cookie podmiot\u00f3w zewn\u0119trznych?<\/h2>\n<p>Pliki cookie podmiot\u00f3w zewn\u0119trznych pochodz\u0105 z innych stron internetowych partner\u00f3w (np. wyskakuj\u0105cych okien lub innych form reklamy) znajduj\u0105cych si\u0119 na odwiedzanej stronie. Za ich po\u015brednictwem strony internetowe mog\u0105 w celach marketingowych gromadzi\u0107 dane dotycz\u0105ce sposobu korzystania przez u\u017cytkownika z zasob\u00f3w sieci.<\/p>\n<h2>Czy niniejsza strona internetowa wykorzystuje pliki cookie?<\/h2>\n<p>Tak, przede wszystkim w celu zapewnienia u\u017cytkownikom jak najwy\u017cszego komfortu korzystania ze strony.<\/p>\n<h2>Jakie pliki cookie wykorzystuje niniejsza strona i dlaczego?<\/h2>\n<p>Tymczasowe lub sesyjne pliki cookie, kt\u00f3re wygasaj\u0105 (i s\u0105 automatycznie usuwane) po zamkni\u0119ciu przegl\u0105darki. Tymczasowe pliki cookie s\u0142u\u017c\u0105 nam do zapewniania u\u017cytkownikom jak najwy\u017cszego komfortu korzystania ze strony.<\/p>\n<p>Termin wa\u017cno\u015bci trwa\u0142ych plik\u00f3w cookie jest zazwyczaj odleg\u0142y, pozostaj\u0105 wi\u0119c zapisane w przegl\u0105darce do momentu wyga\u015bni\u0119cia lub r\u0119cznego usuni\u0119cia przez u\u017cytkownika. Trwa\u0142e pliki cookie s\u0142u\u017c\u0105 nam do lepszego zrozumienia nawyk\u00f3w u\u017cytkownik\u00f3w, pozwalaj\u0105c ulepszy\u0107 stron\u0119 internetow\u0105 w zale\u017cno\u015bci od ich preferencji. Dane gromadzone w ten spos\u00f3b nie mog\u0105 by\u0107 wykorzystywane do identyfikacji u\u017cytkownika, a gromadzone dane s\u0142u\u017c\u0105 wy\u0142\u0105cznie do cel\u00f3w statystycznych.<\/p>\n<h2>Czy niniejsza strona zawiera pliki cookie podmiot\u00f3w zewn\u0119trznych?<\/h2>\n<p>Kilka serwis\u00f3w zewn\u0119trznych zapisuje dla u\u017cytkownika ograniczon\u0105 liczb\u0119 plik\u00f3w cookie. Pliki te nie zosta\u0142y tutaj zapisane przez niniejsz\u0105 stron\u0119 \u2013 ich celem jest zapewnienie prawid\u0142owego dzia\u0142ania funkcji u\u0142atwiaj\u0105cych u\u017cytkownikom dost\u0119p do tre\u015bci. Z tego wzgl\u0119du przedstawione tutaj informacje dotycz\u0105ce ochrony danych dotycz\u0105 wy\u0142\u0105cznie niniejszej strony; zasady ochrony danych przez serwisy zewn\u0119trzne wymagaj\u0105 odr\u0119bnej weryfikacji.<\/p>\n<h2>Obecnie zezwalamy na:<\/h2>\n<h3>Liczenie odwiedzin<\/h3>\n<p>Niniejsza strona korzysta z us\u0142ugi liczenia u\u017cytkownik\u00f3w Google Analytics. Dane gromadzone w ten spos\u00f3b nie mog\u0105 by\u0107 wykorzystywane do identyfikacji u\u017cytkownik\u00f3w, a gromadzone dane s\u0142u\u017c\u0105 wy\u0142\u0105cznie do cel\u00f3w statystycznych. Zapisywanie plik\u00f3w cookie przez te us\u0142ugi te mo\u017cna zablokowa\u0107 za po\u015brednictwem jednego z \u0142\u0105czy:<\/p>\n<ul class=\"list-dotted\">\n<li>Google Analytics &#8211;\u00a0<a href=\"https:\/\/tools.google.com\/dlpage\/gaoptout\" target=\"_blank\" rel=\"noopener\">https:\/\/tools.google.com\/dlpage\/gaoptout<\/a><\/li>\n<li>iProm &#8211; UID<\/li>\n<\/ul>\n<h2>Wi\u0119cej informacji o odrzucaniu plik\u00f3w cookie<\/h2>\n<p>Istnieje kilka stron internetowych umo\u017cliwiaj\u0105cych zablokowanie zapisywania plik\u00f3w cookie przez r\u00f3\u017cne us\u0142ugi.<br \/>Wi\u0119cej informacji dost\u0119pnych jest na poni\u017cszych stronach:<\/p>\n<p><a href=\"http:\/\/www.allaboutcookies.org\/\" target=\"_blank\" rel=\"nofollow noopener noreferrer\">http:\/\/www.allaboutcookies.org\/<\/a><br \/><a href=\"http:\/\/www.youronlinechoices.eu\/\" target=\"_blank\" rel=\"nofollow noopener noreferrer\">http:\/\/www.youronlinechoices.eu\/<\/a><\/p>\n\n\n<figure class=\"wp-block-table table-cookies\"><table><tbody><tr><td><strong>Cookie<br>name<\/strong><\/td><td><strong>Storage<br>period<\/strong><\/td><td><strong>Who installs<br>the cookie<br>and manages<br>the data it<br>acquires<\/strong><\/td><td><strong>Domain<\/strong><\/td><td><strong>Purpose of the processing of the data collected<br>by the cookie<\/strong><\/td><\/tr><tr><td>UID<\/td><td>36<br>months<\/td><td>iPROM d.o.o.<\/td><td>iprom.net<\/td><td>iPROM&#8217;s advertising cookie allows the system to<br>set a cookie in order to display personalized ads on<br>other online media after the user leaves this<br>website. The system installs the cookie on the user<br>profile (browser) based on user\u2019s prior explicit<br>consent on the website. The user&#8217;s profile is<br>anonymous and does not contain personal<br>information.<\/td><\/tr><\/tbody><\/table><\/figure>\n","protected":false},"excerpt":{"rendered":"<p>Czym jest plik cookie? Plik cookie to informacje, kt\u00f3re na komputerze u\u017cytkownika zapisuj\u0105 odwiedzane przez niego strony internetowe. W plikach cookie zazwyczaj przechowywane s\u0105 spersonalizowane ustawienia strony internetowej, np. j\u0119zyk lub adres. Podczas ponownych odwiedzin na stronie przegl\u0105darka ponownie przesy\u0142a pliki cookie dotycz\u0105ce danej strony. Dzi\u0119ki temu na stronie internetowej wy\u015bwietlane s\u0105 informacje dostosowane do [&hellip;]<\/p>\n","protected":false},"author":7,"featured_media":0,"parent":0,"menu_order":0,"comment_status":"closed","ping_status":"closed","template":"page-cookies.php","meta":{"_acf_changed":false,"footnotes":""},"acf":[],"yoast_head":"<!-- This site is optimized with the Yoast SEO plugin v22.4 - https:\/\/yoast.com\/wordpress\/plugins\/seo\/ -->\n<title>Polityka plik\u00f3w cookie - Argeta Polska<\/title>\n<meta name=\"robots\" content=\"noindex, follow, max-snippet:-1, max-image-preview:large, max-video-preview:-1\" \/>\n<meta property=\"og:locale\" content=\"en_US\" \/>\n<meta property=\"og:type\" content=\"article\" \/>\n<meta property=\"og:title\" content=\"Polityka plik\u00f3w cookie - Argeta Polska\" \/>\n<meta property=\"og:description\" content=\"Czym jest plik cookie? Plik cookie to informacje, kt\u00f3re na komputerze u\u017cytkownika zapisuj\u0105 odwiedzane przez niego strony internetowe. W plikach cookie zazwyczaj przechowywane s\u0105 spersonalizowane ustawienia strony internetowej, np. j\u0119zyk lub adres. Podczas ponownych odwiedzin na stronie przegl\u0105darka ponownie przesy\u0142a pliki cookie dotycz\u0105ce danej strony. Dzi\u0119ki temu na stronie internetowej wy\u015bwietlane s\u0105 informacje dostosowane do [&hellip;]\" \/>\n<meta property=\"og:url\" content=\"https:\/\/old-argeta.cnj.digital\/pl\/piskotki\/\" \/>\n<meta property=\"og:site_name\" content=\"Argeta Polska\" \/>\n<meta property=\"article:modified_time\" content=\"2023-01-12T09:01:37+00:00\" \/>\n<meta name=\"twitter:card\" content=\"summary_large_image\" \/>\n<meta name=\"twitter:label1\" content=\"Est. reading time\" \/>\n\t<meta name=\"twitter:data1\" content=\"4 minutes\" \/>\n<script type=\"application\/ld+json\" class=\"yoast-schema-graph\">{\"@context\":\"https:\/\/schema.org\",\"@graph\":[{\"@type\":\"WebPage\",\"@id\":\"https:\/\/old-argeta.cnj.digital\/pl\/piskotki\/\",\"url\":\"https:\/\/old-argeta.cnj.digital\/pl\/piskotki\/\",\"name\":\"Polityka plik\u00f3w cookie - Argeta Polska\",\"isPartOf\":{\"@id\":\"https:\/\/old-argeta.cnj.digital\/pl\/#website\"},\"datePublished\":\"2019-02-19T15:14:37+00:00\",\"dateModified\":\"2023-01-12T09:01:37+00:00\",\"breadcrumb\":{\"@id\":\"https:\/\/old-argeta.cnj.digital\/pl\/piskotki\/#breadcrumb\"},\"inLanguage\":\"en-US\",\"potentialAction\":[{\"@type\":\"ReadAction\",\"target\":[\"https:\/\/old-argeta.cnj.digital\/pl\/piskotki\/\"]}]},{\"@type\":\"BreadcrumbList\",\"@id\":\"https:\/\/old-argeta.cnj.digital\/pl\/piskotki\/#breadcrumb\",\"itemListElement\":[{\"@type\":\"ListItem\",\"position\":1,\"name\":\"Home\",\"item\":\"https:\/\/old-argeta.cnj.digital\/pl\/\"},{\"@type\":\"ListItem\",\"position\":2,\"name\":\"Polityka plik\u00f3w cookie\"}]},{\"@type\":\"WebSite\",\"@id\":\"https:\/\/old-argeta.cnj.digital\/pl\/#website\",\"url\":\"https:\/\/old-argeta.cnj.digital\/pl\/\",\"name\":\"Argeta Polska\",\"description\":\"Argeta \u2013 dobra strona chleba\",\"publisher\":{\"@id\":\"https:\/\/old-argeta.cnj.digital\/pl\/#organization\"},\"potentialAction\":[{\"@type\":\"SearchAction\",\"target\":{\"@type\":\"EntryPoint\",\"urlTemplate\":\"https:\/\/old-argeta.cnj.digital\/pl\/?s={search_term_string}\"},\"query-input\":\"required name=search_term_string\"}],\"inLanguage\":\"en-US\"},{\"@type\":\"Organization\",\"@id\":\"https:\/\/old-argeta.cnj.digital\/pl\/#organization\",\"name\":\"Argeta\",\"url\":\"https:\/\/old-argeta.cnj.digital\/pl\/\",\"logo\":{\"@type\":\"ImageObject\",\"inLanguage\":\"en-US\",\"@id\":\"https:\/\/old-argeta.cnj.digital\/pl\/#\/schema\/logo\/image\/\",\"url\":\"https:\/\/old-argeta.cnj.digital\/app\/uploads\/sites\/8\/2020\/03\/Argeta_logo-1.png\",\"contentUrl\":\"https:\/\/old-argeta.cnj.digital\/app\/uploads\/sites\/8\/2020\/03\/Argeta_logo-1.png\",\"width\":1000,\"height\":1000,\"caption\":\"Argeta\"},\"image\":{\"@id\":\"https:\/\/old-argeta.cnj.digital\/pl\/#\/schema\/logo\/image\/\"}}]}<\/script>\n<!-- \/ Yoast SEO plugin. -->","yoast_head_json":{"title":"Polityka plik\u00f3w cookie - Argeta Polska","robots":{"index":"noindex","follow":"follow","max-snippet":"max-snippet:-1","max-image-preview":"max-image-preview:large","max-video-preview":"max-video-preview:-1"},"og_locale":"en_US","og_type":"article","og_title":"Polityka plik\u00f3w cookie - Argeta Polska","og_description":"Czym jest plik cookie? Plik cookie to informacje, kt\u00f3re na komputerze u\u017cytkownika zapisuj\u0105 odwiedzane przez niego strony internetowe. W plikach cookie zazwyczaj przechowywane s\u0105 spersonalizowane ustawienia strony internetowej, np. j\u0119zyk lub adres. Podczas ponownych odwiedzin na stronie przegl\u0105darka ponownie przesy\u0142a pliki cookie dotycz\u0105ce danej strony. Dzi\u0119ki temu na stronie internetowej wy\u015bwietlane s\u0105 informacje dostosowane do [&hellip;]","og_url":"https:\/\/old-argeta.cnj.digital\/pl\/piskotki\/","og_site_name":"Argeta Polska","article_modified_time":"2023-01-12T09:01:37+00:00","twitter_card":"summary_large_image","twitter_misc":{"Est. reading time":"4 minutes"},"schema":{"@context":"https:\/\/schema.org","@graph":[{"@type":"WebPage","@id":"https:\/\/old-argeta.cnj.digital\/pl\/piskotki\/","url":"https:\/\/old-argeta.cnj.digital\/pl\/piskotki\/","name":"Polityka plik\u00f3w cookie - Argeta Polska","isPartOf":{"@id":"https:\/\/old-argeta.cnj.digital\/pl\/#website"},"datePublished":"2019-02-19T15:14:37+00:00","dateModified":"2023-01-12T09:01:37+00:00","breadcrumb":{"@id":"https:\/\/old-argeta.cnj.digital\/pl\/piskotki\/#breadcrumb"},"inLanguage":"en-US","potentialAction":[{"@type":"ReadAction","target":["https:\/\/old-argeta.cnj.digital\/pl\/piskotki\/"]}]},{"@type":"BreadcrumbList","@id":"https:\/\/old-argeta.cnj.digital\/pl\/piskotki\/#breadcrumb","itemListElement":[{"@type":"ListItem","position":1,"name":"Home","item":"https:\/\/old-argeta.cnj.digital\/pl\/"},{"@type":"ListItem","position":2,"name":"Polityka plik\u00f3w cookie"}]},{"@type":"WebSite","@id":"https:\/\/old-argeta.cnj.digital\/pl\/#website","url":"https:\/\/old-argeta.cnj.digital\/pl\/","name":"Argeta Polska","description":"Argeta \u2013 dobra strona chleba","publisher":{"@id":"https:\/\/old-argeta.cnj.digital\/pl\/#organization"},"potentialAction":[{"@type":"SearchAction","target":{"@type":"EntryPoint","urlTemplate":"https:\/\/old-argeta.cnj.digital\/pl\/?s={search_term_string}"},"query-input":"required name=search_term_string"}],"inLanguage":"en-US"},{"@type":"Organization","@id":"https:\/\/old-argeta.cnj.digital\/pl\/#organization","name":"Argeta","url":"https:\/\/old-argeta.cnj.digital\/pl\/","logo":{"@type":"ImageObject","inLanguage":"en-US","@id":"https:\/\/old-argeta.cnj.digital\/pl\/#\/schema\/logo\/image\/","url":"https:\/\/old-argeta.cnj.digital\/app\/uploads\/sites\/8\/2020\/03\/Argeta_logo-1.png","contentUrl":"https:\/\/old-argeta.cnj.digital\/app\/uploads\/sites\/8\/2020\/03\/Argeta_logo-1.png","width":1000,"height":1000,"caption":"Argeta"},"image":{"@id":"https:\/\/old-argeta.cnj.digital\/pl\/#\/schema\/logo\/image\/"}}]}},"_links":{"self":[{"href":"https:\/\/old-argeta.cnj.digital\/pl\/wp-json\/wp\/v2\/pages\/453"}],"collection":[{"href":"https:\/\/old-argeta.cnj.digital\/pl\/wp-json\/wp\/v2\/pages"}],"about":[{"href":"https:\/\/old-argeta.cnj.digital\/pl\/wp-json\/wp\/v2\/types\/page"}],"author":[{"embeddable":true,"href":"https:\/\/old-argeta.cnj.digital\/pl\/wp-json\/wp\/v2\/users\/7"}],"replies":[{"embeddable":true,"href":"https:\/\/old-argeta.cnj.digital\/pl\/wp-json\/wp\/v2\/comments?post=453"}],"version-history":[{"count":4,"href":"https:\/\/old-argeta.cnj.digital\/pl\/wp-json\/wp\/v2\/pages\/453\/revisions"}],"predecessor-version":[{"id":3335,"href":"https:\/\/old-argeta.cnj.digital\/pl\/wp-json\/wp\/v2\/pages\/453\/revisions\/3335"}],"wp:attachment":[{"href":"https:\/\/old-argeta.cnj.digital\/pl\/wp-json\/wp\/v2\/media?parent=453"}],"curies":[{"name":"wp","href":"https:\/\/api.w.org\/{rel}","templated":true}]}}