{"id":738,"date":"2019-02-13T16:28:05","date_gmt":"2019-02-13T15:28:05","guid":{"rendered":"http:\/\/old-argeta.cnj.digital\/rs\/?page_id=738"},"modified":"2023-01-12T09:48:33","modified_gmt":"2023-01-12T08:48:33","slug":"kolacici","status":"publish","type":"page","link":"https:\/\/old-argeta.cnj.digital\/rs\/kolacici\/","title":{"rendered":"Kola\u010di\u0107i"},"content":{"rendered":"<h2>Politika kola\u010di\u0107a<\/h2>\n<p>Na va\u0161 ra\u010dunar treba sa\u010duvati minimalnu koli\u010dinu informacija (kola\u010di\u0107e) kako bi veb-sajt pravilno radio i kako bi va\u0161e iskustvo pregledanja moglo da se unapredi i pobolj\u0161a. Vi\u0161e od 90% veb-sajtova koristi praksu kola\u010di\u0107a, pri \u010demu prema pravilima Evropske unije moraju da zatra\u017ee pristanak korisnika. Kori\u0161\u0107enjem veb-sajta sla\u017eete se sa kori\u0161\u0107enjem kola\u010di\u0107a, a ukoliko ne prihvatate kola\u010di\u0107e, mo\u0107i \u0107ete i dalje da pregledate veb-sajt, pri \u010demu odre\u0111ene funkcije na ovom veb-sajtu mo\u017eda ne\u0107e mo\u0107i pravilno da se prika\u017eu ili izvr\u0161e.<\/p>\n<h2>\u0160ta je kola\u010di\u0107?<\/h2>\n<p>Kola\u010di\u0107 je informacija koju na va\u0161 ra\u010dunar stavlja veb-sajt koji ste posetili. Kola\u010di\u0107i obi\u010dno pohranjuju va\u0161e postavke za veb-sajt kao \u0161to su \u017eeljeni jezik ili adresa. Kada kasnije ponovo otvorite isti veb-sajt, pregleda\u010d \u0107e poslati nazad kola\u010di\u0107e koji pripadaju tom sajtu. To tom sajtu omogu\u0107ava da prika\u017ee informacije prilago\u0111ene va\u0161im potrebama.<\/p>\n<p>Kola\u010di\u0107i mogu da pohrane \u0161iroku lepezu informacija, uklju\u010duju\u0107i informacije o li\u010dnosti (va\u0161e ime ili elektronsku adresu). Uprkos svemu ta informacija mo\u017ee da se sa\u010duva samo ukoliko vi to omogu\u0107ite \u2013 veb-sajt ne mo\u017ee da dobije pristup informacijama ukoliko ga vi ne odobrite, a osim toga ne mo\u017ee da pristupi ostalim datotekama na va\u0161em ra\u010dunaru ili mobilnom ure\u0111aju. Vi ne\u0107ete videti podrazumevane postavke pohranjivanja i slanja kola\u010di\u0107a, ali mo\u017eete da promenite svoje postavke pregleda\u010da na na\u010din da mo\u017eete sami da izaberete da li \u017eelite da prihvatite ili odbijete zahteve za pohranjivanje kola\u010di\u0107a, da se sa\u010duvani kola\u010di\u0107i obri\u0161u prilikom zatvaranja pregleda\u010da i sli\u010dno.<\/p>\n<h2>Kako odbiti kola\u010di\u0107e?<\/h2>\n<p>Odbijanjem kola\u010di\u0107a odlu\u010dujete da li \u017eelite da dozvolite pohranjivanje kola\u010di\u0107a na svoj ra\u010dunar ili mobilni ure\u0111aj. Postavke kola\u010di\u0107a mogu da se nadziru i konfiguri\u0161u u pregleda\u010du. Ukoliko ne prihvatite kola\u010di\u0107e, mo\u017ee da se desi da ne\u0107ete mo\u0107i da koristite odre\u0111ene funkcije na veb-sajtu.<\/p>\n<h2>\u0160ta su privremeni kola\u010di\u0107i?<\/h2>\n<p>Privremeni ili sesijski kola\u010di\u0107i bi\u0107e obrisani sa ra\u010dunara po\u0161to zatvorite pregleda\u010d. Pomo\u0107u njih veb-sajt pohranjuje privremene podatke kao \u0161to su proizvodi u kupovnoj korpi.<\/p>\n<h2>\u0160ta su trajni kola\u010di\u0107i?<\/h2>\n<p>Trajni ili sa\u010duvani kola\u010di\u0107i ostaju na ra\u010dunaru i posle zatvaranja pregleda\u010da. Pomo\u0107u njih veb-sajt pohranjuje privremene podatke kao \u0161to su naziv za prijavu i lozinku kako ne biste morali da se prijavite prilikom svake posete odre\u0111enom sajtu. Trajni kola\u010di\u0107i ostaju na ra\u010dunaru vi\u0161e dana, meseci ili \u010dak vi\u0161e godina.<\/p>\n<h2>\u0160ta su kola\u010di\u0107i prvog lica?<\/h2>\n<p>Kola\u010di\u0107i prvog lica (sopstveni kola\u010di\u0107i) dolaze sa veb-sajta koji korisnik pregleda i mogu da budu trajni ili privremeni. Veb-sajt mo\u017ee pomo\u0107u tih kola\u010di\u0107a da sa\u010duva podatke koje \u0107e ponovo upotrebiti kada ga korisnik naredni put poseti.<\/p>\n<h2>\u0160ta su kola\u010di\u0107i tre\u0107eg lica?<\/h2>\n<p>Kola\u010di\u0107i tre\u0107eg lica (drugi kola\u010di\u0107i) dolaze sa drugih, partnerskih veb-sajtova (kao \u0161to su iska\u010du\u0107i prozori ili druge reklame) koje pregledate. Veb-sajt mo\u017ee pomo\u0107u tih kola\u010di\u0107a da prati kori\u0161\u0107enje veba u marketin\u0161ke svrhe.<\/p>\n<h2>Da li ovaj veb-sajt koristi kola\u010di\u0107e?<\/h2>\n<p>Da, sa primarnim ciljem da vam na\u0161 veb-sajt omogu\u0107i najbolje korisni\u010dko iskustvo.<\/p>\n<h2>Kakve kola\u010di\u0107e koristi ovaj veb-sajt i za\u0161to?<\/h2>\n<p>Privremeni ili sesijski kola\u010di\u0107i (session cookies) jesu kola\u010di\u0107i koji isteknu (i automatski se bri\u0161u) kada zatvorite pregleda\u010d. Mi koristimo privremene kola\u010di\u0107e kako bismo korisniku obezbedili najbolje iskustvo prilikom upotrebe na\u0161eg veb-sajta.<\/p>\n<p>Trajni ili sa\u010duvani kola\u010di\u0107i (persistent cookies) imaju obi\u010dno datum isteka postavljen daleko u budu\u0107nost, pa \u0107e ostati u va\u0161em pregleda\u010du dok ne isteknu ili dok ih ru\u010dno ne obri\u0161ete. Mi koristimo trajne kola\u010di\u0107e kako bismo bolje razumeli navike korisnika \u010dime mo\u017eemo da unapredimo veb-sajt s obzirom na va\u0161e navike. Na osnovu podataka prikupljenih na taj na\u010din nije mogu\u0107a identifikacija vas kao korisnika, a prikupljeni podaci se koriste isklju\u010divo u statisti\u010dke svrhe.<\/p>\n<h2>Da li na veb-sajtu postoje kola\u010di\u0107i tre\u0107eg lica?<\/h2>\n<p>Postoji vi\u0161e spoljnih servisa koji za korisnika \u010duvaju ograni\u010dene kola\u010di\u0107e. Te kola\u010di\u0107e nije instalisao ovaj veb-sajt, ali neki slu\u017ee za normalan rad odre\u0111enih funkcija koje olak\u0161avaju pristup korisnika sadr\u017eini. Zato informacije o za\u0161titi podataka sa kojim ste upoznati ovde va\u017ee samo za ovaj veb-sajt, a za\u0161titu podataka kod spoljnih servisa treba proveriti na njihovim zvani\u010dnim sajtovima.<\/p>\n<h2>Trenutno omogu\u0107avamo:<\/h2>\n<h3>Merenje poseta<\/h3>\n<p>Ovaj veb-sajt koristi servise za merenje broja korisnika, i to Google Analytics. Na osnovu podataka prikupljenih na taj na\u010din nije mogu\u0107a identifikacija korisnika, a prikupljeni podaci se koriste isklju\u010divo u statisti\u010dke svrhe. Ukoliko \u017eelite da spre\u010dite da navedeni servisi za vas sa\u010duvaju kola\u010di\u0107e, mo\u017eete da ih odbijete za svaki servis putem slede\u0107ih veza:<\/p>\n<ul>\n<li>Google Analytics \u2013 https:\/\/tools.google.com\/dlpage\/gaoptout<\/li>\n<li>iProm &#8211; UID<\/li>\n<\/ul>\n<p><strong>Dodatne informacije o odbijanju kola\u010di\u0107a<\/strong><\/p>\n<p>Trenutno postoji vi\u0161e veb-sajtova za odbijanje pohranjivanja kola\u010di\u0107a za razli\u010dite servise.<\/p>\n<p>Vi\u0161e mo\u017eete da saznate putem slede\u0107ih veza:<\/p>\n<ul>\n<li>http:\/\/www.allaboutcookies.org\/<\/li>\n<li>http:\/\/www.youronlinechoices.eu\/<\/li>\n<\/ul>\n\n\n<figure class=\"wp-block-table table-cookies\"><table><tbody><tr><td><strong>Cookie<br>name<\/strong><\/td><td><strong>Storage<br>period<\/strong><\/td><td><strong>Who installs<br>the cookie<br>and manages<br>the data it<br>acquires<\/strong><\/td><td><strong>Domain<\/strong><\/td><td><strong>Purpose of the processing of the data collected<br>by the cookie<\/strong><\/td><\/tr><tr><td>UID<\/td><td>36<br>months<\/td><td>iPROM d.o.o.<\/td><td>iprom.net<\/td><td>iPROM&#8217;s advertising cookie allows the system to<br>set a cookie in order to display personalized ads on<br>other online media after the user leaves this<br>website. The system installs the cookie on the user<br>profile (browser) based on user\u2019s prior explicit<br>consent on the website. The user&#8217;s profile is<br>anonymous and does not contain personal<br>information.<\/td><\/tr><\/tbody><\/table><\/figure>\n","protected":false},"excerpt":{"rendered":"<p>Politika kola\u010di\u0107a Na va\u0161 ra\u010dunar treba sa\u010duvati minimalnu koli\u010dinu informacija (kola\u010di\u0107e) kako bi veb-sajt pravilno radio i kako bi va\u0161e iskustvo pregledanja moglo da se unapredi i pobolj\u0161a. Vi\u0161e od 90% veb-sajtova koristi praksu kola\u010di\u0107a, pri \u010demu prema pravilima Evropske unije moraju da zatra\u017ee pristanak korisnika. Kori\u0161\u0107enjem veb-sajta sla\u017eete se sa kori\u0161\u0107enjem kola\u010di\u0107a, a ukoliko [&hellip;]<\/p>\n","protected":false},"author":4,"featured_media":0,"parent":0,"menu_order":0,"comment_status":"closed","ping_status":"closed","template":"page-cookies.php","meta":{"_acf_changed":false,"footnotes":""},"acf":[],"yoast_head":"<!-- This site is optimized with the Yoast SEO plugin v22.4 - https:\/\/yoast.com\/wordpress\/plugins\/seo\/ -->\n<title>Kola\u010di\u0107i - Argeta Serbia<\/title>\n<meta name=\"robots\" content=\"noindex, follow, max-snippet:-1, max-image-preview:large, max-video-preview:-1\" \/>\n<meta property=\"og:locale\" content=\"en_US\" \/>\n<meta property=\"og:type\" content=\"article\" \/>\n<meta property=\"og:title\" content=\"Kola\u010di\u0107i - Argeta Serbia\" \/>\n<meta property=\"og:description\" content=\"Politika kola\u010di\u0107a Na va\u0161 ra\u010dunar treba sa\u010duvati minimalnu koli\u010dinu informacija (kola\u010di\u0107e) kako bi veb-sajt pravilno radio i kako bi va\u0161e iskustvo pregledanja moglo da se unapredi i pobolj\u0161a. Vi\u0161e od 90% veb-sajtova koristi praksu kola\u010di\u0107a, pri \u010demu prema pravilima Evropske unije moraju da zatra\u017ee pristanak korisnika. Kori\u0161\u0107enjem veb-sajta sla\u017eete se sa kori\u0161\u0107enjem kola\u010di\u0107a, a ukoliko [&hellip;]\" \/>\n<meta property=\"og:url\" content=\"https:\/\/old-argeta.cnj.digital\/rs\/kolacici\/\" \/>\n<meta property=\"og:site_name\" content=\"Argeta Serbia\" \/>\n<meta property=\"article:modified_time\" content=\"2023-01-12T08:48:33+00:00\" \/>\n<meta name=\"twitter:card\" content=\"summary_large_image\" \/>\n<meta name=\"twitter:label1\" content=\"Est. reading time\" \/>\n\t<meta name=\"twitter:data1\" content=\"4 minutes\" \/>\n<script type=\"application\/ld+json\" class=\"yoast-schema-graph\">{\"@context\":\"https:\/\/schema.org\",\"@graph\":[{\"@type\":\"WebPage\",\"@id\":\"https:\/\/old-argeta.cnj.digital\/rs\/kolacici\/\",\"url\":\"https:\/\/old-argeta.cnj.digital\/rs\/kolacici\/\",\"name\":\"Kola\u010di\u0107i - Argeta Serbia\",\"isPartOf\":{\"@id\":\"https:\/\/old-argeta.cnj.digital\/rs\/#website\"},\"datePublished\":\"2019-02-13T15:28:05+00:00\",\"dateModified\":\"2023-01-12T08:48:33+00:00\",\"breadcrumb\":{\"@id\":\"https:\/\/old-argeta.cnj.digital\/rs\/kolacici\/#breadcrumb\"},\"inLanguage\":\"en-US\",\"potentialAction\":[{\"@type\":\"ReadAction\",\"target\":[\"https:\/\/old-argeta.cnj.digital\/rs\/kolacici\/\"]}]},{\"@type\":\"BreadcrumbList\",\"@id\":\"https:\/\/old-argeta.cnj.digital\/rs\/kolacici\/#breadcrumb\",\"itemListElement\":[{\"@type\":\"ListItem\",\"position\":1,\"name\":\"Home\",\"item\":\"https:\/\/old-argeta.cnj.digital\/rs\/\"},{\"@type\":\"ListItem\",\"position\":2,\"name\":\"Kola\u010di\u0107i\"}]},{\"@type\":\"WebSite\",\"@id\":\"https:\/\/old-argeta.cnj.digital\/rs\/#website\",\"url\":\"https:\/\/old-argeta.cnj.digital\/rs\/\",\"name\":\"Argeta Serbia\",\"description\":\"Dobra strana hleba.\",\"publisher\":{\"@id\":\"https:\/\/old-argeta.cnj.digital\/rs\/#organization\"},\"potentialAction\":[{\"@type\":\"SearchAction\",\"target\":{\"@type\":\"EntryPoint\",\"urlTemplate\":\"https:\/\/old-argeta.cnj.digital\/rs\/?s={search_term_string}\"},\"query-input\":\"required name=search_term_string\"}],\"inLanguage\":\"en-US\"},{\"@type\":\"Organization\",\"@id\":\"https:\/\/old-argeta.cnj.digital\/rs\/#organization\",\"name\":\"Argeta\",\"url\":\"https:\/\/old-argeta.cnj.digital\/rs\/\",\"logo\":{\"@type\":\"ImageObject\",\"inLanguage\":\"en-US\",\"@id\":\"https:\/\/old-argeta.cnj.digital\/rs\/#\/schema\/logo\/image\/\",\"url\":\"https:\/\/old-argeta.cnj.digital\/app\/uploads\/sites\/4\/2020\/03\/Argeta_logo.png\",\"contentUrl\":\"https:\/\/old-argeta.cnj.digital\/app\/uploads\/sites\/4\/2020\/03\/Argeta_logo.png\",\"width\":1000,\"height\":1000,\"caption\":\"Argeta\"},\"image\":{\"@id\":\"https:\/\/old-argeta.cnj.digital\/rs\/#\/schema\/logo\/image\/\"}}]}<\/script>\n<!-- \/ Yoast SEO plugin. -->","yoast_head_json":{"title":"Kola\u010di\u0107i - Argeta Serbia","robots":{"index":"noindex","follow":"follow","max-snippet":"max-snippet:-1","max-image-preview":"max-image-preview:large","max-video-preview":"max-video-preview:-1"},"og_locale":"en_US","og_type":"article","og_title":"Kola\u010di\u0107i - Argeta Serbia","og_description":"Politika kola\u010di\u0107a Na va\u0161 ra\u010dunar treba sa\u010duvati minimalnu koli\u010dinu informacija (kola\u010di\u0107e) kako bi veb-sajt pravilno radio i kako bi va\u0161e iskustvo pregledanja moglo da se unapredi i pobolj\u0161a. Vi\u0161e od 90% veb-sajtova koristi praksu kola\u010di\u0107a, pri \u010demu prema pravilima Evropske unije moraju da zatra\u017ee pristanak korisnika. Kori\u0161\u0107enjem veb-sajta sla\u017eete se sa kori\u0161\u0107enjem kola\u010di\u0107a, a ukoliko [&hellip;]","og_url":"https:\/\/old-argeta.cnj.digital\/rs\/kolacici\/","og_site_name":"Argeta Serbia","article_modified_time":"2023-01-12T08:48:33+00:00","twitter_card":"summary_large_image","twitter_misc":{"Est. reading time":"4 minutes"},"schema":{"@context":"https:\/\/schema.org","@graph":[{"@type":"WebPage","@id":"https:\/\/old-argeta.cnj.digital\/rs\/kolacici\/","url":"https:\/\/old-argeta.cnj.digital\/rs\/kolacici\/","name":"Kola\u010di\u0107i - Argeta Serbia","isPartOf":{"@id":"https:\/\/old-argeta.cnj.digital\/rs\/#website"},"datePublished":"2019-02-13T15:28:05+00:00","dateModified":"2023-01-12T08:48:33+00:00","breadcrumb":{"@id":"https:\/\/old-argeta.cnj.digital\/rs\/kolacici\/#breadcrumb"},"inLanguage":"en-US","potentialAction":[{"@type":"ReadAction","target":["https:\/\/old-argeta.cnj.digital\/rs\/kolacici\/"]}]},{"@type":"BreadcrumbList","@id":"https:\/\/old-argeta.cnj.digital\/rs\/kolacici\/#breadcrumb","itemListElement":[{"@type":"ListItem","position":1,"name":"Home","item":"https:\/\/old-argeta.cnj.digital\/rs\/"},{"@type":"ListItem","position":2,"name":"Kola\u010di\u0107i"}]},{"@type":"WebSite","@id":"https:\/\/old-argeta.cnj.digital\/rs\/#website","url":"https:\/\/old-argeta.cnj.digital\/rs\/","name":"Argeta Serbia","description":"Dobra strana hleba.","publisher":{"@id":"https:\/\/old-argeta.cnj.digital\/rs\/#organization"},"potentialAction":[{"@type":"SearchAction","target":{"@type":"EntryPoint","urlTemplate":"https:\/\/old-argeta.cnj.digital\/rs\/?s={search_term_string}"},"query-input":"required name=search_term_string"}],"inLanguage":"en-US"},{"@type":"Organization","@id":"https:\/\/old-argeta.cnj.digital\/rs\/#organization","name":"Argeta","url":"https:\/\/old-argeta.cnj.digital\/rs\/","logo":{"@type":"ImageObject","inLanguage":"en-US","@id":"https:\/\/old-argeta.cnj.digital\/rs\/#\/schema\/logo\/image\/","url":"https:\/\/old-argeta.cnj.digital\/app\/uploads\/sites\/4\/2020\/03\/Argeta_logo.png","contentUrl":"https:\/\/old-argeta.cnj.digital\/app\/uploads\/sites\/4\/2020\/03\/Argeta_logo.png","width":1000,"height":1000,"caption":"Argeta"},"image":{"@id":"https:\/\/old-argeta.cnj.digital\/rs\/#\/schema\/logo\/image\/"}}]}},"_links":{"self":[{"href":"https:\/\/old-argeta.cnj.digital\/rs\/wp-json\/wp\/v2\/pages\/738"}],"collection":[{"href":"https:\/\/old-argeta.cnj.digital\/rs\/wp-json\/wp\/v2\/pages"}],"about":[{"href":"https:\/\/old-argeta.cnj.digital\/rs\/wp-json\/wp\/v2\/types\/page"}],"author":[{"embeddable":true,"href":"https:\/\/old-argeta.cnj.digital\/rs\/wp-json\/wp\/v2\/users\/4"}],"replies":[{"embeddable":true,"href":"https:\/\/old-argeta.cnj.digital\/rs\/wp-json\/wp\/v2\/comments?post=738"}],"version-history":[{"count":6,"href":"https:\/\/old-argeta.cnj.digital\/rs\/wp-json\/wp\/v2\/pages\/738\/revisions"}],"predecessor-version":[{"id":8240,"href":"https:\/\/old-argeta.cnj.digital\/rs\/wp-json\/wp\/v2\/pages\/738\/revisions\/8240"}],"wp:attachment":[{"href":"https:\/\/old-argeta.cnj.digital\/rs\/wp-json\/wp\/v2\/media?parent=738"}],"curies":[{"name":"wp","href":"https:\/\/api.w.org\/{rel}","templated":true}]}}