{"id":749,"date":"2019-02-13T17:00:08","date_gmt":"2019-02-13T16:00:08","guid":{"rendered":"http:\/\/old-argeta.cnj.digital\/rs\/?page_id=749"},"modified":"2021-05-27T13:16:43","modified_gmt":"2021-05-27T12:16:43","slug":"pravna-obavestenja","status":"publish","type":"page","link":"https:\/\/old-argeta.cnj.digital\/rs\/pravna-obavestenja\/","title":{"rendered":"Pravna obave\u0161tenja"},"content":{"rendered":"<h2>Autorska prava<\/h2>\n<p>Sva sadr\u017eina objavljena na Argetinim veb-stranicama je svojina privrednog dru\u0161tva ATLANTIC DROGA KOLINSKA d.o.o. i predmet autorske za\u0161tite ili drugih oblika za\u0161tite intelektualne svojine u zakonom dozvoljenim okvirima.<\/p>\n<p>Sadr\u017eine (tekstovi, slike, logotipi&#8230;) objavljene na ovim veb-stranicama mogu da se koriste isklju\u010divo u nekomercijalne svrhe i ne smeju da se menjaju, prepisuju, umno\u017eavaju, ponovo objavljuju, \u0161alju po\u0161tom ili na bilo koji drugi na\u010din \u0161ire u komercijalne svrhe bez izri\u010dite pismene dozvole dru\u0161tva ATLANTIC DROGA KOLINSKA d.o.o.<\/p>\n<p>Sve reprodukcije ili primerci sadr\u017eine ovih veb-stranica moraju da zadr\u017ee sve navedene oznake autorskih prava i ostala obave\u0161tenja o pravima intelektualne svojine ili obave\u0161tenja o drugim pravima (znak \u00a9 2015 ATLANTIC DROGA KOLINSKA d.o.o. Sva prava zadr\u017eana. ATLANTIC DROGA KOLINSKA d.o.o. je deo Atlantic Grupe).<\/p>\n<p>Robni i uslu\u017eni \u017eigovi koji se pojavljuju na ovim stranicama su registrovani \u017eigovi \u010diji je vlasnik ili korisnik licence dru\u0161tvo ATLANTIC DROGA KOLINSKA d.o.o. (u daljem tekstu tako\u0111e Dru\u0161tvo) ili njegova povezana privredna dru\u0161tva. Kori\u0161\u0107enje tih \u017eigova je izri\u010dito zabranjeno, osim u slu\u010dajevima utvr\u0111enim ovim tekstom.<\/p>\n<h2>Pravila privatnosti<\/h2>\n<p>ATLANTIC DROGA KOLINSKA d.o.o. (u daljem tekstu: Dru\u0161tvo) deo je poslovnog sistema Atlantic Grupe u okviru kog su uspostavljeni i primenjuju se visoki standardi poslovnog upravljanja i transparentnog poslovanja \u0161to zna\u010di odgovorno, zakonito i eti\u010dno pona\u0161anje svih pravnih subjekata Atlantic Grupe koji ujedno obuhvataju po\u0161tovanje privatnosti i za\u0161titu podataka o li\u010dnosti.<\/p>\n<p>Uzimaju\u0107i u obzir pomenute standarde, Dru\u0161tvo kao rukovalac u okviru poslovnog sistema Atlantic Grupe zakonito, po\u0161teno i transparentno prikuplja i obra\u0111uje podatke o li\u010dnosti u skladu sa va\u017ee\u0107im propisima i preduzima odgovaraju\u0107e tehni\u010dke i organizacione mere radi za\u0161tite podataka o li\u010dnosti od nezakonitog pristupa i zloupotrebe.<\/p>\n<p>Dru\u0161tvo je svesno da je za\u0161tita podataka o li\u010dnosti va\u017ena kako za na\u0161e korisnike tako i za druge pojedince. Upravo zato \u017eelimo da vas obavestimo koje podatke o li\u010dnosti prikupljamo, kako upravljamo njima i kako se staramo oko njihove za\u0161tite.<\/p>\n<h2>Svrha, obim i pravni osnov obrade<\/h2>\n<p>Podaci o li\u010dnosti se prikupljaju u posebne, izri\u010dite i zakonite svrhe, u neophodnom obimu i obra\u0111uju se na na\u010din koji je u skladu sa tim svrhama.<\/p>\n<p>Dru\u0161tvo \u0107e podatke o li\u010dnosti prikupljati i obra\u0111ivati samo kada je to dozvoljeno propisima:<\/p>\n<ul>\n<li>kada je obrada potrebna radi ispunjavanja zakonske obaveze;<\/li>\n<li>kada pojedinac da pristanak za obradu svojih podatka o li\u010dnosti;<\/li>\n<li>kada je obrada potrebna za izvr\u0161avanje ugovora \u010diji je ugovara\u010d pojedinac na kog se odnose podaci o li\u010dnosti ili za preduzimanje mera na zahtev takvog pojedinca pre zaklju\u010denja ugovora;<\/li>\n<li>kada je obrada potrebna za za\u0161titu \u017eivotnih interesa pojedinca na kog se odnose podaci o li\u010dnosti ili drugog fizi\u010dkog lica;<\/li>\n<li>kada je obrada potrebna za zakonite interese Dru\u0161tva ili povezanih dru\u0161tava.<\/li>\n<\/ul>\n<h2>Prikupljanje i kori\u0161\u0107enje podatka o li\u010dnosti<\/h2>\n<p>Podaci o li\u010dnosti su informacije koje vas neposredno ili posredno identifikuju. To su na primer va\u0161e ime i prezime, elektronska adresa, broj telefona, IP adresa ili po\u0161tanska adresa.<\/p>\n<p>Dru\u0161tvo ne prikuplja va\u0161e podatke o li\u010dnosti osim kada vi izri\u010dito dostavite podatke takve vrste (na primer u okviru upita vezanog za odre\u0111eni proizvod ili uslugu, prilikom zaklju\u010denja ugovora ili u okviru zahteva za odre\u0111eno postupanje pre zaklju\u010denja ugovora, uklju\u010divanjem u programe vernosti, prilikom prijave za primanje elektronskih vesti, u\u010de\u0161\u0107em u anketama, konkursima i nagradnima igrama, poru\u010divanjem oglednih primeraka ili bro\u0161ura, u okviru molbi za donacije i prilikom tra\u017eenja odre\u0111enih informacija, predajom biografije ili otvorene ponude ili prilikom prijave na konkurse za slobodna radna mesta, kao i zapo\u0161ljavanjem u na\u0161em Dru\u0161tvu\u2026).<\/p>\n<p>Va\u0161e podatke o li\u010dnosti prikupljamo, \u010duvamo, koristimo ili prenosimo u obimu \u2013 sadr\u017einskom i vremenskom \u2013 koji je potreban u odre\u0111enom slu\u010daju, na primer da odgovorimo na va\u0161a pitanja, ispunimo va\u0161e zahteve, da vas obavestimo o svojim proizvodima ili rezultatima konkursa ili nagradne igre, da ispunimo ugovornu obavezu ili preduzmemo neophodne radnje pre zaklju\u010denja ugovora ili da ispunimo druge zakonske i pravne obaveze. Zbog tih razloga Dru\u0161tvo mora ponekad da prenese podatke o li\u010dnosti drugim dru\u0161tvima u Atlantic Grupi i povezanim dru\u0161tvima ili spoljnim pru\u017eaocima usluga na dalju obradu. Pru\u017eaoci usluga mogu na primer da budu anga\u017eovani u kontekstu usluga pozivnog centra, distribucije robe ili oglasnog materijala ili za organizaciju i sprovo\u0111enje nagradnih igara. Dru\u0161tvo od tih lica tra\u017ei da prihvate va\u017ee\u0107e pravne propise, postupaju u skladu sa na\u0161im uputstvima i uzmu u obzir na\u0161a interna pravila o za\u0161titi podataka o li\u010dnosti, kao i da preduzmu odgovaraju\u0107e organizacione i tehni\u010dke mere za\u0161tite. Zbog tih razloga va\u0161i podaci o li\u010dnosti mora\u0107e da se prenesu i u druge zemlje EU ili zemlje van EU, pri \u010demu \u0107e se Dru\u0161tvo prilikom takvog prenosa postarati da on bude u potpunosti u skladu sa zakonom i da bude izvr\u0161en uz sve raspolo\u017eive i odgovaraju\u0107e mere za\u0161tite podataka o li\u010dnosti.<\/p>\n<p>Dru\u0161tvo garantuje da ne\u0107e nikome prodati va\u0161e podatke o li\u010dnosti, da ih ne\u0107e proslediti ili posuditi tre\u0107im licima ukoliko to ne bude potrebno za ispunjenje odre\u0111ene svrhe u koju ste nam dali podatke o li\u010dnosti, a osim toga garantuje da va\u0161i podatke o li\u010dnosti ne\u0107e dati nijednom neovla\u0161\u0107enom primaocu.<\/p>\n<p>Postoji mogu\u0107nost da \u0107emo morati va\u0161e podatke o li\u010dnosti da dostavimo nadle\u017enom organu javne vlasti ukoliko je to predvi\u0111eno zakonom ili drugim obavezuju\u0107im propisom.<\/p>\n<p>Prikupljeni podaci \u010duva\u0107e se koliko god je to potrebno za svrhu u koju su prikupljeni, odnosno do roka odre\u0111enog va\u017ee\u0107im propisima.<\/p>\n<h2>Kori\u0161\u0107enje podataka o li\u010dnosti u svrhe ogla\u0161avanja i marketinga<\/h2>\n<p>Kada se va\u0161i podaci o li\u010dnosti koriste u svrhe ogla\u0161avanja i marketinga u skladu sa va\u017ee\u0107im zakonskim propisima iz oblasti za\u0161tite podataka o li\u010dnosti, va\u0161i podaci \u010duvaju se i koriste u te svrhe, na primer za slanje elektronskih obave\u0161tenja, oglednih primeraka proizvoda, poziva za u\u010de\u0161\u0107e u konkursima i nagradnim igrama putem elektronske po\u0161te ili po\u0161te ili drugog komunikacionog kanala koji ste prihvatili.<\/p>\n<p>Ukoliko se va\u0161i podaci o li\u010dnosti budu koristili u svrhu slanja individualnih (vama) prilago\u0111enih oglasa i promocija radi kreiranja i odr\u017eavanja korisni\u010dkog profila, o tom \u0107ete biti unapred obave\u0161teni, dakle pre slanja takvih oglasa i promocija, a pre takve obrade podataka o li\u010dnosti posebno \u0107emo vas izri\u010dito i informisano zamoliti za pristanak.<\/p>\n<p>Va\u0161e podatke \u0107emo tako\u0111e upotrebiti ukoliko budemo \u017eeleli da analiziramo i unapredimo efikasnost na\u0161ih veb-usluga, ogla\u0161avanja, marketinga, tr\u017ei\u0161nih istra\u017eivanja i prodajnih napora u anketama ili raznim drugim upitnicima ili na na\u010din koji \u0107e obezbediti da va\u0161i podaci o li\u010dnosti ne budu navedeni imenom, odnosno da ne mogu da se pove\u017eu sa konkretnim licem.<\/p>\n<h2>Ostvarivanje prava pojedinca<\/h2>\n<p>U bilo kom trenutku mo\u017eete od nas da zatra\u017eite informaciju o svojim podacima o li\u010dnosti koje obra\u0111ujemo ili da zatra\u017eite njihovo ispravljanje, da opozovete njihovo kori\u0161\u0107enje ili da zatra\u017eite brisanje svojih podataka o li\u010dnosti ili da opozovete pristanak za sve ili samo neke svrhe (osim kada to nije mogu\u0107e, na primer kada je re\u010d o obradi podataka u statisti\u010dke svrhe u vezi sa kojim podaci ni u kom slu\u010daju ne omogu\u0107avaju identifikaciju), odnosno zabranite prenos podataka drugom rukovaocu pod zakonskim uslovima, a osim toga mo\u017eete da otka\u017eete primanje na\u0161ih informativnih i promotivnih materijala.<\/p>\n<p>Tako\u0111e mo\u017eete da istaknete prigovor na kori\u0161\u0107enje svojih podataka o li\u010dnosti u situacijama zasnovanim na postojanju na\u0161eg legitimnog interesa, naro\u010dito kada ih koristimo za potrebe direktnog marketinga.<\/p>\n<p>Sa na\u0161e strane \u0107emo se u najve\u0107oj mogu\u0107oj i razumnoj meri starati da podaci o li\u010dnosti koje nam stavite na raspolaganje budu pravilno evidentirani, a ujedno je odgovornost za ta\u010dnost i na vama, pa vas molimo da podatke redovno i blagovremeno a\u017eurirate, odnosno da nam dostavite zahtev za upis promene ili za ispravku.<\/p>\n<p>U vezi sa ostvarivanjem svojih prava i obaveza oko kori\u0161\u0107enja podataka o li\u010dnosti mo\u017eete da se obratite na elektronsku adresu ili po\u0161tansku adresu sedi\u0161ta Dru\u0161tva koje su navedene na veb-sajtu ili na elektronsku adresu: <a href=\"mailto:dpo@atlanticgrupa.com\">dpo@atlanticgrupa.com<\/a> ili prema uputstvima na dostavljenim promotivnim materijalima.<\/p>\n<p>Prilikom uspostavljanja kontakta i prijema navedenih zahteva ulo\u017ei\u0107emo razumne napore da potvrdimo va\u0161 identitet i spre\u010dimo neovla\u0161\u0107enu obradu podataka o li\u010dnosti.<\/p>\n<p>Posle prijema va\u0161ih zahteva, sprove\u0161\u0107emo zatra\u017eenu aktivnost u odgovaraju\u0107em roku, ali najdocnije u roku od 30 dana od dana prijema, i o tome vas prema potrebi obavestiti, a sve u skladu sa zakonom.<\/p>\n<h2>Deca<\/h2>\n<p>Podatke o deci, po pravilu, ne prikupljamo. Ukoliko utvrdimo da su nam oni dostavljeni bez pristanka roditelja ili zakonskih zastupnika, obrisa\u0107emo ih u najkra\u0107em mogu\u0107em roku. Pri tome \u0107emo se pridr\u017eavati smernica primljenih od vas kao roditelja ili zakonskog staraoca.<\/p>\n<p>Ukoliko bismo ipak u neke svrhe prikupljali podatke o deci koja imaju toliko godina da je u skladu sa va\u017ee\u0107im zakonima za obradu njihovih podataka o li\u010dnosti potreban pristanak roditelja, o tome \u0107emo objaviti odgovaraju\u0107u informaciju i preduzeti razumne mere kako bismo utvrdili da li deca imaju pristanak roditelja, odnosno zakonskog staraoca.<\/p>\n<h2>Bezbednost podataka<\/h2>\n<p>Implementirali smo tehni\u010dke i organizacione mere kako bismo spre\u010dili gubitak va\u0161ih podataka, njihovo menjanje, otu\u0111enje, pristup njima od strane neovla\u0161\u0107enog tre\u0107eg lica, odnosno njihovu bilo kakvu neovla\u0161\u0107enu obradu. Pristup va\u0161im podacima o li\u010dnosti je ograni\u010den samo na one zaposlene kojim su te informacije potrebne za pru\u017eanje na\u0161ih usluga, odnosno re\u0161avanje va\u0161eg pitanja. Stalno obrazujemo svoje zaposlene o tome koliko su va\u017eni poverljivost podataka i \u010duvanje privatnosti, kao i za\u0161tita va\u0161ih podataka. Prikupljamo samo one podatke koji su potrebni za odre\u0111enu obradu, a \u010duvamo ih samo onoliko koliko je potrebno, odnosno predvi\u0111eno zakonskim propisima.<\/p>\n<p>Na na\u0161em veb-sajtu mo\u0107i \u0107ete povremeno da prona\u0111ete veze do drugih veb-sajtova ili portala, a osim toga mo\u017eemo da vam ponudimo i karakteristike dru\u0161tvenih mre\u017ea koje omogu\u0107avaju deljenje podataka o li\u010dnosti na dru\u0161tvenim mre\u017eama. Preporu\u010dujemo vam da u svakom slu\u010daju prethodno pro\u010ditate pravila o za\u0161titi podataka o li\u010dnosti na tim portalima ili dru\u0161tvenim mre\u017eama ili kod tre\u0107ih lica, kao i o preduzetim merama o njihovoj za\u0161titi jer mogu da se razlikuju od ovih Pravila i na\u0161ih preduzetih mera, a za to mi ne mo\u017eemo da budemo odgovorni.<\/p>\n<h2>Ograni\u010denje odgovornosti<\/h2>\n<p>Mada preduzimamo dostupne tehni\u010dke, organizacione i kadrovske mere za za\u0161titu podataka o li\u010dnosti od slu\u010dajne ili namerne zloupotrebe, uni\u0161tenja, gubitka, neovla\u0161\u0107enih promena ili pristupa, ne mo\u017eemo da garantujemo da uprkos odredbama ovih Pravila o za\u0161titi privatnosti neki podaci o li\u010dnosti koje prikupimo ne\u0107e nikad biti slu\u010dajno otkriveni.<\/p>\n<p>U najve\u0107oj meri dozvoljenoj zakonom isklju\u010dujemo odgovornost za \u0161tetu nanetu korisnicima ili tre\u0107im licima slu\u010dajnim otkrivanjem podataka o li\u010dnosti.<\/p>\n<p>Budu\u0107i da nemamo nadzor nad podacima o li\u010dnosti koje dostavite prilikom pristupa drugim portalima i nad kori\u0161\u0107enjem takvih podataka ili neposredno nad tre\u0107im licima (na primer prilikom u\u010de\u0161\u0107a u sponzorisanim aktivnostima), u najve\u0107oj meri dozvoljenoj zakonom isklju\u010dujemo odgovornost za \u0161tetu koju bi vi ili tre\u0107e lice moglo da pretrpi usled prosle\u0111ivanja podataka o li\u010dnosti.<\/p>\n<h2>A\u017euriranje i izmene<\/h2>\n<p>Zadr\u017eavamo pravo na izmene ili a\u017euriranje delova ovih Pravila u svakom trenutku i bez prethodne najave. Posetite povremeno na\u0161 veb-sajt kako biste bili upoznati sa izmenama ili a\u017euriranjima Pravila. Bi\u0107e objavljen i datum po\u010detka va\u017eenja aktuelne verzije Pravila.<\/p>\n","protected":false},"excerpt":{"rendered":"<p>Autorska prava Sva sadr\u017eina objavljena na Argetinim veb-stranicama je svojina privrednog dru\u0161tva ATLANTIC DROGA KOLINSKA d.o.o. i predmet autorske za\u0161tite ili drugih oblika za\u0161tite intelektualne svojine u zakonom dozvoljenim okvirima. Sadr\u017eine (tekstovi, slike, logotipi&#8230;) objavljene na ovim veb-stranicama mogu da se koriste isklju\u010divo u nekomercijalne svrhe i ne smeju da se menjaju, prepisuju, umno\u017eavaju, ponovo [&hellip;]<\/p>\n","protected":false},"author":4,"featured_media":0,"parent":0,"menu_order":0,"comment_status":"closed","ping_status":"closed","template":"page-privacy.php","meta":{"_acf_changed":false,"footnotes":""},"acf":[],"yoast_head":"<!-- This site is optimized with the Yoast SEO plugin v22.4 - https:\/\/yoast.com\/wordpress\/plugins\/seo\/ -->\n<title>Pravna obave\u0161tenja - Argeta Serbia<\/title>\n<meta name=\"robots\" content=\"noindex, follow, max-snippet:-1, max-image-preview:large, max-video-preview:-1\" \/>\n<meta property=\"og:locale\" content=\"en_US\" \/>\n<meta property=\"og:type\" content=\"article\" \/>\n<meta property=\"og:title\" content=\"Pravna obave\u0161tenja - Argeta Serbia\" \/>\n<meta property=\"og:description\" content=\"Autorska prava Sva sadr\u017eina objavljena na Argetinim veb-stranicama je svojina privrednog dru\u0161tva ATLANTIC DROGA KOLINSKA d.o.o. i predmet autorske za\u0161tite ili drugih oblika za\u0161tite intelektualne svojine u zakonom dozvoljenim okvirima. Sadr\u017eine (tekstovi, slike, logotipi&#8230;) objavljene na ovim veb-stranicama mogu da se koriste isklju\u010divo u nekomercijalne svrhe i ne smeju da se menjaju, prepisuju, umno\u017eavaju, ponovo [&hellip;]\" \/>\n<meta property=\"og:url\" content=\"https:\/\/old-argeta.cnj.digital\/rs\/pravna-obavestenja\/\" \/>\n<meta property=\"og:site_name\" content=\"Argeta Serbia\" \/>\n<meta property=\"article:modified_time\" content=\"2021-05-27T12:16:43+00:00\" \/>\n<meta name=\"twitter:card\" content=\"summary_large_image\" \/>\n<meta name=\"twitter:label1\" content=\"Est. reading time\" \/>\n\t<meta name=\"twitter:data1\" content=\"8 minutes\" \/>\n<script type=\"application\/ld+json\" class=\"yoast-schema-graph\">{\"@context\":\"https:\/\/schema.org\",\"@graph\":[{\"@type\":\"WebPage\",\"@id\":\"https:\/\/old-argeta.cnj.digital\/rs\/pravna-obavestenja\/\",\"url\":\"https:\/\/old-argeta.cnj.digital\/rs\/pravna-obavestenja\/\",\"name\":\"Pravna obave\u0161tenja - Argeta Serbia\",\"isPartOf\":{\"@id\":\"https:\/\/old-argeta.cnj.digital\/rs\/#website\"},\"datePublished\":\"2019-02-13T16:00:08+00:00\",\"dateModified\":\"2021-05-27T12:16:43+00:00\",\"breadcrumb\":{\"@id\":\"https:\/\/old-argeta.cnj.digital\/rs\/pravna-obavestenja\/#breadcrumb\"},\"inLanguage\":\"en-US\",\"potentialAction\":[{\"@type\":\"ReadAction\",\"target\":[\"https:\/\/old-argeta.cnj.digital\/rs\/pravna-obavestenja\/\"]}]},{\"@type\":\"BreadcrumbList\",\"@id\":\"https:\/\/old-argeta.cnj.digital\/rs\/pravna-obavestenja\/#breadcrumb\",\"itemListElement\":[{\"@type\":\"ListItem\",\"position\":1,\"name\":\"Home\",\"item\":\"https:\/\/old-argeta.cnj.digital\/rs\/\"},{\"@type\":\"ListItem\",\"position\":2,\"name\":\"Pravna obave\u0161tenja\"}]},{\"@type\":\"WebSite\",\"@id\":\"https:\/\/old-argeta.cnj.digital\/rs\/#website\",\"url\":\"https:\/\/old-argeta.cnj.digital\/rs\/\",\"name\":\"Argeta Serbia\",\"description\":\"Dobra strana hleba.\",\"publisher\":{\"@id\":\"https:\/\/old-argeta.cnj.digital\/rs\/#organization\"},\"potentialAction\":[{\"@type\":\"SearchAction\",\"target\":{\"@type\":\"EntryPoint\",\"urlTemplate\":\"https:\/\/old-argeta.cnj.digital\/rs\/?s={search_term_string}\"},\"query-input\":\"required name=search_term_string\"}],\"inLanguage\":\"en-US\"},{\"@type\":\"Organization\",\"@id\":\"https:\/\/old-argeta.cnj.digital\/rs\/#organization\",\"name\":\"Argeta\",\"url\":\"https:\/\/old-argeta.cnj.digital\/rs\/\",\"logo\":{\"@type\":\"ImageObject\",\"inLanguage\":\"en-US\",\"@id\":\"https:\/\/old-argeta.cnj.digital\/rs\/#\/schema\/logo\/image\/\",\"url\":\"https:\/\/old-argeta.cnj.digital\/app\/uploads\/sites\/4\/2020\/03\/Argeta_logo.png\",\"contentUrl\":\"https:\/\/old-argeta.cnj.digital\/app\/uploads\/sites\/4\/2020\/03\/Argeta_logo.png\",\"width\":1000,\"height\":1000,\"caption\":\"Argeta\"},\"image\":{\"@id\":\"https:\/\/old-argeta.cnj.digital\/rs\/#\/schema\/logo\/image\/\"}}]}<\/script>\n<!-- \/ Yoast SEO plugin. -->","yoast_head_json":{"title":"Pravna obave\u0161tenja - Argeta Serbia","robots":{"index":"noindex","follow":"follow","max-snippet":"max-snippet:-1","max-image-preview":"max-image-preview:large","max-video-preview":"max-video-preview:-1"},"og_locale":"en_US","og_type":"article","og_title":"Pravna obave\u0161tenja - Argeta Serbia","og_description":"Autorska prava Sva sadr\u017eina objavljena na Argetinim veb-stranicama je svojina privrednog dru\u0161tva ATLANTIC DROGA KOLINSKA d.o.o. i predmet autorske za\u0161tite ili drugih oblika za\u0161tite intelektualne svojine u zakonom dozvoljenim okvirima. Sadr\u017eine (tekstovi, slike, logotipi&#8230;) objavljene na ovim veb-stranicama mogu da se koriste isklju\u010divo u nekomercijalne svrhe i ne smeju da se menjaju, prepisuju, umno\u017eavaju, ponovo [&hellip;]","og_url":"https:\/\/old-argeta.cnj.digital\/rs\/pravna-obavestenja\/","og_site_name":"Argeta Serbia","article_modified_time":"2021-05-27T12:16:43+00:00","twitter_card":"summary_large_image","twitter_misc":{"Est. reading time":"8 minutes"},"schema":{"@context":"https:\/\/schema.org","@graph":[{"@type":"WebPage","@id":"https:\/\/old-argeta.cnj.digital\/rs\/pravna-obavestenja\/","url":"https:\/\/old-argeta.cnj.digital\/rs\/pravna-obavestenja\/","name":"Pravna obave\u0161tenja - Argeta Serbia","isPartOf":{"@id":"https:\/\/old-argeta.cnj.digital\/rs\/#website"},"datePublished":"2019-02-13T16:00:08+00:00","dateModified":"2021-05-27T12:16:43+00:00","breadcrumb":{"@id":"https:\/\/old-argeta.cnj.digital\/rs\/pravna-obavestenja\/#breadcrumb"},"inLanguage":"en-US","potentialAction":[{"@type":"ReadAction","target":["https:\/\/old-argeta.cnj.digital\/rs\/pravna-obavestenja\/"]}]},{"@type":"BreadcrumbList","@id":"https:\/\/old-argeta.cnj.digital\/rs\/pravna-obavestenja\/#breadcrumb","itemListElement":[{"@type":"ListItem","position":1,"name":"Home","item":"https:\/\/old-argeta.cnj.digital\/rs\/"},{"@type":"ListItem","position":2,"name":"Pravna obave\u0161tenja"}]},{"@type":"WebSite","@id":"https:\/\/old-argeta.cnj.digital\/rs\/#website","url":"https:\/\/old-argeta.cnj.digital\/rs\/","name":"Argeta Serbia","description":"Dobra strana hleba.","publisher":{"@id":"https:\/\/old-argeta.cnj.digital\/rs\/#organization"},"potentialAction":[{"@type":"SearchAction","target":{"@type":"EntryPoint","urlTemplate":"https:\/\/old-argeta.cnj.digital\/rs\/?s={search_term_string}"},"query-input":"required name=search_term_string"}],"inLanguage":"en-US"},{"@type":"Organization","@id":"https:\/\/old-argeta.cnj.digital\/rs\/#organization","name":"Argeta","url":"https:\/\/old-argeta.cnj.digital\/rs\/","logo":{"@type":"ImageObject","inLanguage":"en-US","@id":"https:\/\/old-argeta.cnj.digital\/rs\/#\/schema\/logo\/image\/","url":"https:\/\/old-argeta.cnj.digital\/app\/uploads\/sites\/4\/2020\/03\/Argeta_logo.png","contentUrl":"https:\/\/old-argeta.cnj.digital\/app\/uploads\/sites\/4\/2020\/03\/Argeta_logo.png","width":1000,"height":1000,"caption":"Argeta"},"image":{"@id":"https:\/\/old-argeta.cnj.digital\/rs\/#\/schema\/logo\/image\/"}}]}},"_links":{"self":[{"href":"https:\/\/old-argeta.cnj.digital\/rs\/wp-json\/wp\/v2\/pages\/749"}],"collection":[{"href":"https:\/\/old-argeta.cnj.digital\/rs\/wp-json\/wp\/v2\/pages"}],"about":[{"href":"https:\/\/old-argeta.cnj.digital\/rs\/wp-json\/wp\/v2\/types\/page"}],"author":[{"embeddable":true,"href":"https:\/\/old-argeta.cnj.digital\/rs\/wp-json\/wp\/v2\/users\/4"}],"replies":[{"embeddable":true,"href":"https:\/\/old-argeta.cnj.digital\/rs\/wp-json\/wp\/v2\/comments?post=749"}],"version-history":[{"count":6,"href":"https:\/\/old-argeta.cnj.digital\/rs\/wp-json\/wp\/v2\/pages\/749\/revisions"}],"predecessor-version":[{"id":6370,"href":"https:\/\/old-argeta.cnj.digital\/rs\/wp-json\/wp\/v2\/pages\/749\/revisions\/6370"}],"wp:attachment":[{"href":"https:\/\/old-argeta.cnj.digital\/rs\/wp-json\/wp\/v2\/media?parent=749"}],"curies":[{"name":"wp","href":"https:\/\/api.w.org\/{rel}","templated":true}]}}