{"id":1953,"date":"2019-08-12T13:57:28","date_gmt":"2019-08-12T13:57:28","guid":{"rendered":"https:\/\/old-argeta.cnj.digital\/se\/?page_id=1953"},"modified":"2023-01-12T09:19:53","modified_gmt":"2023-01-12T09:19:53","slug":"cookiespolicy","status":"publish","type":"page","link":"https:\/\/old-argeta.cnj.digital\/se\/cookiespolicy\/","title":{"rendered":"Cookiespolicy"},"content":{"rendered":"<h2>Vad \u00e4r en cookie?<\/h2>\n<p>En cookie \u00e4r information som lagras i din dator av den webbplats som du bes\u00f6ker. Cookies sparar vanligtvis dina inst\u00e4llningar f\u00f6r webbplatsen, exempelvis \u00f6nskat spr\u00e5k eller adress. N\u00e4r du senare \u00f6ppnar samma webbplats igen skickar webbl\u00e4saren tillbaka cookies som g\u00e4ller webbplatsen. Detta g\u00f6r det m\u00f6jligt f\u00f6r webbplatsen att visa information anpassad efter dina \u00f6nskem\u00e5l.<\/p>\n<p>Cookies kan lagra ett brett spektrum av information, inklusive personuppgifter (ditt namn eller din e-postadress). Denna information kan dock endast lagras om du till\u00e5ter det \u2013 webbplatser kan inte f\u00e5 tillg\u00e5ng till information om du inte har godk\u00e4nt det, och de kan inte heller f\u00e5 tillg\u00e5ng till filer i din dator eller mobila enhet. Standardinst\u00e4llningarna f\u00f6r lagring och s\u00e4ndning av cookies \u00e4r inte synliga f\u00f6r dig, men du kan \u00e4ndra webbl\u00e4sarens inst\u00e4llningar genom att sj\u00e4lv v\u00e4lja om du vill godk\u00e4nna eller v\u00e4gra att cookies lagras, om lagrade cookies ska raderas automatiskt n\u00e4r du st\u00e4nger webbl\u00e4saren och s\u00e5 vidare.<\/p>\n<h2>Hur kan du v\u00e4gra cookies?<\/h2>\n<p>Genom att v\u00e4gra cookies best\u00e4mmer du om du vill till\u00e5ta att cookies lagras i din dator eller mobila enhet. Cookieinst\u00e4llningarna kan kontrolleras och konfigureras i din webbl\u00e4sare. Om du inte accepterar cookies kan det h\u00e4nda att du inte kan anv\u00e4nda vissa funktioner p\u00e5 en webbplats.<\/p>\n<h2>Vad \u00e4r tillf\u00e4lliga cookies?<\/h2>\n<p>Tillf\u00e4lliga cookies (sessionscookies) raderas fr\u00e5n datorn n\u00e4r du st\u00e4nger webbl\u00e4saren. Med hj\u00e4lp av dessa cookies sparar webbplatser tillf\u00e4lliga uppgifter, t.ex. produkter i en kundvagn.<\/p>\n<h2>Vad \u00e4r permanenta cookies?<\/h2>\n<p>Permanenta eller lagrade cookies ligger kvar i din dator n\u00e4r du st\u00e4nger webbl\u00e4saren. Med hj\u00e4lp av dessa cookies sparar webbplatser uppgifter som exempelvis ditt anv\u00e4ndarnamn och l\u00f6senord, s\u00e5 att du inte beh\u00f6ver logga in varje g\u00e5ng du bes\u00f6ker en viss webbplats. Permanenta cookies ligger kvar i din dator i flera dagar, m\u00e5nader eller till och med \u00e5r.<\/p>\n<h2>Vad \u00e4r f\u00f6rstapartscookies?<\/h2>\n<p>F\u00f6rstapartscookies kommer fr\u00e5n den webbplats som anv\u00e4ndaren bes\u00f6ker och de kan vara permanenta eller tillf\u00e4lliga. Med hj\u00e4lp av dessa cookies kan webbplatser lagra information som kommer att anv\u00e4ndas igen n\u00e4sta g\u00e5ng anv\u00e4ndaren bes\u00f6ker webbplatsen.<\/p>\n<h2>Vad \u00e4r tredjepartscookies?<\/h2>\n<p>Tredjepartscookies kommer ursprungligen fr\u00e5n andra webbplatser som den bes\u00f6kta webbplatsen samarbetar med (exempelvis ett popupf\u00f6nster eller annan reklam) och som f\u00f6rekommer p\u00e5 den webbplats du bes\u00f6ker. Med hj\u00e4lp av dessa cookies kan webbplatser sp\u00e5ra din internetanv\u00e4ndning i marknadsf\u00f6ringssyfte.<\/p>\n<h2>Anv\u00e4nder den h\u00e4r webbplatsen cookies?<\/h2>\n<p>Ja, med det huvudsakliga syftet att v\u00e5r webbplats ska f\u00f6rse dig med den b\u00e4sta anv\u00e4ndarupplevelsen.<\/p>\n<h2>Vilka cookies anv\u00e4nder den h\u00e4r webbplatsen och varf\u00f6r?<\/h2>\n<p>Tillf\u00e4lliga cookies (sessionscookies) \u00e4r cookies som l\u00f6per ut (och raderas automatiskt) n\u00e4r du st\u00e4nger webbl\u00e4saren. Vi anv\u00e4nder tillf\u00e4lliga cookies f\u00f6r att ge anv\u00e4ndaren b\u00e4sta m\u00f6jliga upplevelse vid anv\u00e4ndningen av v\u00e5r webbplats.<\/p>\n<p>Permanenta cookies har vanligtvis ett utg\u00e5ngsdatum l\u00e5ngt fram i tiden och kommer att ligga kvar i din webbl\u00e4sare tills de l\u00f6per ut eller tills du raderar dem manuellt. Vi anv\u00e4nder permanenta cookies f\u00f6r att f\u00e5 b\u00e4ttre f\u00f6rst\u00e5else f\u00f6r anv\u00e4ndarnas vanor, vilket ger oss m\u00f6jlighet att f\u00f6rb\u00e4ttra webbplatsen utifr\u00e5n anv\u00e4ndarnas preferenser. Den information som samlas in kan inte anv\u00e4ndas f\u00f6r att identifiera dig som anv\u00e4ndare, och den insamlade informationen anv\u00e4nds uteslutande i statistiksyfte.<\/p>\n<h2>Finns det tredjepartcookies p\u00e5 den h\u00e4r webbplatsen?<\/h2>\n<p>Det finns flera externa tj\u00e4nster som lagrar begr\u00e4nsade cookies \u00e5t anv\u00e4ndaren. Dessa cookies har inte placerats ut av den h\u00e4r webbplatsen, men vissa anv\u00e4nds f\u00f6r att s\u00e4kerst\u00e4lla att vissa funktioner som f\u00f6renklar anv\u00e4ndarens \u00e5tkomst till inneh\u00e5ll fungerar korrekt. D\u00e4rf\u00f6r g\u00e4ller den information om dataskydd som anges h\u00e4r endast denna webbplats, och dataskyddet f\u00f6r externa tj\u00e4nster m\u00e5ste verifieras p\u00e5 deras officiella webbplatser.<\/p>\n<h2>F\u00f6r n\u00e4rvarande till\u00e4mpar vi:<\/h2>\n<h3>M\u00e4tning av bes\u00f6k<\/h3>\n<p class=\"western\">Den h\u00e4r webbplatsen anv\u00e4nder tj\u00e4nster f\u00f6r att m\u00e4ta antalet anv\u00e4ndare, specifikt Google Analytics. Den information som samlas in p\u00e5 detta s\u00e4tt kan inte anv\u00e4ndas f\u00f6r att identifiera anv\u00e4ndare, och den insamlade informationen anv\u00e4nds uteslutande i statistiksyfte. Om du vill f\u00f6rhindra att de h\u00e4r tj\u00e4nsterna lagrar cookies kan du v\u00e4gra dem f\u00f6r varje tj\u00e4nst via f\u00f6ljande l\u00e4nkar:<\/p>\n<ul>\n<li>Google Analytics &#8211; <a href=\"https:\/\/tools.google.com\/dlpage\/gaoptout\">https:\/\/tools.google.com\/dlpage\/gaoptout<\/a><\/li>\n<li>iProm &#8211; UID<\/li>\n<\/ul>\n<h2>Mer information om att v\u00e4gra cookies<\/h2>\n<p>Det finns f\u00f6r n\u00e4rvarande ett flertal webbplatser f\u00f6r att v\u00e4gra lagring av cookies f\u00f6r olika tj\u00e4nster.<\/p>\n<p>Du kan l\u00e4sa mer via f\u00f6ljande l\u00e4nkar:<\/p>\n<ul>\n<li><a style=\"background-color: #ffffff;\" href=\"http:\/\/www.allaboutcookies.org\/\">http:\/\/www.allaboutcookies.org\/<\/a><\/li>\n<li><a style=\"background-color: #ffffff;\" href=\"http:\/\/www.youronlinechoices.eu\/\">http:\/\/www.youronlinechoices.eu\/<\/a><\/li>\n<\/ul>\n\n\n<figure class=\"wp-block-table table-cookies\"><table><tbody><tr><td><strong>Cookie<br>name<\/strong><\/td><td><strong>Storage<br>period<\/strong><\/td><td><strong>Who installs<br>the cookie<br>and manages<br>the data it<br>acquires<\/strong><\/td><td><strong>Domain<\/strong><\/td><td><strong>Purpose of the processing of the data collected<br>by the cookie<\/strong><\/td><\/tr><tr><td>UID<\/td><td>36<br>months<\/td><td>iPROM d.o.o.<\/td><td>iprom.net<\/td><td>iPROM&#8217;s advertising cookie allows the system to<br>set a cookie in order to display personalized ads on<br>other online media after the user leaves this<br>website. The system installs the cookie on the user<br>profile (browser) based on user\u2019s prior explicit<br>consent on the website. The user&#8217;s profile is<br>anonymous and does not contain personal<br>information.<\/td><\/tr><\/tbody><\/table><\/figure>\n","protected":false},"excerpt":{"rendered":"<p>Vad \u00e4r en cookie? En cookie \u00e4r information som lagras i din dator av den webbplats som du bes\u00f6ker. Cookies sparar vanligtvis dina inst\u00e4llningar f\u00f6r webbplatsen, exempelvis \u00f6nskat spr\u00e5k eller adress. N\u00e4r du senare \u00f6ppnar samma webbplats igen skickar webbl\u00e4saren tillbaka cookies som g\u00e4ller webbplatsen. Detta g\u00f6r det m\u00f6jligt f\u00f6r webbplatsen att visa information anpassad [&hellip;]<\/p>\n","protected":false},"author":4,"featured_media":0,"parent":0,"menu_order":0,"comment_status":"closed","ping_status":"closed","template":"page-cookies.php","meta":{"_acf_changed":false,"footnotes":""},"acf":[],"yoast_head":"<!-- This site is optimized with the Yoast SEO plugin v22.4 - https:\/\/yoast.com\/wordpress\/plugins\/seo\/ -->\n<title>Cookiespolicy - Argeta Sweden<\/title>\n<meta name=\"robots\" content=\"noindex, follow, max-snippet:-1, max-image-preview:large, max-video-preview:-1\" \/>\n<meta property=\"og:locale\" content=\"en_US\" \/>\n<meta property=\"og:type\" content=\"article\" \/>\n<meta property=\"og:title\" content=\"Cookiespolicy - Argeta Sweden\" \/>\n<meta property=\"og:description\" content=\"Vad \u00e4r en cookie? En cookie \u00e4r information som lagras i din dator av den webbplats som du bes\u00f6ker. Cookies sparar vanligtvis dina inst\u00e4llningar f\u00f6r webbplatsen, exempelvis \u00f6nskat spr\u00e5k eller adress. N\u00e4r du senare \u00f6ppnar samma webbplats igen skickar webbl\u00e4saren tillbaka cookies som g\u00e4ller webbplatsen. Detta g\u00f6r det m\u00f6jligt f\u00f6r webbplatsen att visa information anpassad [&hellip;]\" \/>\n<meta property=\"og:url\" content=\"https:\/\/old-argeta.cnj.digital\/se\/cookiespolicy\/\" \/>\n<meta property=\"og:site_name\" content=\"Argeta Sweden\" \/>\n<meta property=\"article:modified_time\" content=\"2023-01-12T09:19:53+00:00\" \/>\n<meta name=\"twitter:card\" content=\"summary_large_image\" \/>\n<meta name=\"twitter:label1\" content=\"Est. reading time\" \/>\n\t<meta name=\"twitter:data1\" content=\"4 minutes\" \/>\n<script type=\"application\/ld+json\" class=\"yoast-schema-graph\">{\"@context\":\"https:\/\/schema.org\",\"@graph\":[{\"@type\":\"WebPage\",\"@id\":\"https:\/\/old-argeta.cnj.digital\/se\/cookiespolicy\/\",\"url\":\"https:\/\/old-argeta.cnj.digital\/se\/cookiespolicy\/\",\"name\":\"Cookiespolicy - Argeta Sweden\",\"isPartOf\":{\"@id\":\"https:\/\/old-argeta.cnj.digital\/se\/#website\"},\"datePublished\":\"2019-08-12T13:57:28+00:00\",\"dateModified\":\"2023-01-12T09:19:53+00:00\",\"breadcrumb\":{\"@id\":\"https:\/\/old-argeta.cnj.digital\/se\/cookiespolicy\/#breadcrumb\"},\"inLanguage\":\"en-US\",\"potentialAction\":[{\"@type\":\"ReadAction\",\"target\":[\"https:\/\/old-argeta.cnj.digital\/se\/cookiespolicy\/\"]}]},{\"@type\":\"BreadcrumbList\",\"@id\":\"https:\/\/old-argeta.cnj.digital\/se\/cookiespolicy\/#breadcrumb\",\"itemListElement\":[{\"@type\":\"ListItem\",\"position\":1,\"name\":\"Home\",\"item\":\"https:\/\/old-argeta.cnj.digital\/se\/\"},{\"@type\":\"ListItem\",\"position\":2,\"name\":\"Cookiespolicy\"}]},{\"@type\":\"WebSite\",\"@id\":\"https:\/\/old-argeta.cnj.digital\/se\/#website\",\"url\":\"https:\/\/old-argeta.cnj.digital\/se\/\",\"name\":\"Argeta Sweden\",\"description\":\"Argeta \u2013 den goda sidan av br\u00f6det\",\"publisher\":{\"@id\":\"https:\/\/old-argeta.cnj.digital\/se\/#organization\"},\"potentialAction\":[{\"@type\":\"SearchAction\",\"target\":{\"@type\":\"EntryPoint\",\"urlTemplate\":\"https:\/\/old-argeta.cnj.digital\/se\/?s={search_term_string}\"},\"query-input\":\"required name=search_term_string\"}],\"inLanguage\":\"en-US\"},{\"@type\":\"Organization\",\"@id\":\"https:\/\/old-argeta.cnj.digital\/se\/#organization\",\"name\":\"Argeta\",\"url\":\"https:\/\/old-argeta.cnj.digital\/se\/\",\"logo\":{\"@type\":\"ImageObject\",\"inLanguage\":\"en-US\",\"@id\":\"https:\/\/old-argeta.cnj.digital\/se\/#\/schema\/logo\/image\/\",\"url\":\"https:\/\/old-argeta.cnj.digital\/app\/uploads\/sites\/20\/2020\/03\/Argeta_logo-1.png\",\"contentUrl\":\"https:\/\/old-argeta.cnj.digital\/app\/uploads\/sites\/20\/2020\/03\/Argeta_logo-1.png\",\"width\":1000,\"height\":1000,\"caption\":\"Argeta\"},\"image\":{\"@id\":\"https:\/\/old-argeta.cnj.digital\/se\/#\/schema\/logo\/image\/\"}}]}<\/script>\n<!-- \/ Yoast SEO plugin. -->","yoast_head_json":{"title":"Cookiespolicy - Argeta Sweden","robots":{"index":"noindex","follow":"follow","max-snippet":"max-snippet:-1","max-image-preview":"max-image-preview:large","max-video-preview":"max-video-preview:-1"},"og_locale":"en_US","og_type":"article","og_title":"Cookiespolicy - Argeta Sweden","og_description":"Vad \u00e4r en cookie? En cookie \u00e4r information som lagras i din dator av den webbplats som du bes\u00f6ker. Cookies sparar vanligtvis dina inst\u00e4llningar f\u00f6r webbplatsen, exempelvis \u00f6nskat spr\u00e5k eller adress. N\u00e4r du senare \u00f6ppnar samma webbplats igen skickar webbl\u00e4saren tillbaka cookies som g\u00e4ller webbplatsen. Detta g\u00f6r det m\u00f6jligt f\u00f6r webbplatsen att visa information anpassad [&hellip;]","og_url":"https:\/\/old-argeta.cnj.digital\/se\/cookiespolicy\/","og_site_name":"Argeta Sweden","article_modified_time":"2023-01-12T09:19:53+00:00","twitter_card":"summary_large_image","twitter_misc":{"Est. reading time":"4 minutes"},"schema":{"@context":"https:\/\/schema.org","@graph":[{"@type":"WebPage","@id":"https:\/\/old-argeta.cnj.digital\/se\/cookiespolicy\/","url":"https:\/\/old-argeta.cnj.digital\/se\/cookiespolicy\/","name":"Cookiespolicy - Argeta Sweden","isPartOf":{"@id":"https:\/\/old-argeta.cnj.digital\/se\/#website"},"datePublished":"2019-08-12T13:57:28+00:00","dateModified":"2023-01-12T09:19:53+00:00","breadcrumb":{"@id":"https:\/\/old-argeta.cnj.digital\/se\/cookiespolicy\/#breadcrumb"},"inLanguage":"en-US","potentialAction":[{"@type":"ReadAction","target":["https:\/\/old-argeta.cnj.digital\/se\/cookiespolicy\/"]}]},{"@type":"BreadcrumbList","@id":"https:\/\/old-argeta.cnj.digital\/se\/cookiespolicy\/#breadcrumb","itemListElement":[{"@type":"ListItem","position":1,"name":"Home","item":"https:\/\/old-argeta.cnj.digital\/se\/"},{"@type":"ListItem","position":2,"name":"Cookiespolicy"}]},{"@type":"WebSite","@id":"https:\/\/old-argeta.cnj.digital\/se\/#website","url":"https:\/\/old-argeta.cnj.digital\/se\/","name":"Argeta Sweden","description":"Argeta \u2013 den goda sidan av br\u00f6det","publisher":{"@id":"https:\/\/old-argeta.cnj.digital\/se\/#organization"},"potentialAction":[{"@type":"SearchAction","target":{"@type":"EntryPoint","urlTemplate":"https:\/\/old-argeta.cnj.digital\/se\/?s={search_term_string}"},"query-input":"required name=search_term_string"}],"inLanguage":"en-US"},{"@type":"Organization","@id":"https:\/\/old-argeta.cnj.digital\/se\/#organization","name":"Argeta","url":"https:\/\/old-argeta.cnj.digital\/se\/","logo":{"@type":"ImageObject","inLanguage":"en-US","@id":"https:\/\/old-argeta.cnj.digital\/se\/#\/schema\/logo\/image\/","url":"https:\/\/old-argeta.cnj.digital\/app\/uploads\/sites\/20\/2020\/03\/Argeta_logo-1.png","contentUrl":"https:\/\/old-argeta.cnj.digital\/app\/uploads\/sites\/20\/2020\/03\/Argeta_logo-1.png","width":1000,"height":1000,"caption":"Argeta"},"image":{"@id":"https:\/\/old-argeta.cnj.digital\/se\/#\/schema\/logo\/image\/"}}]}},"_links":{"self":[{"href":"https:\/\/old-argeta.cnj.digital\/se\/wp-json\/wp\/v2\/pages\/1953"}],"collection":[{"href":"https:\/\/old-argeta.cnj.digital\/se\/wp-json\/wp\/v2\/pages"}],"about":[{"href":"https:\/\/old-argeta.cnj.digital\/se\/wp-json\/wp\/v2\/types\/page"}],"author":[{"embeddable":true,"href":"https:\/\/old-argeta.cnj.digital\/se\/wp-json\/wp\/v2\/users\/4"}],"replies":[{"embeddable":true,"href":"https:\/\/old-argeta.cnj.digital\/se\/wp-json\/wp\/v2\/comments?post=1953"}],"version-history":[{"count":4,"href":"https:\/\/old-argeta.cnj.digital\/se\/wp-json\/wp\/v2\/pages\/1953\/revisions"}],"predecessor-version":[{"id":6408,"href":"https:\/\/old-argeta.cnj.digital\/se\/wp-json\/wp\/v2\/pages\/1953\/revisions\/6408"}],"wp:attachment":[{"href":"https:\/\/old-argeta.cnj.digital\/se\/wp-json\/wp\/v2\/media?parent=1953"}],"curies":[{"name":"wp","href":"https:\/\/api.w.org\/{rel}","templated":true}]}}