{"id":1955,"date":"2019-08-12T13:36:13","date_gmt":"2019-08-12T13:36:13","guid":{"rendered":"https:\/\/old-argeta.cnj.digital\/se\/?page_id=1955"},"modified":"2021-05-27T12:17:35","modified_gmt":"2021-05-27T12:17:35","slug":"rattsligt-meddelande","status":"publish","type":"page","link":"https:\/\/old-argeta.cnj.digital\/se\/rattsligt-meddelande\/","title":{"rendered":"R\u00e4ttsligt meddelande"},"content":{"rendered":"<p>Allt inneh\u00e5ll som publiceras p\u00e5 Argetas webbplats tillh\u00f6r ATLANTIC DROGA KOLINSKA d.o.o. och skyddas s\u00e5 l\u00e5ngt som regelverket till\u00e5ter av upphovsr\u00e4tten och andra former av immaterialr\u00e4ttsliga skydd.<\/p>\n<p>Inneh\u00e5llet (texter, foton, logotyper m.m.) som publiceras p\u00e5 denna webbplats f\u00e5r endast anv\u00e4ndas i icke-kommersiella syften och f\u00e5r inte modifieras, kopieras, dupliceras, \u00e5terpubliceras, skickas per post eller spridas p\u00e5 n\u00e5got annat s\u00e4tt i kommersiella syften utan skriftligt samtycke fr\u00e5n ATLANTIC DROGA KOLINSKA d.o.o.<\/p>\n<p>Alla reproduktioner eller kopior av inneh\u00e5llet p\u00e5 denna webbplats m\u00e5ste dessutom inneh\u00e5lla samtliga publicerade beteckningar f\u00f6r upphovsr\u00e4tt, annan information om immateriella r\u00e4ttigheter eller information om andra r\u00e4ttigheter (m\u00e4rkningen \u00a9 2015 ATLANTIC DROGA KOLINSKA d.o.o.<\/p>\n<p class=\"western\">Med ensamr\u00e4tt.<\/p>\n<p>ATLANTIC DROGA KOLINSKA d.o.o. \u00e4r medlem i Atlantic Grupa.<\/p>\n<p>De varum\u00e4rken och tj\u00e4nstem\u00e4rken som visas p\u00e5 denna webbplats \u00e4r registrerade varum\u00e4rken vars \u00e4gare eller licensinnehavare \u00e4r ATLANTIC DROGA KOLINSKA d.o.o. (h\u00e4danefter \u00e4ven kallat F\u00f6retaget) eller dess dotterf\u00f6retag.<\/p>\n<p>Anv\u00e4ndningen av dessa varum\u00e4rken \u00e4r uttryckligen f\u00f6rbjuden med undantag av de fall som definieras h\u00e4r.<\/p>\n<h2>Integritetspolicy<\/h2>\n<p>ATLANTIC DROGA KOLINSKA d.o.o. (h\u00e4danefter: F\u00f6retaget) ing\u00e5r i koncernen Atlantic Grupa, d\u00e4r h\u00f6ga standarder har uppr\u00e4ttats och till\u00e4mpas vad g\u00e4ller aff\u00e4rsledning och insyn i f\u00f6retaget, vilket inneb\u00e4r ansvarsfulla, lagenliga och etiskt riktiga \u00e5tg\u00e4rder inom alla r\u00e4ttsliga enheter inom Atlantic Grupa, vilket samtidigt inbegriper respekt f\u00f6r integriteten och skydd av personuppgifter.<\/p>\n<p>Mot bakgrund av ovan n\u00e4mnda standarder samlar F\u00f6retaget, i egenskap av ansvarig f\u00f6r databehandlingen inom koncernen Atlantic Grupa, in och behandlar personuppgifter lagenligt, \u00e4rligt och transparent, i enlighet med giltiga best\u00e4mmelser, och vidtar l\u00e4mpliga tekniska och organisatoriska \u00e5tg\u00e4rder f\u00f6r att skydda personuppgifter mot obeh\u00f6rig \u00e5tkomst och missbruk.<\/p>\n<p>The Company is aware that personal data protection is important both to our users and to other individuals. For this very reason we wish to inform you which F\u00f6retaget \u00e4r medvetet om att skyddet av personuppgifter \u00e4r viktigt f\u00f6r s\u00e5v\u00e4l v\u00e5ra anv\u00e4ndare som andra personer. Personal data we collect, how we manage it and how we ensure its protection. D\u00e4rf\u00f6r vill vi informera dig om vilka personuppgifter vi samlar in, hur vi behandlar dem och hur vi s\u00e4kerst\u00e4ller skyddet av dem.<\/p>\n<h2>Syfte, omfattning och laglig grund f\u00f6r behandling<\/h2>\n<p>Personuppgifter samlas in i specifika, uttryckliga och lagliga syften, i den omfattning som kr\u00e4vs, och behandlas p\u00e5 ett s\u00e4tt som \u00f6verensst\u00e4mmer med dessa syften.<\/p>\n<p>F\u00f6retaget kommer endast att samla in och behandla personuppgifter i fall d\u00e4r lagstiftningen till\u00e5ter detta:<\/p>\n<p>behandling kr\u00e4vs f\u00f6r att uppfylla lagstadgade skyldigheter;<\/p>\n<p>n\u00e4r individen samtycker till behandlingen av sina personuppgifter;<\/p>\n<p>behandlingen \u00e4r n\u00f6dv\u00e4ndig f\u00f6r att genomf\u00f6ra ett avtal d\u00e4r en part \u00e4r en person som personuppgifterna avser, eller f\u00f6r att vidta \u00e5tg\u00e4rder p\u00e5 beg\u00e4ran av en s\u00e5dan person innan ett avtal genomf\u00f6rs;<\/p>\n<p>behandlingen \u00e4r n\u00f6dv\u00e4ndig f\u00f6r att skydda vitala intressen f\u00f6r den person som informationen avser eller en annan naturlig person;<\/p>\n<p>behandlingen kr\u00e4vs f\u00f6r F\u00f6retagets eller ett dotterf\u00f6retags r\u00e4ttsliga intressen.<\/p>\n<h2>Insamling och anv\u00e4ndning av personuppgifter<\/h2>\n<p>Personuppgifter utg\u00f6rs av information som direkt eller indirekt identifierar dig. Hit h\u00f6r t.ex. ditt f\u00f6rnamn och efternamn, din e-postadress, ditt telefonnummer, din IP-adress och din postadress.<\/p>\n<p>F\u00f6retaget samlar endast in dina personuppgifter i de fall d\u00e4r du uttryckligen l\u00e4mnar s\u00e5dan information (exempelvis n\u00e4r du st\u00e4ller fr\u00e5gor om vissa produkter eller tj\u00e4nster, ing\u00e5r ett avtal eller inkommer med en beg\u00e4ran om vissa \u00e5tg\u00e4rder f\u00f6r att ing\u00e5 ett avtal, anm\u00e4ler dig till lojalitetsprogram, prenumererar p\u00e5 e-nyhetsbrev, deltar i unders\u00f6kningar och t\u00e4vlingar, best\u00e4ller prover eller broschyrer, efterfr\u00e5gar donationer eller beg\u00e4r viss information, l\u00e4mnar ett CV eller \u00f6ppet anbud eller s\u00f6ker en ledig tj\u00e4nst, samt vid anst\u00e4llning vid v\u00e5rt F\u00f6retag och s\u00e5 vidare).<\/p>\n<p>Dina personuppgifter samlas in, lagras, anv\u00e4nds eller \u00f6verf\u00f6rs av oss i den omfattning \u2013 vad g\u00e4ller inneh\u00e5ll och tid \u2013 som kr\u00e4vs i det enskilda fallet, exempelvis f\u00f6r att svara p\u00e5 dina fr\u00e5gor, tillgodose dina \u00f6nskem\u00e5l, informera dig om v\u00e5ra produkter eller resultatet i en t\u00e4vling, uppfylla f\u00f6rpliktelser enligt avtal eller br\u00e5dskande \u00e5tg\u00e5rder innan en avtal kan ing\u00e5s, eller f\u00f6r att uppfylla andra lagliga och juridiska plikter. Av dessa orsaker m\u00e5ste F\u00f6retaget ibland \u00f6verf\u00f6ra personuppgifter till andra f\u00f6retag inom Atlantic Grupa och n\u00e4rst\u00e5ende bolag eller externa tj\u00e4nsteleverant\u00f6rer f\u00f6r vidare behandling. Tj\u00e4nsteleverant\u00f6rer kan exempelvis anlitas i samband med call center-tj\u00e4nster, varudistribution eller marknadsf\u00f6ringsmaterial, eller f\u00f6r att organisera och genomf\u00f6ra t\u00e4vlingar. F\u00f6retaget kr\u00e4ver att s\u00e5dana parter f\u00f6ljer g\u00e4llande best\u00e4mmelser, agerar i enlighet med v\u00e5ra instruktioner och att f\u00f6ljer v\u00e5ra interna regler g\u00e4llande skydd av personuppgifter samt att de vidtar l\u00e4mpliga organisatoriska och tekniska \u00e5tg\u00e4rder f\u00f6r detta skydd. Av dessa sk\u00e4l m\u00e5ste dina personuppgifter dessutom \u00f6verf\u00f6ras till andra medlemsstater inom EU eller till l\u00e4nder utanf\u00f6r EU, men vid s\u00e5dan \u00f6verf\u00f6ring vidtar F\u00f6retaget \u00e5tg\u00e4rder f\u00f6r att s\u00e4kerst\u00e4lla att \u00f6verf\u00f6ringen sker helt och h\u00e5llet i enlighet med lagstiftningen och att alla tillg\u00e4ngliga och l\u00e4mpliga \u00e5tg\u00e4rder vidtas f\u00f6r att skydda personuppgifterna.<\/p>\n<p>F\u00f6retaget garanterar att det inte kommer att s\u00e4lja dina personuppgifter till n\u00e5gon, att det inte kommer att f\u00f6rmedla eller l\u00e5na ut dina personuppgifter till tredje part om det inte \u00e4r n\u00f6dv\u00e4ndigt f\u00f6r att uppfylla ett visst syfte f\u00f6r vilket du har l\u00e4mnat personuppgifterna till oss, och garanterar \u00e4ven att det inte kommer att l\u00e4mna dina personuppgifter till en obeh\u00f6rig mottagare.<\/p>\n<p>Det \u00e4r m\u00f6jligt att vi kommer att beh\u00f6va \u00f6verl\u00e4mna dina personuppgifter till en beh\u00f6rig offentlig myndighet om lagen eller n\u00e5gon annan bindande f\u00f6rordning kr\u00e4ver detta.<\/p>\n<p>Insamlade uppgifter kommer att lagras s\u00e5 l\u00e4nge som kr\u00e4vs f\u00f6r det syfte som de samlades in i, eller till slutet av den tidsperiod som anges i de giltiga best\u00e4mmelserna.<\/p>\n<h2>Anv\u00e4ndning av personuppgifter i reklam- och marknadsf\u00f6ringssyfte<\/h2>\n<p>I de fall d\u00e5 dina personuppgifter anv\u00e4nds i reklam- och marknadsf\u00f6ringssyfte i enlighet med de giltiga best\u00e4mmelser som styr skyddet av personuppgifter, kommer dina uppgifter att lagras och anv\u00e4ndas i dessa syften, exempelvis f\u00f6r att skicka ut e-postmeddelanden, varuprover, inbjudningar att delta i t\u00e4vlingar per e-post eller post eller n\u00e5gon annan kommunikationskanal som du har godk\u00e4nt.<\/p>\n<p>Om dina personuppgifter ska anv\u00e4ndas f\u00f6r att skicka ut reklam skr\u00e4ddarsydd f\u00f6r dig i syfte att skapa och underh\u00e5lla en anv\u00e4ndarprofil, kommer vi meddela dig p\u00e5 f\u00f6rhand om detta, vi kommer med andra ord innan vi skickar ut s\u00e5dan reklam, och innan vi behandlar s\u00e5dana personuppgifter naturligtvis att fr\u00e5ga specifikt och uttryckligen efter ditt samtycke.<\/p>\n<p>Vi kommer dessutom anv\u00e4nda dina uppgifter om vi vill analysera och f\u00f6rb\u00e4ttra effekten av online-tj\u00e4nster, reklam, marknadsf\u00f6ring, marknadsunders\u00f6kningar och s\u00e4ljinsatser i unders\u00f6kningar och andra fr\u00e5geformul\u00e4r av olika slag, eller p\u00e5 ett s\u00e4tt som garanterar att dina personuppgifter inte uppges tillsammans med ditt namn eller p\u00e5 ett s\u00e4tt som kan kopplas till en viss person.<\/p>\n<h2>Ut\u00f6vandet av individens r\u00e4ttigheter<\/h2>\n<p>Du kan n\u00e4r som helst beg\u00e4ra information fr\u00e5n oss om dina personuppgifter som vi behandlar, eller beg\u00e4ra att de korrigeras, beg\u00e4ra att vi ska avbryta anv\u00e4ndningen av dem, beg\u00e4ra att dina personuppgifter raderas eller \u00e5terkalla ditt samtycke till alla eller vissa syften (f\u00f6rutom d\u00e4r detta inte \u00e4r m\u00f6jligt, exempelvis d\u00e4r detta inbegriper behandlingen av uppgifter i statistiksyfte, d\u00e4r personuppgifter inte p\u00e5 n\u00e5got s\u00e4tt kan leda till identifiering), eller f\u00f6rbjuda \u00f6verf\u00f6ringen av information till en annan databehandlingsansvarig enligt r\u00e4ttsliga villkor, och du kan \u00e4ven s\u00e4ga upp prenumerationen p\u00e5 informations- och marknadsf\u00f6ringsmaterial fr\u00e5n oss.<\/p>\n<p>Du kan \u00e4ven l\u00e4mna in en inv\u00e4ndning mot anv\u00e4ndandet av dina personuppgifter i situationer baserade p\u00e5 f\u00f6rekomsten av v\u00e5rt ber\u00e4ttigade intresse, framf\u00f6r allt d\u00e4r informationen anv\u00e4nds f\u00f6r direkt marknadsf\u00f6ring.<\/p>\n<p>Fr\u00e5n v\u00e5r sida kommer vi att g\u00f6ra allt som \u00e4r m\u00f6jligt och rimligt f\u00f6r att s\u00e4kerst\u00e4lla att de personuppgifter som du har st\u00e4llt till v\u00e5rt f\u00f6rfogande registreras korrekt, och samtidigt ligger ansvaret f\u00f6r att uppgifterna \u00e4r korrekta \u00e4ven p\u00e5 dig, och d\u00e4rf\u00f6r ber vi att du regelbundet och i r\u00e4tt tid uppdaterar din information eller ger oss att \u00e4ndra eller korrigera uppgifterna.<\/p>\n<p>F\u00f6r att ut\u00f6va dina r\u00e4ttigheter och uppfylla dina skyldigheter betr\u00e4ffande anv\u00e4ndningen av personuppgifter kan du kontakta oss p\u00e5 den e-postadress eller postadress till F\u00f6retaget som anges p\u00e5 webbplatsen, eller via e-postadressen dpo@atlanticgrupa.com, eller genom att f\u00f6lja instruktionerna p\u00e5 mottaget marknadsf\u00f6ringsmaterial.<\/p>\n<p>N\u00e4r vi mottar en s\u00e5dan beg\u00e4ran kommer vi att g\u00f6ra rimliga anstr\u00e4ngningar f\u00f6r att bekr\u00e4fta din identitet och f\u00f6rebygga obeh\u00f6rig behandling av personuppgifter.<\/p>\n<p>N\u00e4r vi mottagit din beg\u00e4ran kommer vi att utf\u00f6ra de beg\u00e4rda \u00e5tg\u00e4rderna inom en l\u00e4mplig tidsram, men inte senare \u00e4n 30 dagar fr\u00e5n mottagandet, och vi kommer vid behov meddela dig om detta, allt i enlighet med lagstiftningen.<\/p>\n<h2>Barn<\/h2>\n<p>Som regel samlar vi inte in information om barn. Om vi sl\u00e5r fast att s\u00e5dan information har l\u00e4mnats till oss utan medgivande fr\u00e5n f\u00f6r\u00e4ldrarna eller den v\u00e5rdnadshavaren, kommer vi att radera informationen snarast m\u00f6jligt. H\u00e4r kommer vi att f\u00f6lja de riktlinjer som vi f\u00e5r fr\u00e5n dig som f\u00f6r\u00e4lder eller fr\u00e5n v\u00e5rdnadshavaren.<\/p>\n<p>Om vi trots detta i vissa syften skulle samla in information om barn d\u00e4r lagen kr\u00e4ver f\u00f6r\u00e4ldrarnas medgivande f\u00f6r behandlingen av deras personuppgifter, kommer vi att ge l\u00e4mplig information om detta och vidta rimliga \u00e5tg\u00e4rder f\u00f6r att avg\u00f6ra om barnet har f\u00e5tt medgivande fr\u00e5n f\u00f6r\u00e4ldrarna eller v\u00e5rdnadshavaren.<\/p>\n<h2>Datas\u00e4kerhet<\/h2>\n<p>Vi har implementerat tekniska och organisatoriska \u00e5tg\u00e4rder f\u00f6r att f\u00f6rebygga att dina uppgifter g\u00e5r f\u00f6rlorade, \u00e4ndras, missbrukas eller g\u00f6rs tillg\u00e4ngliga f\u00f6r tredje part, eller annan obeh\u00f6rig behandling av dina uppgifter. \u00c5tkomsten till dina personuppgifter \u00e4r begr\u00e4nsad till endast de anst\u00e4llda som beh\u00f6ver informationen f\u00f6r att tillhandah\u00e5lla v\u00e5ra tj\u00e4nster eller f\u00f6r att hantera dina fr\u00e5gor. V\u00e5ra anst\u00e4llda utbildas kontinuerligt i vikten av datasekretess samt i vikten av skydd av personuppgifter och datas\u00e4kerhet. Vi samlar endast in de uppgifter som kr\u00e4vs f\u00f6r behandling i ett visst syfte, och vi lagrar inte uppgifter l\u00e4ngre \u00e4n vad som \u00e4r n\u00f6dv\u00e4ndigt eller fastst\u00e4lls av lagstiftningen.<\/p>\n<p>P\u00e5 v\u00e5r webbplats kan du ibland hitta l\u00e4nkar till andra webbplatser eller portaler, och vi kan \u00e4ven erbjuda funktioner som g\u00f6r det m\u00f6jligt att dela personuppgifterna i sociala n\u00e4tverk. Vi rekommenderar under alla omst\u00e4ndigheter att du f\u00f6rst l\u00e4ser igenom reglerna f\u00f6r skydd av personuppgifter p\u00e5 dessa portaler eller sociala n\u00e4tverk eller hos en tredje part, samt vilka \u00e5tg\u00e4rder som fastst\u00e4llts f\u00f6r s\u00e5dant skydd eftersom de kan skilja sig fr\u00e5n v\u00e5ra regler och fastst\u00e4llda \u00e5tg\u00e4rder, och vi tar inget ansvar f\u00f6r detta.<\/p>\n<h2>Begr\u00e4nsning av skadest\u00e5ndsansvar<\/h2>\n<p>Samtidigt som vi vidtar alla m\u00f6jliga tekniska, organisatoriska och personalrelaterade \u00e5tg\u00e4rder f\u00f6r att skydda personuppgifter mot oavsiktligt eller avsiktligt missbruk, f\u00f6rst\u00f6relse, f\u00f6rlust, obeh\u00f6rig \u00e4ndring eller \u00e5tkomst, kan vi inte garantera att vissa personuppgifter som vi samlar in, trots best\u00e4mmelserna i dessa regler om integritetsskydd, aldrig kommer att avsl\u00f6jas av misstag.<\/p>\n<p>Vi kommer i den omfattning som \u00e4r till\u00e5tet enligt lag inte ta p\u00e5 oss ansvaret f\u00f6r skador som drabbat anv\u00e4ndare eller tredje part p\u00e5 grund av oavsiktligt avsl\u00f6jande av personuppgifter.<\/p>\n<p>Eftersom vi inte har n\u00e5gon kontroll \u00f6ver de personuppgifter som du l\u00e4mnar n\u00e4r du f\u00e5r \u00e5tkomst till andra webbplatser och anv\u00e4nder dem, eller som du l\u00e4mnar direkt till tredje part (exempelvis genom att delta i sponsrade aktiviteter), kommer vi i den omfattning som \u00e4r till\u00e5tet enligt lag inte ta p\u00e5 oss ansvaret f\u00f6r skador som kan komma att \u00e5samkas av dig eller tredje part p\u00e5 grund av f\u00f6rmedlingen av personuppgifter.<\/p>\n<h2>Uppdateringar och \u00e4ndringar<\/h2>\n<p>Vi f\u00f6rbeh\u00e5ller oss r\u00e4tten att \u00e4ndra eller uppdatera delar av dessa regler n\u00e4r som helst och utan f\u00f6reg\u00e5ende meddelande. Bes\u00f6k v\u00e5r webbplats regelbundet s\u00e5 att du h\u00e5ller dig ajour med \u00e4ndringar eller uppdateringar av reglerna.<\/p>\n<p>Datumet f\u00f6r ikrafttr\u00e4dandet av den senaste versionen av reglerna kommer att anges.<\/p>\n","protected":false},"excerpt":{"rendered":"<p>Allt inneh\u00e5ll som publiceras p\u00e5 Argetas webbplats tillh\u00f6r ATLANTIC DROGA KOLINSKA d.o.o. och skyddas s\u00e5 l\u00e5ngt som regelverket till\u00e5ter av upphovsr\u00e4tten och andra former av immaterialr\u00e4ttsliga skydd. Inneh\u00e5llet (texter, foton, logotyper m.m.) som publiceras p\u00e5 denna webbplats f\u00e5r endast anv\u00e4ndas i icke-kommersiella syften och f\u00e5r inte modifieras, kopieras, dupliceras, \u00e5terpubliceras, skickas per post eller spridas [&hellip;]<\/p>\n","protected":false},"author":4,"featured_media":0,"parent":0,"menu_order":0,"comment_status":"closed","ping_status":"closed","template":"page-privacy.php","meta":{"_acf_changed":false,"footnotes":""},"acf":[],"yoast_head":"<!-- This site is optimized with the Yoast SEO plugin v22.4 - https:\/\/yoast.com\/wordpress\/plugins\/seo\/ -->\n<title>R\u00e4ttsligt meddelande - Argeta Sweden<\/title>\n<meta name=\"robots\" content=\"noindex, follow, max-snippet:-1, max-image-preview:large, max-video-preview:-1\" \/>\n<meta property=\"og:locale\" content=\"en_US\" \/>\n<meta property=\"og:type\" content=\"article\" \/>\n<meta property=\"og:title\" content=\"R\u00e4ttsligt meddelande - Argeta Sweden\" \/>\n<meta property=\"og:description\" content=\"Allt inneh\u00e5ll som publiceras p\u00e5 Argetas webbplats tillh\u00f6r ATLANTIC DROGA KOLINSKA d.o.o. och skyddas s\u00e5 l\u00e5ngt som regelverket till\u00e5ter av upphovsr\u00e4tten och andra former av immaterialr\u00e4ttsliga skydd. Inneh\u00e5llet (texter, foton, logotyper m.m.) som publiceras p\u00e5 denna webbplats f\u00e5r endast anv\u00e4ndas i icke-kommersiella syften och f\u00e5r inte modifieras, kopieras, dupliceras, \u00e5terpubliceras, skickas per post eller spridas [&hellip;]\" \/>\n<meta property=\"og:url\" content=\"https:\/\/old-argeta.cnj.digital\/se\/rattsligt-meddelande\/\" \/>\n<meta property=\"og:site_name\" content=\"Argeta Sweden\" \/>\n<meta property=\"article:modified_time\" content=\"2021-05-27T12:17:35+00:00\" \/>\n<meta name=\"twitter:card\" content=\"summary_large_image\" \/>\n<meta name=\"twitter:label1\" content=\"Est. reading time\" \/>\n\t<meta name=\"twitter:data1\" content=\"8 minutes\" \/>\n<script type=\"application\/ld+json\" class=\"yoast-schema-graph\">{\"@context\":\"https:\/\/schema.org\",\"@graph\":[{\"@type\":\"WebPage\",\"@id\":\"https:\/\/old-argeta.cnj.digital\/se\/rattsligt-meddelande\/\",\"url\":\"https:\/\/old-argeta.cnj.digital\/se\/rattsligt-meddelande\/\",\"name\":\"R\u00e4ttsligt meddelande - Argeta Sweden\",\"isPartOf\":{\"@id\":\"https:\/\/old-argeta.cnj.digital\/se\/#website\"},\"datePublished\":\"2019-08-12T13:36:13+00:00\",\"dateModified\":\"2021-05-27T12:17:35+00:00\",\"breadcrumb\":{\"@id\":\"https:\/\/old-argeta.cnj.digital\/se\/rattsligt-meddelande\/#breadcrumb\"},\"inLanguage\":\"en-US\",\"potentialAction\":[{\"@type\":\"ReadAction\",\"target\":[\"https:\/\/old-argeta.cnj.digital\/se\/rattsligt-meddelande\/\"]}]},{\"@type\":\"BreadcrumbList\",\"@id\":\"https:\/\/old-argeta.cnj.digital\/se\/rattsligt-meddelande\/#breadcrumb\",\"itemListElement\":[{\"@type\":\"ListItem\",\"position\":1,\"name\":\"Home\",\"item\":\"https:\/\/old-argeta.cnj.digital\/se\/\"},{\"@type\":\"ListItem\",\"position\":2,\"name\":\"R\u00e4ttsligt meddelande\"}]},{\"@type\":\"WebSite\",\"@id\":\"https:\/\/old-argeta.cnj.digital\/se\/#website\",\"url\":\"https:\/\/old-argeta.cnj.digital\/se\/\",\"name\":\"Argeta Sweden\",\"description\":\"Argeta \u2013 den goda sidan av br\u00f6det\",\"publisher\":{\"@id\":\"https:\/\/old-argeta.cnj.digital\/se\/#organization\"},\"potentialAction\":[{\"@type\":\"SearchAction\",\"target\":{\"@type\":\"EntryPoint\",\"urlTemplate\":\"https:\/\/old-argeta.cnj.digital\/se\/?s={search_term_string}\"},\"query-input\":\"required name=search_term_string\"}],\"inLanguage\":\"en-US\"},{\"@type\":\"Organization\",\"@id\":\"https:\/\/old-argeta.cnj.digital\/se\/#organization\",\"name\":\"Argeta\",\"url\":\"https:\/\/old-argeta.cnj.digital\/se\/\",\"logo\":{\"@type\":\"ImageObject\",\"inLanguage\":\"en-US\",\"@id\":\"https:\/\/old-argeta.cnj.digital\/se\/#\/schema\/logo\/image\/\",\"url\":\"https:\/\/old-argeta.cnj.digital\/app\/uploads\/sites\/20\/2020\/03\/Argeta_logo-1.png\",\"contentUrl\":\"https:\/\/old-argeta.cnj.digital\/app\/uploads\/sites\/20\/2020\/03\/Argeta_logo-1.png\",\"width\":1000,\"height\":1000,\"caption\":\"Argeta\"},\"image\":{\"@id\":\"https:\/\/old-argeta.cnj.digital\/se\/#\/schema\/logo\/image\/\"}}]}<\/script>\n<!-- \/ Yoast SEO plugin. -->","yoast_head_json":{"title":"R\u00e4ttsligt meddelande - Argeta Sweden","robots":{"index":"noindex","follow":"follow","max-snippet":"max-snippet:-1","max-image-preview":"max-image-preview:large","max-video-preview":"max-video-preview:-1"},"og_locale":"en_US","og_type":"article","og_title":"R\u00e4ttsligt meddelande - Argeta Sweden","og_description":"Allt inneh\u00e5ll som publiceras p\u00e5 Argetas webbplats tillh\u00f6r ATLANTIC DROGA KOLINSKA d.o.o. och skyddas s\u00e5 l\u00e5ngt som regelverket till\u00e5ter av upphovsr\u00e4tten och andra former av immaterialr\u00e4ttsliga skydd. Inneh\u00e5llet (texter, foton, logotyper m.m.) som publiceras p\u00e5 denna webbplats f\u00e5r endast anv\u00e4ndas i icke-kommersiella syften och f\u00e5r inte modifieras, kopieras, dupliceras, \u00e5terpubliceras, skickas per post eller spridas [&hellip;]","og_url":"https:\/\/old-argeta.cnj.digital\/se\/rattsligt-meddelande\/","og_site_name":"Argeta Sweden","article_modified_time":"2021-05-27T12:17:35+00:00","twitter_card":"summary_large_image","twitter_misc":{"Est. reading time":"8 minutes"},"schema":{"@context":"https:\/\/schema.org","@graph":[{"@type":"WebPage","@id":"https:\/\/old-argeta.cnj.digital\/se\/rattsligt-meddelande\/","url":"https:\/\/old-argeta.cnj.digital\/se\/rattsligt-meddelande\/","name":"R\u00e4ttsligt meddelande - Argeta Sweden","isPartOf":{"@id":"https:\/\/old-argeta.cnj.digital\/se\/#website"},"datePublished":"2019-08-12T13:36:13+00:00","dateModified":"2021-05-27T12:17:35+00:00","breadcrumb":{"@id":"https:\/\/old-argeta.cnj.digital\/se\/rattsligt-meddelande\/#breadcrumb"},"inLanguage":"en-US","potentialAction":[{"@type":"ReadAction","target":["https:\/\/old-argeta.cnj.digital\/se\/rattsligt-meddelande\/"]}]},{"@type":"BreadcrumbList","@id":"https:\/\/old-argeta.cnj.digital\/se\/rattsligt-meddelande\/#breadcrumb","itemListElement":[{"@type":"ListItem","position":1,"name":"Home","item":"https:\/\/old-argeta.cnj.digital\/se\/"},{"@type":"ListItem","position":2,"name":"R\u00e4ttsligt meddelande"}]},{"@type":"WebSite","@id":"https:\/\/old-argeta.cnj.digital\/se\/#website","url":"https:\/\/old-argeta.cnj.digital\/se\/","name":"Argeta Sweden","description":"Argeta \u2013 den goda sidan av br\u00f6det","publisher":{"@id":"https:\/\/old-argeta.cnj.digital\/se\/#organization"},"potentialAction":[{"@type":"SearchAction","target":{"@type":"EntryPoint","urlTemplate":"https:\/\/old-argeta.cnj.digital\/se\/?s={search_term_string}"},"query-input":"required name=search_term_string"}],"inLanguage":"en-US"},{"@type":"Organization","@id":"https:\/\/old-argeta.cnj.digital\/se\/#organization","name":"Argeta","url":"https:\/\/old-argeta.cnj.digital\/se\/","logo":{"@type":"ImageObject","inLanguage":"en-US","@id":"https:\/\/old-argeta.cnj.digital\/se\/#\/schema\/logo\/image\/","url":"https:\/\/old-argeta.cnj.digital\/app\/uploads\/sites\/20\/2020\/03\/Argeta_logo-1.png","contentUrl":"https:\/\/old-argeta.cnj.digital\/app\/uploads\/sites\/20\/2020\/03\/Argeta_logo-1.png","width":1000,"height":1000,"caption":"Argeta"},"image":{"@id":"https:\/\/old-argeta.cnj.digital\/se\/#\/schema\/logo\/image\/"}}]}},"_links":{"self":[{"href":"https:\/\/old-argeta.cnj.digital\/se\/wp-json\/wp\/v2\/pages\/1955"}],"collection":[{"href":"https:\/\/old-argeta.cnj.digital\/se\/wp-json\/wp\/v2\/pages"}],"about":[{"href":"https:\/\/old-argeta.cnj.digital\/se\/wp-json\/wp\/v2\/types\/page"}],"author":[{"embeddable":true,"href":"https:\/\/old-argeta.cnj.digital\/se\/wp-json\/wp\/v2\/users\/4"}],"replies":[{"embeddable":true,"href":"https:\/\/old-argeta.cnj.digital\/se\/wp-json\/wp\/v2\/comments?post=1955"}],"version-history":[{"count":6,"href":"https:\/\/old-argeta.cnj.digital\/se\/wp-json\/wp\/v2\/pages\/1955\/revisions"}],"predecessor-version":[{"id":4324,"href":"https:\/\/old-argeta.cnj.digital\/se\/wp-json\/wp\/v2\/pages\/1955\/revisions\/4324"}],"wp:attachment":[{"href":"https:\/\/old-argeta.cnj.digital\/se\/wp-json\/wp\/v2\/media?parent=1955"}],"curies":[{"name":"wp","href":"https:\/\/api.w.org\/{rel}","templated":true}]}}