{"id":101,"date":"2019-03-12T13:48:15","date_gmt":"2019-03-12T12:48:15","guid":{"rendered":"http:\/\/old-argeta.cnj.digital\/xk\/?page_id=101"},"modified":"2023-06-26T12:10:07","modified_gmt":"2023-06-26T10:10:07","slug":"rreth-nesh","status":"publish","type":"page","link":"https:\/\/old-argeta.cnj.digital\/xk\/rreth-nesh\/","title":{"rendered":"Rreth nesh"},"content":{"rendered":"<p>P\u00ebr m\u00eb shum\u00eb se <strong>50 vjet<\/strong> n\u00eb \u00e7do gj\u00eb q\u00eb b\u00ebjm\u00eb ne kemi pasur n\u00eb mendje dhe n\u00eb zem\u00ebr klient\u00ebt tan\u00eb. Ne k\u00ebrkojm\u00eb t\u00eb ofrojm\u00eb <strong>ushqimin m\u00eb t\u00eb mir\u00eb n\u00eb m\u00ebnyr\u00ebn m\u00eb t\u00eb sinqert\u00eb<\/strong>, prandaj vazhdimisht p\u00ebrmir\u00ebsojm\u00eb recetat tona dhe proceset e p\u00ebrgatitjes.<\/p>\n<p>Ne jemi <strong>prodhuesi m\u00eb i madh i p\u00e2t\u00e9ve<\/strong> n\u00eb bot\u00eb, dhe ngjyra portokalli e Argeta e regjistruar me t\u00eb drejta autori shfaqet me krenari n\u00eb <strong>m\u00eb shum\u00eb se 30 tregje<\/strong> n\u00eb mbar\u00eb bot\u00ebn.<\/p>\n","protected":false},"excerpt":{"rendered":"<p>P\u00ebr m\u00eb shum\u00eb se 50 vjet n\u00eb \u00e7do gj\u00eb q\u00eb b\u00ebjm\u00eb ne kemi pasur n\u00eb mendje dhe n\u00eb zem\u00ebr klient\u00ebt tan\u00eb. Ne k\u00ebrkojm\u00eb t\u00eb ofrojm\u00eb ushqimin m\u00eb t\u00eb mir\u00eb n\u00eb m\u00ebnyr\u00ebn m\u00eb t\u00eb sinqert\u00eb, prandaj vazhdimisht p\u00ebrmir\u00ebsojm\u00eb recetat tona dhe proceset e p\u00ebrgatitjes. Ne jemi prodhuesi m\u00eb i madh i p\u00e2t\u00e9ve n\u00eb bot\u00eb, dhe ngjyra [&hellip;]<\/p>\n","protected":false},"author":7,"featured_media":0,"parent":0,"menu_order":0,"comment_status":"closed","ping_status":"closed","template":"page-about-us.php","meta":{"_acf_changed":false,"footnotes":""},"acf":[],"yoast_head":"<!-- This site is optimized with the Yoast SEO plugin v22.4 - https:\/\/yoast.com\/wordpress\/plugins\/seo\/ -->\n<title>Rreth nesh - Argeta Kosovo<\/title>\n<meta name=\"robots\" content=\"noindex, follow, max-snippet:-1, max-image-preview:large, max-video-preview:-1\" \/>\n<meta property=\"og:locale\" content=\"en_US\" \/>\n<meta property=\"og:type\" content=\"article\" \/>\n<meta property=\"og:title\" content=\"Rreth nesh - Argeta Kosovo\" \/>\n<meta property=\"og:description\" content=\"P\u00ebr m\u00eb shum\u00eb se 50 vjet n\u00eb \u00e7do gj\u00eb q\u00eb b\u00ebjm\u00eb ne kemi pasur n\u00eb mendje dhe n\u00eb zem\u00ebr klient\u00ebt tan\u00eb. Ne k\u00ebrkojm\u00eb t\u00eb ofrojm\u00eb ushqimin m\u00eb t\u00eb mir\u00eb n\u00eb m\u00ebnyr\u00ebn m\u00eb t\u00eb sinqert\u00eb, prandaj vazhdimisht p\u00ebrmir\u00ebsojm\u00eb recetat tona dhe proceset e p\u00ebrgatitjes. Ne jemi prodhuesi m\u00eb i madh i p\u00e2t\u00e9ve n\u00eb bot\u00eb, dhe ngjyra [&hellip;]\" \/>\n<meta property=\"og:url\" content=\"https:\/\/old-argeta.cnj.digital\/xk\/rreth-nesh\/\" \/>\n<meta property=\"og:site_name\" content=\"Argeta Kosovo\" \/>\n<meta property=\"article:modified_time\" content=\"2023-06-26T10:10:07+00:00\" \/>\n<meta name=\"twitter:card\" content=\"summary_large_image\" \/>\n<meta name=\"twitter:label1\" content=\"Est. reading time\" \/>\n\t<meta name=\"twitter:data1\" content=\"1 minute\" \/>\n<script type=\"application\/ld+json\" class=\"yoast-schema-graph\">{\"@context\":\"https:\/\/schema.org\",\"@graph\":[{\"@type\":\"WebPage\",\"@id\":\"https:\/\/old-argeta.cnj.digital\/xk\/rreth-nesh\/\",\"url\":\"https:\/\/old-argeta.cnj.digital\/xk\/rreth-nesh\/\",\"name\":\"Rreth nesh - Argeta Kosovo\",\"isPartOf\":{\"@id\":\"https:\/\/old-argeta.cnj.digital\/xk\/#website\"},\"datePublished\":\"2019-03-12T12:48:15+00:00\",\"dateModified\":\"2023-06-26T10:10:07+00:00\",\"breadcrumb\":{\"@id\":\"https:\/\/old-argeta.cnj.digital\/xk\/rreth-nesh\/#breadcrumb\"},\"inLanguage\":\"en-US\",\"potentialAction\":[{\"@type\":\"ReadAction\",\"target\":[\"https:\/\/old-argeta.cnj.digital\/xk\/rreth-nesh\/\"]}]},{\"@type\":\"BreadcrumbList\",\"@id\":\"https:\/\/old-argeta.cnj.digital\/xk\/rreth-nesh\/#breadcrumb\",\"itemListElement\":[{\"@type\":\"ListItem\",\"position\":1,\"name\":\"Home\",\"item\":\"https:\/\/old-argeta.cnj.digital\/xk\/\"},{\"@type\":\"ListItem\",\"position\":2,\"name\":\"Rreth nesh\"}]},{\"@type\":\"WebSite\",\"@id\":\"https:\/\/old-argeta.cnj.digital\/xk\/#website\",\"url\":\"https:\/\/old-argeta.cnj.digital\/xk\/\",\"name\":\"Argeta Kosovo\",\"description\":\"Argeta \u2013 ana e mir\u00eb e buk\u00ebs.\",\"publisher\":{\"@id\":\"https:\/\/old-argeta.cnj.digital\/xk\/#organization\"},\"potentialAction\":[{\"@type\":\"SearchAction\",\"target\":{\"@type\":\"EntryPoint\",\"urlTemplate\":\"https:\/\/old-argeta.cnj.digital\/xk\/?s={search_term_string}\"},\"query-input\":\"required name=search_term_string\"}],\"inLanguage\":\"en-US\"},{\"@type\":\"Organization\",\"@id\":\"https:\/\/old-argeta.cnj.digital\/xk\/#organization\",\"name\":\"Argeta\",\"url\":\"https:\/\/old-argeta.cnj.digital\/xk\/\",\"logo\":{\"@type\":\"ImageObject\",\"inLanguage\":\"en-US\",\"@id\":\"https:\/\/old-argeta.cnj.digital\/xk\/#\/schema\/logo\/image\/\",\"url\":\"https:\/\/old-argeta.cnj.digital\/app\/uploads\/sites\/10\/2020\/03\/Argeta_logo-1-2.png\",\"contentUrl\":\"https:\/\/old-argeta.cnj.digital\/app\/uploads\/sites\/10\/2020\/03\/Argeta_logo-1-2.png\",\"width\":1000,\"height\":1000,\"caption\":\"Argeta\"},\"image\":{\"@id\":\"https:\/\/old-argeta.cnj.digital\/xk\/#\/schema\/logo\/image\/\"}}]}<\/script>\n<!-- \/ Yoast SEO plugin. -->","yoast_head_json":{"title":"Rreth nesh - Argeta Kosovo","robots":{"index":"noindex","follow":"follow","max-snippet":"max-snippet:-1","max-image-preview":"max-image-preview:large","max-video-preview":"max-video-preview:-1"},"og_locale":"en_US","og_type":"article","og_title":"Rreth nesh - Argeta Kosovo","og_description":"P\u00ebr m\u00eb shum\u00eb se 50 vjet n\u00eb \u00e7do gj\u00eb q\u00eb b\u00ebjm\u00eb ne kemi pasur n\u00eb mendje dhe n\u00eb zem\u00ebr klient\u00ebt tan\u00eb. Ne k\u00ebrkojm\u00eb t\u00eb ofrojm\u00eb ushqimin m\u00eb t\u00eb mir\u00eb n\u00eb m\u00ebnyr\u00ebn m\u00eb t\u00eb sinqert\u00eb, prandaj vazhdimisht p\u00ebrmir\u00ebsojm\u00eb recetat tona dhe proceset e p\u00ebrgatitjes. Ne jemi prodhuesi m\u00eb i madh i p\u00e2t\u00e9ve n\u00eb bot\u00eb, dhe ngjyra [&hellip;]","og_url":"https:\/\/old-argeta.cnj.digital\/xk\/rreth-nesh\/","og_site_name":"Argeta Kosovo","article_modified_time":"2023-06-26T10:10:07+00:00","twitter_card":"summary_large_image","twitter_misc":{"Est. reading time":"1 minute"},"schema":{"@context":"https:\/\/schema.org","@graph":[{"@type":"WebPage","@id":"https:\/\/old-argeta.cnj.digital\/xk\/rreth-nesh\/","url":"https:\/\/old-argeta.cnj.digital\/xk\/rreth-nesh\/","name":"Rreth nesh - Argeta Kosovo","isPartOf":{"@id":"https:\/\/old-argeta.cnj.digital\/xk\/#website"},"datePublished":"2019-03-12T12:48:15+00:00","dateModified":"2023-06-26T10:10:07+00:00","breadcrumb":{"@id":"https:\/\/old-argeta.cnj.digital\/xk\/rreth-nesh\/#breadcrumb"},"inLanguage":"en-US","potentialAction":[{"@type":"ReadAction","target":["https:\/\/old-argeta.cnj.digital\/xk\/rreth-nesh\/"]}]},{"@type":"BreadcrumbList","@id":"https:\/\/old-argeta.cnj.digital\/xk\/rreth-nesh\/#breadcrumb","itemListElement":[{"@type":"ListItem","position":1,"name":"Home","item":"https:\/\/old-argeta.cnj.digital\/xk\/"},{"@type":"ListItem","position":2,"name":"Rreth nesh"}]},{"@type":"WebSite","@id":"https:\/\/old-argeta.cnj.digital\/xk\/#website","url":"https:\/\/old-argeta.cnj.digital\/xk\/","name":"Argeta Kosovo","description":"Argeta \u2013 ana e mir\u00eb e buk\u00ebs.","publisher":{"@id":"https:\/\/old-argeta.cnj.digital\/xk\/#organization"},"potentialAction":[{"@type":"SearchAction","target":{"@type":"EntryPoint","urlTemplate":"https:\/\/old-argeta.cnj.digital\/xk\/?s={search_term_string}"},"query-input":"required name=search_term_string"}],"inLanguage":"en-US"},{"@type":"Organization","@id":"https:\/\/old-argeta.cnj.digital\/xk\/#organization","name":"Argeta","url":"https:\/\/old-argeta.cnj.digital\/xk\/","logo":{"@type":"ImageObject","inLanguage":"en-US","@id":"https:\/\/old-argeta.cnj.digital\/xk\/#\/schema\/logo\/image\/","url":"https:\/\/old-argeta.cnj.digital\/app\/uploads\/sites\/10\/2020\/03\/Argeta_logo-1-2.png","contentUrl":"https:\/\/old-argeta.cnj.digital\/app\/uploads\/sites\/10\/2020\/03\/Argeta_logo-1-2.png","width":1000,"height":1000,"caption":"Argeta"},"image":{"@id":"https:\/\/old-argeta.cnj.digital\/xk\/#\/schema\/logo\/image\/"}}]}},"_links":{"self":[{"href":"https:\/\/old-argeta.cnj.digital\/xk\/wp-json\/wp\/v2\/pages\/101"}],"collection":[{"href":"https:\/\/old-argeta.cnj.digital\/xk\/wp-json\/wp\/v2\/pages"}],"about":[{"href":"https:\/\/old-argeta.cnj.digital\/xk\/wp-json\/wp\/v2\/types\/page"}],"author":[{"embeddable":true,"href":"https:\/\/old-argeta.cnj.digital\/xk\/wp-json\/wp\/v2\/users\/7"}],"replies":[{"embeddable":true,"href":"https:\/\/old-argeta.cnj.digital\/xk\/wp-json\/wp\/v2\/comments?post=101"}],"version-history":[{"count":27,"href":"https:\/\/old-argeta.cnj.digital\/xk\/wp-json\/wp\/v2\/pages\/101\/revisions"}],"predecessor-version":[{"id":3212,"href":"https:\/\/old-argeta.cnj.digital\/xk\/wp-json\/wp\/v2\/pages\/101\/revisions\/3212"}],"wp:attachment":[{"href":"https:\/\/old-argeta.cnj.digital\/xk\/wp-json\/wp\/v2\/media?parent=101"}],"curies":[{"name":"wp","href":"https:\/\/api.w.org\/{rel}","templated":true}]}}