{"id":87,"date":"2019-03-11T09:16:46","date_gmt":"2019-03-11T08:16:46","guid":{"rendered":"http:\/\/old-argeta.cnj.digital\/xk\/?page_id=87"},"modified":"2022-04-14T12:53:15","modified_gmt":"2022-04-14T10:53:15","slug":"home","status":"publish","type":"page","link":"https:\/\/old-argeta.cnj.digital\/xk\/","title":{"rendered":"Argeta \u00ebsht\u00eb bot\u00eb n\u00eb vete."},"content":{"rendered":"<p>Zbuloni bot\u00ebn e frym\u00ebzimit p\u00ebr aventurat tuaja t\u00eb kuzhin\u00ebs, loj\u00ebra zbavit\u00ebse dhe eksplorime t\u00eb paharrueshme!<\/p>\n","protected":false},"excerpt":{"rendered":"<p>Zbuloni bot\u00ebn e frym\u00ebzimit p\u00ebr aventurat tuaja t\u00eb kuzhin\u00ebs, loj\u00ebra  zbavit\u00ebse dhe eksplorime t\u00eb paharrueshme!<\/p>\n","protected":false},"author":7,"featured_media":0,"parent":0,"menu_order":0,"comment_status":"closed","ping_status":"closed","template":"","meta":{"_acf_changed":false,"footnotes":""},"acf":[],"yoast_head":"<!-- This site is optimized with the Yoast SEO plugin v22.4 - https:\/\/yoast.com\/wordpress\/plugins\/seo\/ -->\n<title>Argeta \u2013 ana e mir\u00eb e buk\u00ebs.<\/title>\n<meta name=\"robots\" content=\"noindex, follow, max-snippet:-1, max-image-preview:large, max-video-preview:-1\" \/>\n<meta property=\"og:locale\" content=\"en_US\" \/>\n<meta property=\"og:type\" content=\"article\" \/>\n<meta property=\"og:title\" content=\"Argeta \u2013 ana e mir\u00eb e buk\u00ebs.\" \/>\n<meta property=\"og:description\" content=\"Zbuloni bot\u00ebn e frym\u00ebzimit p\u00ebr aventurat tuaja t\u00eb kuzhin\u00ebs, loj\u00ebra zbavit\u00ebse dhe eksplorime t\u00eb paharrueshme!\" \/>\n<meta property=\"og:url\" content=\"https:\/\/old-argeta.cnj.digital\/xk\/\" \/>\n<meta property=\"og:site_name\" content=\"Argeta Kosovo\" \/>\n<meta property=\"article:modified_time\" content=\"2022-04-14T10:53:15+00:00\" \/>\n<meta name=\"twitter:card\" content=\"summary_large_image\" \/>\n<meta name=\"twitter:title\" content=\"Argeta \u2013 ana e mir\u00eb e buk\u00ebs.\" \/>\n<meta name=\"twitter:label1\" content=\"Est. reading time\" \/>\n\t<meta name=\"twitter:data1\" content=\"1 minute\" \/>\n<script type=\"application\/ld+json\" class=\"yoast-schema-graph\">{\"@context\":\"https:\/\/schema.org\",\"@graph\":[{\"@type\":\"WebPage\",\"@id\":\"https:\/\/old-argeta.cnj.digital\/xk\/\",\"url\":\"https:\/\/old-argeta.cnj.digital\/xk\/\",\"name\":\"Argeta \u2013 ana e mir\u00eb e buk\u00ebs.\",\"isPartOf\":{\"@id\":\"https:\/\/old-argeta.cnj.digital\/xk\/#website\"},\"datePublished\":\"2019-03-11T08:16:46+00:00\",\"dateModified\":\"2022-04-14T10:53:15+00:00\",\"breadcrumb\":{\"@id\":\"https:\/\/old-argeta.cnj.digital\/xk\/#breadcrumb\"},\"inLanguage\":\"en-US\",\"potentialAction\":[{\"@type\":\"ReadAction\",\"target\":[\"https:\/\/old-argeta.cnj.digital\/xk\/\"]}]},{\"@type\":\"BreadcrumbList\",\"@id\":\"https:\/\/old-argeta.cnj.digital\/xk\/#breadcrumb\",\"itemListElement\":[{\"@type\":\"ListItem\",\"position\":1,\"name\":\"Home\",\"item\":\"https:\/\/old-argeta.cnj.digital\/xk\/\"},{\"@type\":\"ListItem\",\"position\":2,\"name\":\"Argeta \u00ebsht\u00eb bot\u00eb n\u00eb vete.\"}]},{\"@type\":\"WebSite\",\"@id\":\"https:\/\/old-argeta.cnj.digital\/xk\/#website\",\"url\":\"https:\/\/old-argeta.cnj.digital\/xk\/\",\"name\":\"Argeta Kosovo\",\"description\":\"Argeta \u2013 ana e mir\u00eb e buk\u00ebs.\",\"publisher\":{\"@id\":\"https:\/\/old-argeta.cnj.digital\/xk\/#organization\"},\"potentialAction\":[{\"@type\":\"SearchAction\",\"target\":{\"@type\":\"EntryPoint\",\"urlTemplate\":\"https:\/\/old-argeta.cnj.digital\/xk\/?s={search_term_string}\"},\"query-input\":\"required name=search_term_string\"}],\"inLanguage\":\"en-US\"},{\"@type\":\"Organization\",\"@id\":\"https:\/\/old-argeta.cnj.digital\/xk\/#organization\",\"name\":\"Argeta\",\"url\":\"https:\/\/old-argeta.cnj.digital\/xk\/\",\"logo\":{\"@type\":\"ImageObject\",\"inLanguage\":\"en-US\",\"@id\":\"https:\/\/old-argeta.cnj.digital\/xk\/#\/schema\/logo\/image\/\",\"url\":\"https:\/\/old-argeta.cnj.digital\/app\/uploads\/sites\/10\/2020\/03\/Argeta_logo-1-2.png\",\"contentUrl\":\"https:\/\/old-argeta.cnj.digital\/app\/uploads\/sites\/10\/2020\/03\/Argeta_logo-1-2.png\",\"width\":1000,\"height\":1000,\"caption\":\"Argeta\"},\"image\":{\"@id\":\"https:\/\/old-argeta.cnj.digital\/xk\/#\/schema\/logo\/image\/\"}}]}<\/script>\n<!-- \/ Yoast SEO plugin. -->","yoast_head_json":{"title":"Argeta \u2013 ana e mir\u00eb e buk\u00ebs.","robots":{"index":"noindex","follow":"follow","max-snippet":"max-snippet:-1","max-image-preview":"max-image-preview:large","max-video-preview":"max-video-preview:-1"},"og_locale":"en_US","og_type":"article","og_title":"Argeta \u2013 ana e mir\u00eb e buk\u00ebs.","og_description":"Zbuloni bot\u00ebn e frym\u00ebzimit p\u00ebr aventurat tuaja t\u00eb kuzhin\u00ebs, loj\u00ebra zbavit\u00ebse dhe eksplorime t\u00eb paharrueshme!","og_url":"https:\/\/old-argeta.cnj.digital\/xk\/","og_site_name":"Argeta Kosovo","article_modified_time":"2022-04-14T10:53:15+00:00","twitter_card":"summary_large_image","twitter_title":"Argeta \u2013 ana e mir\u00eb e buk\u00ebs.","twitter_misc":{"Est. reading time":"1 minute"},"schema":{"@context":"https:\/\/schema.org","@graph":[{"@type":"WebPage","@id":"https:\/\/old-argeta.cnj.digital\/xk\/","url":"https:\/\/old-argeta.cnj.digital\/xk\/","name":"Argeta \u2013 ana e mir\u00eb e buk\u00ebs.","isPartOf":{"@id":"https:\/\/old-argeta.cnj.digital\/xk\/#website"},"datePublished":"2019-03-11T08:16:46+00:00","dateModified":"2022-04-14T10:53:15+00:00","breadcrumb":{"@id":"https:\/\/old-argeta.cnj.digital\/xk\/#breadcrumb"},"inLanguage":"en-US","potentialAction":[{"@type":"ReadAction","target":["https:\/\/old-argeta.cnj.digital\/xk\/"]}]},{"@type":"BreadcrumbList","@id":"https:\/\/old-argeta.cnj.digital\/xk\/#breadcrumb","itemListElement":[{"@type":"ListItem","position":1,"name":"Home","item":"https:\/\/old-argeta.cnj.digital\/xk\/"},{"@type":"ListItem","position":2,"name":"Argeta \u00ebsht\u00eb bot\u00eb n\u00eb vete."}]},{"@type":"WebSite","@id":"https:\/\/old-argeta.cnj.digital\/xk\/#website","url":"https:\/\/old-argeta.cnj.digital\/xk\/","name":"Argeta Kosovo","description":"Argeta \u2013 ana e mir\u00eb e buk\u00ebs.","publisher":{"@id":"https:\/\/old-argeta.cnj.digital\/xk\/#organization"},"potentialAction":[{"@type":"SearchAction","target":{"@type":"EntryPoint","urlTemplate":"https:\/\/old-argeta.cnj.digital\/xk\/?s={search_term_string}"},"query-input":"required name=search_term_string"}],"inLanguage":"en-US"},{"@type":"Organization","@id":"https:\/\/old-argeta.cnj.digital\/xk\/#organization","name":"Argeta","url":"https:\/\/old-argeta.cnj.digital\/xk\/","logo":{"@type":"ImageObject","inLanguage":"en-US","@id":"https:\/\/old-argeta.cnj.digital\/xk\/#\/schema\/logo\/image\/","url":"https:\/\/old-argeta.cnj.digital\/app\/uploads\/sites\/10\/2020\/03\/Argeta_logo-1-2.png","contentUrl":"https:\/\/old-argeta.cnj.digital\/app\/uploads\/sites\/10\/2020\/03\/Argeta_logo-1-2.png","width":1000,"height":1000,"caption":"Argeta"},"image":{"@id":"https:\/\/old-argeta.cnj.digital\/xk\/#\/schema\/logo\/image\/"}}]}},"_links":{"self":[{"href":"https:\/\/old-argeta.cnj.digital\/xk\/wp-json\/wp\/v2\/pages\/87"}],"collection":[{"href":"https:\/\/old-argeta.cnj.digital\/xk\/wp-json\/wp\/v2\/pages"}],"about":[{"href":"https:\/\/old-argeta.cnj.digital\/xk\/wp-json\/wp\/v2\/types\/page"}],"author":[{"embeddable":true,"href":"https:\/\/old-argeta.cnj.digital\/xk\/wp-json\/wp\/v2\/users\/7"}],"replies":[{"embeddable":true,"href":"https:\/\/old-argeta.cnj.digital\/xk\/wp-json\/wp\/v2\/comments?post=87"}],"version-history":[{"count":44,"href":"https:\/\/old-argeta.cnj.digital\/xk\/wp-json\/wp\/v2\/pages\/87\/revisions"}],"predecessor-version":[{"id":2522,"href":"https:\/\/old-argeta.cnj.digital\/xk\/wp-json\/wp\/v2\/pages\/87\/revisions\/2522"}],"wp:attachment":[{"href":"https:\/\/old-argeta.cnj.digital\/xk\/wp-json\/wp\/v2\/media?parent=87"}],"curies":[{"name":"wp","href":"https:\/\/api.w.org\/{rel}","templated":true}]}}