{"id":97,"date":"2019-03-12T13:04:42","date_gmt":"2019-03-12T12:04:42","guid":{"rendered":"http:\/\/old-argeta.cnj.digital\/xk\/?page_id=97"},"modified":"2024-01-25T13:01:38","modified_gmt":"2024-01-25T12:01:38","slug":"prodhim-i-fjales-se-fundit","status":"publish","type":"page","link":"https:\/\/old-argeta.cnj.digital\/xk\/cilesia\/prodhim-i-fjales-se-fundit\/","title":{"rendered":"Prodhim i fjal\u00ebs s\u00eb fundit"},"content":{"rendered":"","protected":false},"excerpt":{"rendered":"","protected":false},"author":7,"featured_media":0,"parent":89,"menu_order":0,"comment_status":"closed","ping_status":"closed","template":"page-quality-modern-production.php","meta":{"_acf_changed":false,"footnotes":""},"acf":[],"yoast_head":"<!-- This site is optimized with the Yoast SEO plugin v22.4 - https:\/\/yoast.com\/wordpress\/plugins\/seo\/ -->\n<title>Prodhim i fjal\u00ebs s\u00eb fundit - Argeta Kosovo<\/title>\n<meta name=\"robots\" content=\"noindex, follow, max-snippet:-1, max-image-preview:large, max-video-preview:-1\" \/>\n<meta property=\"og:locale\" content=\"en_US\" \/>\n<meta property=\"og:type\" content=\"article\" \/>\n<meta property=\"og:title\" content=\"Prodhim i fjal\u00ebs s\u00eb fundit - Argeta Kosovo\" \/>\n<meta property=\"og:url\" content=\"https:\/\/old-argeta.cnj.digital\/xk\/cilesia\/prodhim-i-fjales-se-fundit\/\" \/>\n<meta property=\"og:site_name\" content=\"Argeta Kosovo\" \/>\n<meta property=\"article:modified_time\" content=\"2024-01-25T12:01:38+00:00\" \/>\n<meta name=\"twitter:card\" content=\"summary_large_image\" \/>\n<script type=\"application\/ld+json\" class=\"yoast-schema-graph\">{\"@context\":\"https:\/\/schema.org\",\"@graph\":[{\"@type\":\"WebPage\",\"@id\":\"https:\/\/old-argeta.cnj.digital\/xk\/cilesia\/prodhim-i-fjales-se-fundit\/\",\"url\":\"https:\/\/old-argeta.cnj.digital\/xk\/cilesia\/prodhim-i-fjales-se-fundit\/\",\"name\":\"Prodhim i fjal\u00ebs s\u00eb fundit - Argeta Kosovo\",\"isPartOf\":{\"@id\":\"https:\/\/old-argeta.cnj.digital\/xk\/#website\"},\"datePublished\":\"2019-03-12T12:04:42+00:00\",\"dateModified\":\"2024-01-25T12:01:38+00:00\",\"breadcrumb\":{\"@id\":\"https:\/\/old-argeta.cnj.digital\/xk\/cilesia\/prodhim-i-fjales-se-fundit\/#breadcrumb\"},\"inLanguage\":\"en-US\",\"potentialAction\":[{\"@type\":\"ReadAction\",\"target\":[\"https:\/\/old-argeta.cnj.digital\/xk\/cilesia\/prodhim-i-fjales-se-fundit\/\"]}]},{\"@type\":\"BreadcrumbList\",\"@id\":\"https:\/\/old-argeta.cnj.digital\/xk\/cilesia\/prodhim-i-fjales-se-fundit\/#breadcrumb\",\"itemListElement\":[{\"@type\":\"ListItem\",\"position\":1,\"name\":\"Home\",\"item\":\"https:\/\/old-argeta.cnj.digital\/xk\/\"},{\"@type\":\"ListItem\",\"position\":2,\"name\":\"Filozofia e m\u00eb t\u00eb mir\u00ebve\",\"item\":\"https:\/\/old-argeta.cnj.digital\/xk\/cilesia\/\"},{\"@type\":\"ListItem\",\"position\":3,\"name\":\"Prodhim i fjal\u00ebs s\u00eb fundit\"}]},{\"@type\":\"WebSite\",\"@id\":\"https:\/\/old-argeta.cnj.digital\/xk\/#website\",\"url\":\"https:\/\/old-argeta.cnj.digital\/xk\/\",\"name\":\"Argeta Kosovo\",\"description\":\"Argeta \u2013 ana e mir\u00eb e buk\u00ebs.\",\"publisher\":{\"@id\":\"https:\/\/old-argeta.cnj.digital\/xk\/#organization\"},\"potentialAction\":[{\"@type\":\"SearchAction\",\"target\":{\"@type\":\"EntryPoint\",\"urlTemplate\":\"https:\/\/old-argeta.cnj.digital\/xk\/?s={search_term_string}\"},\"query-input\":\"required name=search_term_string\"}],\"inLanguage\":\"en-US\"},{\"@type\":\"Organization\",\"@id\":\"https:\/\/old-argeta.cnj.digital\/xk\/#organization\",\"name\":\"Argeta\",\"url\":\"https:\/\/old-argeta.cnj.digital\/xk\/\",\"logo\":{\"@type\":\"ImageObject\",\"inLanguage\":\"en-US\",\"@id\":\"https:\/\/old-argeta.cnj.digital\/xk\/#\/schema\/logo\/image\/\",\"url\":\"https:\/\/old-argeta.cnj.digital\/app\/uploads\/sites\/10\/2020\/03\/Argeta_logo-1-2.png\",\"contentUrl\":\"https:\/\/old-argeta.cnj.digital\/app\/uploads\/sites\/10\/2020\/03\/Argeta_logo-1-2.png\",\"width\":1000,\"height\":1000,\"caption\":\"Argeta\"},\"image\":{\"@id\":\"https:\/\/old-argeta.cnj.digital\/xk\/#\/schema\/logo\/image\/\"}}]}<\/script>\n<!-- \/ Yoast SEO plugin. -->","yoast_head_json":{"title":"Prodhim i fjal\u00ebs s\u00eb fundit - Argeta Kosovo","robots":{"index":"noindex","follow":"follow","max-snippet":"max-snippet:-1","max-image-preview":"max-image-preview:large","max-video-preview":"max-video-preview:-1"},"og_locale":"en_US","og_type":"article","og_title":"Prodhim i fjal\u00ebs s\u00eb fundit - Argeta Kosovo","og_url":"https:\/\/old-argeta.cnj.digital\/xk\/cilesia\/prodhim-i-fjales-se-fundit\/","og_site_name":"Argeta Kosovo","article_modified_time":"2024-01-25T12:01:38+00:00","twitter_card":"summary_large_image","schema":{"@context":"https:\/\/schema.org","@graph":[{"@type":"WebPage","@id":"https:\/\/old-argeta.cnj.digital\/xk\/cilesia\/prodhim-i-fjales-se-fundit\/","url":"https:\/\/old-argeta.cnj.digital\/xk\/cilesia\/prodhim-i-fjales-se-fundit\/","name":"Prodhim i fjal\u00ebs s\u00eb fundit - Argeta Kosovo","isPartOf":{"@id":"https:\/\/old-argeta.cnj.digital\/xk\/#website"},"datePublished":"2019-03-12T12:04:42+00:00","dateModified":"2024-01-25T12:01:38+00:00","breadcrumb":{"@id":"https:\/\/old-argeta.cnj.digital\/xk\/cilesia\/prodhim-i-fjales-se-fundit\/#breadcrumb"},"inLanguage":"en-US","potentialAction":[{"@type":"ReadAction","target":["https:\/\/old-argeta.cnj.digital\/xk\/cilesia\/prodhim-i-fjales-se-fundit\/"]}]},{"@type":"BreadcrumbList","@id":"https:\/\/old-argeta.cnj.digital\/xk\/cilesia\/prodhim-i-fjales-se-fundit\/#breadcrumb","itemListElement":[{"@type":"ListItem","position":1,"name":"Home","item":"https:\/\/old-argeta.cnj.digital\/xk\/"},{"@type":"ListItem","position":2,"name":"Filozofia e m\u00eb t\u00eb mir\u00ebve","item":"https:\/\/old-argeta.cnj.digital\/xk\/cilesia\/"},{"@type":"ListItem","position":3,"name":"Prodhim i fjal\u00ebs s\u00eb fundit"}]},{"@type":"WebSite","@id":"https:\/\/old-argeta.cnj.digital\/xk\/#website","url":"https:\/\/old-argeta.cnj.digital\/xk\/","name":"Argeta Kosovo","description":"Argeta \u2013 ana e mir\u00eb e buk\u00ebs.","publisher":{"@id":"https:\/\/old-argeta.cnj.digital\/xk\/#organization"},"potentialAction":[{"@type":"SearchAction","target":{"@type":"EntryPoint","urlTemplate":"https:\/\/old-argeta.cnj.digital\/xk\/?s={search_term_string}"},"query-input":"required name=search_term_string"}],"inLanguage":"en-US"},{"@type":"Organization","@id":"https:\/\/old-argeta.cnj.digital\/xk\/#organization","name":"Argeta","url":"https:\/\/old-argeta.cnj.digital\/xk\/","logo":{"@type":"ImageObject","inLanguage":"en-US","@id":"https:\/\/old-argeta.cnj.digital\/xk\/#\/schema\/logo\/image\/","url":"https:\/\/old-argeta.cnj.digital\/app\/uploads\/sites\/10\/2020\/03\/Argeta_logo-1-2.png","contentUrl":"https:\/\/old-argeta.cnj.digital\/app\/uploads\/sites\/10\/2020\/03\/Argeta_logo-1-2.png","width":1000,"height":1000,"caption":"Argeta"},"image":{"@id":"https:\/\/old-argeta.cnj.digital\/xk\/#\/schema\/logo\/image\/"}}]}},"_links":{"self":[{"href":"https:\/\/old-argeta.cnj.digital\/xk\/wp-json\/wp\/v2\/pages\/97"}],"collection":[{"href":"https:\/\/old-argeta.cnj.digital\/xk\/wp-json\/wp\/v2\/pages"}],"about":[{"href":"https:\/\/old-argeta.cnj.digital\/xk\/wp-json\/wp\/v2\/types\/page"}],"author":[{"embeddable":true,"href":"https:\/\/old-argeta.cnj.digital\/xk\/wp-json\/wp\/v2\/users\/7"}],"replies":[{"embeddable":true,"href":"https:\/\/old-argeta.cnj.digital\/xk\/wp-json\/wp\/v2\/comments?post=97"}],"version-history":[{"count":19,"href":"https:\/\/old-argeta.cnj.digital\/xk\/wp-json\/wp\/v2\/pages\/97\/revisions"}],"predecessor-version":[{"id":3277,"href":"https:\/\/old-argeta.cnj.digital\/xk\/wp-json\/wp\/v2\/pages\/97\/revisions\/3277"}],"up":[{"embeddable":true,"href":"https:\/\/old-argeta.cnj.digital\/xk\/wp-json\/wp\/v2\/pages\/89"}],"wp:attachment":[{"href":"https:\/\/old-argeta.cnj.digital\/xk\/wp-json\/wp\/v2\/media?parent=97"}],"curies":[{"name":"wp","href":"https:\/\/api.w.org\/{rel}","templated":true}]}}